{"id":117257,"date":"2025-03-11T18:14:41","date_gmt":"2025-03-11T18:14:41","guid":{"rendered":"https:\/\/kinamihealth.com\/product\/fillmed-bright-peel-100-ml-normal-skin\/"},"modified":"2025-12-04T14:16:09","modified_gmt":"2025-12-04T14:16:09","slug":"fillmed-bright-peel-100-ml-normal-skin","status":"publish","type":"product","link":"https:\/\/kinamihealth.com\/sv\/produkt\/fillmed-bright-peel-100-ml-normal-skin\/","title":{"rendered":"FILLMED\u00ae BRIGHT PEEL (100 ml) NORMAL SKIN"},"content":{"rendered":"<p><b>FILLMED\u00ae BRIGHT PEEL (100 ml) NORMAL SKIN \u00e4r en professionell kemisk peeling som \u00e4r framtagen f\u00f6r att behandla matthet och oj\u00e4mn pigmentering hos vanliga hudtyper<\/b><span style=\"font-weight: 400;\">. Denna avancerade behandling kombinerar vetenskapligt bepr\u00f6vade ingredienser f\u00f6r att ge kontrollerad exfoliering samtidigt som den fr\u00e4mjar cellf\u00f6rnyelse och f\u00f6rb\u00e4ttrad hudton.<\/span><\/p>\n","protected":false},"excerpt":{"rendered":"<p>FILLMED\u00ae BRIGHT PEEL (100 ml) NORMAL SKIN \u00e4r en professionell kemisk peeling som \u00e4r framtagen f\u00f6r att behandla matthet och oj\u00e4mn pigmentering hos vanliga hudtyper. Denna avancerade behandling kombinerar vetenskapligt bepr\u00f6vade ingredienser f\u00f6r att ge kontrollerad exfoliering samtidigt som den fr\u00e4mjar cellf\u00f6rnyelse och f\u00f6rb\u00e4ttrad hudton.<\/p>\n","protected":false},"featured_media":117258,"comment_status":"closed","ping_status":"closed","template":"","meta":{"_acf_changed":false,"inline_featured_image":false},"product_brand":[3078],"product_cat":[3374],"product_tag":[3256],"class_list":{"0":"post-117257","1":"product","2":"type-product","3":"status-publish","4":"has-post-thumbnail","6":"product_brand-fillmed","7":"product_cat-peels-and-masks-sv","8":"product_tag-medical-devices-sv","10":"first","11":"instock","12":"taxable","13":"shipping-taxable","14":"purchasable","15":"product-type-simple","16":"add-to-wishlist-before_image"},"acf":[],"yoast_head":"<!-- This site is optimized with the Yoast SEO plugin v27.1.1 - https:\/\/yoast.com\/product\/yoast-seo-wordpress\/ -->\n<title>Best\u00e4ll FILLMED\u00ae BRIGHT PEEL (100 ml) NORMAL SKIN online | Handla online | Kinami Health<\/title>\n<meta name=\"description\" content=\"Best\u00e4ll FILLMED\u00ae BRIGHT PEEL (100 ml) NORMAL SKIN f\u00f6r att st\u00f6dja professionella behandlingar som synligt f\u00f6rb\u00e4ttrar klarheten och lyster hos normal hud.\" \/>\n<meta name=\"robots\" content=\"index, follow, max-snippet:-1, max-image-preview:large, max-video-preview:-1\" \/>\n<link rel=\"canonical\" href=\"https:\/\/kinamihealth.com\/sv\/wp-json\/wp\/v2\/product\/117257\" \/>\n<meta property=\"og:locale\" content=\"sv_SE\" \/>\n<meta property=\"og:type\" content=\"article\" \/>\n<meta property=\"og:title\" content=\"Best\u00e4ll FILLMED\u00ae BRIGHT PEEL (100 ml) NORMAL SKIN online | Handla online | Kinami Health\" \/>\n<meta property=\"og:description\" content=\"Best\u00e4ll FILLMED\u00ae BRIGHT PEEL (100 ml) NORMAL SKIN f\u00f6r att st\u00f6dja professionella behandlingar som synligt f\u00f6rb\u00e4ttrar klarheten och lyster hos normal hud.\" \/>\n<meta property=\"og:url\" content=\"https:\/\/kinamihealth.com\/sv\/produkt\/fillmed-bright-peel-100-ml-normal-skin\/\" \/>\n<meta property=\"og:site_name\" content=\"Kinami Health\" \/>\n<meta property=\"article:modified_time\" content=\"2025-12-04T14:16:09+00:00\" \/>\n<meta property=\"og:image\" content=\"https:\/\/kinamihealth.com\/wp-content\/uploads\/2025\/03\/FILLMED\u00ae-BRIGHT-PEEL-100-ml-NORMAL-SKIN.jpg\" \/>\n\t<meta property=\"og:image:width\" content=\"800\" \/>\n\t<meta property=\"og:image:height\" content=\"800\" \/>\n\t<meta property=\"og:image:type\" content=\"image\/jpeg\" \/>\n<meta name=\"twitter:card\" content=\"summary_large_image\" \/>\n<meta name=\"twitter:label1\" content=\"Ber\u00e4knad l\u00e4stid\" \/>\n\t<meta name=\"twitter:data1\" content=\"1 minut\" \/>\n<!-- \/ Yoast SEO plugin. -->","yoast_head_json":{"title":"Best\u00e4ll FILLMED\u00ae BRIGHT PEEL (100 ml) NORMAL SKIN online | Handla online | Kinami Health","description":"Best\u00e4ll FILLMED\u00ae BRIGHT PEEL (100 ml) NORMAL SKIN f\u00f6r att st\u00f6dja professionella behandlingar som synligt f\u00f6rb\u00e4ttrar klarheten och lyster hos normal hud.","robots":{"index":"index","follow":"follow","max-snippet":"max-snippet:-1","max-image-preview":"max-image-preview:large","max-video-preview":"max-video-preview:-1"},"canonical":"https:\/\/kinamihealth.com\/sv\/wp-json\/wp\/v2\/product\/117257","og_locale":"sv_SE","og_type":"article","og_title":"Best\u00e4ll FILLMED\u00ae BRIGHT PEEL (100 ml) NORMAL SKIN online | Handla online | Kinami Health","og_description":"Best\u00e4ll FILLMED\u00ae BRIGHT PEEL (100 ml) NORMAL SKIN f\u00f6r att st\u00f6dja professionella behandlingar som synligt f\u00f6rb\u00e4ttrar klarheten och lyster hos normal hud.","og_url":"https:\/\/kinamihealth.com\/sv\/produkt\/fillmed-bright-peel-100-ml-normal-skin\/","og_site_name":"Kinami Health","article_modified_time":"2025-12-04T14:16:09+00:00","og_image":[{"width":800,"height":800,"url":"https:\/\/kinamihealth.com\/wp-content\/uploads\/2025\/03\/FILLMED\u00ae-BRIGHT-PEEL-100-ml-NORMAL-SKIN.jpg","type":"image\/jpeg"}],"twitter_card":"summary_large_image","twitter_misc":{"Ber\u00e4knad l\u00e4stid":"1 minut"},"schema":{"@context":"https:\/\/schema.org","@graph":[{"@type":"WebPage","@id":"https:\/\/kinamihealth.com\/sv\/produkt\/fillmed-bright-peel-100-ml-normal-skin\/","url":"https:\/\/kinamihealth.com\/sv\/produkt\/fillmed-bright-peel-100-ml-normal-skin\/","name":"Best\u00e4ll FILLMED\u00ae BRIGHT PEEL (100 ml) NORMAL SKIN online | Handla online | Kinami Health","isPartOf":{"@id":"https:\/\/kinamihealth.com\/#website"},"primaryImageOfPage":{"@id":"https:\/\/kinamihealth.com\/sv\/produkt\/fillmed-bright-peel-100-ml-normal-skin\/#primaryimage"},"image":{"@id":"https:\/\/kinamihealth.com\/sv\/produkt\/fillmed-bright-peel-100-ml-normal-skin\/#primaryimage"},"thumbnailUrl":"https:\/\/kinamihealth.com\/wp-content\/uploads\/2025\/03\/FILLMED\u00ae-BRIGHT-PEEL-100-ml-NORMAL-SKIN.jpg","datePublished":"2025-03-11T18:14:41+00:00","dateModified":"2025-12-04T14:16:09+00:00","description":"Best\u00e4ll FILLMED\u00ae BRIGHT PEEL (100 ml) NORMAL SKIN f\u00f6r att st\u00f6dja professionella behandlingar som synligt f\u00f6rb\u00e4ttrar klarheten och lyster hos normal hud.","breadcrumb":{"@id":"https:\/\/kinamihealth.com\/sv\/produkt\/fillmed-bright-peel-100-ml-normal-skin\/#breadcrumb"},"inLanguage":"sv-SE","potentialAction":[{"@type":"ReadAction","target":["https:\/\/kinamihealth.com\/sv\/produkt\/fillmed-bright-peel-100-ml-normal-skin\/"]}]},{"@type":"ImageObject","inLanguage":"sv-SE","@id":"https:\/\/kinamihealth.com\/sv\/produkt\/fillmed-bright-peel-100-ml-normal-skin\/#primaryimage","url":"https:\/\/kinamihealth.com\/wp-content\/uploads\/2025\/03\/FILLMED\u00ae-BRIGHT-PEEL-100-ml-NORMAL-SKIN.jpg","contentUrl":"https:\/\/kinamihealth.com\/wp-content\/uploads\/2025\/03\/FILLMED\u00ae-BRIGHT-PEEL-100-ml-NORMAL-SKIN.jpg","width":800,"height":800},{"@type":"BreadcrumbList","@id":"https:\/\/kinamihealth.com\/sv\/produkt\/fillmed-bright-peel-100-ml-normal-skin\/#breadcrumb","itemListElement":[{"@type":"ListItem","position":1,"name":"Hem","item":"https:\/\/kinamihealth.com\/sr\/"},{"@type":"ListItem","position":2,"name":"Butik","item":"https:\/\/kinamihealth.com\/sv\/?page_id=127810"},{"@type":"ListItem","position":3,"name":"FILLMED\u00ae BRIGHT PEEL (100 ml) NORMAL SKIN"}]},{"@type":"WebSite","@id":"https:\/\/kinamihealth.com\/#website","url":"https:\/\/kinamihealth.com\/","name":"Kinami Health","description":"","publisher":{"@id":"https:\/\/kinamihealth.com\/#organization"},"potentialAction":[{"@type":"SearchAction","target":{"@type":"EntryPoint","urlTemplate":"https:\/\/kinamihealth.com\/?s={search_term_string}"},"query-input":{"@type":"PropertyValueSpecification","valueRequired":true,"valueName":"search_term_string"}}],"inLanguage":"sv-SE"},{"@type":"Organization","@id":"https:\/\/kinamihealth.com\/#organization","name":"Kinami Health","url":"https:\/\/kinamihealth.com\/","logo":{"@type":"ImageObject","inLanguage":"sv-SE","@id":"https:\/\/kinamihealth.com\/#\/schema\/logo\/image\/","url":"https:\/\/kinamihealth.com\/wp-content\/uploads\/2025\/01\/KH_logo_black_2-1.png","contentUrl":"https:\/\/kinamihealth.com\/wp-content\/uploads\/2025\/01\/KH_logo_black_2-1.png","width":339,"height":34,"caption":"Kinami Health"},"image":{"@id":"https:\/\/kinamihealth.com\/#\/schema\/logo\/image\/"}}]}},"_links":{"self":[{"href":"https:\/\/kinamihealth.com\/sv\/wp-json\/wp\/v2\/product\/117257","targetHints":{"allow":["GET"]}}],"collection":[{"href":"https:\/\/kinamihealth.com\/sv\/wp-json\/wp\/v2\/product"}],"about":[{"href":"https:\/\/kinamihealth.com\/sv\/wp-json\/wp\/v2\/types\/product"}],"replies":[{"embeddable":true,"href":"https:\/\/kinamihealth.com\/sv\/wp-json\/wp\/v2\/comments?post=117257"}],"version-history":[{"count":0,"href":"https:\/\/kinamihealth.com\/sv\/wp-json\/wp\/v2\/product\/117257\/revisions"}],"wp:featuredmedia":[{"embeddable":true,"href":"https:\/\/kinamihealth.com\/sv\/wp-json\/wp\/v2\/media\/117258"}],"wp:attachment":[{"href":"https:\/\/kinamihealth.com\/sv\/wp-json\/wp\/v2\/media?parent=117257"}],"wp:term":[{"taxonomy":"product_brand","embeddable":true,"href":"https:\/\/kinamihealth.com\/sv\/wp-json\/wp\/v2\/product_brand?post=117257"},{"taxonomy":"product_cat","embeddable":true,"href":"https:\/\/kinamihealth.com\/sv\/wp-json\/wp\/v2\/product_cat?post=117257"},{"taxonomy":"product_tag","embeddable":true,"href":"https:\/\/kinamihealth.com\/sv\/wp-json\/wp\/v2\/product_tag?post=117257"}],"curies":[{"name":"wp","href":"https:\/\/api.w.org\/{rel}","templated":true}]}}