{"id":117238,"date":"2025-02-15T16:54:42","date_gmt":"2025-02-15T16:54:42","guid":{"rendered":"https:\/\/kinamihealth.com\/product\/ellanse-m\/"},"modified":"2025-12-17T20:03:02","modified_gmt":"2025-12-17T20:03:02","slug":"ellanse-m","status":"publish","type":"product","link":"https:\/\/kinamihealth.com\/sv\/produkt\/ellanse-m\/","title":{"rendered":"ELLANS\u00c9\u2122 M"},"content":{"rendered":"<p><b>ELLANS\u00c9\u2122 M \u00e4r en dermal filler som kombinerar omedelbar volym\u00f6kning med l\u00e5ngsiktig kollagenstimulering f\u00f6r omfattande ansiktsf\u00f6ryngring<\/b><span style=\"font-weight: 400;\">. Denna avancerade kosmetiska filler anv\u00e4nder polykaprolakton mikrosf\u00e4rer suspenderade i en karboximetylcellulosagel f\u00f6r att ge b\u00e5de omedelbar korrigering och l\u00e5ngvarig estetisk f\u00f6rb\u00e4ttring. ELLANS\u00c9\u2122 M utg\u00f6r ett betydande framsteg inom dermal filler-teknologin och erbjuder sjukv\u00e5rdspersonal en tillf\u00f6rlitlig l\u00f6sning f\u00f6r patienter som s\u00f6ker en h\u00e5llbar \u00e5terst\u00e4llning av ansiktsvolymen.<\/span><\/p>\n","protected":false},"excerpt":{"rendered":"<p>ELLANS\u00c9\u2122 M \u00e4r en dermal filler som kombinerar omedelbar volym\u00f6kning med l\u00e5ngsiktig kollagenstimulering f\u00f6r omfattande ansiktsf\u00f6ryngring. Denna avancerade kosmetiska filler anv\u00e4nder polykaprolakton mikrosf\u00e4rer suspenderade i en karboximetylcellulosagel f\u00f6r att ge b\u00e5de omedelbar korrigering och l\u00e5ngvarig estetisk f\u00f6rb\u00e4ttring. ELLANS\u00c9\u2122 M utg\u00f6r ett betydande framsteg inom dermal filler-teknologin och erbjuder sjukv\u00e5rdspersonal en tillf\u00f6rlitlig l\u00f6sning f\u00f6r patienter som [&hellip;]<\/p>\n","protected":false},"featured_media":117242,"comment_status":"closed","ping_status":"closed","template":"","meta":{"_acf_changed":false,"inline_featured_image":false},"product_brand":[3075],"product_cat":[3509,3260],"product_tag":[3256],"class_list":{"0":"post-117238","1":"product","2":"type-product","3":"status-publish","4":"has-post-thumbnail","6":"product_brand-ellanse","7":"product_cat-biostimulators-sv","8":"product_cat-dermal-fillers-sv","9":"product_tag-medical-devices-sv","11":"first","12":"instock","13":"taxable","14":"shipping-taxable","15":"purchasable","16":"product-type-simple","17":"add-to-wishlist-before_image"},"acf":[],"yoast_head":"<!-- This site is optimized with the Yoast SEO plugin v27.3 - https:\/\/yoast.com\/product\/yoast-seo-wordpress\/ -->\n<title>Best\u00e4ll ELLANS\u00c9\u2122 M online | Handla online | Kinami Health<\/title>\n<meta name=\"description\" content=\"Best\u00e4ll ELLANS\u00c9\u2122 M online f\u00f6r l\u00e5ngvarig hudkorrigering och biostimulering, idealisk f\u00f6r \u00e5terst\u00e4llande av ansiktsvolym p\u00e5 medeldjup till djup niv\u00e5 i kliniska milj\u00f6er.\" \/>\n<meta name=\"robots\" content=\"index, follow, max-snippet:-1, max-image-preview:large, max-video-preview:-1\" \/>\n<link rel=\"canonical\" href=\"https:\/\/kinamihealth.com\/sv\/wp-json\/wp\/v2\/product\/117238\" \/>\n<meta property=\"og:locale\" content=\"sv_SE\" \/>\n<meta property=\"og:type\" content=\"article\" \/>\n<meta property=\"og:title\" content=\"Best\u00e4ll ELLANS\u00c9\u2122 M online | Handla online | Kinami Health\" \/>\n<meta property=\"og:description\" content=\"Best\u00e4ll ELLANS\u00c9\u2122 M online f\u00f6r l\u00e5ngvarig hudkorrigering och biostimulering, idealisk f\u00f6r \u00e5terst\u00e4llande av ansiktsvolym p\u00e5 medeldjup till djup niv\u00e5 i kliniska milj\u00f6er.\" \/>\n<meta property=\"og:url\" content=\"https:\/\/kinamihealth.com\/sv\/produkt\/ellanse-m\/\" \/>\n<meta property=\"og:site_name\" content=\"Kinami Health\" \/>\n<meta property=\"article:modified_time\" content=\"2025-12-17T20:03:02+00:00\" \/>\n<meta property=\"og:image\" content=\"https:\/\/kinamihealth.com\/wp-content\/uploads\/2025\/02\/ELLANSE-M-01.jpg\" \/>\n\t<meta property=\"og:image:width\" content=\"800\" \/>\n\t<meta property=\"og:image:height\" content=\"800\" \/>\n\t<meta property=\"og:image:type\" content=\"image\/jpeg\" \/>\n<meta name=\"twitter:card\" content=\"summary_large_image\" \/>\n<meta name=\"twitter:label1\" content=\"Ber\u00e4knad l\u00e4stid\" \/>\n\t<meta name=\"twitter:data1\" content=\"1 minut\" \/>\n<!-- \/ Yoast SEO plugin. -->","yoast_head_json":{"title":"Best\u00e4ll ELLANS\u00c9\u2122 M online | Handla online | Kinami Health","description":"Best\u00e4ll ELLANS\u00c9\u2122 M online f\u00f6r l\u00e5ngvarig hudkorrigering och biostimulering, idealisk f\u00f6r \u00e5terst\u00e4llande av ansiktsvolym p\u00e5 medeldjup till djup niv\u00e5 i kliniska milj\u00f6er.","robots":{"index":"index","follow":"follow","max-snippet":"max-snippet:-1","max-image-preview":"max-image-preview:large","max-video-preview":"max-video-preview:-1"},"canonical":"https:\/\/kinamihealth.com\/sv\/wp-json\/wp\/v2\/product\/117238","og_locale":"sv_SE","og_type":"article","og_title":"Best\u00e4ll ELLANS\u00c9\u2122 M online | Handla online | Kinami Health","og_description":"Best\u00e4ll ELLANS\u00c9\u2122 M online f\u00f6r l\u00e5ngvarig hudkorrigering och biostimulering, idealisk f\u00f6r \u00e5terst\u00e4llande av ansiktsvolym p\u00e5 medeldjup till djup niv\u00e5 i kliniska milj\u00f6er.","og_url":"https:\/\/kinamihealth.com\/sv\/produkt\/ellanse-m\/","og_site_name":"Kinami Health","article_modified_time":"2025-12-17T20:03:02+00:00","og_image":[{"width":800,"height":800,"url":"https:\/\/kinamihealth.com\/wp-content\/uploads\/2025\/02\/ELLANSE-M-01.jpg","type":"image\/jpeg"}],"twitter_card":"summary_large_image","twitter_misc":{"Ber\u00e4knad l\u00e4stid":"1 minut"},"schema":{"@context":"https:\/\/schema.org","@graph":[{"@type":"WebPage","@id":"https:\/\/kinamihealth.com\/sv\/produkt\/ellanse-m\/","url":"https:\/\/kinamihealth.com\/sv\/produkt\/ellanse-m\/","name":"Best\u00e4ll ELLANS\u00c9\u2122 M online | Handla online | Kinami Health","isPartOf":{"@id":"https:\/\/kinamihealth.com\/#website"},"primaryImageOfPage":{"@id":"https:\/\/kinamihealth.com\/sv\/produkt\/ellanse-m\/#primaryimage"},"image":{"@id":"https:\/\/kinamihealth.com\/sv\/produkt\/ellanse-m\/#primaryimage"},"thumbnailUrl":"https:\/\/kinamihealth.com\/wp-content\/uploads\/2025\/02\/ELLANSE-M-01.jpg","datePublished":"2025-02-15T16:54:42+00:00","dateModified":"2025-12-17T20:03:02+00:00","description":"Best\u00e4ll ELLANS\u00c9\u2122 M online f\u00f6r l\u00e5ngvarig hudkorrigering och biostimulering, idealisk f\u00f6r \u00e5terst\u00e4llande av ansiktsvolym p\u00e5 medeldjup till djup niv\u00e5 i kliniska milj\u00f6er.","breadcrumb":{"@id":"https:\/\/kinamihealth.com\/sv\/produkt\/ellanse-m\/#breadcrumb"},"inLanguage":"sv-SE","potentialAction":[{"@type":"ReadAction","target":["https:\/\/kinamihealth.com\/sv\/produkt\/ellanse-m\/"]}]},{"@type":"ImageObject","inLanguage":"sv-SE","@id":"https:\/\/kinamihealth.com\/sv\/produkt\/ellanse-m\/#primaryimage","url":"https:\/\/kinamihealth.com\/wp-content\/uploads\/2025\/02\/ELLANSE-M-01.jpg","contentUrl":"https:\/\/kinamihealth.com\/wp-content\/uploads\/2025\/02\/ELLANSE-M-01.jpg","width":800,"height":800},{"@type":"BreadcrumbList","@id":"https:\/\/kinamihealth.com\/sv\/produkt\/ellanse-m\/#breadcrumb","itemListElement":[{"@type":"ListItem","position":1,"name":"Hem","item":"https:\/\/kinamihealth.com\/sr\/"},{"@type":"ListItem","position":2,"name":"Butik","item":"https:\/\/kinamihealth.com\/sv\/?page_id=127810"},{"@type":"ListItem","position":3,"name":"ELLANS\u00c9\u2122 M"}]},{"@type":"WebSite","@id":"https:\/\/kinamihealth.com\/#website","url":"https:\/\/kinamihealth.com\/","name":"Kinami Health","description":"","publisher":{"@id":"https:\/\/kinamihealth.com\/#organization"},"potentialAction":[{"@type":"SearchAction","target":{"@type":"EntryPoint","urlTemplate":"https:\/\/kinamihealth.com\/?s={search_term_string}"},"query-input":{"@type":"PropertyValueSpecification","valueRequired":true,"valueName":"search_term_string"}}],"inLanguage":"sv-SE"},{"@type":"Organization","@id":"https:\/\/kinamihealth.com\/#organization","name":"Kinami Health","url":"https:\/\/kinamihealth.com\/","logo":{"@type":"ImageObject","inLanguage":"sv-SE","@id":"https:\/\/kinamihealth.com\/#\/schema\/logo\/image\/","url":"https:\/\/kinamihealth.com\/wp-content\/uploads\/2025\/01\/KH_logo_black_2-1.png","contentUrl":"https:\/\/kinamihealth.com\/wp-content\/uploads\/2025\/01\/KH_logo_black_2-1.png","width":339,"height":34,"caption":"Kinami Health"},"image":{"@id":"https:\/\/kinamihealth.com\/#\/schema\/logo\/image\/"}}]}},"_links":{"self":[{"href":"https:\/\/kinamihealth.com\/sv\/wp-json\/wp\/v2\/product\/117238","targetHints":{"allow":["GET"]}}],"collection":[{"href":"https:\/\/kinamihealth.com\/sv\/wp-json\/wp\/v2\/product"}],"about":[{"href":"https:\/\/kinamihealth.com\/sv\/wp-json\/wp\/v2\/types\/product"}],"replies":[{"embeddable":true,"href":"https:\/\/kinamihealth.com\/sv\/wp-json\/wp\/v2\/comments?post=117238"}],"version-history":[{"count":0,"href":"https:\/\/kinamihealth.com\/sv\/wp-json\/wp\/v2\/product\/117238\/revisions"}],"wp:featuredmedia":[{"embeddable":true,"href":"https:\/\/kinamihealth.com\/sv\/wp-json\/wp\/v2\/media\/117242"}],"wp:attachment":[{"href":"https:\/\/kinamihealth.com\/sv\/wp-json\/wp\/v2\/media?parent=117238"}],"wp:term":[{"taxonomy":"product_brand","embeddable":true,"href":"https:\/\/kinamihealth.com\/sv\/wp-json\/wp\/v2\/product_brand?post=117238"},{"taxonomy":"product_cat","embeddable":true,"href":"https:\/\/kinamihealth.com\/sv\/wp-json\/wp\/v2\/product_cat?post=117238"},{"taxonomy":"product_tag","embeddable":true,"href":"https:\/\/kinamihealth.com\/sv\/wp-json\/wp\/v2\/product_tag?post=117238"}],"curies":[{"name":"wp","href":"https:\/\/api.w.org\/{rel}","templated":true}]}}