{"id":117233,"date":"2025-02-15T16:54:42","date_gmt":"2025-02-15T16:54:42","guid":{"rendered":"https:\/\/kinamihealth.com\/product\/ellanse-s\/"},"modified":"2025-12-17T20:08:41","modified_gmt":"2025-12-17T20:08:41","slug":"ellanse-s","status":"publish","type":"product","link":"https:\/\/kinamihealth.com\/sv\/produkt\/ellanse-s\/","title":{"rendered":"ELLANS\u00c9\u2122 S"},"content":{"rendered":"<p><span style=\"font-weight: 400;\">ELLANS\u00c9\u2122 S representerar en <\/span><b>innovativ utveckling inom hudfyllnadstekniken,<\/b><span style=\"font-weight: 400;\"> som kombinerar omedelbara volymgivande effekter med l\u00e5ngvarig biostimulering av kollagen. Denna avancerade hudfyllnadsprodukt anv\u00e4nder <\/span><b>mikrosf\u00e4rer av polykaprolakton suspenderade<\/b><span style=\"font-weight: 400;\"> i en <\/span><b>b\u00e4rare av karboximetylcellulosagel <\/b><span style=\"font-weight: 400;\">f\u00f6r att ge <\/span><b>dubblaffektbehandling <\/b><span style=\"font-weight: 400;\">f\u00f6r \u00e5terst\u00e4llande av ansiktsvolym och hudf\u00f6ryngring. <\/span><\/p>\n","protected":false},"excerpt":{"rendered":"<p>ELLANS\u00c9\u2122 S representerar en innovativ utveckling inom hudfyllnadstekniken, som kombinerar omedelbara volymgivande effekter med l\u00e5ngvarig biostimulering av kollagen. Denna avancerade hudfyllnadsprodukt anv\u00e4nder mikrosf\u00e4rer av polykaprolakton suspenderade i en b\u00e4rare av karboximetylcellulosagel f\u00f6r att ge dubblaffektbehandling f\u00f6r \u00e5terst\u00e4llande av ansiktsvolym och hudf\u00f6ryngring.<\/p>\n","protected":false},"featured_media":117237,"comment_status":"closed","ping_status":"closed","template":"","meta":{"_acf_changed":false,"inline_featured_image":false},"product_brand":[3075],"product_cat":[3509,3260],"product_tag":[3256],"class_list":{"0":"post-117233","1":"product","2":"type-product","3":"status-publish","4":"has-post-thumbnail","6":"product_brand-ellanse","7":"product_cat-biostimulators-sv","8":"product_cat-dermal-fillers-sv","9":"product_tag-medical-devices-sv","11":"first","12":"instock","13":"taxable","14":"shipping-taxable","15":"purchasable","16":"product-type-simple","17":"add-to-wishlist-before_image"},"acf":[],"yoast_head":"<!-- This site is optimized with the Yoast SEO plugin v27.3 - https:\/\/yoast.com\/product\/yoast-seo-wordpress\/ -->\n<title>Best\u00e4ll ELLANS\u00c9\u2122 S online | Handla online | Kinami Health<\/title>\n<meta name=\"description\" content=\"Best\u00e4ll ELLANS\u00c9\u2122 S online f\u00f6r att f\u00e5 tillg\u00e5ng till en smidig, bioresorberbar hudfyllnadsprodukt som \u00e4r utvecklad f\u00f6r att stimulera kollagenproduktionen och ge l\u00e5ngvarig volymkorrigering i ansiktet.\" \/>\n<meta name=\"robots\" content=\"index, follow, max-snippet:-1, max-image-preview:large, max-video-preview:-1\" \/>\n<link rel=\"canonical\" href=\"https:\/\/kinamihealth.com\/sv\/wp-json\/wp\/v2\/product\/117233\" \/>\n<meta property=\"og:locale\" content=\"sv_SE\" \/>\n<meta property=\"og:type\" content=\"article\" \/>\n<meta property=\"og:title\" content=\"Best\u00e4ll ELLANS\u00c9\u2122 S online | Handla online | Kinami Health\" \/>\n<meta property=\"og:description\" content=\"Best\u00e4ll ELLANS\u00c9\u2122 S online f\u00f6r att f\u00e5 tillg\u00e5ng till en smidig, bioresorberbar hudfyllnadsprodukt som \u00e4r utvecklad f\u00f6r att stimulera kollagenproduktionen och ge l\u00e5ngvarig volymkorrigering i ansiktet.\" \/>\n<meta property=\"og:url\" content=\"https:\/\/kinamihealth.com\/sv\/produkt\/ellanse-s\/\" \/>\n<meta property=\"og:site_name\" content=\"Kinami Health\" \/>\n<meta property=\"article:modified_time\" content=\"2025-12-17T20:08:41+00:00\" \/>\n<meta property=\"og:image\" content=\"https:\/\/kinamihealth.com\/wp-content\/uploads\/2025\/02\/ELLANSE-S-01.jpg\" \/>\n\t<meta property=\"og:image:width\" content=\"800\" \/>\n\t<meta property=\"og:image:height\" content=\"800\" \/>\n\t<meta property=\"og:image:type\" content=\"image\/jpeg\" \/>\n<meta name=\"twitter:card\" content=\"summary_large_image\" \/>\n<meta name=\"twitter:label1\" content=\"Ber\u00e4knad l\u00e4stid\" \/>\n\t<meta name=\"twitter:data1\" content=\"1 minut\" \/>\n<!-- \/ Yoast SEO plugin. -->","yoast_head_json":{"title":"Best\u00e4ll ELLANS\u00c9\u2122 S online | Handla online | Kinami Health","description":"Best\u00e4ll ELLANS\u00c9\u2122 S online f\u00f6r att f\u00e5 tillg\u00e5ng till en smidig, bioresorberbar hudfyllnadsprodukt som \u00e4r utvecklad f\u00f6r att stimulera kollagenproduktionen och ge l\u00e5ngvarig volymkorrigering i ansiktet.","robots":{"index":"index","follow":"follow","max-snippet":"max-snippet:-1","max-image-preview":"max-image-preview:large","max-video-preview":"max-video-preview:-1"},"canonical":"https:\/\/kinamihealth.com\/sv\/wp-json\/wp\/v2\/product\/117233","og_locale":"sv_SE","og_type":"article","og_title":"Best\u00e4ll ELLANS\u00c9\u2122 S online | Handla online | Kinami Health","og_description":"Best\u00e4ll ELLANS\u00c9\u2122 S online f\u00f6r att f\u00e5 tillg\u00e5ng till en smidig, bioresorberbar hudfyllnadsprodukt som \u00e4r utvecklad f\u00f6r att stimulera kollagenproduktionen och ge l\u00e5ngvarig volymkorrigering i ansiktet.","og_url":"https:\/\/kinamihealth.com\/sv\/produkt\/ellanse-s\/","og_site_name":"Kinami Health","article_modified_time":"2025-12-17T20:08:41+00:00","og_image":[{"width":800,"height":800,"url":"https:\/\/kinamihealth.com\/wp-content\/uploads\/2025\/02\/ELLANSE-S-01.jpg","type":"image\/jpeg"}],"twitter_card":"summary_large_image","twitter_misc":{"Ber\u00e4knad l\u00e4stid":"1 minut"},"schema":{"@context":"https:\/\/schema.org","@graph":[{"@type":"WebPage","@id":"https:\/\/kinamihealth.com\/sv\/produkt\/ellanse-s\/","url":"https:\/\/kinamihealth.com\/sv\/produkt\/ellanse-s\/","name":"Best\u00e4ll ELLANS\u00c9\u2122 S online | Handla online | Kinami Health","isPartOf":{"@id":"https:\/\/kinamihealth.com\/#website"},"primaryImageOfPage":{"@id":"https:\/\/kinamihealth.com\/sv\/produkt\/ellanse-s\/#primaryimage"},"image":{"@id":"https:\/\/kinamihealth.com\/sv\/produkt\/ellanse-s\/#primaryimage"},"thumbnailUrl":"https:\/\/kinamihealth.com\/wp-content\/uploads\/2025\/02\/ELLANSE-S-01.jpg","datePublished":"2025-02-15T16:54:42+00:00","dateModified":"2025-12-17T20:08:41+00:00","description":"Best\u00e4ll ELLANS\u00c9\u2122 S online f\u00f6r att f\u00e5 tillg\u00e5ng till en smidig, bioresorberbar hudfyllnadsprodukt som \u00e4r utvecklad f\u00f6r att stimulera kollagenproduktionen och ge l\u00e5ngvarig volymkorrigering i ansiktet.","breadcrumb":{"@id":"https:\/\/kinamihealth.com\/sv\/produkt\/ellanse-s\/#breadcrumb"},"inLanguage":"sv-SE","potentialAction":[{"@type":"ReadAction","target":["https:\/\/kinamihealth.com\/sv\/produkt\/ellanse-s\/"]}]},{"@type":"ImageObject","inLanguage":"sv-SE","@id":"https:\/\/kinamihealth.com\/sv\/produkt\/ellanse-s\/#primaryimage","url":"https:\/\/kinamihealth.com\/wp-content\/uploads\/2025\/02\/ELLANSE-S-01.jpg","contentUrl":"https:\/\/kinamihealth.com\/wp-content\/uploads\/2025\/02\/ELLANSE-S-01.jpg","width":800,"height":800},{"@type":"BreadcrumbList","@id":"https:\/\/kinamihealth.com\/sv\/produkt\/ellanse-s\/#breadcrumb","itemListElement":[{"@type":"ListItem","position":1,"name":"Hem","item":"https:\/\/kinamihealth.com\/sr\/"},{"@type":"ListItem","position":2,"name":"Butik","item":"https:\/\/kinamihealth.com\/sv\/?page_id=127810"},{"@type":"ListItem","position":3,"name":"ELLANS\u00c9\u2122 S"}]},{"@type":"WebSite","@id":"https:\/\/kinamihealth.com\/#website","url":"https:\/\/kinamihealth.com\/","name":"Kinami Health","description":"","publisher":{"@id":"https:\/\/kinamihealth.com\/#organization"},"potentialAction":[{"@type":"SearchAction","target":{"@type":"EntryPoint","urlTemplate":"https:\/\/kinamihealth.com\/?s={search_term_string}"},"query-input":{"@type":"PropertyValueSpecification","valueRequired":true,"valueName":"search_term_string"}}],"inLanguage":"sv-SE"},{"@type":"Organization","@id":"https:\/\/kinamihealth.com\/#organization","name":"Kinami Health","url":"https:\/\/kinamihealth.com\/","logo":{"@type":"ImageObject","inLanguage":"sv-SE","@id":"https:\/\/kinamihealth.com\/#\/schema\/logo\/image\/","url":"https:\/\/kinamihealth.com\/wp-content\/uploads\/2025\/01\/KH_logo_black_2-1.png","contentUrl":"https:\/\/kinamihealth.com\/wp-content\/uploads\/2025\/01\/KH_logo_black_2-1.png","width":339,"height":34,"caption":"Kinami Health"},"image":{"@id":"https:\/\/kinamihealth.com\/#\/schema\/logo\/image\/"}}]}},"_links":{"self":[{"href":"https:\/\/kinamihealth.com\/sv\/wp-json\/wp\/v2\/product\/117233","targetHints":{"allow":["GET"]}}],"collection":[{"href":"https:\/\/kinamihealth.com\/sv\/wp-json\/wp\/v2\/product"}],"about":[{"href":"https:\/\/kinamihealth.com\/sv\/wp-json\/wp\/v2\/types\/product"}],"replies":[{"embeddable":true,"href":"https:\/\/kinamihealth.com\/sv\/wp-json\/wp\/v2\/comments?post=117233"}],"version-history":[{"count":0,"href":"https:\/\/kinamihealth.com\/sv\/wp-json\/wp\/v2\/product\/117233\/revisions"}],"wp:featuredmedia":[{"embeddable":true,"href":"https:\/\/kinamihealth.com\/sv\/wp-json\/wp\/v2\/media\/117237"}],"wp:attachment":[{"href":"https:\/\/kinamihealth.com\/sv\/wp-json\/wp\/v2\/media?parent=117233"}],"wp:term":[{"taxonomy":"product_brand","embeddable":true,"href":"https:\/\/kinamihealth.com\/sv\/wp-json\/wp\/v2\/product_brand?post=117233"},{"taxonomy":"product_cat","embeddable":true,"href":"https:\/\/kinamihealth.com\/sv\/wp-json\/wp\/v2\/product_cat?post=117233"},{"taxonomy":"product_tag","embeddable":true,"href":"https:\/\/kinamihealth.com\/sv\/wp-json\/wp\/v2\/product_tag?post=117233"}],"curies":[{"name":"wp","href":"https:\/\/api.w.org\/{rel}","templated":true}]}}