{"id":117213,"date":"2025-03-11T18:14:39","date_gmt":"2025-03-11T18:14:39","guid":{"rendered":"https:\/\/kinamihealth.com\/product\/desirial-1x1ml\/"},"modified":"2025-12-03T16:36:33","modified_gmt":"2025-12-03T16:36:33","slug":"desirial-1x1ml","status":"publish","type":"product","link":"https:\/\/kinamihealth.com\/sv\/produkt\/desirial-1x1ml\/","title":{"rendered":"DESIRIAL\u00ae 1x1ml"},"content":{"rendered":"<p><b>DESIRIAL\u00ae 1x1ml<\/b><span style=\"font-weight: 400;\"> \u00e4r ett specialiserat injicerbart dermalt filler som \u00e4r unikt formulerat med hyaluronsyra f\u00f6r att ta itu med intima h\u00e4lsoproblem, s\u00e4rskilt vaginal torrhet och vulvovaginal atrofi. Denna avancerade gelformulering har utvecklats av Laboratoires VIVACY, skaparna av Stylage, och \u00e5terst\u00e4ller effektivt hydrering, volym och elasticitet i intima v\u00e4vnader. DESIRIAL\u00ae ger medicinsk personal en s\u00e4ker, riktad l\u00f6sning f\u00f6r att avsev\u00e4rt f\u00f6rb\u00e4ttra komforten och det intima v\u00e4lbefinnandet hos kvinnor som genomg\u00e5tt klimakteriet.<\/span><\/p>\n","protected":false},"excerpt":{"rendered":"<p>DESIRIAL\u00ae 1x1ml \u00e4r ett specialiserat injicerbart dermalt filler som \u00e4r unikt formulerat med hyaluronsyra f\u00f6r att ta itu med intima h\u00e4lsoproblem, s\u00e4rskilt vaginal torrhet och vulvovaginal atrofi. Denna avancerade gelformulering har utvecklats av Laboratoires VIVACY, skaparna av Stylage, och \u00e5terst\u00e4ller effektivt hydrering, volym och elasticitet i intima v\u00e4vnader. DESIRIAL\u00ae ger medicinsk personal en s\u00e4ker, riktad [&hellip;]<\/p>\n","protected":false},"featured_media":117214,"comment_status":"closed","ping_status":"closed","template":"","meta":{"_acf_changed":false,"inline_featured_image":false},"product_brand":[3073],"product_cat":[3260],"product_tag":[3256],"class_list":{"0":"post-117213","1":"product","2":"type-product","3":"status-publish","4":"has-post-thumbnail","6":"product_brand-desirial","7":"product_cat-dermal-fillers-sv","8":"product_tag-medical-devices-sv","10":"first","11":"instock","12":"taxable","13":"shipping-taxable","14":"purchasable","15":"product-type-simple","16":"add-to-wishlist-before_image"},"acf":[],"yoast_head":"<!-- This site is optimized with the Yoast SEO plugin v27.3 - https:\/\/yoast.com\/product\/yoast-seo-wordpress\/ -->\n<title>Best\u00e4ll DESIRIAL\u00ae 1x1ml Online | Shop Online | Kinami Health<\/title>\n<meta name=\"description\" content=\"Best\u00e4ll DESIRIAL\u00ae 1x1ml online f\u00f6r att st\u00f6dja intim hydrering och v\u00e4vnadsregenerering hos peri-menopausala patienter med injicerbar hyaluronsyra.\" \/>\n<meta name=\"robots\" content=\"index, follow, max-snippet:-1, max-image-preview:large, max-video-preview:-1\" \/>\n<link rel=\"canonical\" href=\"https:\/\/kinamihealth.com\/sv\/wp-json\/wp\/v2\/product\/117213\" \/>\n<meta property=\"og:locale\" content=\"sv_SE\" \/>\n<meta property=\"og:type\" content=\"article\" \/>\n<meta property=\"og:title\" content=\"Best\u00e4ll DESIRIAL\u00ae 1x1ml Online | Shop Online | Kinami Health\" \/>\n<meta property=\"og:description\" content=\"Best\u00e4ll DESIRIAL\u00ae 1x1ml online f\u00f6r att st\u00f6dja intim hydrering och v\u00e4vnadsregenerering hos peri-menopausala patienter med injicerbar hyaluronsyra.\" \/>\n<meta property=\"og:url\" content=\"https:\/\/kinamihealth.com\/sv\/produkt\/desirial-1x1ml\/\" \/>\n<meta property=\"og:site_name\" content=\"Kinami Health\" \/>\n<meta property=\"article:modified_time\" content=\"2025-12-03T16:36:33+00:00\" \/>\n<meta property=\"og:image\" content=\"https:\/\/kinamihealth.com\/wp-content\/uploads\/2025\/03\/DESIRIAL-1x1ml.webp\" \/>\n\t<meta property=\"og:image:width\" content=\"1000\" \/>\n\t<meta property=\"og:image:height\" content=\"1000\" \/>\n\t<meta property=\"og:image:type\" content=\"image\/webp\" \/>\n<meta name=\"twitter:card\" content=\"summary_large_image\" \/>\n<meta name=\"twitter:label1\" content=\"Ber\u00e4knad l\u00e4stid\" \/>\n\t<meta name=\"twitter:data1\" content=\"1 minut\" \/>\n<!-- \/ Yoast SEO plugin. -->","yoast_head_json":{"title":"Best\u00e4ll DESIRIAL\u00ae 1x1ml Online | Shop Online | Kinami Health","description":"Best\u00e4ll DESIRIAL\u00ae 1x1ml online f\u00f6r att st\u00f6dja intim hydrering och v\u00e4vnadsregenerering hos peri-menopausala patienter med injicerbar hyaluronsyra.","robots":{"index":"index","follow":"follow","max-snippet":"max-snippet:-1","max-image-preview":"max-image-preview:large","max-video-preview":"max-video-preview:-1"},"canonical":"https:\/\/kinamihealth.com\/sv\/wp-json\/wp\/v2\/product\/117213","og_locale":"sv_SE","og_type":"article","og_title":"Best\u00e4ll DESIRIAL\u00ae 1x1ml Online | Shop Online | Kinami Health","og_description":"Best\u00e4ll DESIRIAL\u00ae 1x1ml online f\u00f6r att st\u00f6dja intim hydrering och v\u00e4vnadsregenerering hos peri-menopausala patienter med injicerbar hyaluronsyra.","og_url":"https:\/\/kinamihealth.com\/sv\/produkt\/desirial-1x1ml\/","og_site_name":"Kinami Health","article_modified_time":"2025-12-03T16:36:33+00:00","og_image":[{"width":1000,"height":1000,"url":"https:\/\/kinamihealth.com\/wp-content\/uploads\/2025\/03\/DESIRIAL-1x1ml.webp","type":"image\/webp"}],"twitter_card":"summary_large_image","twitter_misc":{"Ber\u00e4knad l\u00e4stid":"1 minut"},"schema":{"@context":"https:\/\/schema.org","@graph":[{"@type":"WebPage","@id":"https:\/\/kinamihealth.com\/sv\/produkt\/desirial-1x1ml\/","url":"https:\/\/kinamihealth.com\/sv\/produkt\/desirial-1x1ml\/","name":"Best\u00e4ll DESIRIAL\u00ae 1x1ml Online | Shop Online | Kinami Health","isPartOf":{"@id":"https:\/\/kinamihealth.com\/#website"},"primaryImageOfPage":{"@id":"https:\/\/kinamihealth.com\/sv\/produkt\/desirial-1x1ml\/#primaryimage"},"image":{"@id":"https:\/\/kinamihealth.com\/sv\/produkt\/desirial-1x1ml\/#primaryimage"},"thumbnailUrl":"https:\/\/kinamihealth.com\/wp-content\/uploads\/2025\/03\/DESIRIAL-1x1ml.webp","datePublished":"2025-03-11T18:14:39+00:00","dateModified":"2025-12-03T16:36:33+00:00","description":"Best\u00e4ll DESIRIAL\u00ae 1x1ml online f\u00f6r att st\u00f6dja intim hydrering och v\u00e4vnadsregenerering hos peri-menopausala patienter med injicerbar hyaluronsyra.","breadcrumb":{"@id":"https:\/\/kinamihealth.com\/sv\/produkt\/desirial-1x1ml\/#breadcrumb"},"inLanguage":"sv-SE","potentialAction":[{"@type":"ReadAction","target":["https:\/\/kinamihealth.com\/sv\/produkt\/desirial-1x1ml\/"]}]},{"@type":"ImageObject","inLanguage":"sv-SE","@id":"https:\/\/kinamihealth.com\/sv\/produkt\/desirial-1x1ml\/#primaryimage","url":"https:\/\/kinamihealth.com\/wp-content\/uploads\/2025\/03\/DESIRIAL-1x1ml.webp","contentUrl":"https:\/\/kinamihealth.com\/wp-content\/uploads\/2025\/03\/DESIRIAL-1x1ml.webp","width":1000,"height":1000},{"@type":"BreadcrumbList","@id":"https:\/\/kinamihealth.com\/sv\/produkt\/desirial-1x1ml\/#breadcrumb","itemListElement":[{"@type":"ListItem","position":1,"name":"Hem","item":"https:\/\/kinamihealth.com\/sr\/"},{"@type":"ListItem","position":2,"name":"Butik","item":"https:\/\/kinamihealth.com\/sv\/?page_id=127810"},{"@type":"ListItem","position":3,"name":"DESIRIAL\u00ae 1x1ml"}]},{"@type":"WebSite","@id":"https:\/\/kinamihealth.com\/#website","url":"https:\/\/kinamihealth.com\/","name":"Kinami Health","description":"","publisher":{"@id":"https:\/\/kinamihealth.com\/#organization"},"potentialAction":[{"@type":"SearchAction","target":{"@type":"EntryPoint","urlTemplate":"https:\/\/kinamihealth.com\/?s={search_term_string}"},"query-input":{"@type":"PropertyValueSpecification","valueRequired":true,"valueName":"search_term_string"}}],"inLanguage":"sv-SE"},{"@type":"Organization","@id":"https:\/\/kinamihealth.com\/#organization","name":"Kinami Health","url":"https:\/\/kinamihealth.com\/","logo":{"@type":"ImageObject","inLanguage":"sv-SE","@id":"https:\/\/kinamihealth.com\/#\/schema\/logo\/image\/","url":"https:\/\/kinamihealth.com\/wp-content\/uploads\/2025\/01\/KH_logo_black_2-1.png","contentUrl":"https:\/\/kinamihealth.com\/wp-content\/uploads\/2025\/01\/KH_logo_black_2-1.png","width":339,"height":34,"caption":"Kinami Health"},"image":{"@id":"https:\/\/kinamihealth.com\/#\/schema\/logo\/image\/"}}]}},"_links":{"self":[{"href":"https:\/\/kinamihealth.com\/sv\/wp-json\/wp\/v2\/product\/117213","targetHints":{"allow":["GET"]}}],"collection":[{"href":"https:\/\/kinamihealth.com\/sv\/wp-json\/wp\/v2\/product"}],"about":[{"href":"https:\/\/kinamihealth.com\/sv\/wp-json\/wp\/v2\/types\/product"}],"replies":[{"embeddable":true,"href":"https:\/\/kinamihealth.com\/sv\/wp-json\/wp\/v2\/comments?post=117213"}],"version-history":[{"count":0,"href":"https:\/\/kinamihealth.com\/sv\/wp-json\/wp\/v2\/product\/117213\/revisions"}],"wp:featuredmedia":[{"embeddable":true,"href":"https:\/\/kinamihealth.com\/sv\/wp-json\/wp\/v2\/media\/117214"}],"wp:attachment":[{"href":"https:\/\/kinamihealth.com\/sv\/wp-json\/wp\/v2\/media?parent=117213"}],"wp:term":[{"taxonomy":"product_brand","embeddable":true,"href":"https:\/\/kinamihealth.com\/sv\/wp-json\/wp\/v2\/product_brand?post=117213"},{"taxonomy":"product_cat","embeddable":true,"href":"https:\/\/kinamihealth.com\/sv\/wp-json\/wp\/v2\/product_cat?post=117213"},{"taxonomy":"product_tag","embeddable":true,"href":"https:\/\/kinamihealth.com\/sv\/wp-json\/wp\/v2\/product_tag?post=117213"}],"curies":[{"name":"wp","href":"https:\/\/api.w.org\/{rel}","templated":true}]}}