{"id":117211,"date":"2025-02-15T16:54:39","date_gmt":"2025-02-15T16:54:39","guid":{"rendered":"https:\/\/kinamihealth.com\/product\/desirial-plus\/"},"modified":"2025-12-03T16:44:23","modified_gmt":"2025-12-03T16:44:23","slug":"desirial-plus","status":"publish","type":"product","link":"https:\/\/kinamihealth.com\/sv\/produkt\/desirial-plus\/","title":{"rendered":"DESIRIAL\u00ae PLUS"},"content":{"rendered":"<p><b>DESIRIAL\u00ae PLUS<\/b><span style=\"font-weight: 400;\"> \u00e4r en avancerad injicerbar produkt som \u00e4r s\u00e4rskilt formulerad med tv\u00e4rbunden hyaluronsyra f\u00f6r att \u00e5terst\u00e4lla volym och fasthet i vulvovaginalomr\u00e5det. Denna specialiserade injicerbara produkt har utvecklats av Laboratoires VIVACY, som \u00e4r k\u00e4nda f\u00f6r sina h\u00f6gkvalitativa dermala fillers, och erbjuder s\u00e4ker och effektiv f\u00f6ryngring av intim v\u00e4vnad, vilket avsev\u00e4rt f\u00f6rb\u00e4ttrar komfort, \u00e5terfuktning och utseende. DESIRIAL\u00ae PLUS \u00e4r mycket uppskattat av behandlare som str\u00e4var efter att ge \u00f6verl\u00e4gsen patientv\u00e5rd vid estetiska behandlingar i intimomr\u00e5det.<\/span><\/p>\n","protected":false},"excerpt":{"rendered":"<p>DESIRIAL\u00ae PLUS \u00e4r en avancerad injicerbar produkt som \u00e4r s\u00e4rskilt formulerad med tv\u00e4rbunden hyaluronsyra f\u00f6r att \u00e5terst\u00e4lla volym och fasthet i vulvovaginalomr\u00e5det. Denna specialiserade injicerbara produkt har utvecklats av Laboratoires VIVACY, som \u00e4r k\u00e4nda f\u00f6r sina h\u00f6gkvalitativa dermala fillers, och erbjuder s\u00e4ker och effektiv f\u00f6ryngring av intim v\u00e4vnad, vilket avsev\u00e4rt f\u00f6rb\u00e4ttrar komfort, \u00e5terfuktning och utseende. [&hellip;]<\/p>\n","protected":false},"featured_media":117212,"comment_status":"closed","ping_status":"closed","template":"","meta":{"_acf_changed":false,"inline_featured_image":false},"product_brand":[3073],"product_cat":[3260],"product_tag":[3256],"class_list":{"0":"post-117211","1":"product","2":"type-product","3":"status-publish","4":"has-post-thumbnail","6":"product_brand-desirial","7":"product_cat-dermal-fillers-sv","8":"product_tag-medical-devices-sv","10":"first","11":"instock","12":"taxable","13":"shipping-taxable","14":"purchasable","15":"product-type-simple","16":"add-to-wishlist-before_image"},"acf":[],"yoast_head":"<!-- This site is optimized with the Yoast SEO plugin v27.1.1 - https:\/\/yoast.com\/product\/yoast-seo-wordpress\/ -->\n<title>Best\u00e4ll DESIRIAL\u00ae PLUS Online | Shop Online | Kinami Health<\/title>\n<meta name=\"description\" content=\"Best\u00e4ll DESIRIAL\u00ae PLUS online f\u00f6r klinisk anv\u00e4ndning f\u00f6r att \u00e5terst\u00e4lla volym och fasthet i det vulvovaginala omr\u00e5det med hyaluronsyrainjektioner.\" \/>\n<meta name=\"robots\" content=\"index, follow, max-snippet:-1, max-image-preview:large, max-video-preview:-1\" \/>\n<link rel=\"canonical\" href=\"https:\/\/kinamihealth.com\/sv\/wp-json\/wp\/v2\/product\/117211\" \/>\n<meta property=\"og:locale\" content=\"sv_SE\" \/>\n<meta property=\"og:type\" content=\"article\" \/>\n<meta property=\"og:title\" content=\"Best\u00e4ll DESIRIAL\u00ae PLUS Online | Shop Online | Kinami Health\" \/>\n<meta property=\"og:description\" content=\"Best\u00e4ll DESIRIAL\u00ae PLUS online f\u00f6r klinisk anv\u00e4ndning f\u00f6r att \u00e5terst\u00e4lla volym och fasthet i det vulvovaginala omr\u00e5det med hyaluronsyrainjektioner.\" \/>\n<meta property=\"og:url\" content=\"https:\/\/kinamihealth.com\/sv\/produkt\/desirial-plus\/\" \/>\n<meta property=\"og:site_name\" content=\"Kinami Health\" \/>\n<meta property=\"article:modified_time\" content=\"2025-12-03T16:44:23+00:00\" \/>\n<meta property=\"og:image\" content=\"https:\/\/kinamihealth.com\/wp-content\/uploads\/2025\/02\/VIVACY-DESIRIAL-PLUS-1X2ML-01.jpg\" \/>\n\t<meta property=\"og:image:width\" content=\"800\" \/>\n\t<meta property=\"og:image:height\" content=\"800\" \/>\n\t<meta property=\"og:image:type\" content=\"image\/jpeg\" \/>\n<meta name=\"twitter:card\" content=\"summary_large_image\" \/>\n<meta name=\"twitter:label1\" content=\"Ber\u00e4knad l\u00e4stid\" \/>\n\t<meta name=\"twitter:data1\" content=\"1 minut\" \/>\n<!-- \/ Yoast SEO plugin. -->","yoast_head_json":{"title":"Best\u00e4ll DESIRIAL\u00ae PLUS Online | Shop Online | Kinami Health","description":"Best\u00e4ll DESIRIAL\u00ae PLUS online f\u00f6r klinisk anv\u00e4ndning f\u00f6r att \u00e5terst\u00e4lla volym och fasthet i det vulvovaginala omr\u00e5det med hyaluronsyrainjektioner.","robots":{"index":"index","follow":"follow","max-snippet":"max-snippet:-1","max-image-preview":"max-image-preview:large","max-video-preview":"max-video-preview:-1"},"canonical":"https:\/\/kinamihealth.com\/sv\/wp-json\/wp\/v2\/product\/117211","og_locale":"sv_SE","og_type":"article","og_title":"Best\u00e4ll DESIRIAL\u00ae PLUS Online | Shop Online | Kinami Health","og_description":"Best\u00e4ll DESIRIAL\u00ae PLUS online f\u00f6r klinisk anv\u00e4ndning f\u00f6r att \u00e5terst\u00e4lla volym och fasthet i det vulvovaginala omr\u00e5det med hyaluronsyrainjektioner.","og_url":"https:\/\/kinamihealth.com\/sv\/produkt\/desirial-plus\/","og_site_name":"Kinami Health","article_modified_time":"2025-12-03T16:44:23+00:00","og_image":[{"width":800,"height":800,"url":"https:\/\/kinamihealth.com\/wp-content\/uploads\/2025\/02\/VIVACY-DESIRIAL-PLUS-1X2ML-01.jpg","type":"image\/jpeg"}],"twitter_card":"summary_large_image","twitter_misc":{"Ber\u00e4knad l\u00e4stid":"1 minut"},"schema":{"@context":"https:\/\/schema.org","@graph":[{"@type":"WebPage","@id":"https:\/\/kinamihealth.com\/sv\/produkt\/desirial-plus\/","url":"https:\/\/kinamihealth.com\/sv\/produkt\/desirial-plus\/","name":"Best\u00e4ll DESIRIAL\u00ae PLUS Online | Shop Online | Kinami Health","isPartOf":{"@id":"https:\/\/kinamihealth.com\/#website"},"primaryImageOfPage":{"@id":"https:\/\/kinamihealth.com\/sv\/produkt\/desirial-plus\/#primaryimage"},"image":{"@id":"https:\/\/kinamihealth.com\/sv\/produkt\/desirial-plus\/#primaryimage"},"thumbnailUrl":"https:\/\/kinamihealth.com\/wp-content\/uploads\/2025\/02\/VIVACY-DESIRIAL-PLUS-1X2ML-01.jpg","datePublished":"2025-02-15T16:54:39+00:00","dateModified":"2025-12-03T16:44:23+00:00","description":"Best\u00e4ll DESIRIAL\u00ae PLUS online f\u00f6r klinisk anv\u00e4ndning f\u00f6r att \u00e5terst\u00e4lla volym och fasthet i det vulvovaginala omr\u00e5det med hyaluronsyrainjektioner.","breadcrumb":{"@id":"https:\/\/kinamihealth.com\/sv\/produkt\/desirial-plus\/#breadcrumb"},"inLanguage":"sv-SE","potentialAction":[{"@type":"ReadAction","target":["https:\/\/kinamihealth.com\/sv\/produkt\/desirial-plus\/"]}]},{"@type":"ImageObject","inLanguage":"sv-SE","@id":"https:\/\/kinamihealth.com\/sv\/produkt\/desirial-plus\/#primaryimage","url":"https:\/\/kinamihealth.com\/wp-content\/uploads\/2025\/02\/VIVACY-DESIRIAL-PLUS-1X2ML-01.jpg","contentUrl":"https:\/\/kinamihealth.com\/wp-content\/uploads\/2025\/02\/VIVACY-DESIRIAL-PLUS-1X2ML-01.jpg","width":800,"height":800},{"@type":"BreadcrumbList","@id":"https:\/\/kinamihealth.com\/sv\/produkt\/desirial-plus\/#breadcrumb","itemListElement":[{"@type":"ListItem","position":1,"name":"Hem","item":"https:\/\/kinamihealth.com\/sr\/"},{"@type":"ListItem","position":2,"name":"Butik","item":"https:\/\/kinamihealth.com\/sv\/?page_id=127810"},{"@type":"ListItem","position":3,"name":"DESIRIAL\u00ae PLUS"}]},{"@type":"WebSite","@id":"https:\/\/kinamihealth.com\/#website","url":"https:\/\/kinamihealth.com\/","name":"Kinami Health","description":"","publisher":{"@id":"https:\/\/kinamihealth.com\/#organization"},"potentialAction":[{"@type":"SearchAction","target":{"@type":"EntryPoint","urlTemplate":"https:\/\/kinamihealth.com\/?s={search_term_string}"},"query-input":{"@type":"PropertyValueSpecification","valueRequired":true,"valueName":"search_term_string"}}],"inLanguage":"sv-SE"},{"@type":"Organization","@id":"https:\/\/kinamihealth.com\/#organization","name":"Kinami Health","url":"https:\/\/kinamihealth.com\/","logo":{"@type":"ImageObject","inLanguage":"sv-SE","@id":"https:\/\/kinamihealth.com\/#\/schema\/logo\/image\/","url":"https:\/\/kinamihealth.com\/wp-content\/uploads\/2025\/01\/KH_logo_black_2-1.png","contentUrl":"https:\/\/kinamihealth.com\/wp-content\/uploads\/2025\/01\/KH_logo_black_2-1.png","width":339,"height":34,"caption":"Kinami Health"},"image":{"@id":"https:\/\/kinamihealth.com\/#\/schema\/logo\/image\/"}}]}},"_links":{"self":[{"href":"https:\/\/kinamihealth.com\/sv\/wp-json\/wp\/v2\/product\/117211","targetHints":{"allow":["GET"]}}],"collection":[{"href":"https:\/\/kinamihealth.com\/sv\/wp-json\/wp\/v2\/product"}],"about":[{"href":"https:\/\/kinamihealth.com\/sv\/wp-json\/wp\/v2\/types\/product"}],"replies":[{"embeddable":true,"href":"https:\/\/kinamihealth.com\/sv\/wp-json\/wp\/v2\/comments?post=117211"}],"version-history":[{"count":0,"href":"https:\/\/kinamihealth.com\/sv\/wp-json\/wp\/v2\/product\/117211\/revisions"}],"wp:featuredmedia":[{"embeddable":true,"href":"https:\/\/kinamihealth.com\/sv\/wp-json\/wp\/v2\/media\/117212"}],"wp:attachment":[{"href":"https:\/\/kinamihealth.com\/sv\/wp-json\/wp\/v2\/media?parent=117211"}],"wp:term":[{"taxonomy":"product_brand","embeddable":true,"href":"https:\/\/kinamihealth.com\/sv\/wp-json\/wp\/v2\/product_brand?post=117211"},{"taxonomy":"product_cat","embeddable":true,"href":"https:\/\/kinamihealth.com\/sv\/wp-json\/wp\/v2\/product_cat?post=117211"},{"taxonomy":"product_tag","embeddable":true,"href":"https:\/\/kinamihealth.com\/sv\/wp-json\/wp\/v2\/product_tag?post=117211"}],"curies":[{"name":"wp","href":"https:\/\/api.w.org\/{rel}","templated":true}]}}