{"id":117185,"date":"2025-02-15T16:54:31","date_gmt":"2025-02-15T16:54:31","guid":{"rendered":"https:\/\/kinamihealth.com\/product\/cytocare-516\/"},"modified":"2025-12-17T19:32:15","modified_gmt":"2025-12-17T19:32:15","slug":"cytocare-516","status":"publish","type":"product","link":"https:\/\/kinamihealth.com\/sv\/produkt\/cytocare-516\/","title":{"rendered":"CYTOCARE 516"},"content":{"rendered":"<p><b>CYTOCARE 516 \u00e4r en professionell mesoterapiprodukt<\/b><span style=\"font-weight: 400;\"> skapad f\u00f6r estetiska ut\u00f6vare som s\u00f6ker effektiva hudf\u00f6ryngringsbehandlingar. Detta resorberbara implantat kombinerar <\/span><b>hyaluronsyra med ett avancerat f\u00f6ryngringskomplex<\/b><span style=\"font-weight: 400;\"> f\u00f6r att ta itu med tidiga tecken p\u00e5 \u00e5ldrande genom riktade mikroinjektioner. Produkten ger omfattande hudf\u00f6rb\u00e4ttring genom att f\u00f6rb\u00e4ttra hydrering, textur och \u00f6vergripande hudutstr\u00e5lning hos patienter med m\u00e5ttliga \u00e5ldrandeproblem.<\/span><\/p>\n","protected":false},"excerpt":{"rendered":"<p>CYTOCARE 516 \u00e4r en professionell mesoterapiprodukt skapad f\u00f6r estetiska ut\u00f6vare som s\u00f6ker effektiva hudf\u00f6ryngringsbehandlingar. Detta resorberbara implantat kombinerar hyaluronsyra med ett avancerat f\u00f6ryngringskomplex f\u00f6r att ta itu med tidiga tecken p\u00e5 \u00e5ldrande genom riktade mikroinjektioner. Produkten ger omfattande hudf\u00f6rb\u00e4ttring genom att f\u00f6rb\u00e4ttra hydrering, textur och \u00f6vergripande hudutstr\u00e5lning hos patienter med m\u00e5ttliga \u00e5ldrandeproblem.<\/p>\n","protected":false},"featured_media":117189,"comment_status":"closed","ping_status":"closed","template":"","meta":{"_acf_changed":false,"inline_featured_image":false},"product_brand":[3072],"product_cat":[3260],"product_tag":[3256],"class_list":{"0":"post-117185","1":"product","2":"type-product","3":"status-publish","4":"has-post-thumbnail","6":"product_brand-cytocare","7":"product_cat-dermal-fillers-sv","8":"product_tag-medical-devices-sv","10":"first","11":"instock","12":"taxable","13":"shipping-taxable","14":"purchasable","15":"product-type-simple","16":"add-to-wishlist-before_image"},"acf":[],"yoast_head":"<!-- This site is optimized with the Yoast SEO plugin v27.3 - https:\/\/yoast.com\/product\/yoast-seo-wordpress\/ -->\n<title>Best\u00e4ll CYTOCARE 516 online | Handla online | Kinami Health<\/title>\n<meta name=\"description\" content=\"Best\u00e4ll CYTOCARE 516 online f\u00f6r mesoterapibehandlingar som fr\u00e4mjar hydrering, j\u00e4mn hudstruktur och synlig hudf\u00f6ryngring hos yngre patienter.\" \/>\n<meta name=\"robots\" content=\"index, follow, max-snippet:-1, max-image-preview:large, max-video-preview:-1\" \/>\n<link rel=\"canonical\" href=\"https:\/\/kinamihealth.com\/sv\/wp-json\/wp\/v2\/product\/117185\" \/>\n<meta property=\"og:locale\" content=\"sv_SE\" \/>\n<meta property=\"og:type\" content=\"article\" \/>\n<meta property=\"og:title\" content=\"Best\u00e4ll CYTOCARE 516 online | Handla online | Kinami Health\" \/>\n<meta property=\"og:description\" content=\"Best\u00e4ll CYTOCARE 516 online f\u00f6r mesoterapibehandlingar som fr\u00e4mjar hydrering, j\u00e4mn hudstruktur och synlig hudf\u00f6ryngring hos yngre patienter.\" \/>\n<meta property=\"og:url\" content=\"https:\/\/kinamihealth.com\/sv\/produkt\/cytocare-516\/\" \/>\n<meta property=\"og:site_name\" content=\"Kinami Health\" \/>\n<meta property=\"article:modified_time\" content=\"2025-12-17T19:32:15+00:00\" \/>\n<meta property=\"og:image\" content=\"https:\/\/kinamihealth.com\/wp-content\/uploads\/2025\/02\/REVITACARE-CYTOCARE-516-01.jpg\" \/>\n\t<meta property=\"og:image:width\" content=\"800\" \/>\n\t<meta property=\"og:image:height\" content=\"800\" \/>\n\t<meta property=\"og:image:type\" content=\"image\/jpeg\" \/>\n<meta name=\"twitter:card\" content=\"summary_large_image\" \/>\n<meta name=\"twitter:label1\" content=\"Ber\u00e4knad l\u00e4stid\" \/>\n\t<meta name=\"twitter:data1\" content=\"1 minut\" \/>\n<!-- \/ Yoast SEO plugin. -->","yoast_head_json":{"title":"Best\u00e4ll CYTOCARE 516 online | Handla online | Kinami Health","description":"Best\u00e4ll CYTOCARE 516 online f\u00f6r mesoterapibehandlingar som fr\u00e4mjar hydrering, j\u00e4mn hudstruktur och synlig hudf\u00f6ryngring hos yngre patienter.","robots":{"index":"index","follow":"follow","max-snippet":"max-snippet:-1","max-image-preview":"max-image-preview:large","max-video-preview":"max-video-preview:-1"},"canonical":"https:\/\/kinamihealth.com\/sv\/wp-json\/wp\/v2\/product\/117185","og_locale":"sv_SE","og_type":"article","og_title":"Best\u00e4ll CYTOCARE 516 online | Handla online | Kinami Health","og_description":"Best\u00e4ll CYTOCARE 516 online f\u00f6r mesoterapibehandlingar som fr\u00e4mjar hydrering, j\u00e4mn hudstruktur och synlig hudf\u00f6ryngring hos yngre patienter.","og_url":"https:\/\/kinamihealth.com\/sv\/produkt\/cytocare-516\/","og_site_name":"Kinami Health","article_modified_time":"2025-12-17T19:32:15+00:00","og_image":[{"width":800,"height":800,"url":"https:\/\/kinamihealth.com\/wp-content\/uploads\/2025\/02\/REVITACARE-CYTOCARE-516-01.jpg","type":"image\/jpeg"}],"twitter_card":"summary_large_image","twitter_misc":{"Ber\u00e4knad l\u00e4stid":"1 minut"},"schema":{"@context":"https:\/\/schema.org","@graph":[{"@type":"WebPage","@id":"https:\/\/kinamihealth.com\/sv\/produkt\/cytocare-516\/","url":"https:\/\/kinamihealth.com\/sv\/produkt\/cytocare-516\/","name":"Best\u00e4ll CYTOCARE 516 online | Handla online | Kinami Health","isPartOf":{"@id":"https:\/\/kinamihealth.com\/#website"},"primaryImageOfPage":{"@id":"https:\/\/kinamihealth.com\/sv\/produkt\/cytocare-516\/#primaryimage"},"image":{"@id":"https:\/\/kinamihealth.com\/sv\/produkt\/cytocare-516\/#primaryimage"},"thumbnailUrl":"https:\/\/kinamihealth.com\/wp-content\/uploads\/2025\/02\/REVITACARE-CYTOCARE-516-01.jpg","datePublished":"2025-02-15T16:54:31+00:00","dateModified":"2025-12-17T19:32:15+00:00","description":"Best\u00e4ll CYTOCARE 516 online f\u00f6r mesoterapibehandlingar som fr\u00e4mjar hydrering, j\u00e4mn hudstruktur och synlig hudf\u00f6ryngring hos yngre patienter.","breadcrumb":{"@id":"https:\/\/kinamihealth.com\/sv\/produkt\/cytocare-516\/#breadcrumb"},"inLanguage":"sv-SE","potentialAction":[{"@type":"ReadAction","target":["https:\/\/kinamihealth.com\/sv\/produkt\/cytocare-516\/"]}]},{"@type":"ImageObject","inLanguage":"sv-SE","@id":"https:\/\/kinamihealth.com\/sv\/produkt\/cytocare-516\/#primaryimage","url":"https:\/\/kinamihealth.com\/wp-content\/uploads\/2025\/02\/REVITACARE-CYTOCARE-516-01.jpg","contentUrl":"https:\/\/kinamihealth.com\/wp-content\/uploads\/2025\/02\/REVITACARE-CYTOCARE-516-01.jpg","width":800,"height":800},{"@type":"BreadcrumbList","@id":"https:\/\/kinamihealth.com\/sv\/produkt\/cytocare-516\/#breadcrumb","itemListElement":[{"@type":"ListItem","position":1,"name":"Hem","item":"https:\/\/kinamihealth.com\/sr\/"},{"@type":"ListItem","position":2,"name":"Butik","item":"https:\/\/kinamihealth.com\/sv\/?page_id=127810"},{"@type":"ListItem","position":3,"name":"CYTOCARE 516"}]},{"@type":"WebSite","@id":"https:\/\/kinamihealth.com\/#website","url":"https:\/\/kinamihealth.com\/","name":"Kinami Health","description":"","publisher":{"@id":"https:\/\/kinamihealth.com\/#organization"},"potentialAction":[{"@type":"SearchAction","target":{"@type":"EntryPoint","urlTemplate":"https:\/\/kinamihealth.com\/?s={search_term_string}"},"query-input":{"@type":"PropertyValueSpecification","valueRequired":true,"valueName":"search_term_string"}}],"inLanguage":"sv-SE"},{"@type":"Organization","@id":"https:\/\/kinamihealth.com\/#organization","name":"Kinami Health","url":"https:\/\/kinamihealth.com\/","logo":{"@type":"ImageObject","inLanguage":"sv-SE","@id":"https:\/\/kinamihealth.com\/#\/schema\/logo\/image\/","url":"https:\/\/kinamihealth.com\/wp-content\/uploads\/2025\/01\/KH_logo_black_2-1.png","contentUrl":"https:\/\/kinamihealth.com\/wp-content\/uploads\/2025\/01\/KH_logo_black_2-1.png","width":339,"height":34,"caption":"Kinami Health"},"image":{"@id":"https:\/\/kinamihealth.com\/#\/schema\/logo\/image\/"}}]}},"_links":{"self":[{"href":"https:\/\/kinamihealth.com\/sv\/wp-json\/wp\/v2\/product\/117185","targetHints":{"allow":["GET"]}}],"collection":[{"href":"https:\/\/kinamihealth.com\/sv\/wp-json\/wp\/v2\/product"}],"about":[{"href":"https:\/\/kinamihealth.com\/sv\/wp-json\/wp\/v2\/types\/product"}],"replies":[{"embeddable":true,"href":"https:\/\/kinamihealth.com\/sv\/wp-json\/wp\/v2\/comments?post=117185"}],"version-history":[{"count":0,"href":"https:\/\/kinamihealth.com\/sv\/wp-json\/wp\/v2\/product\/117185\/revisions"}],"wp:featuredmedia":[{"embeddable":true,"href":"https:\/\/kinamihealth.com\/sv\/wp-json\/wp\/v2\/media\/117189"}],"wp:attachment":[{"href":"https:\/\/kinamihealth.com\/sv\/wp-json\/wp\/v2\/media?parent=117185"}],"wp:term":[{"taxonomy":"product_brand","embeddable":true,"href":"https:\/\/kinamihealth.com\/sv\/wp-json\/wp\/v2\/product_brand?post=117185"},{"taxonomy":"product_cat","embeddable":true,"href":"https:\/\/kinamihealth.com\/sv\/wp-json\/wp\/v2\/product_cat?post=117185"},{"taxonomy":"product_tag","embeddable":true,"href":"https:\/\/kinamihealth.com\/sv\/wp-json\/wp\/v2\/product_tag?post=117185"}],"curies":[{"name":"wp","href":"https:\/\/api.w.org\/{rel}","templated":true}]}}