{"id":117121,"date":"2025-03-11T18:14:38","date_gmt":"2025-03-11T18:14:38","guid":{"rendered":"https:\/\/kinamihealth.com\/product\/croma-polyphil-hair\/"},"modified":"2025-12-19T14:26:09","modified_gmt":"2025-12-19T14:26:09","slug":"croma-polyphil-hair","status":"publish","type":"product","link":"https:\/\/kinamihealth.com\/sv\/produkt\/croma-polyphil-hair\/","title":{"rendered":"CROMA POLYPHIL\u2122 HAIR"},"content":{"rendered":"<p><b>CROMA Polyphil HAIR<\/b><span style=\"font-weight: 400;\"> \u00e4r en innovativ polynukleotidbaserad biostimuleringsprodukt utvecklad av Croma Pharma speciellt utformad f\u00f6r att f\u00f6ryngra h\u00e5rbotten och st\u00f6dja h\u00e5rets vitalitet. Med hj\u00e4lp av avancerad regenerativ teknik f\u00f6rb\u00e4ttrar denna injicerbara l\u00f6sning aktivt h\u00e5rbottens h\u00e4lsa, fr\u00e4mjar follikelregenerering och f\u00f6rb\u00e4ttrar h\u00e5rets tjocklek och tillv\u00e4xtkvalitet. Produkten \u00e4r skr\u00e4ddarsydd f\u00f6r medicinska och estetiska yrkesut\u00f6vare som s\u00f6ker effektiva, vetenskapligt st\u00f6dda l\u00f6sningar f\u00f6r h\u00e5ravfallshantering.<\/span><\/p>\n","protected":false},"excerpt":{"rendered":"<p>CROMA Polyphil HAIR \u00e4r en innovativ polynukleotidbaserad biostimuleringsprodukt utvecklad av Croma Pharma speciellt utformad f\u00f6r att f\u00f6ryngra h\u00e5rbotten och st\u00f6dja h\u00e5rets vitalitet. Med hj\u00e4lp av avancerad regenerativ teknik f\u00f6rb\u00e4ttrar denna injicerbara l\u00f6sning aktivt h\u00e5rbottens h\u00e4lsa, fr\u00e4mjar follikelregenerering och f\u00f6rb\u00e4ttrar h\u00e5rets tjocklek och tillv\u00e4xtkvalitet. Produkten \u00e4r skr\u00e4ddarsydd f\u00f6r medicinska och estetiska yrkesut\u00f6vare som s\u00f6ker effektiva, vetenskapligt [&hellip;]<\/p>\n","protected":false},"featured_media":117122,"comment_status":"closed","ping_status":"closed","template":"","meta":{"_acf_changed":false,"inline_featured_image":false},"product_brand":[3071],"product_cat":[3260],"product_tag":[3256],"class_list":{"0":"post-117121","1":"product","2":"type-product","3":"status-publish","4":"has-post-thumbnail","6":"product_brand-croma","7":"product_cat-dermal-fillers-sv","8":"product_tag-medical-devices-sv","10":"first","11":"instock","12":"taxable","13":"shipping-taxable","14":"purchasable","15":"product-type-simple","16":"add-to-wishlist-before_image"},"acf":[],"yoast_head":"<!-- This site is optimized with the Yoast SEO plugin v27.1.1 - https:\/\/yoast.com\/product\/yoast-seo-wordpress\/ -->\n<title>Best\u00e4ll CROMA Polyphil HAIR Online | Shop Online | Kinami Health<\/title>\n<meta name=\"description\" content=\"Best\u00e4ll CROMA Polyphil HAIR online f\u00f6r att st\u00f6dja skalpf\u00f6rnyelse och \u00f6ka h\u00e5rets vitalitet genom polynukleotidbaserad biostimuleringsterapi.\" \/>\n<meta name=\"robots\" content=\"index, follow, max-snippet:-1, max-image-preview:large, max-video-preview:-1\" \/>\n<link rel=\"canonical\" href=\"https:\/\/kinamihealth.com\/sv\/wp-json\/wp\/v2\/product\/117121\" \/>\n<meta property=\"og:locale\" content=\"sv_SE\" \/>\n<meta property=\"og:type\" content=\"article\" \/>\n<meta property=\"og:title\" content=\"Best\u00e4ll CROMA Polyphil HAIR Online | Shop Online | Kinami Health\" \/>\n<meta property=\"og:description\" content=\"Best\u00e4ll CROMA Polyphil HAIR online f\u00f6r att st\u00f6dja skalpf\u00f6rnyelse och \u00f6ka h\u00e5rets vitalitet genom polynukleotidbaserad biostimuleringsterapi.\" \/>\n<meta property=\"og:url\" content=\"https:\/\/kinamihealth.com\/sv\/produkt\/croma-polyphil-hair\/\" \/>\n<meta property=\"og:site_name\" content=\"Kinami Health\" \/>\n<meta property=\"article:modified_time\" content=\"2025-12-19T14:26:09+00:00\" \/>\n<meta property=\"og:image\" content=\"https:\/\/kinamihealth.com\/wp-content\/uploads\/2025\/03\/CROMA-POLYPHIL-HAIR_Front-scaled.webp\" \/>\n\t<meta property=\"og:image:width\" content=\"2560\" \/>\n\t<meta property=\"og:image:height\" content=\"2560\" \/>\n\t<meta property=\"og:image:type\" content=\"image\/webp\" \/>\n<meta name=\"twitter:card\" content=\"summary_large_image\" \/>\n<meta name=\"twitter:label1\" content=\"Ber\u00e4knad l\u00e4stid\" \/>\n\t<meta name=\"twitter:data1\" content=\"1 minut\" \/>\n<!-- \/ Yoast SEO plugin. -->","yoast_head_json":{"title":"Best\u00e4ll CROMA Polyphil HAIR Online | Shop Online | Kinami Health","description":"Best\u00e4ll CROMA Polyphil HAIR online f\u00f6r att st\u00f6dja skalpf\u00f6rnyelse och \u00f6ka h\u00e5rets vitalitet genom polynukleotidbaserad biostimuleringsterapi.","robots":{"index":"index","follow":"follow","max-snippet":"max-snippet:-1","max-image-preview":"max-image-preview:large","max-video-preview":"max-video-preview:-1"},"canonical":"https:\/\/kinamihealth.com\/sv\/wp-json\/wp\/v2\/product\/117121","og_locale":"sv_SE","og_type":"article","og_title":"Best\u00e4ll CROMA Polyphil HAIR Online | Shop Online | Kinami Health","og_description":"Best\u00e4ll CROMA Polyphil HAIR online f\u00f6r att st\u00f6dja skalpf\u00f6rnyelse och \u00f6ka h\u00e5rets vitalitet genom polynukleotidbaserad biostimuleringsterapi.","og_url":"https:\/\/kinamihealth.com\/sv\/produkt\/croma-polyphil-hair\/","og_site_name":"Kinami Health","article_modified_time":"2025-12-19T14:26:09+00:00","og_image":[{"width":2560,"height":2560,"url":"https:\/\/kinamihealth.com\/wp-content\/uploads\/2025\/03\/CROMA-POLYPHIL-HAIR_Front-scaled.webp","type":"image\/webp"}],"twitter_card":"summary_large_image","twitter_misc":{"Ber\u00e4knad l\u00e4stid":"1 minut"},"schema":{"@context":"https:\/\/schema.org","@graph":[{"@type":"WebPage","@id":"https:\/\/kinamihealth.com\/sv\/produkt\/croma-polyphil-hair\/","url":"https:\/\/kinamihealth.com\/sv\/produkt\/croma-polyphil-hair\/","name":"Best\u00e4ll CROMA Polyphil HAIR Online | Shop Online | Kinami Health","isPartOf":{"@id":"https:\/\/kinamihealth.com\/#website"},"primaryImageOfPage":{"@id":"https:\/\/kinamihealth.com\/sv\/produkt\/croma-polyphil-hair\/#primaryimage"},"image":{"@id":"https:\/\/kinamihealth.com\/sv\/produkt\/croma-polyphil-hair\/#primaryimage"},"thumbnailUrl":"https:\/\/kinamihealth.com\/wp-content\/uploads\/2025\/03\/CROMA-POLYPHIL-HAIR_Front-scaled.webp","datePublished":"2025-03-11T18:14:38+00:00","dateModified":"2025-12-19T14:26:09+00:00","description":"Best\u00e4ll CROMA Polyphil HAIR online f\u00f6r att st\u00f6dja skalpf\u00f6rnyelse och \u00f6ka h\u00e5rets vitalitet genom polynukleotidbaserad biostimuleringsterapi.","breadcrumb":{"@id":"https:\/\/kinamihealth.com\/sv\/produkt\/croma-polyphil-hair\/#breadcrumb"},"inLanguage":"sv-SE","potentialAction":[{"@type":"ReadAction","target":["https:\/\/kinamihealth.com\/sv\/produkt\/croma-polyphil-hair\/"]}]},{"@type":"ImageObject","inLanguage":"sv-SE","@id":"https:\/\/kinamihealth.com\/sv\/produkt\/croma-polyphil-hair\/#primaryimage","url":"https:\/\/kinamihealth.com\/wp-content\/uploads\/2025\/03\/CROMA-POLYPHIL-HAIR_Front-scaled.webp","contentUrl":"https:\/\/kinamihealth.com\/wp-content\/uploads\/2025\/03\/CROMA-POLYPHIL-HAIR_Front-scaled.webp","width":2560,"height":2560},{"@type":"BreadcrumbList","@id":"https:\/\/kinamihealth.com\/sv\/produkt\/croma-polyphil-hair\/#breadcrumb","itemListElement":[{"@type":"ListItem","position":1,"name":"Hem","item":"https:\/\/kinamihealth.com\/sr\/"},{"@type":"ListItem","position":2,"name":"Butik","item":"https:\/\/kinamihealth.com\/sv\/?page_id=127810"},{"@type":"ListItem","position":3,"name":"CROMA POLYPHIL\u2122 HAIR"}]},{"@type":"WebSite","@id":"https:\/\/kinamihealth.com\/#website","url":"https:\/\/kinamihealth.com\/","name":"Kinami Health","description":"","publisher":{"@id":"https:\/\/kinamihealth.com\/#organization"},"potentialAction":[{"@type":"SearchAction","target":{"@type":"EntryPoint","urlTemplate":"https:\/\/kinamihealth.com\/?s={search_term_string}"},"query-input":{"@type":"PropertyValueSpecification","valueRequired":true,"valueName":"search_term_string"}}],"inLanguage":"sv-SE"},{"@type":"Organization","@id":"https:\/\/kinamihealth.com\/#organization","name":"Kinami Health","url":"https:\/\/kinamihealth.com\/","logo":{"@type":"ImageObject","inLanguage":"sv-SE","@id":"https:\/\/kinamihealth.com\/#\/schema\/logo\/image\/","url":"https:\/\/kinamihealth.com\/wp-content\/uploads\/2025\/01\/KH_logo_black_2-1.png","contentUrl":"https:\/\/kinamihealth.com\/wp-content\/uploads\/2025\/01\/KH_logo_black_2-1.png","width":339,"height":34,"caption":"Kinami Health"},"image":{"@id":"https:\/\/kinamihealth.com\/#\/schema\/logo\/image\/"}}]}},"_links":{"self":[{"href":"https:\/\/kinamihealth.com\/sv\/wp-json\/wp\/v2\/product\/117121","targetHints":{"allow":["GET"]}}],"collection":[{"href":"https:\/\/kinamihealth.com\/sv\/wp-json\/wp\/v2\/product"}],"about":[{"href":"https:\/\/kinamihealth.com\/sv\/wp-json\/wp\/v2\/types\/product"}],"replies":[{"embeddable":true,"href":"https:\/\/kinamihealth.com\/sv\/wp-json\/wp\/v2\/comments?post=117121"}],"version-history":[{"count":0,"href":"https:\/\/kinamihealth.com\/sv\/wp-json\/wp\/v2\/product\/117121\/revisions"}],"wp:featuredmedia":[{"embeddable":true,"href":"https:\/\/kinamihealth.com\/sv\/wp-json\/wp\/v2\/media\/117122"}],"wp:attachment":[{"href":"https:\/\/kinamihealth.com\/sv\/wp-json\/wp\/v2\/media?parent=117121"}],"wp:term":[{"taxonomy":"product_brand","embeddable":true,"href":"https:\/\/kinamihealth.com\/sv\/wp-json\/wp\/v2\/product_brand?post=117121"},{"taxonomy":"product_cat","embeddable":true,"href":"https:\/\/kinamihealth.com\/sv\/wp-json\/wp\/v2\/product_cat?post=117121"},{"taxonomy":"product_tag","embeddable":true,"href":"https:\/\/kinamihealth.com\/sv\/wp-json\/wp\/v2\/product_tag?post=117121"}],"curies":[{"name":"wp","href":"https:\/\/api.w.org\/{rel}","templated":true}]}}