{"id":117119,"date":"2025-03-11T18:14:37","date_gmt":"2025-03-11T18:14:37","guid":{"rendered":"https:\/\/kinamihealth.com\/product\/croma-polyphil\/"},"modified":"2025-12-19T13:44:33","modified_gmt":"2025-12-19T13:44:33","slug":"croma-polyphil","status":"publish","type":"product","link":"https:\/\/kinamihealth.com\/sv\/produkt\/croma-polyphil\/","title":{"rendered":"CROMA POLYPHIL\u2122"},"content":{"rendered":"<p><b>CROMA Polyphil \u00e4r en avancerad polynukleotidbaserad injicerbar l\u00f6sning utformad f\u00f6r omfattande hudregenerering<\/b><span style=\"font-weight: 400;\">. Denna innovativa dermala behandling anv\u00e4nder biokompatibla DNA-fragment f\u00f6r att stimulera cellul\u00e4ra reparationsmekanismer, vilket fr\u00e4mjar naturlig kollagensyntes och v\u00e4vnadsrevitalisering. CROMA Polyphil erbjuder riktade terapeutiska f\u00f6rdelar f\u00f6r flera anatomiska regioner, vilket ger resultat av klinisk kvalitet f\u00f6r estetiska till\u00e4mpningar.<\/span><\/p>\n","protected":false},"excerpt":{"rendered":"<p>CROMA Polyphil \u00e4r en avancerad polynukleotidbaserad injicerbar l\u00f6sning utformad f\u00f6r omfattande hudregenerering. Denna innovativa dermala behandling anv\u00e4nder biokompatibla DNA-fragment f\u00f6r att stimulera cellul\u00e4ra reparationsmekanismer, vilket fr\u00e4mjar naturlig kollagensyntes och v\u00e4vnadsrevitalisering. CROMA Polyphil erbjuder riktade terapeutiska f\u00f6rdelar f\u00f6r flera anatomiska regioner, vilket ger resultat av klinisk kvalitet f\u00f6r estetiska till\u00e4mpningar.<\/p>\n","protected":false},"featured_media":117120,"comment_status":"closed","ping_status":"closed","template":"","meta":{"_acf_changed":false,"inline_featured_image":false},"product_brand":[3071],"product_cat":[3260],"product_tag":[3256],"class_list":{"0":"post-117119","1":"product","2":"type-product","3":"status-publish","4":"has-post-thumbnail","6":"product_brand-croma","7":"product_cat-dermal-fillers-sv","8":"product_tag-medical-devices-sv","10":"first","11":"instock","12":"taxable","13":"shipping-taxable","14":"purchasable","15":"product-type-simple","16":"add-to-wishlist-before_image"},"acf":[],"yoast_head":"<!-- This site is optimized with the Yoast SEO plugin v27.1.1 - https:\/\/yoast.com\/product\/yoast-seo-wordpress\/ -->\n<title>Best\u00e4ll CROMA Polyphil online | Handla online | Kinami Health<\/title>\n<meta name=\"description\" content=\"Best\u00e4ll CROMA Polyphil online f\u00f6r att st\u00f6dja hudf\u00f6rnyelse och regenerativa resultat i kliniska milj\u00f6er med en p\u00e5litlig polynukleotidl\u00f6sning.\" \/>\n<meta name=\"robots\" content=\"index, follow, max-snippet:-1, max-image-preview:large, max-video-preview:-1\" \/>\n<link rel=\"canonical\" href=\"https:\/\/kinamihealth.com\/sv\/wp-json\/wp\/v2\/product\/117119\" \/>\n<meta property=\"og:locale\" content=\"sv_SE\" \/>\n<meta property=\"og:type\" content=\"article\" \/>\n<meta property=\"og:title\" content=\"Best\u00e4ll CROMA Polyphil online | Handla online | Kinami Health\" \/>\n<meta property=\"og:description\" content=\"Best\u00e4ll CROMA Polyphil online f\u00f6r att st\u00f6dja hudf\u00f6rnyelse och regenerativa resultat i kliniska milj\u00f6er med en p\u00e5litlig polynukleotidl\u00f6sning.\" \/>\n<meta property=\"og:url\" content=\"https:\/\/kinamihealth.com\/sv\/produkt\/croma-polyphil\/\" \/>\n<meta property=\"og:site_name\" content=\"Kinami Health\" \/>\n<meta property=\"article:modified_time\" content=\"2025-12-19T13:44:33+00:00\" \/>\n<meta property=\"og:image\" content=\"https:\/\/kinamihealth.com\/wp-content\/uploads\/2025\/03\/CROMA-POLYPHIL_Front-scaled.webp\" \/>\n\t<meta property=\"og:image:width\" content=\"2560\" \/>\n\t<meta property=\"og:image:height\" content=\"2560\" \/>\n\t<meta property=\"og:image:type\" content=\"image\/webp\" \/>\n<meta name=\"twitter:card\" content=\"summary_large_image\" \/>\n<meta name=\"twitter:label1\" content=\"Ber\u00e4knad l\u00e4stid\" \/>\n\t<meta name=\"twitter:data1\" content=\"1 minut\" \/>\n<!-- \/ Yoast SEO plugin. -->","yoast_head_json":{"title":"Best\u00e4ll CROMA Polyphil online | Handla online | Kinami Health","description":"Best\u00e4ll CROMA Polyphil online f\u00f6r att st\u00f6dja hudf\u00f6rnyelse och regenerativa resultat i kliniska milj\u00f6er med en p\u00e5litlig polynukleotidl\u00f6sning.","robots":{"index":"index","follow":"follow","max-snippet":"max-snippet:-1","max-image-preview":"max-image-preview:large","max-video-preview":"max-video-preview:-1"},"canonical":"https:\/\/kinamihealth.com\/sv\/wp-json\/wp\/v2\/product\/117119","og_locale":"sv_SE","og_type":"article","og_title":"Best\u00e4ll CROMA Polyphil online | Handla online | Kinami Health","og_description":"Best\u00e4ll CROMA Polyphil online f\u00f6r att st\u00f6dja hudf\u00f6rnyelse och regenerativa resultat i kliniska milj\u00f6er med en p\u00e5litlig polynukleotidl\u00f6sning.","og_url":"https:\/\/kinamihealth.com\/sv\/produkt\/croma-polyphil\/","og_site_name":"Kinami Health","article_modified_time":"2025-12-19T13:44:33+00:00","og_image":[{"width":2560,"height":2560,"url":"https:\/\/kinamihealth.com\/wp-content\/uploads\/2025\/03\/CROMA-POLYPHIL_Front-scaled.webp","type":"image\/webp"}],"twitter_card":"summary_large_image","twitter_misc":{"Ber\u00e4knad l\u00e4stid":"1 minut"},"schema":{"@context":"https:\/\/schema.org","@graph":[{"@type":"WebPage","@id":"https:\/\/kinamihealth.com\/sv\/produkt\/croma-polyphil\/","url":"https:\/\/kinamihealth.com\/sv\/produkt\/croma-polyphil\/","name":"Best\u00e4ll CROMA Polyphil online | Handla online | Kinami Health","isPartOf":{"@id":"https:\/\/kinamihealth.com\/#website"},"primaryImageOfPage":{"@id":"https:\/\/kinamihealth.com\/sv\/produkt\/croma-polyphil\/#primaryimage"},"image":{"@id":"https:\/\/kinamihealth.com\/sv\/produkt\/croma-polyphil\/#primaryimage"},"thumbnailUrl":"https:\/\/kinamihealth.com\/wp-content\/uploads\/2025\/03\/CROMA-POLYPHIL_Front-scaled.webp","datePublished":"2025-03-11T18:14:37+00:00","dateModified":"2025-12-19T13:44:33+00:00","description":"Best\u00e4ll CROMA Polyphil online f\u00f6r att st\u00f6dja hudf\u00f6rnyelse och regenerativa resultat i kliniska milj\u00f6er med en p\u00e5litlig polynukleotidl\u00f6sning.","breadcrumb":{"@id":"https:\/\/kinamihealth.com\/sv\/produkt\/croma-polyphil\/#breadcrumb"},"inLanguage":"sv-SE","potentialAction":[{"@type":"ReadAction","target":["https:\/\/kinamihealth.com\/sv\/produkt\/croma-polyphil\/"]}]},{"@type":"ImageObject","inLanguage":"sv-SE","@id":"https:\/\/kinamihealth.com\/sv\/produkt\/croma-polyphil\/#primaryimage","url":"https:\/\/kinamihealth.com\/wp-content\/uploads\/2025\/03\/CROMA-POLYPHIL_Front-scaled.webp","contentUrl":"https:\/\/kinamihealth.com\/wp-content\/uploads\/2025\/03\/CROMA-POLYPHIL_Front-scaled.webp","width":2560,"height":2560},{"@type":"BreadcrumbList","@id":"https:\/\/kinamihealth.com\/sv\/produkt\/croma-polyphil\/#breadcrumb","itemListElement":[{"@type":"ListItem","position":1,"name":"Hem","item":"https:\/\/kinamihealth.com\/sr\/"},{"@type":"ListItem","position":2,"name":"Butik","item":"https:\/\/kinamihealth.com\/sv\/?page_id=127810"},{"@type":"ListItem","position":3,"name":"CROMA POLYPHIL\u2122"}]},{"@type":"WebSite","@id":"https:\/\/kinamihealth.com\/#website","url":"https:\/\/kinamihealth.com\/","name":"Kinami Health","description":"","publisher":{"@id":"https:\/\/kinamihealth.com\/#organization"},"potentialAction":[{"@type":"SearchAction","target":{"@type":"EntryPoint","urlTemplate":"https:\/\/kinamihealth.com\/?s={search_term_string}"},"query-input":{"@type":"PropertyValueSpecification","valueRequired":true,"valueName":"search_term_string"}}],"inLanguage":"sv-SE"},{"@type":"Organization","@id":"https:\/\/kinamihealth.com\/#organization","name":"Kinami Health","url":"https:\/\/kinamihealth.com\/","logo":{"@type":"ImageObject","inLanguage":"sv-SE","@id":"https:\/\/kinamihealth.com\/#\/schema\/logo\/image\/","url":"https:\/\/kinamihealth.com\/wp-content\/uploads\/2025\/01\/KH_logo_black_2-1.png","contentUrl":"https:\/\/kinamihealth.com\/wp-content\/uploads\/2025\/01\/KH_logo_black_2-1.png","width":339,"height":34,"caption":"Kinami Health"},"image":{"@id":"https:\/\/kinamihealth.com\/#\/schema\/logo\/image\/"}}]}},"_links":{"self":[{"href":"https:\/\/kinamihealth.com\/sv\/wp-json\/wp\/v2\/product\/117119","targetHints":{"allow":["GET"]}}],"collection":[{"href":"https:\/\/kinamihealth.com\/sv\/wp-json\/wp\/v2\/product"}],"about":[{"href":"https:\/\/kinamihealth.com\/sv\/wp-json\/wp\/v2\/types\/product"}],"replies":[{"embeddable":true,"href":"https:\/\/kinamihealth.com\/sv\/wp-json\/wp\/v2\/comments?post=117119"}],"version-history":[{"count":0,"href":"https:\/\/kinamihealth.com\/sv\/wp-json\/wp\/v2\/product\/117119\/revisions"}],"wp:featuredmedia":[{"embeddable":true,"href":"https:\/\/kinamihealth.com\/sv\/wp-json\/wp\/v2\/media\/117120"}],"wp:attachment":[{"href":"https:\/\/kinamihealth.com\/sv\/wp-json\/wp\/v2\/media?parent=117119"}],"wp:term":[{"taxonomy":"product_brand","embeddable":true,"href":"https:\/\/kinamihealth.com\/sv\/wp-json\/wp\/v2\/product_brand?post=117119"},{"taxonomy":"product_cat","embeddable":true,"href":"https:\/\/kinamihealth.com\/sv\/wp-json\/wp\/v2\/product_cat?post=117119"},{"taxonomy":"product_tag","embeddable":true,"href":"https:\/\/kinamihealth.com\/sv\/wp-json\/wp\/v2\/product_tag?post=117119"}],"curies":[{"name":"wp","href":"https:\/\/api.w.org\/{rel}","templated":true}]}}