{"id":116828,"date":"2025-03-11T18:14:36","date_gmt":"2025-03-11T18:14:36","guid":{"rendered":"https:\/\/kinamihealth.com\/product\/cingal\/"},"modified":"2025-12-17T19:28:48","modified_gmt":"2025-12-17T19:28:48","slug":"cingal","status":"publish","type":"product","link":"https:\/\/kinamihealth.com\/sv\/produkt\/cingal\/","title":{"rendered":"CINGAL\u00ae"},"content":{"rendered":"<p><b>CINGAL\u00ae<\/b><span style=\"font-weight: 400;\"> \u00e4r en innovativ, dubbelverkande injektion speciellt utformad f\u00f6r att ge snabb och l\u00e5ngvarig lindring av osteoartrit och reumatisk artrit <\/span><span style=\"font-weight: 400;\">relaterad kn\u00e4sm\u00e4rta. Genom att kombinera h\u00f6gkvalitativ hyaluronsyra med en kraftfull kortikosteroid ger CINGAL\u00ae effektiv lindring av b\u00e5de omedelbart obehag och l\u00e5ngvarig sm\u00f6rjning av lederna. Denna professionella produkt levereras bekv\u00e4mt i en enda injektion och erbjuder v\u00e5rdgivare en tillf\u00f6rlitlig och minimalt invasiv l\u00f6sning f\u00f6r att hantera artrossymtom och f\u00f6rb\u00e4ttra patientens livskvalitet.<\/span><\/p>\n","protected":false},"excerpt":{"rendered":"<p>CINGAL\u00ae \u00e4r en innovativ, dubbelverkande injektion speciellt utformad f\u00f6r att ge snabb och l\u00e5ngvarig lindring av osteoartrit och reumatisk artrit relaterad kn\u00e4sm\u00e4rta. Genom att kombinera h\u00f6gkvalitativ hyaluronsyra med en kraftfull kortikosteroid ger CINGAL\u00ae effektiv lindring av b\u00e5de omedelbart obehag och l\u00e5ngvarig sm\u00f6rjning av lederna. Denna professionella produkt levereras bekv\u00e4mt i en enda injektion och erbjuder [&hellip;]<\/p>\n","protected":false},"featured_media":116829,"comment_status":"closed","ping_status":"closed","template":"","meta":{"_acf_changed":false,"inline_featured_image":false},"product_brand":[3069],"product_cat":[3255],"product_tag":[3256],"class_list":{"0":"post-116828","1":"product","2":"type-product","3":"status-publish","4":"has-post-thumbnail","6":"product_brand-cingal","7":"product_cat-orthopedic-injections-sv","8":"product_tag-medical-devices-sv","10":"first","11":"instock","12":"taxable","13":"shipping-taxable","14":"purchasable","15":"product-type-simple","16":"add-to-wishlist-before_image"},"acf":[],"yoast_head":"<!-- This site is optimized with the Yoast SEO plugin v27.1.1 - https:\/\/yoast.com\/product\/yoast-seo-wordpress\/ -->\n<title>Best\u00e4ll CINGAL\u00ae Online | Shop Online | Kinami Health<\/title>\n<meta name=\"description\" content=\"Best\u00e4ll CINGAL\u00ae Online f\u00f6r snabbverkande artros kn\u00e4lindring med dubbelverkande hyaluronsyra och kortikosteroid i en enda injektion.\" \/>\n<meta name=\"robots\" content=\"index, follow, max-snippet:-1, max-image-preview:large, max-video-preview:-1\" \/>\n<link rel=\"canonical\" href=\"https:\/\/kinamihealth.com\/sv\/wp-json\/wp\/v2\/product\/116828\" \/>\n<meta property=\"og:locale\" content=\"sv_SE\" \/>\n<meta property=\"og:type\" content=\"article\" \/>\n<meta property=\"og:title\" content=\"Best\u00e4ll CINGAL\u00ae Online | Shop Online | Kinami Health\" \/>\n<meta property=\"og:description\" content=\"Best\u00e4ll CINGAL\u00ae Online f\u00f6r snabbverkande artros kn\u00e4lindring med dubbelverkande hyaluronsyra och kortikosteroid i en enda injektion.\" \/>\n<meta property=\"og:url\" content=\"https:\/\/kinamihealth.com\/sv\/produkt\/cingal\/\" \/>\n<meta property=\"og:site_name\" content=\"Kinami Health\" \/>\n<meta property=\"article:modified_time\" content=\"2025-12-17T19:28:48+00:00\" \/>\n<meta property=\"og:image\" content=\"https:\/\/kinamihealth.com\/wp-content\/uploads\/2025\/03\/CINGAL-4ML-01.webp\" \/>\n\t<meta property=\"og:image:width\" content=\"800\" \/>\n\t<meta property=\"og:image:height\" content=\"800\" \/>\n\t<meta property=\"og:image:type\" content=\"image\/webp\" \/>\n<meta name=\"twitter:card\" content=\"summary_large_image\" \/>\n<meta name=\"twitter:label1\" content=\"Ber\u00e4knad l\u00e4stid\" \/>\n\t<meta name=\"twitter:data1\" content=\"1 minut\" \/>\n<!-- \/ Yoast SEO plugin. -->","yoast_head_json":{"title":"Best\u00e4ll CINGAL\u00ae Online | Shop Online | Kinami Health","description":"Best\u00e4ll CINGAL\u00ae Online f\u00f6r snabbverkande artros kn\u00e4lindring med dubbelverkande hyaluronsyra och kortikosteroid i en enda injektion.","robots":{"index":"index","follow":"follow","max-snippet":"max-snippet:-1","max-image-preview":"max-image-preview:large","max-video-preview":"max-video-preview:-1"},"canonical":"https:\/\/kinamihealth.com\/sv\/wp-json\/wp\/v2\/product\/116828","og_locale":"sv_SE","og_type":"article","og_title":"Best\u00e4ll CINGAL\u00ae Online | Shop Online | Kinami Health","og_description":"Best\u00e4ll CINGAL\u00ae Online f\u00f6r snabbverkande artros kn\u00e4lindring med dubbelverkande hyaluronsyra och kortikosteroid i en enda injektion.","og_url":"https:\/\/kinamihealth.com\/sv\/produkt\/cingal\/","og_site_name":"Kinami Health","article_modified_time":"2025-12-17T19:28:48+00:00","og_image":[{"width":800,"height":800,"url":"https:\/\/kinamihealth.com\/wp-content\/uploads\/2025\/03\/CINGAL-4ML-01.webp","type":"image\/webp"}],"twitter_card":"summary_large_image","twitter_misc":{"Ber\u00e4knad l\u00e4stid":"1 minut"},"schema":{"@context":"https:\/\/schema.org","@graph":[{"@type":"WebPage","@id":"https:\/\/kinamihealth.com\/sv\/produkt\/cingal\/","url":"https:\/\/kinamihealth.com\/sv\/produkt\/cingal\/","name":"Best\u00e4ll CINGAL\u00ae Online | Shop Online | Kinami Health","isPartOf":{"@id":"https:\/\/kinamihealth.com\/#website"},"primaryImageOfPage":{"@id":"https:\/\/kinamihealth.com\/sv\/produkt\/cingal\/#primaryimage"},"image":{"@id":"https:\/\/kinamihealth.com\/sv\/produkt\/cingal\/#primaryimage"},"thumbnailUrl":"https:\/\/kinamihealth.com\/wp-content\/uploads\/2025\/03\/CINGAL-4ML-01.webp","datePublished":"2025-03-11T18:14:36+00:00","dateModified":"2025-12-17T19:28:48+00:00","description":"Best\u00e4ll CINGAL\u00ae Online f\u00f6r snabbverkande artros kn\u00e4lindring med dubbelverkande hyaluronsyra och kortikosteroid i en enda injektion.","breadcrumb":{"@id":"https:\/\/kinamihealth.com\/sv\/produkt\/cingal\/#breadcrumb"},"inLanguage":"sv-SE","potentialAction":[{"@type":"ReadAction","target":["https:\/\/kinamihealth.com\/sv\/produkt\/cingal\/"]}]},{"@type":"ImageObject","inLanguage":"sv-SE","@id":"https:\/\/kinamihealth.com\/sv\/produkt\/cingal\/#primaryimage","url":"https:\/\/kinamihealth.com\/wp-content\/uploads\/2025\/03\/CINGAL-4ML-01.webp","contentUrl":"https:\/\/kinamihealth.com\/wp-content\/uploads\/2025\/03\/CINGAL-4ML-01.webp","width":800,"height":800},{"@type":"BreadcrumbList","@id":"https:\/\/kinamihealth.com\/sv\/produkt\/cingal\/#breadcrumb","itemListElement":[{"@type":"ListItem","position":1,"name":"Hem","item":"https:\/\/kinamihealth.com\/sr\/"},{"@type":"ListItem","position":2,"name":"Butik","item":"https:\/\/kinamihealth.com\/sv\/?page_id=127810"},{"@type":"ListItem","position":3,"name":"CINGAL\u00ae"}]},{"@type":"WebSite","@id":"https:\/\/kinamihealth.com\/#website","url":"https:\/\/kinamihealth.com\/","name":"Kinami Health","description":"","publisher":{"@id":"https:\/\/kinamihealth.com\/#organization"},"potentialAction":[{"@type":"SearchAction","target":{"@type":"EntryPoint","urlTemplate":"https:\/\/kinamihealth.com\/?s={search_term_string}"},"query-input":{"@type":"PropertyValueSpecification","valueRequired":true,"valueName":"search_term_string"}}],"inLanguage":"sv-SE"},{"@type":"Organization","@id":"https:\/\/kinamihealth.com\/#organization","name":"Kinami Health","url":"https:\/\/kinamihealth.com\/","logo":{"@type":"ImageObject","inLanguage":"sv-SE","@id":"https:\/\/kinamihealth.com\/#\/schema\/logo\/image\/","url":"https:\/\/kinamihealth.com\/wp-content\/uploads\/2025\/01\/KH_logo_black_2-1.png","contentUrl":"https:\/\/kinamihealth.com\/wp-content\/uploads\/2025\/01\/KH_logo_black_2-1.png","width":339,"height":34,"caption":"Kinami Health"},"image":{"@id":"https:\/\/kinamihealth.com\/#\/schema\/logo\/image\/"}}]}},"_links":{"self":[{"href":"https:\/\/kinamihealth.com\/sv\/wp-json\/wp\/v2\/product\/116828","targetHints":{"allow":["GET"]}}],"collection":[{"href":"https:\/\/kinamihealth.com\/sv\/wp-json\/wp\/v2\/product"}],"about":[{"href":"https:\/\/kinamihealth.com\/sv\/wp-json\/wp\/v2\/types\/product"}],"replies":[{"embeddable":true,"href":"https:\/\/kinamihealth.com\/sv\/wp-json\/wp\/v2\/comments?post=116828"}],"version-history":[{"count":0,"href":"https:\/\/kinamihealth.com\/sv\/wp-json\/wp\/v2\/product\/116828\/revisions"}],"wp:featuredmedia":[{"embeddable":true,"href":"https:\/\/kinamihealth.com\/sv\/wp-json\/wp\/v2\/media\/116829"}],"wp:attachment":[{"href":"https:\/\/kinamihealth.com\/sv\/wp-json\/wp\/v2\/media?parent=116828"}],"wp:term":[{"taxonomy":"product_brand","embeddable":true,"href":"https:\/\/kinamihealth.com\/sv\/wp-json\/wp\/v2\/product_brand?post=116828"},{"taxonomy":"product_cat","embeddable":true,"href":"https:\/\/kinamihealth.com\/sv\/wp-json\/wp\/v2\/product_cat?post=116828"},{"taxonomy":"product_tag","embeddable":true,"href":"https:\/\/kinamihealth.com\/sv\/wp-json\/wp\/v2\/product_tag?post=116828"}],"curies":[{"name":"wp","href":"https:\/\/api.w.org\/{rel}","templated":true}]}}