{"id":116823,"date":"2025-02-15T16:54:40","date_gmt":"2025-02-15T16:54:40","guid":{"rendered":"https:\/\/kinamihealth.com\/product\/dr-cyj-hair-filler-2ml\/"},"modified":"2025-10-21T14:43:49","modified_gmt":"2025-10-21T14:43:49","slug":"dr-cyj-hair-filler-2ml","status":"publish","type":"product","link":"https:\/\/kinamihealth.com\/sv\/produkt\/dr-cyj-hair-filler-2ml\/","title":{"rendered":"DR. CYJ\u00ae HAIR FILLER 2ml"},"content":{"rendered":"<p><b>DR. CYJ HAIR FILLER 2x1ml<\/b><span style=\"font-weight: 400;\"> \u00e4r en innovativ injicerbar l\u00f6sning som \u00e4r speciellt utvecklad f\u00f6r att bek\u00e4mpa h\u00e5ravfall och f\u00f6rb\u00e4ttra h\u00e5rbotten. Skapad av Caregen, en k\u00e4nd ledare inom avancerad peptidforskning, anv\u00e4nder denna produkt ett patenterat peptidkomplex f\u00f6r att \u00e5teruppliva h\u00e5rbottenv\u00e4vnader, stimulera h\u00e5rv\u00e4xt och leverera viktiga n\u00e4rings\u00e4mnen direkt till h\u00e5rs\u00e4ckarna. Denna medicinklassade l\u00f6sning \u00e4r perfekt f\u00f6r professionell anv\u00e4ndning och \u00e4r utformad f\u00f6r att erbjuda effektiva och varaktiga f\u00f6rb\u00e4ttringar av h\u00e5rets densitet, tjocklek och \u00f6vergripande h\u00e5rbottenh\u00e4lsa.<\/span><\/p>\n","protected":false},"excerpt":{"rendered":"<p>DR. CYJ HAIR FILLER 2x1ml \u00e4r en innovativ injicerbar l\u00f6sning som \u00e4r speciellt utvecklad f\u00f6r att bek\u00e4mpa h\u00e5ravfall och f\u00f6rb\u00e4ttra h\u00e5rbotten. Skapad av Caregen, en k\u00e4nd ledare inom avancerad peptidforskning, anv\u00e4nder denna produkt ett patenterat peptidkomplex f\u00f6r att \u00e5teruppliva h\u00e5rbottenv\u00e4vnader, stimulera h\u00e5rv\u00e4xt och leverera viktiga n\u00e4rings\u00e4mnen direkt till h\u00e5rs\u00e4ckarna. Denna medicinklassade l\u00f6sning \u00e4r perfekt f\u00f6r [&hellip;]<\/p>\n","protected":false},"featured_media":116827,"comment_status":"closed","ping_status":"closed","template":"","meta":{"_acf_changed":false,"inline_featured_image":false},"product_brand":[3068],"product_cat":[3260],"product_tag":[3256],"class_list":{"0":"post-116823","1":"product","2":"type-product","3":"status-publish","4":"has-post-thumbnail","6":"product_brand-caregen","7":"product_cat-dermal-fillers-sv","8":"product_tag-medical-devices-sv","10":"first","11":"instock","12":"taxable","13":"shipping-taxable","14":"purchasable","15":"product-type-simple","16":"add-to-wishlist-before_image"},"acf":[],"yoast_head":"<!-- This site is optimized with the Yoast SEO plugin v27.1.1 - https:\/\/yoast.com\/product\/yoast-seo-wordpress\/ -->\n<title>Best\u00e4ll DR. CYJ HAIR FILLER 2x1ml Online | Shop Online | Kinami Health<\/title>\n<meta name=\"description\" content=\"Best\u00e4ll DR. CYJ HAIR FILLER 2x1ml Online f\u00f6r att stimulera h\u00e5rv\u00e4xt och f\u00f6ryngring av h\u00e5rbotten med ett patenterat peptidkomplex f\u00f6r professionell anv\u00e4ndning.\" \/>\n<meta name=\"robots\" content=\"index, follow, max-snippet:-1, max-image-preview:large, max-video-preview:-1\" \/>\n<link rel=\"canonical\" href=\"https:\/\/kinamihealth.com\/sv\/wp-json\/wp\/v2\/product\/116823\" \/>\n<meta property=\"og:locale\" content=\"sv_SE\" \/>\n<meta property=\"og:type\" content=\"article\" \/>\n<meta property=\"og:title\" content=\"Best\u00e4ll DR. CYJ HAIR FILLER 2x1ml Online | Shop Online | Kinami Health\" \/>\n<meta property=\"og:description\" content=\"Best\u00e4ll DR. CYJ HAIR FILLER 2x1ml Online f\u00f6r att stimulera h\u00e5rv\u00e4xt och f\u00f6ryngring av h\u00e5rbotten med ett patenterat peptidkomplex f\u00f6r professionell anv\u00e4ndning.\" \/>\n<meta property=\"og:url\" content=\"https:\/\/kinamihealth.com\/sv\/produkt\/dr-cyj-hair-filler-2ml\/\" \/>\n<meta property=\"og:site_name\" content=\"Kinami Health\" \/>\n<meta property=\"article:modified_time\" content=\"2025-10-21T14:43:49+00:00\" \/>\n<meta property=\"og:image\" content=\"https:\/\/kinamihealth.com\/wp-content\/uploads\/2025\/02\/DRCYJ-HAIRFILLER-01-1.jpg\" \/>\n\t<meta property=\"og:image:width\" content=\"800\" \/>\n\t<meta property=\"og:image:height\" content=\"800\" \/>\n\t<meta property=\"og:image:type\" content=\"image\/jpeg\" \/>\n<meta name=\"twitter:card\" content=\"summary_large_image\" \/>\n<meta name=\"twitter:label1\" content=\"Ber\u00e4knad l\u00e4stid\" \/>\n\t<meta name=\"twitter:data1\" content=\"1 minut\" \/>\n<!-- \/ Yoast SEO plugin. -->","yoast_head_json":{"title":"Best\u00e4ll DR. CYJ HAIR FILLER 2x1ml Online | Shop Online | Kinami Health","description":"Best\u00e4ll DR. CYJ HAIR FILLER 2x1ml Online f\u00f6r att stimulera h\u00e5rv\u00e4xt och f\u00f6ryngring av h\u00e5rbotten med ett patenterat peptidkomplex f\u00f6r professionell anv\u00e4ndning.","robots":{"index":"index","follow":"follow","max-snippet":"max-snippet:-1","max-image-preview":"max-image-preview:large","max-video-preview":"max-video-preview:-1"},"canonical":"https:\/\/kinamihealth.com\/sv\/wp-json\/wp\/v2\/product\/116823","og_locale":"sv_SE","og_type":"article","og_title":"Best\u00e4ll DR. CYJ HAIR FILLER 2x1ml Online | Shop Online | Kinami Health","og_description":"Best\u00e4ll DR. CYJ HAIR FILLER 2x1ml Online f\u00f6r att stimulera h\u00e5rv\u00e4xt och f\u00f6ryngring av h\u00e5rbotten med ett patenterat peptidkomplex f\u00f6r professionell anv\u00e4ndning.","og_url":"https:\/\/kinamihealth.com\/sv\/produkt\/dr-cyj-hair-filler-2ml\/","og_site_name":"Kinami Health","article_modified_time":"2025-10-21T14:43:49+00:00","og_image":[{"width":800,"height":800,"url":"https:\/\/kinamihealth.com\/wp-content\/uploads\/2025\/02\/DRCYJ-HAIRFILLER-01-1.jpg","type":"image\/jpeg"}],"twitter_card":"summary_large_image","twitter_misc":{"Ber\u00e4knad l\u00e4stid":"1 minut"},"schema":{"@context":"https:\/\/schema.org","@graph":[{"@type":"WebPage","@id":"https:\/\/kinamihealth.com\/sv\/produkt\/dr-cyj-hair-filler-2ml\/","url":"https:\/\/kinamihealth.com\/sv\/produkt\/dr-cyj-hair-filler-2ml\/","name":"Best\u00e4ll DR. CYJ HAIR FILLER 2x1ml Online | Shop Online | Kinami Health","isPartOf":{"@id":"https:\/\/kinamihealth.com\/#website"},"primaryImageOfPage":{"@id":"https:\/\/kinamihealth.com\/sv\/produkt\/dr-cyj-hair-filler-2ml\/#primaryimage"},"image":{"@id":"https:\/\/kinamihealth.com\/sv\/produkt\/dr-cyj-hair-filler-2ml\/#primaryimage"},"thumbnailUrl":"https:\/\/kinamihealth.com\/wp-content\/uploads\/2025\/02\/DRCYJ-HAIRFILLER-01-1.jpg","datePublished":"2025-02-15T16:54:40+00:00","dateModified":"2025-10-21T14:43:49+00:00","description":"Best\u00e4ll DR. CYJ HAIR FILLER 2x1ml Online f\u00f6r att stimulera h\u00e5rv\u00e4xt och f\u00f6ryngring av h\u00e5rbotten med ett patenterat peptidkomplex f\u00f6r professionell anv\u00e4ndning.","breadcrumb":{"@id":"https:\/\/kinamihealth.com\/sv\/produkt\/dr-cyj-hair-filler-2ml\/#breadcrumb"},"inLanguage":"sv-SE","potentialAction":[{"@type":"ReadAction","target":["https:\/\/kinamihealth.com\/sv\/produkt\/dr-cyj-hair-filler-2ml\/"]}]},{"@type":"ImageObject","inLanguage":"sv-SE","@id":"https:\/\/kinamihealth.com\/sv\/produkt\/dr-cyj-hair-filler-2ml\/#primaryimage","url":"https:\/\/kinamihealth.com\/wp-content\/uploads\/2025\/02\/DRCYJ-HAIRFILLER-01-1.jpg","contentUrl":"https:\/\/kinamihealth.com\/wp-content\/uploads\/2025\/02\/DRCYJ-HAIRFILLER-01-1.jpg","width":800,"height":800},{"@type":"BreadcrumbList","@id":"https:\/\/kinamihealth.com\/sv\/produkt\/dr-cyj-hair-filler-2ml\/#breadcrumb","itemListElement":[{"@type":"ListItem","position":1,"name":"Hem","item":"https:\/\/kinamihealth.com\/sr\/"},{"@type":"ListItem","position":2,"name":"Butik","item":"https:\/\/kinamihealth.com\/sv\/?page_id=127810"},{"@type":"ListItem","position":3,"name":"DR. CYJ\u00ae HAIR FILLER 2ml"}]},{"@type":"WebSite","@id":"https:\/\/kinamihealth.com\/#website","url":"https:\/\/kinamihealth.com\/","name":"Kinami Health","description":"","publisher":{"@id":"https:\/\/kinamihealth.com\/#organization"},"potentialAction":[{"@type":"SearchAction","target":{"@type":"EntryPoint","urlTemplate":"https:\/\/kinamihealth.com\/?s={search_term_string}"},"query-input":{"@type":"PropertyValueSpecification","valueRequired":true,"valueName":"search_term_string"}}],"inLanguage":"sv-SE"},{"@type":"Organization","@id":"https:\/\/kinamihealth.com\/#organization","name":"Kinami Health","url":"https:\/\/kinamihealth.com\/","logo":{"@type":"ImageObject","inLanguage":"sv-SE","@id":"https:\/\/kinamihealth.com\/#\/schema\/logo\/image\/","url":"https:\/\/kinamihealth.com\/wp-content\/uploads\/2025\/01\/KH_logo_black_2-1.png","contentUrl":"https:\/\/kinamihealth.com\/wp-content\/uploads\/2025\/01\/KH_logo_black_2-1.png","width":339,"height":34,"caption":"Kinami Health"},"image":{"@id":"https:\/\/kinamihealth.com\/#\/schema\/logo\/image\/"}}]}},"_links":{"self":[{"href":"https:\/\/kinamihealth.com\/sv\/wp-json\/wp\/v2\/product\/116823","targetHints":{"allow":["GET"]}}],"collection":[{"href":"https:\/\/kinamihealth.com\/sv\/wp-json\/wp\/v2\/product"}],"about":[{"href":"https:\/\/kinamihealth.com\/sv\/wp-json\/wp\/v2\/types\/product"}],"replies":[{"embeddable":true,"href":"https:\/\/kinamihealth.com\/sv\/wp-json\/wp\/v2\/comments?post=116823"}],"version-history":[{"count":0,"href":"https:\/\/kinamihealth.com\/sv\/wp-json\/wp\/v2\/product\/116823\/revisions"}],"wp:featuredmedia":[{"embeddable":true,"href":"https:\/\/kinamihealth.com\/sv\/wp-json\/wp\/v2\/media\/116827"}],"wp:attachment":[{"href":"https:\/\/kinamihealth.com\/sv\/wp-json\/wp\/v2\/media?parent=116823"}],"wp:term":[{"taxonomy":"product_brand","embeddable":true,"href":"https:\/\/kinamihealth.com\/sv\/wp-json\/wp\/v2\/product_brand?post=116823"},{"taxonomy":"product_cat","embeddable":true,"href":"https:\/\/kinamihealth.com\/sv\/wp-json\/wp\/v2\/product_cat?post=116823"},{"taxonomy":"product_tag","embeddable":true,"href":"https:\/\/kinamihealth.com\/sv\/wp-json\/wp\/v2\/product_tag?post=116823"}],"curies":[{"name":"wp","href":"https:\/\/api.w.org\/{rel}","templated":true}]}}