{"id":116814,"date":"2025-02-15T16:54:21","date_gmt":"2025-02-15T16:54:21","guid":{"rendered":"https:\/\/kinamihealth.com\/product\/biorepeelcl3-fnd\/"},"modified":"2025-12-03T12:37:30","modified_gmt":"2025-12-03T12:37:30","slug":"biorepeelcl3-fnd","status":"publish","type":"product","link":"https:\/\/kinamihealth.com\/sv\/produkt\/biorepeelcl3-fnd\/","title":{"rendered":"BIOREPEELCL3\u00ae FND"},"content":{"rendered":"<p><b>BIOREPEELCL3\u00ae FND \u00e4r en avancerad biostimulerande peeling av medicinsk kvalitet, formulerad med 35% triklor\u00e4ttiksyra och 14 kompletterande aktiva ingredienser.<\/b><span style=\"font-weight: 400;\"> Denna innovativa bifasiska behandling kombinerar kemisk peeling system med dermal regeneration och \u00e4r s\u00e4rskilt utformad f\u00f6r <\/span><b>professionell applicering p\u00e5 ansiktshud, hals och dekolletage<\/b><span style=\"font-weight: 400;\">. Produkten anv\u00e4nder patenterad teknik f\u00f6r att leverera kontrollerad peeling utan traditionell nertid, vilket g\u00f6r den l\u00e4mplig f\u00f6r anv\u00e4ndning \u00e5ret runt f\u00f6r alla hudtyper.<\/span><\/p>\n","protected":false},"excerpt":{"rendered":"<p>BIOREPEELCL3\u00ae FND \u00e4r en avancerad biostimulerande peeling av medicinsk kvalitet, formulerad med 35% triklor\u00e4ttiksyra och 14 kompletterande aktiva ingredienser. Denna innovativa bifasiska behandling kombinerar kemisk peeling system med dermal regeneration och \u00e4r s\u00e4rskilt utformad f\u00f6r professionell applicering p\u00e5 ansiktshud, hals och dekolletage. Produkten anv\u00e4nder patenterad teknik f\u00f6r att leverera kontrollerad peeling utan traditionell nertid, vilket [&hellip;]<\/p>\n","protected":false},"featured_media":116818,"comment_status":"closed","ping_status":"closed","template":"","meta":{"_acf_changed":false,"inline_featured_image":false},"product_brand":[3067],"product_cat":[3374],"product_tag":[3256],"class_list":{"0":"post-116814","1":"product","2":"type-product","3":"status-publish","4":"has-post-thumbnail","6":"product_brand-biorepeel","7":"product_cat-peels-and-masks-sv","8":"product_tag-medical-devices-sv","10":"first","11":"instock","12":"taxable","13":"shipping-taxable","14":"purchasable","15":"product-type-simple","16":"add-to-wishlist-before_image"},"acf":[],"yoast_head":"<!-- This site is optimized with the Yoast SEO plugin v27.3 - https:\/\/yoast.com\/product\/yoast-seo-wordpress\/ -->\n<title>Best\u00e4ll BIOREPEELCL3\u00ae FND online | Handla online | Kinami Health<\/title>\n<meta name=\"description\" content=\"Best\u00e4ll BIOREPEELCL3\u00ae FND online f\u00f6r att behandla \u00e5ldrande hud i ansiktet, fina linjer och akne med en biostimulerande TCA-formel som inte kr\u00e4ver peeling och som passar alla \u00e5rstider.\" \/>\n<meta name=\"robots\" content=\"index, follow, max-snippet:-1, max-image-preview:large, max-video-preview:-1\" \/>\n<link rel=\"canonical\" href=\"https:\/\/kinamihealth.com\/sv\/wp-json\/wp\/v2\/product\/116814\" \/>\n<meta property=\"og:locale\" content=\"sv_SE\" \/>\n<meta property=\"og:type\" content=\"article\" \/>\n<meta property=\"og:title\" content=\"Best\u00e4ll BIOREPEELCL3\u00ae FND online | Handla online | Kinami Health\" \/>\n<meta property=\"og:description\" content=\"Best\u00e4ll BIOREPEELCL3\u00ae FND online f\u00f6r att behandla \u00e5ldrande hud i ansiktet, fina linjer och akne med en biostimulerande TCA-formel som inte kr\u00e4ver peeling och som passar alla \u00e5rstider.\" \/>\n<meta property=\"og:url\" content=\"https:\/\/kinamihealth.com\/sv\/produkt\/biorepeelcl3-fnd\/\" \/>\n<meta property=\"og:site_name\" content=\"Kinami Health\" \/>\n<meta property=\"article:modified_time\" content=\"2025-12-03T12:37:30+00:00\" \/>\n<meta property=\"og:image\" content=\"https:\/\/kinamihealth.com\/wp-content\/uploads\/2025\/02\/BIOREPEEL-FND-02.jpg\" \/>\n\t<meta property=\"og:image:width\" content=\"800\" \/>\n\t<meta property=\"og:image:height\" content=\"800\" \/>\n\t<meta property=\"og:image:type\" content=\"image\/jpeg\" \/>\n<meta name=\"twitter:card\" content=\"summary_large_image\" \/>\n<meta name=\"twitter:label1\" content=\"Ber\u00e4knad l\u00e4stid\" \/>\n\t<meta name=\"twitter:data1\" content=\"1 minut\" \/>\n<!-- \/ Yoast SEO plugin. -->","yoast_head_json":{"title":"Best\u00e4ll BIOREPEELCL3\u00ae FND online | Handla online | Kinami Health","description":"Best\u00e4ll BIOREPEELCL3\u00ae FND online f\u00f6r att behandla \u00e5ldrande hud i ansiktet, fina linjer och akne med en biostimulerande TCA-formel som inte kr\u00e4ver peeling och som passar alla \u00e5rstider.","robots":{"index":"index","follow":"follow","max-snippet":"max-snippet:-1","max-image-preview":"max-image-preview:large","max-video-preview":"max-video-preview:-1"},"canonical":"https:\/\/kinamihealth.com\/sv\/wp-json\/wp\/v2\/product\/116814","og_locale":"sv_SE","og_type":"article","og_title":"Best\u00e4ll BIOREPEELCL3\u00ae FND online | Handla online | Kinami Health","og_description":"Best\u00e4ll BIOREPEELCL3\u00ae FND online f\u00f6r att behandla \u00e5ldrande hud i ansiktet, fina linjer och akne med en biostimulerande TCA-formel som inte kr\u00e4ver peeling och som passar alla \u00e5rstider.","og_url":"https:\/\/kinamihealth.com\/sv\/produkt\/biorepeelcl3-fnd\/","og_site_name":"Kinami Health","article_modified_time":"2025-12-03T12:37:30+00:00","og_image":[{"width":800,"height":800,"url":"https:\/\/kinamihealth.com\/wp-content\/uploads\/2025\/02\/BIOREPEEL-FND-02.jpg","type":"image\/jpeg"}],"twitter_card":"summary_large_image","twitter_misc":{"Ber\u00e4knad l\u00e4stid":"1 minut"},"schema":{"@context":"https:\/\/schema.org","@graph":[{"@type":"WebPage","@id":"https:\/\/kinamihealth.com\/sv\/produkt\/biorepeelcl3-fnd\/","url":"https:\/\/kinamihealth.com\/sv\/produkt\/biorepeelcl3-fnd\/","name":"Best\u00e4ll BIOREPEELCL3\u00ae FND online | Handla online | Kinami Health","isPartOf":{"@id":"https:\/\/kinamihealth.com\/#website"},"primaryImageOfPage":{"@id":"https:\/\/kinamihealth.com\/sv\/produkt\/biorepeelcl3-fnd\/#primaryimage"},"image":{"@id":"https:\/\/kinamihealth.com\/sv\/produkt\/biorepeelcl3-fnd\/#primaryimage"},"thumbnailUrl":"https:\/\/kinamihealth.com\/wp-content\/uploads\/2025\/02\/BIOREPEEL-FND-02.jpg","datePublished":"2025-02-15T16:54:21+00:00","dateModified":"2025-12-03T12:37:30+00:00","description":"Best\u00e4ll BIOREPEELCL3\u00ae FND online f\u00f6r att behandla \u00e5ldrande hud i ansiktet, fina linjer och akne med en biostimulerande TCA-formel som inte kr\u00e4ver peeling och som passar alla \u00e5rstider.","breadcrumb":{"@id":"https:\/\/kinamihealth.com\/sv\/produkt\/biorepeelcl3-fnd\/#breadcrumb"},"inLanguage":"sv-SE","potentialAction":[{"@type":"ReadAction","target":["https:\/\/kinamihealth.com\/sv\/produkt\/biorepeelcl3-fnd\/"]}]},{"@type":"ImageObject","inLanguage":"sv-SE","@id":"https:\/\/kinamihealth.com\/sv\/produkt\/biorepeelcl3-fnd\/#primaryimage","url":"https:\/\/kinamihealth.com\/wp-content\/uploads\/2025\/02\/BIOREPEEL-FND-02.jpg","contentUrl":"https:\/\/kinamihealth.com\/wp-content\/uploads\/2025\/02\/BIOREPEEL-FND-02.jpg","width":800,"height":800},{"@type":"BreadcrumbList","@id":"https:\/\/kinamihealth.com\/sv\/produkt\/biorepeelcl3-fnd\/#breadcrumb","itemListElement":[{"@type":"ListItem","position":1,"name":"Hem","item":"https:\/\/kinamihealth.com\/sr\/"},{"@type":"ListItem","position":2,"name":"Butik","item":"https:\/\/kinamihealth.com\/sv\/?page_id=127810"},{"@type":"ListItem","position":3,"name":"BIOREPEELCL3\u00ae FND"}]},{"@type":"WebSite","@id":"https:\/\/kinamihealth.com\/#website","url":"https:\/\/kinamihealth.com\/","name":"Kinami Health","description":"","publisher":{"@id":"https:\/\/kinamihealth.com\/#organization"},"potentialAction":[{"@type":"SearchAction","target":{"@type":"EntryPoint","urlTemplate":"https:\/\/kinamihealth.com\/?s={search_term_string}"},"query-input":{"@type":"PropertyValueSpecification","valueRequired":true,"valueName":"search_term_string"}}],"inLanguage":"sv-SE"},{"@type":"Organization","@id":"https:\/\/kinamihealth.com\/#organization","name":"Kinami Health","url":"https:\/\/kinamihealth.com\/","logo":{"@type":"ImageObject","inLanguage":"sv-SE","@id":"https:\/\/kinamihealth.com\/#\/schema\/logo\/image\/","url":"https:\/\/kinamihealth.com\/wp-content\/uploads\/2025\/01\/KH_logo_black_2-1.png","contentUrl":"https:\/\/kinamihealth.com\/wp-content\/uploads\/2025\/01\/KH_logo_black_2-1.png","width":339,"height":34,"caption":"Kinami Health"},"image":{"@id":"https:\/\/kinamihealth.com\/#\/schema\/logo\/image\/"}}]}},"_links":{"self":[{"href":"https:\/\/kinamihealth.com\/sv\/wp-json\/wp\/v2\/product\/116814","targetHints":{"allow":["GET"]}}],"collection":[{"href":"https:\/\/kinamihealth.com\/sv\/wp-json\/wp\/v2\/product"}],"about":[{"href":"https:\/\/kinamihealth.com\/sv\/wp-json\/wp\/v2\/types\/product"}],"replies":[{"embeddable":true,"href":"https:\/\/kinamihealth.com\/sv\/wp-json\/wp\/v2\/comments?post=116814"}],"version-history":[{"count":0,"href":"https:\/\/kinamihealth.com\/sv\/wp-json\/wp\/v2\/product\/116814\/revisions"}],"wp:featuredmedia":[{"embeddable":true,"href":"https:\/\/kinamihealth.com\/sv\/wp-json\/wp\/v2\/media\/116818"}],"wp:attachment":[{"href":"https:\/\/kinamihealth.com\/sv\/wp-json\/wp\/v2\/media?parent=116814"}],"wp:term":[{"taxonomy":"product_brand","embeddable":true,"href":"https:\/\/kinamihealth.com\/sv\/wp-json\/wp\/v2\/product_brand?post=116814"},{"taxonomy":"product_cat","embeddable":true,"href":"https:\/\/kinamihealth.com\/sv\/wp-json\/wp\/v2\/product_cat?post=116814"},{"taxonomy":"product_tag","embeddable":true,"href":"https:\/\/kinamihealth.com\/sv\/wp-json\/wp\/v2\/product_tag?post=116814"}],"curies":[{"name":"wp","href":"https:\/\/api.w.org\/{rel}","templated":true}]}}