{"id":116778,"date":"2025-02-15T16:54:14","date_gmt":"2025-02-15T16:54:14","guid":{"rendered":"https:\/\/kinamihealth.com\/product\/belotero-revive\/"},"modified":"2025-10-20T15:07:59","modified_gmt":"2025-10-20T15:07:59","slug":"belotero-revive","status":"publish","type":"product","link":"https:\/\/kinamihealth.com\/sv\/produkt\/belotero-revive\/","title":{"rendered":"BELOTERO\u00ae REVIVE"},"content":{"rendered":"<p><b>BELOTERO\u00ae REVIVE<\/b><span style=\"font-weight: 400;\"> \u00e4r en innovativ hyaluronsyrabaserad injicerbar dermal filler som \u00e4r s\u00e4rskilt framtagen f\u00f6r att motverka tidiga tecken p\u00e5 hud\u00e5ldrande genom att f\u00f6rb\u00e4ttra hudens \u00e5terfuktning, elasticitet och struktur. BELOTERO\u00ae REVIVE \u00e4r utvecklad av Merz Aesthetics och \u00e4r utformad f\u00f6r att effektivt f\u00f6ryngra ytliga hudlager och ge naturliga och str\u00e5lande resultat. Den unika formuleringen fr\u00e4mjar hudens allm\u00e4nna h\u00e4lsa, minskar uppkomsten av fina linjer och hj\u00e4lper till att \u00e5terst\u00e4lla en ungdomlig hudton.<\/span><\/p>\n","protected":false},"excerpt":{"rendered":"<p>BELOTERO\u00ae REVIVE \u00e4r en innovativ hyaluronsyrabaserad injicerbar dermal filler som \u00e4r s\u00e4rskilt framtagen f\u00f6r att motverka tidiga tecken p\u00e5 hud\u00e5ldrande genom att f\u00f6rb\u00e4ttra hudens \u00e5terfuktning, elasticitet och struktur. BELOTERO\u00ae REVIVE \u00e4r utvecklad av Merz Aesthetics och \u00e4r utformad f\u00f6r att effektivt f\u00f6ryngra ytliga hudlager och ge naturliga och str\u00e5lande resultat. Den unika formuleringen fr\u00e4mjar hudens [&hellip;]<\/p>\n","protected":false},"featured_media":116779,"comment_status":"closed","ping_status":"closed","template":"","meta":{"_acf_changed":false,"inline_featured_image":false},"product_brand":[3066],"product_cat":[3260],"product_tag":[3256],"class_list":{"0":"post-116778","1":"product","2":"type-product","3":"status-publish","4":"has-post-thumbnail","6":"product_brand-belotero","7":"product_cat-dermal-fillers-sv","8":"product_tag-medical-devices-sv","10":"first","11":"instock","12":"taxable","13":"shipping-taxable","14":"purchasable","15":"product-type-simple","16":"add-to-wishlist-before_image"},"acf":[],"yoast_head":"<!-- This site is optimized with the Yoast SEO plugin v27.3 - https:\/\/yoast.com\/product\/yoast-seo-wordpress\/ -->\n<title>Best\u00e4ll BELOTERO\u00ae REVIVE Online | Shop Online | Kinami Health<\/title>\n<meta name=\"description\" content=\"Best\u00e4ll BELOTERO\u00ae REVIVE online f\u00f6r att st\u00f6dja tidiga tecken p\u00e5 hud\u00e5ldring med riktad hydrering och f\u00f6rb\u00e4ttrad dermal struktur i kliniska applikationer.\" \/>\n<meta name=\"robots\" content=\"index, follow, max-snippet:-1, max-image-preview:large, max-video-preview:-1\" \/>\n<link rel=\"canonical\" href=\"https:\/\/kinamihealth.com\/sv\/wp-json\/wp\/v2\/product\/116778\" \/>\n<meta property=\"og:locale\" content=\"sv_SE\" \/>\n<meta property=\"og:type\" content=\"article\" \/>\n<meta property=\"og:title\" content=\"Best\u00e4ll BELOTERO\u00ae REVIVE Online | Shop Online | Kinami Health\" \/>\n<meta property=\"og:description\" content=\"Best\u00e4ll BELOTERO\u00ae REVIVE online f\u00f6r att st\u00f6dja tidiga tecken p\u00e5 hud\u00e5ldring med riktad hydrering och f\u00f6rb\u00e4ttrad dermal struktur i kliniska applikationer.\" \/>\n<meta property=\"og:url\" content=\"https:\/\/kinamihealth.com\/sv\/produkt\/belotero-revive\/\" \/>\n<meta property=\"og:site_name\" content=\"Kinami Health\" \/>\n<meta property=\"article:modified_time\" content=\"2025-10-20T15:07:59+00:00\" \/>\n<meta property=\"og:image\" content=\"https:\/\/kinamihealth.com\/wp-content\/uploads\/2025\/02\/BELOTERO-REVIVE-01.jpg\" \/>\n\t<meta property=\"og:image:width\" content=\"800\" \/>\n\t<meta property=\"og:image:height\" content=\"800\" \/>\n\t<meta property=\"og:image:type\" content=\"image\/jpeg\" \/>\n<meta name=\"twitter:card\" content=\"summary_large_image\" \/>\n<meta name=\"twitter:label1\" content=\"Ber\u00e4knad l\u00e4stid\" \/>\n\t<meta name=\"twitter:data1\" content=\"1 minut\" \/>\n<!-- \/ Yoast SEO plugin. -->","yoast_head_json":{"title":"Best\u00e4ll BELOTERO\u00ae REVIVE Online | Shop Online | Kinami Health","description":"Best\u00e4ll BELOTERO\u00ae REVIVE online f\u00f6r att st\u00f6dja tidiga tecken p\u00e5 hud\u00e5ldring med riktad hydrering och f\u00f6rb\u00e4ttrad dermal struktur i kliniska applikationer.","robots":{"index":"index","follow":"follow","max-snippet":"max-snippet:-1","max-image-preview":"max-image-preview:large","max-video-preview":"max-video-preview:-1"},"canonical":"https:\/\/kinamihealth.com\/sv\/wp-json\/wp\/v2\/product\/116778","og_locale":"sv_SE","og_type":"article","og_title":"Best\u00e4ll BELOTERO\u00ae REVIVE Online | Shop Online | Kinami Health","og_description":"Best\u00e4ll BELOTERO\u00ae REVIVE online f\u00f6r att st\u00f6dja tidiga tecken p\u00e5 hud\u00e5ldring med riktad hydrering och f\u00f6rb\u00e4ttrad dermal struktur i kliniska applikationer.","og_url":"https:\/\/kinamihealth.com\/sv\/produkt\/belotero-revive\/","og_site_name":"Kinami Health","article_modified_time":"2025-10-20T15:07:59+00:00","og_image":[{"width":800,"height":800,"url":"https:\/\/kinamihealth.com\/wp-content\/uploads\/2025\/02\/BELOTERO-REVIVE-01.jpg","type":"image\/jpeg"}],"twitter_card":"summary_large_image","twitter_misc":{"Ber\u00e4knad l\u00e4stid":"1 minut"},"schema":{"@context":"https:\/\/schema.org","@graph":[{"@type":"WebPage","@id":"https:\/\/kinamihealth.com\/sv\/produkt\/belotero-revive\/","url":"https:\/\/kinamihealth.com\/sv\/produkt\/belotero-revive\/","name":"Best\u00e4ll BELOTERO\u00ae REVIVE Online | Shop Online | Kinami Health","isPartOf":{"@id":"https:\/\/kinamihealth.com\/#website"},"primaryImageOfPage":{"@id":"https:\/\/kinamihealth.com\/sv\/produkt\/belotero-revive\/#primaryimage"},"image":{"@id":"https:\/\/kinamihealth.com\/sv\/produkt\/belotero-revive\/#primaryimage"},"thumbnailUrl":"https:\/\/kinamihealth.com\/wp-content\/uploads\/2025\/02\/BELOTERO-REVIVE-01.jpg","datePublished":"2025-02-15T16:54:14+00:00","dateModified":"2025-10-20T15:07:59+00:00","description":"Best\u00e4ll BELOTERO\u00ae REVIVE online f\u00f6r att st\u00f6dja tidiga tecken p\u00e5 hud\u00e5ldring med riktad hydrering och f\u00f6rb\u00e4ttrad dermal struktur i kliniska applikationer.","breadcrumb":{"@id":"https:\/\/kinamihealth.com\/sv\/produkt\/belotero-revive\/#breadcrumb"},"inLanguage":"sv-SE","potentialAction":[{"@type":"ReadAction","target":["https:\/\/kinamihealth.com\/sv\/produkt\/belotero-revive\/"]}]},{"@type":"ImageObject","inLanguage":"sv-SE","@id":"https:\/\/kinamihealth.com\/sv\/produkt\/belotero-revive\/#primaryimage","url":"https:\/\/kinamihealth.com\/wp-content\/uploads\/2025\/02\/BELOTERO-REVIVE-01.jpg","contentUrl":"https:\/\/kinamihealth.com\/wp-content\/uploads\/2025\/02\/BELOTERO-REVIVE-01.jpg","width":800,"height":800},{"@type":"BreadcrumbList","@id":"https:\/\/kinamihealth.com\/sv\/produkt\/belotero-revive\/#breadcrumb","itemListElement":[{"@type":"ListItem","position":1,"name":"Hem","item":"https:\/\/kinamihealth.com\/sr\/"},{"@type":"ListItem","position":2,"name":"Butik","item":"https:\/\/kinamihealth.com\/sv\/?page_id=127810"},{"@type":"ListItem","position":3,"name":"BELOTERO\u00ae REVIVE"}]},{"@type":"WebSite","@id":"https:\/\/kinamihealth.com\/#website","url":"https:\/\/kinamihealth.com\/","name":"Kinami Health","description":"","publisher":{"@id":"https:\/\/kinamihealth.com\/#organization"},"potentialAction":[{"@type":"SearchAction","target":{"@type":"EntryPoint","urlTemplate":"https:\/\/kinamihealth.com\/?s={search_term_string}"},"query-input":{"@type":"PropertyValueSpecification","valueRequired":true,"valueName":"search_term_string"}}],"inLanguage":"sv-SE"},{"@type":"Organization","@id":"https:\/\/kinamihealth.com\/#organization","name":"Kinami Health","url":"https:\/\/kinamihealth.com\/","logo":{"@type":"ImageObject","inLanguage":"sv-SE","@id":"https:\/\/kinamihealth.com\/#\/schema\/logo\/image\/","url":"https:\/\/kinamihealth.com\/wp-content\/uploads\/2025\/01\/KH_logo_black_2-1.png","contentUrl":"https:\/\/kinamihealth.com\/wp-content\/uploads\/2025\/01\/KH_logo_black_2-1.png","width":339,"height":34,"caption":"Kinami Health"},"image":{"@id":"https:\/\/kinamihealth.com\/#\/schema\/logo\/image\/"}}]}},"_links":{"self":[{"href":"https:\/\/kinamihealth.com\/sv\/wp-json\/wp\/v2\/product\/116778","targetHints":{"allow":["GET"]}}],"collection":[{"href":"https:\/\/kinamihealth.com\/sv\/wp-json\/wp\/v2\/product"}],"about":[{"href":"https:\/\/kinamihealth.com\/sv\/wp-json\/wp\/v2\/types\/product"}],"replies":[{"embeddable":true,"href":"https:\/\/kinamihealth.com\/sv\/wp-json\/wp\/v2\/comments?post=116778"}],"version-history":[{"count":0,"href":"https:\/\/kinamihealth.com\/sv\/wp-json\/wp\/v2\/product\/116778\/revisions"}],"wp:featuredmedia":[{"embeddable":true,"href":"https:\/\/kinamihealth.com\/sv\/wp-json\/wp\/v2\/media\/116779"}],"wp:attachment":[{"href":"https:\/\/kinamihealth.com\/sv\/wp-json\/wp\/v2\/media?parent=116778"}],"wp:term":[{"taxonomy":"product_brand","embeddable":true,"href":"https:\/\/kinamihealth.com\/sv\/wp-json\/wp\/v2\/product_brand?post=116778"},{"taxonomy":"product_cat","embeddable":true,"href":"https:\/\/kinamihealth.com\/sv\/wp-json\/wp\/v2\/product_cat?post=116778"},{"taxonomy":"product_tag","embeddable":true,"href":"https:\/\/kinamihealth.com\/sv\/wp-json\/wp\/v2\/product_tag?post=116778"}],"curies":[{"name":"wp","href":"https:\/\/api.w.org\/{rel}","templated":true}]}}