{"id":116768,"date":"2025-02-15T16:54:13","date_gmt":"2025-02-15T16:54:13","guid":{"rendered":"https:\/\/kinamihealth.com\/product\/belotero-lips-contour-with-lidocaine\/"},"modified":"2025-12-02T14:42:10","modified_gmt":"2025-12-02T14:42:10","slug":"belotero-lips-contour-with-lidocaine","status":"publish","type":"product","link":"https:\/\/kinamihealth.com\/sv\/produkt\/belotero-lips-contour-with-lidocaine\/","title":{"rendered":"BELOTERO\u00ae LIPS CONTOUR with Lidocaine"},"content":{"rendered":"<p><b>BELOTERO\u00ae LIPS CONTOUR med Lidocaine<\/b><span style=\"font-weight: 400;\"> \u00e4r en specialiserad <\/span><b>dermal filler<\/b><span style=\"font-weight: 400;\"> formulerad f\u00f6r att exakt definiera formen och konturerna av l\u00e4pparna. Denna hyaluronsyrabaserade injicerbara gel tillverkas av Merz Aesthetics och kombinerar sammanh\u00e4ngande, tv\u00e4rbunden hyaluronsyra med integrerad lidokain, vilket avsev\u00e4rt f\u00f6rb\u00e4ttrar patientens komfort under behandlingen. Den mjuka konsistensen s\u00e4kerst\u00e4ller en j\u00e4mn f\u00f6rdelning, vilket g\u00f6r det m\u00f6jligt f\u00f6r v\u00e5rdpersonal att uppn\u00e5 naturligt utseende och f\u00f6rfinade l\u00e4ppkonturer.<\/span><\/p>\n","protected":false},"excerpt":{"rendered":"<p>BELOTERO\u00ae LIPS CONTOUR med Lidocaine \u00e4r en specialiserad dermal filler formulerad f\u00f6r att exakt definiera formen och konturerna av l\u00e4pparna. Denna hyaluronsyrabaserade injicerbara gel tillverkas av Merz Aesthetics och kombinerar sammanh\u00e4ngande, tv\u00e4rbunden hyaluronsyra med integrerad lidokain, vilket avsev\u00e4rt f\u00f6rb\u00e4ttrar patientens komfort under behandlingen. Den mjuka konsistensen s\u00e4kerst\u00e4ller en j\u00e4mn f\u00f6rdelning, vilket g\u00f6r det m\u00f6jligt f\u00f6r [&hellip;]<\/p>\n","protected":false},"featured_media":116772,"comment_status":"closed","ping_status":"closed","template":"","meta":{"_acf_changed":false,"inline_featured_image":false},"product_brand":[3066],"product_cat":[3265,3260],"product_tag":[3256],"class_list":{"0":"post-116768","1":"product","2":"type-product","3":"status-publish","4":"has-post-thumbnail","6":"product_brand-belotero","7":"product_cat-ha-dermal-fillers","8":"product_cat-dermal-fillers-sv","9":"product_tag-medical-devices-sv","11":"first","12":"instock","13":"taxable","14":"shipping-taxable","15":"purchasable","16":"product-type-simple","17":"add-to-wishlist-before_image"},"acf":[],"yoast_head":"<!-- This site is optimized with the Yoast SEO plugin v27.5 - https:\/\/yoast.com\/product\/yoast-seo-wordpress\/ -->\n<title>Best\u00e4ll BELOTERO\u00ae LIPS CONTOUR med Lidocaine Online | Kinami<\/title>\n<meta name=\"description\" content=\"Best\u00e4ll BELOTERO\u00ae LIPS CONTOUR med lidokain online f\u00f6r smidig l\u00e4ppkonturdefinition och \u00f6kad patientkomfort genom integrerad anestesi.\" \/>\n<meta name=\"robots\" content=\"index, follow, max-snippet:-1, max-image-preview:large, max-video-preview:-1\" \/>\n<link rel=\"canonical\" href=\"https:\/\/kinamihealth.com\/sv\/wp-json\/wp\/v2\/product\/116768\" \/>\n<meta property=\"og:locale\" content=\"sv_SE\" \/>\n<meta property=\"og:type\" content=\"article\" \/>\n<meta property=\"og:title\" content=\"Best\u00e4ll BELOTERO\u00ae LIPS CONTOUR med Lidocaine Online | Kinami\" \/>\n<meta property=\"og:description\" content=\"Best\u00e4ll BELOTERO\u00ae LIPS CONTOUR med lidokain online f\u00f6r smidig l\u00e4ppkonturdefinition och \u00f6kad patientkomfort genom integrerad anestesi.\" \/>\n<meta property=\"og:url\" content=\"https:\/\/kinamihealth.com\/sv\/produkt\/belotero-lips-contour-with-lidocaine\/\" \/>\n<meta property=\"og:site_name\" content=\"Kinami Health\" \/>\n<meta property=\"article:modified_time\" content=\"2025-12-02T14:42:10+00:00\" \/>\n<meta property=\"og:image\" content=\"https:\/\/kinamihealth.com\/wp-content\/uploads\/2025\/02\/BELOTERO-LIPS-COUNTOUR-02.jpg\" \/>\n\t<meta property=\"og:image:width\" content=\"800\" \/>\n\t<meta property=\"og:image:height\" content=\"800\" \/>\n\t<meta property=\"og:image:type\" content=\"image\/jpeg\" \/>\n<meta name=\"twitter:card\" content=\"summary_large_image\" \/>\n<meta name=\"twitter:label1\" content=\"Ber\u00e4knad l\u00e4stid\" \/>\n\t<meta name=\"twitter:data1\" content=\"1 minut\" \/>\n<!-- \/ Yoast SEO plugin. -->","yoast_head_json":{"title":"Best\u00e4ll BELOTERO\u00ae LIPS CONTOUR med Lidocaine Online | Kinami","description":"Best\u00e4ll BELOTERO\u00ae LIPS CONTOUR med lidokain online f\u00f6r smidig l\u00e4ppkonturdefinition och \u00f6kad patientkomfort genom integrerad anestesi.","robots":{"index":"index","follow":"follow","max-snippet":"max-snippet:-1","max-image-preview":"max-image-preview:large","max-video-preview":"max-video-preview:-1"},"canonical":"https:\/\/kinamihealth.com\/sv\/wp-json\/wp\/v2\/product\/116768","og_locale":"sv_SE","og_type":"article","og_title":"Best\u00e4ll BELOTERO\u00ae LIPS CONTOUR med Lidocaine Online | Kinami","og_description":"Best\u00e4ll BELOTERO\u00ae LIPS CONTOUR med lidokain online f\u00f6r smidig l\u00e4ppkonturdefinition och \u00f6kad patientkomfort genom integrerad anestesi.","og_url":"https:\/\/kinamihealth.com\/sv\/produkt\/belotero-lips-contour-with-lidocaine\/","og_site_name":"Kinami Health","article_modified_time":"2025-12-02T14:42:10+00:00","og_image":[{"width":800,"height":800,"url":"https:\/\/kinamihealth.com\/wp-content\/uploads\/2025\/02\/BELOTERO-LIPS-COUNTOUR-02.jpg","type":"image\/jpeg"}],"twitter_card":"summary_large_image","twitter_misc":{"Ber\u00e4knad l\u00e4stid":"1 minut"},"schema":{"@context":"https:\/\/schema.org","@graph":[{"@type":"WebPage","@id":"https:\/\/kinamihealth.com\/sv\/produkt\/belotero-lips-contour-with-lidocaine\/","url":"https:\/\/kinamihealth.com\/sv\/produkt\/belotero-lips-contour-with-lidocaine\/","name":"Best\u00e4ll BELOTERO\u00ae LIPS CONTOUR med Lidocaine Online | Kinami","isPartOf":{"@id":"https:\/\/kinamihealth.com\/#website"},"primaryImageOfPage":{"@id":"https:\/\/kinamihealth.com\/sv\/produkt\/belotero-lips-contour-with-lidocaine\/#primaryimage"},"image":{"@id":"https:\/\/kinamihealth.com\/sv\/produkt\/belotero-lips-contour-with-lidocaine\/#primaryimage"},"thumbnailUrl":"https:\/\/kinamihealth.com\/wp-content\/uploads\/2025\/02\/BELOTERO-LIPS-COUNTOUR-02.jpg","datePublished":"2025-02-15T16:54:13+00:00","dateModified":"2025-12-02T14:42:10+00:00","description":"Best\u00e4ll BELOTERO\u00ae LIPS CONTOUR med lidokain online f\u00f6r smidig l\u00e4ppkonturdefinition och \u00f6kad patientkomfort genom integrerad anestesi.","breadcrumb":{"@id":"https:\/\/kinamihealth.com\/sv\/produkt\/belotero-lips-contour-with-lidocaine\/#breadcrumb"},"inLanguage":"sv-SE","potentialAction":[{"@type":"ReadAction","target":["https:\/\/kinamihealth.com\/sv\/produkt\/belotero-lips-contour-with-lidocaine\/"]}]},{"@type":"ImageObject","inLanguage":"sv-SE","@id":"https:\/\/kinamihealth.com\/sv\/produkt\/belotero-lips-contour-with-lidocaine\/#primaryimage","url":"https:\/\/kinamihealth.com\/wp-content\/uploads\/2025\/02\/BELOTERO-LIPS-COUNTOUR-02.jpg","contentUrl":"https:\/\/kinamihealth.com\/wp-content\/uploads\/2025\/02\/BELOTERO-LIPS-COUNTOUR-02.jpg","width":800,"height":800},{"@type":"BreadcrumbList","@id":"https:\/\/kinamihealth.com\/sv\/produkt\/belotero-lips-contour-with-lidocaine\/#breadcrumb","itemListElement":[{"@type":"ListItem","position":1,"name":"Hem","item":"https:\/\/kinamihealth.com\/sr\/"},{"@type":"ListItem","position":2,"name":"Butik","item":"https:\/\/kinamihealth.com\/sv\/?page_id=127810"},{"@type":"ListItem","position":3,"name":"BELOTERO\u00ae LIPS CONTOUR with Lidocaine"}]},{"@type":"WebSite","@id":"https:\/\/kinamihealth.com\/#website","url":"https:\/\/kinamihealth.com\/","name":"Kinami Health","description":"","publisher":{"@id":"https:\/\/kinamihealth.com\/#organization"},"potentialAction":[{"@type":"SearchAction","target":{"@type":"EntryPoint","urlTemplate":"https:\/\/kinamihealth.com\/?s={search_term_string}"},"query-input":{"@type":"PropertyValueSpecification","valueRequired":true,"valueName":"search_term_string"}}],"inLanguage":"sv-SE"},{"@type":"Organization","@id":"https:\/\/kinamihealth.com\/#organization","name":"Kinami Health","url":"https:\/\/kinamihealth.com\/","logo":{"@type":"ImageObject","inLanguage":"sv-SE","@id":"https:\/\/kinamihealth.com\/#\/schema\/logo\/image\/","url":"https:\/\/kinamihealth.com\/wp-content\/uploads\/2025\/01\/KH_logo_black_2-1.png","contentUrl":"https:\/\/kinamihealth.com\/wp-content\/uploads\/2025\/01\/KH_logo_black_2-1.png","width":339,"height":34,"caption":"Kinami Health"},"image":{"@id":"https:\/\/kinamihealth.com\/#\/schema\/logo\/image\/"}}]}},"_links":{"self":[{"href":"https:\/\/kinamihealth.com\/sv\/wp-json\/wp\/v2\/product\/116768","targetHints":{"allow":["GET"]}}],"collection":[{"href":"https:\/\/kinamihealth.com\/sv\/wp-json\/wp\/v2\/product"}],"about":[{"href":"https:\/\/kinamihealth.com\/sv\/wp-json\/wp\/v2\/types\/product"}],"replies":[{"embeddable":true,"href":"https:\/\/kinamihealth.com\/sv\/wp-json\/wp\/v2\/comments?post=116768"}],"version-history":[{"count":0,"href":"https:\/\/kinamihealth.com\/sv\/wp-json\/wp\/v2\/product\/116768\/revisions"}],"wp:featuredmedia":[{"embeddable":true,"href":"https:\/\/kinamihealth.com\/sv\/wp-json\/wp\/v2\/media\/116772"}],"wp:attachment":[{"href":"https:\/\/kinamihealth.com\/sv\/wp-json\/wp\/v2\/media?parent=116768"}],"wp:term":[{"taxonomy":"product_brand","embeddable":true,"href":"https:\/\/kinamihealth.com\/sv\/wp-json\/wp\/v2\/product_brand?post=116768"},{"taxonomy":"product_cat","embeddable":true,"href":"https:\/\/kinamihealth.com\/sv\/wp-json\/wp\/v2\/product_cat?post=116768"},{"taxonomy":"product_tag","embeddable":true,"href":"https:\/\/kinamihealth.com\/sv\/wp-json\/wp\/v2\/product_tag?post=116768"}],"curies":[{"name":"wp","href":"https:\/\/api.w.org\/{rel}","templated":true}]}}