{"id":116763,"date":"2025-02-15T16:54:12","date_gmt":"2025-02-15T16:54:12","guid":{"rendered":"https:\/\/kinamihealth.com\/product\/belotero-intense-with-lidocaine\/"},"modified":"2025-12-02T14:45:38","modified_gmt":"2025-12-02T14:45:38","slug":"belotero-intense-with-lidocaine","status":"publish","type":"product","link":"https:\/\/kinamihealth.com\/sv\/produkt\/belotero-intense-with-lidocaine\/","title":{"rendered":"BELOTERO\u00ae INTENSE with Lidocaine"},"content":{"rendered":"<p><b>BELOTERO\u00ae INTENSE med Lidocaine<\/b><span style=\"font-weight: 400;\"> \u00e4r en avancerad hyaluronsyrabaserad <\/span><b>dermal filler<\/b><span style=\"font-weight: 400;\"> speciellt framtagen f\u00f6r korrigering av djupa rynkor och volymf\u00f6rst\u00e4rkning. Integrerad med Lidocaine, ett lokalbed\u00f6vningsmedel, s\u00e4kerst\u00e4ller denna <\/span><b>filler<\/b><span style=\"font-weight: 400;\"> en bekv\u00e4m, sm\u00e4rtfri injektionsupplevelse f\u00f6r patienterna. BELOTERO\u00ae INTENSE med lidokain tillverkas av Merz Aesthetics och utm\u00e4rker sig genom sin homogena geltextur, h\u00f6ga elasticitet och optimala kohesivitet, vilket g\u00f6r den s\u00e4rskilt effektiv f\u00f6r att \u00e5terst\u00e4lla volym och j\u00e4mna ut djupa ansiktsrynkor.<\/span><\/p>\n","protected":false},"excerpt":{"rendered":"<p>BELOTERO\u00ae INTENSE med Lidocaine \u00e4r en avancerad hyaluronsyrabaserad dermal filler speciellt framtagen f\u00f6r korrigering av djupa rynkor och volymf\u00f6rst\u00e4rkning. Integrerad med Lidocaine, ett lokalbed\u00f6vningsmedel, s\u00e4kerst\u00e4ller denna filler en bekv\u00e4m, sm\u00e4rtfri injektionsupplevelse f\u00f6r patienterna. BELOTERO\u00ae INTENSE med lidokain tillverkas av Merz Aesthetics och utm\u00e4rker sig genom sin homogena geltextur, h\u00f6ga elasticitet och optimala kohesivitet, vilket g\u00f6r [&hellip;]<\/p>\n","protected":false},"featured_media":116767,"comment_status":"closed","ping_status":"closed","template":"","meta":{"_acf_changed":false,"inline_featured_image":false},"product_brand":[3066],"product_cat":[3260],"product_tag":[3256],"class_list":{"0":"post-116763","1":"product","2":"type-product","3":"status-publish","4":"has-post-thumbnail","6":"product_brand-belotero","7":"product_cat-dermal-fillers-sv","8":"product_tag-medical-devices-sv","10":"first","11":"instock","12":"taxable","13":"shipping-taxable","14":"purchasable","15":"product-type-simple","16":"add-to-wishlist-before_image"},"acf":[],"yoast_head":"<!-- This site is optimized with the Yoast SEO plugin v27.3 - https:\/\/yoast.com\/product\/yoast-seo-wordpress\/ -->\n<title>Best\u00e4ll BELOTERO\u00ae INTENSE med lidokain Online | Shop Online | Kinami Health<\/title>\n<meta name=\"description\" content=\"Best\u00e4ll BELOTERO\u00ae INTENSE med lidokain online f\u00f6r effektiv volymkorrigering och smidigare procedurer med integrerat lokalbed\u00f6vningsst\u00f6d.\" \/>\n<meta name=\"robots\" content=\"index, follow, max-snippet:-1, max-image-preview:large, max-video-preview:-1\" \/>\n<link rel=\"canonical\" href=\"https:\/\/kinamihealth.com\/sv\/wp-json\/wp\/v2\/product\/116763\" \/>\n<meta property=\"og:locale\" content=\"sv_SE\" \/>\n<meta property=\"og:type\" content=\"article\" \/>\n<meta property=\"og:title\" content=\"Best\u00e4ll BELOTERO\u00ae INTENSE med lidokain Online | Shop Online | Kinami Health\" \/>\n<meta property=\"og:description\" content=\"Best\u00e4ll BELOTERO\u00ae INTENSE med lidokain online f\u00f6r effektiv volymkorrigering och smidigare procedurer med integrerat lokalbed\u00f6vningsst\u00f6d.\" \/>\n<meta property=\"og:url\" content=\"https:\/\/kinamihealth.com\/sv\/produkt\/belotero-intense-with-lidocaine\/\" \/>\n<meta property=\"og:site_name\" content=\"Kinami Health\" \/>\n<meta property=\"article:modified_time\" content=\"2025-12-02T14:45:38+00:00\" \/>\n<meta property=\"og:image\" content=\"https:\/\/kinamihealth.com\/wp-content\/uploads\/2025\/02\/BELOTERO-INTENSE-LIDO-02.jpg\" \/>\n\t<meta property=\"og:image:width\" content=\"800\" \/>\n\t<meta property=\"og:image:height\" content=\"800\" \/>\n\t<meta property=\"og:image:type\" content=\"image\/jpeg\" \/>\n<meta name=\"twitter:card\" content=\"summary_large_image\" \/>\n<meta name=\"twitter:label1\" content=\"Ber\u00e4knad l\u00e4stid\" \/>\n\t<meta name=\"twitter:data1\" content=\"1 minut\" \/>\n<!-- \/ Yoast SEO plugin. -->","yoast_head_json":{"title":"Best\u00e4ll BELOTERO\u00ae INTENSE med lidokain Online | Shop Online | Kinami Health","description":"Best\u00e4ll BELOTERO\u00ae INTENSE med lidokain online f\u00f6r effektiv volymkorrigering och smidigare procedurer med integrerat lokalbed\u00f6vningsst\u00f6d.","robots":{"index":"index","follow":"follow","max-snippet":"max-snippet:-1","max-image-preview":"max-image-preview:large","max-video-preview":"max-video-preview:-1"},"canonical":"https:\/\/kinamihealth.com\/sv\/wp-json\/wp\/v2\/product\/116763","og_locale":"sv_SE","og_type":"article","og_title":"Best\u00e4ll BELOTERO\u00ae INTENSE med lidokain Online | Shop Online | Kinami Health","og_description":"Best\u00e4ll BELOTERO\u00ae INTENSE med lidokain online f\u00f6r effektiv volymkorrigering och smidigare procedurer med integrerat lokalbed\u00f6vningsst\u00f6d.","og_url":"https:\/\/kinamihealth.com\/sv\/produkt\/belotero-intense-with-lidocaine\/","og_site_name":"Kinami Health","article_modified_time":"2025-12-02T14:45:38+00:00","og_image":[{"width":800,"height":800,"url":"https:\/\/kinamihealth.com\/wp-content\/uploads\/2025\/02\/BELOTERO-INTENSE-LIDO-02.jpg","type":"image\/jpeg"}],"twitter_card":"summary_large_image","twitter_misc":{"Ber\u00e4knad l\u00e4stid":"1 minut"},"schema":{"@context":"https:\/\/schema.org","@graph":[{"@type":"WebPage","@id":"https:\/\/kinamihealth.com\/sv\/produkt\/belotero-intense-with-lidocaine\/","url":"https:\/\/kinamihealth.com\/sv\/produkt\/belotero-intense-with-lidocaine\/","name":"Best\u00e4ll BELOTERO\u00ae INTENSE med lidokain Online | Shop Online | Kinami Health","isPartOf":{"@id":"https:\/\/kinamihealth.com\/#website"},"primaryImageOfPage":{"@id":"https:\/\/kinamihealth.com\/sv\/produkt\/belotero-intense-with-lidocaine\/#primaryimage"},"image":{"@id":"https:\/\/kinamihealth.com\/sv\/produkt\/belotero-intense-with-lidocaine\/#primaryimage"},"thumbnailUrl":"https:\/\/kinamihealth.com\/wp-content\/uploads\/2025\/02\/BELOTERO-INTENSE-LIDO-02.jpg","datePublished":"2025-02-15T16:54:12+00:00","dateModified":"2025-12-02T14:45:38+00:00","description":"Best\u00e4ll BELOTERO\u00ae INTENSE med lidokain online f\u00f6r effektiv volymkorrigering och smidigare procedurer med integrerat lokalbed\u00f6vningsst\u00f6d.","breadcrumb":{"@id":"https:\/\/kinamihealth.com\/sv\/produkt\/belotero-intense-with-lidocaine\/#breadcrumb"},"inLanguage":"sv-SE","potentialAction":[{"@type":"ReadAction","target":["https:\/\/kinamihealth.com\/sv\/produkt\/belotero-intense-with-lidocaine\/"]}]},{"@type":"ImageObject","inLanguage":"sv-SE","@id":"https:\/\/kinamihealth.com\/sv\/produkt\/belotero-intense-with-lidocaine\/#primaryimage","url":"https:\/\/kinamihealth.com\/wp-content\/uploads\/2025\/02\/BELOTERO-INTENSE-LIDO-02.jpg","contentUrl":"https:\/\/kinamihealth.com\/wp-content\/uploads\/2025\/02\/BELOTERO-INTENSE-LIDO-02.jpg","width":800,"height":800},{"@type":"BreadcrumbList","@id":"https:\/\/kinamihealth.com\/sv\/produkt\/belotero-intense-with-lidocaine\/#breadcrumb","itemListElement":[{"@type":"ListItem","position":1,"name":"Hem","item":"https:\/\/kinamihealth.com\/sr\/"},{"@type":"ListItem","position":2,"name":"Butik","item":"https:\/\/kinamihealth.com\/sv\/?page_id=127810"},{"@type":"ListItem","position":3,"name":"BELOTERO\u00ae INTENSE with Lidocaine"}]},{"@type":"WebSite","@id":"https:\/\/kinamihealth.com\/#website","url":"https:\/\/kinamihealth.com\/","name":"Kinami Health","description":"","publisher":{"@id":"https:\/\/kinamihealth.com\/#organization"},"potentialAction":[{"@type":"SearchAction","target":{"@type":"EntryPoint","urlTemplate":"https:\/\/kinamihealth.com\/?s={search_term_string}"},"query-input":{"@type":"PropertyValueSpecification","valueRequired":true,"valueName":"search_term_string"}}],"inLanguage":"sv-SE"},{"@type":"Organization","@id":"https:\/\/kinamihealth.com\/#organization","name":"Kinami Health","url":"https:\/\/kinamihealth.com\/","logo":{"@type":"ImageObject","inLanguage":"sv-SE","@id":"https:\/\/kinamihealth.com\/#\/schema\/logo\/image\/","url":"https:\/\/kinamihealth.com\/wp-content\/uploads\/2025\/01\/KH_logo_black_2-1.png","contentUrl":"https:\/\/kinamihealth.com\/wp-content\/uploads\/2025\/01\/KH_logo_black_2-1.png","width":339,"height":34,"caption":"Kinami Health"},"image":{"@id":"https:\/\/kinamihealth.com\/#\/schema\/logo\/image\/"}}]}},"_links":{"self":[{"href":"https:\/\/kinamihealth.com\/sv\/wp-json\/wp\/v2\/product\/116763","targetHints":{"allow":["GET"]}}],"collection":[{"href":"https:\/\/kinamihealth.com\/sv\/wp-json\/wp\/v2\/product"}],"about":[{"href":"https:\/\/kinamihealth.com\/sv\/wp-json\/wp\/v2\/types\/product"}],"replies":[{"embeddable":true,"href":"https:\/\/kinamihealth.com\/sv\/wp-json\/wp\/v2\/comments?post=116763"}],"version-history":[{"count":0,"href":"https:\/\/kinamihealth.com\/sv\/wp-json\/wp\/v2\/product\/116763\/revisions"}],"wp:featuredmedia":[{"embeddable":true,"href":"https:\/\/kinamihealth.com\/sv\/wp-json\/wp\/v2\/media\/116767"}],"wp:attachment":[{"href":"https:\/\/kinamihealth.com\/sv\/wp-json\/wp\/v2\/media?parent=116763"}],"wp:term":[{"taxonomy":"product_brand","embeddable":true,"href":"https:\/\/kinamihealth.com\/sv\/wp-json\/wp\/v2\/product_brand?post=116763"},{"taxonomy":"product_cat","embeddable":true,"href":"https:\/\/kinamihealth.com\/sv\/wp-json\/wp\/v2\/product_cat?post=116763"},{"taxonomy":"product_tag","embeddable":true,"href":"https:\/\/kinamihealth.com\/sv\/wp-json\/wp\/v2\/product_tag?post=116763"}],"curies":[{"name":"wp","href":"https:\/\/api.w.org\/{rel}","templated":true}]}}