{"id":116535,"date":"2025-02-15T16:54:00","date_gmt":"2025-02-15T16:54:00","guid":{"rendered":"https:\/\/kinamihealth.com\/product\/bcn-lumen-peptides\/"},"modified":"2025-12-17T16:57:51","modified_gmt":"2025-12-17T16:57:51","slug":"bcn-lumen-peptides","status":"publish","type":"product","link":"https:\/\/kinamihealth.com\/sv\/produkt\/bcn-lumen-peptides\/","title":{"rendered":"BCN LUMEN PEPTIDES"},"content":{"rendered":"<p><b>BCN LUMEN PEPTIDES<\/b><span style=\"font-weight: 400;\"> \u00e4r en avancerad mesoterapi-<\/span><b>produkt<\/b><span style=\"font-weight: 400;\"> utvecklad av Institute BCN, speciellt formulerad f\u00f6r att ta itu med pigmenteringsproblem, f\u00f6rb\u00e4ttra hudens utstr\u00e5lning och f\u00f6rb\u00e4ttra den \u00f6vergripande dermala vitaliteten. Denna l\u00f6sning inneh\u00e5ller en unik kombination av peptider och potenta aktiva ingredienser och riktar sig effektivt mot hyperpigmentering och oj\u00e4mn <\/span><b>hudton<\/b><span style=\"font-weight: 400;\"> och fr\u00e4mjar en ljusare, vitaliserad hy genom kliniska estetiska behandlingar.<\/span><\/p>\n","protected":false},"excerpt":{"rendered":"<p>BCN LUMEN PEPTIDES \u00e4r en avancerad mesoterapi-produkt utvecklad av Institute BCN, speciellt formulerad f\u00f6r att ta itu med pigmenteringsproblem, f\u00f6rb\u00e4ttra hudens utstr\u00e5lning och f\u00f6rb\u00e4ttra den \u00f6vergripande dermala vitaliteten. Denna l\u00f6sning inneh\u00e5ller en unik kombination av peptider och potenta aktiva ingredienser och riktar sig effektivt mot hyperpigmentering och oj\u00e4mn hudton och fr\u00e4mjar en ljusare, vitaliserad hy [&hellip;]<\/p>\n","protected":false},"featured_media":116536,"comment_status":"closed","ping_status":"closed","template":"","meta":{"_acf_changed":false,"inline_featured_image":false},"product_brand":[3065],"product_cat":[3284,3288],"product_tag":[3256],"class_list":{"0":"post-116535","1":"product","2":"type-product","3":"status-publish","4":"has-post-thumbnail","6":"product_brand-bcn","7":"product_cat-mesotherapy-sv","8":"product_cat-signal-peptides-for-skin-sv","9":"product_tag-medical-devices-sv","11":"first","12":"instock","13":"taxable","14":"shipping-taxable","15":"purchasable","16":"product-type-simple","17":"add-to-wishlist-before_image"},"acf":[],"yoast_head":"<!-- This site is optimized with the Yoast SEO plugin v27.1.1 - https:\/\/yoast.com\/product\/yoast-seo-wordpress\/ -->\n<title>Best\u00e4ll BCN LUMEN PEPTIDER Online | Shop Online | Kinami Health<\/title>\n<meta name=\"description\" content=\"Best\u00e4ll BCN LUMEN PEPTIDER f\u00f6r att st\u00f6dja professionella behandlingar som riktar sig till ljusare hud, pigmentkorrigering och f\u00f6rb\u00e4ttrad dermal revitalisering.\" \/>\n<meta name=\"robots\" content=\"index, follow, max-snippet:-1, max-image-preview:large, max-video-preview:-1\" \/>\n<link rel=\"canonical\" href=\"https:\/\/kinamihealth.com\/sv\/wp-json\/wp\/v2\/product\/116535\" \/>\n<meta property=\"og:locale\" content=\"sv_SE\" \/>\n<meta property=\"og:type\" content=\"article\" \/>\n<meta property=\"og:title\" content=\"Best\u00e4ll BCN LUMEN PEPTIDER Online | Shop Online | Kinami Health\" \/>\n<meta property=\"og:description\" content=\"Best\u00e4ll BCN LUMEN PEPTIDER f\u00f6r att st\u00f6dja professionella behandlingar som riktar sig till ljusare hud, pigmentkorrigering och f\u00f6rb\u00e4ttrad dermal revitalisering.\" \/>\n<meta property=\"og:url\" content=\"https:\/\/kinamihealth.com\/sv\/produkt\/bcn-lumen-peptides\/\" \/>\n<meta property=\"og:site_name\" content=\"Kinami Health\" \/>\n<meta property=\"article:modified_time\" content=\"2025-12-17T16:57:51+00:00\" \/>\n<meta property=\"og:image\" content=\"https:\/\/kinamihealth.com\/wp-content\/uploads\/2025\/02\/BCN-LUMEN-PEPTIDES-01.webp\" \/>\n\t<meta property=\"og:image:width\" content=\"800\" \/>\n\t<meta property=\"og:image:height\" content=\"800\" \/>\n\t<meta property=\"og:image:type\" content=\"image\/webp\" \/>\n<meta name=\"twitter:card\" content=\"summary_large_image\" \/>\n<meta name=\"twitter:label1\" content=\"Ber\u00e4knad l\u00e4stid\" \/>\n\t<meta name=\"twitter:data1\" content=\"1 minut\" \/>\n<!-- \/ Yoast SEO plugin. -->","yoast_head_json":{"title":"Best\u00e4ll BCN LUMEN PEPTIDER Online | Shop Online | Kinami Health","description":"Best\u00e4ll BCN LUMEN PEPTIDER f\u00f6r att st\u00f6dja professionella behandlingar som riktar sig till ljusare hud, pigmentkorrigering och f\u00f6rb\u00e4ttrad dermal revitalisering.","robots":{"index":"index","follow":"follow","max-snippet":"max-snippet:-1","max-image-preview":"max-image-preview:large","max-video-preview":"max-video-preview:-1"},"canonical":"https:\/\/kinamihealth.com\/sv\/wp-json\/wp\/v2\/product\/116535","og_locale":"sv_SE","og_type":"article","og_title":"Best\u00e4ll BCN LUMEN PEPTIDER Online | Shop Online | Kinami Health","og_description":"Best\u00e4ll BCN LUMEN PEPTIDER f\u00f6r att st\u00f6dja professionella behandlingar som riktar sig till ljusare hud, pigmentkorrigering och f\u00f6rb\u00e4ttrad dermal revitalisering.","og_url":"https:\/\/kinamihealth.com\/sv\/produkt\/bcn-lumen-peptides\/","og_site_name":"Kinami Health","article_modified_time":"2025-12-17T16:57:51+00:00","og_image":[{"width":800,"height":800,"url":"https:\/\/kinamihealth.com\/wp-content\/uploads\/2025\/02\/BCN-LUMEN-PEPTIDES-01.webp","type":"image\/webp"}],"twitter_card":"summary_large_image","twitter_misc":{"Ber\u00e4knad l\u00e4stid":"1 minut"},"schema":{"@context":"https:\/\/schema.org","@graph":[{"@type":"WebPage","@id":"https:\/\/kinamihealth.com\/sv\/produkt\/bcn-lumen-peptides\/","url":"https:\/\/kinamihealth.com\/sv\/produkt\/bcn-lumen-peptides\/","name":"Best\u00e4ll BCN LUMEN PEPTIDER Online | Shop Online | Kinami Health","isPartOf":{"@id":"https:\/\/kinamihealth.com\/#website"},"primaryImageOfPage":{"@id":"https:\/\/kinamihealth.com\/sv\/produkt\/bcn-lumen-peptides\/#primaryimage"},"image":{"@id":"https:\/\/kinamihealth.com\/sv\/produkt\/bcn-lumen-peptides\/#primaryimage"},"thumbnailUrl":"https:\/\/kinamihealth.com\/wp-content\/uploads\/2025\/02\/BCN-LUMEN-PEPTIDES-01.webp","datePublished":"2025-02-15T16:54:00+00:00","dateModified":"2025-12-17T16:57:51+00:00","description":"Best\u00e4ll BCN LUMEN PEPTIDER f\u00f6r att st\u00f6dja professionella behandlingar som riktar sig till ljusare hud, pigmentkorrigering och f\u00f6rb\u00e4ttrad dermal revitalisering.","breadcrumb":{"@id":"https:\/\/kinamihealth.com\/sv\/produkt\/bcn-lumen-peptides\/#breadcrumb"},"inLanguage":"sv-SE","potentialAction":[{"@type":"ReadAction","target":["https:\/\/kinamihealth.com\/sv\/produkt\/bcn-lumen-peptides\/"]}]},{"@type":"ImageObject","inLanguage":"sv-SE","@id":"https:\/\/kinamihealth.com\/sv\/produkt\/bcn-lumen-peptides\/#primaryimage","url":"https:\/\/kinamihealth.com\/wp-content\/uploads\/2025\/02\/BCN-LUMEN-PEPTIDES-01.webp","contentUrl":"https:\/\/kinamihealth.com\/wp-content\/uploads\/2025\/02\/BCN-LUMEN-PEPTIDES-01.webp","width":800,"height":800},{"@type":"BreadcrumbList","@id":"https:\/\/kinamihealth.com\/sv\/produkt\/bcn-lumen-peptides\/#breadcrumb","itemListElement":[{"@type":"ListItem","position":1,"name":"Hem","item":"https:\/\/kinamihealth.com\/sr\/"},{"@type":"ListItem","position":2,"name":"Butik","item":"https:\/\/kinamihealth.com\/sv\/?page_id=127810"},{"@type":"ListItem","position":3,"name":"BCN LUMEN PEPTIDES"}]},{"@type":"WebSite","@id":"https:\/\/kinamihealth.com\/#website","url":"https:\/\/kinamihealth.com\/","name":"Kinami Health","description":"","publisher":{"@id":"https:\/\/kinamihealth.com\/#organization"},"potentialAction":[{"@type":"SearchAction","target":{"@type":"EntryPoint","urlTemplate":"https:\/\/kinamihealth.com\/?s={search_term_string}"},"query-input":{"@type":"PropertyValueSpecification","valueRequired":true,"valueName":"search_term_string"}}],"inLanguage":"sv-SE"},{"@type":"Organization","@id":"https:\/\/kinamihealth.com\/#organization","name":"Kinami Health","url":"https:\/\/kinamihealth.com\/","logo":{"@type":"ImageObject","inLanguage":"sv-SE","@id":"https:\/\/kinamihealth.com\/#\/schema\/logo\/image\/","url":"https:\/\/kinamihealth.com\/wp-content\/uploads\/2025\/01\/KH_logo_black_2-1.png","contentUrl":"https:\/\/kinamihealth.com\/wp-content\/uploads\/2025\/01\/KH_logo_black_2-1.png","width":339,"height":34,"caption":"Kinami Health"},"image":{"@id":"https:\/\/kinamihealth.com\/#\/schema\/logo\/image\/"}}]}},"_links":{"self":[{"href":"https:\/\/kinamihealth.com\/sv\/wp-json\/wp\/v2\/product\/116535","targetHints":{"allow":["GET"]}}],"collection":[{"href":"https:\/\/kinamihealth.com\/sv\/wp-json\/wp\/v2\/product"}],"about":[{"href":"https:\/\/kinamihealth.com\/sv\/wp-json\/wp\/v2\/types\/product"}],"replies":[{"embeddable":true,"href":"https:\/\/kinamihealth.com\/sv\/wp-json\/wp\/v2\/comments?post=116535"}],"version-history":[{"count":0,"href":"https:\/\/kinamihealth.com\/sv\/wp-json\/wp\/v2\/product\/116535\/revisions"}],"wp:featuredmedia":[{"embeddable":true,"href":"https:\/\/kinamihealth.com\/sv\/wp-json\/wp\/v2\/media\/116536"}],"wp:attachment":[{"href":"https:\/\/kinamihealth.com\/sv\/wp-json\/wp\/v2\/media?parent=116535"}],"wp:term":[{"taxonomy":"product_brand","embeddable":true,"href":"https:\/\/kinamihealth.com\/sv\/wp-json\/wp\/v2\/product_brand?post=116535"},{"taxonomy":"product_cat","embeddable":true,"href":"https:\/\/kinamihealth.com\/sv\/wp-json\/wp\/v2\/product_cat?post=116535"},{"taxonomy":"product_tag","embeddable":true,"href":"https:\/\/kinamihealth.com\/sv\/wp-json\/wp\/v2\/product_tag?post=116535"}],"curies":[{"name":"wp","href":"https:\/\/api.w.org\/{rel}","templated":true}]}}