{"id":116527,"date":"2025-02-15T16:53:54","date_gmt":"2025-02-15T16:53:54","guid":{"rendered":"https:\/\/kinamihealth.com\/product\/bcn-adipo\/"},"modified":"2025-12-02T15:17:35","modified_gmt":"2025-12-02T15:17:35","slug":"bcn-adipo","status":"publish","type":"product","link":"https:\/\/kinamihealth.com\/sv\/produkt\/bcn-adipo\/","title":{"rendered":"BCN ADIPO"},"content":{"rendered":"<p><span style=\"font-weight: 400;\">BCN ADIPO \u00e4r en premium mesoterapil\u00f6sning formulerad f\u00f6r att bek\u00e4mpa celluliter och \u00e5terst\u00e4lla hudens fasthet. Denna professionella produkt inneh\u00e5ller en potent blandning av aktiva ingredienser, inklusive L-karnitin och koffein, som arbetar synergistiskt f\u00f6r att mobilisera ackumulerade fettdep\u00e5er och st\u00f6dja deras eliminering genom metaboliska processer.<\/span><\/p>\n","protected":false},"excerpt":{"rendered":"<p>BCN ADIPO \u00e4r en premium mesoterapil\u00f6sning formulerad f\u00f6r att bek\u00e4mpa celluliter och \u00e5terst\u00e4lla hudens fasthet. Denna professionella produkt inneh\u00e5ller en potent blandning av aktiva ingredienser, inklusive L-karnitin och koffein, som arbetar synergistiskt f\u00f6r att mobilisera ackumulerade fettdep\u00e5er och st\u00f6dja deras eliminering genom metaboliska processer.<\/p>\n","protected":false},"featured_media":116528,"comment_status":"closed","ping_status":"closed","template":"","meta":{"_acf_changed":false,"inline_featured_image":false},"product_brand":[3065],"product_cat":[3284],"product_tag":[3256],"class_list":{"0":"post-116527","1":"product","2":"type-product","3":"status-publish","4":"has-post-thumbnail","6":"product_brand-bcn","7":"product_cat-mesotherapy-sv","8":"product_tag-medical-devices-sv","10":"first","11":"instock","12":"taxable","13":"shipping-taxable","14":"purchasable","15":"product-type-simple","16":"add-to-wishlist-before_image"},"acf":[],"yoast_head":"<!-- This site is optimized with the Yoast SEO plugin v27.1.1 - https:\/\/yoast.com\/product\/yoast-seo-wordpress\/ -->\n<title>Best\u00e4ll BCN ADIPO Online | Shop Online | Kinami Health<\/title>\n<meta name=\"description\" content=\"Best\u00e4ll BCN ADIPO online f\u00f6r att f\u00e5 tillg\u00e5ng till en professionell mesoterapil\u00f6sning formulerad f\u00f6r att rikta in sig p\u00e5 lokaliserade fettavlagringar och f\u00f6rb\u00e4ttra kroppskontureringsbehandlingar.\" \/>\n<meta name=\"robots\" content=\"index, follow, max-snippet:-1, max-image-preview:large, max-video-preview:-1\" \/>\n<link rel=\"canonical\" href=\"https:\/\/kinamihealth.com\/sv\/wp-json\/wp\/v2\/product\/116527\" \/>\n<meta property=\"og:locale\" content=\"sv_SE\" \/>\n<meta property=\"og:type\" content=\"article\" \/>\n<meta property=\"og:title\" content=\"Best\u00e4ll BCN ADIPO Online | Shop Online | Kinami Health\" \/>\n<meta property=\"og:description\" content=\"Best\u00e4ll BCN ADIPO online f\u00f6r att f\u00e5 tillg\u00e5ng till en professionell mesoterapil\u00f6sning formulerad f\u00f6r att rikta in sig p\u00e5 lokaliserade fettavlagringar och f\u00f6rb\u00e4ttra kroppskontureringsbehandlingar.\" \/>\n<meta property=\"og:url\" content=\"https:\/\/kinamihealth.com\/sv\/produkt\/bcn-adipo\/\" \/>\n<meta property=\"og:site_name\" content=\"Kinami Health\" \/>\n<meta property=\"article:modified_time\" content=\"2025-12-02T15:17:35+00:00\" \/>\n<meta property=\"og:image\" content=\"https:\/\/kinamihealth.com\/wp-content\/uploads\/2025\/02\/BCN-ADIPO-01.webp\" \/>\n\t<meta property=\"og:image:width\" content=\"800\" \/>\n\t<meta property=\"og:image:height\" content=\"800\" \/>\n\t<meta property=\"og:image:type\" content=\"image\/webp\" \/>\n<meta name=\"twitter:card\" content=\"summary_large_image\" \/>\n<meta name=\"twitter:label1\" content=\"Ber\u00e4knad l\u00e4stid\" \/>\n\t<meta name=\"twitter:data1\" content=\"1 minut\" \/>\n<!-- \/ Yoast SEO plugin. -->","yoast_head_json":{"title":"Best\u00e4ll BCN ADIPO Online | Shop Online | Kinami Health","description":"Best\u00e4ll BCN ADIPO online f\u00f6r att f\u00e5 tillg\u00e5ng till en professionell mesoterapil\u00f6sning formulerad f\u00f6r att rikta in sig p\u00e5 lokaliserade fettavlagringar och f\u00f6rb\u00e4ttra kroppskontureringsbehandlingar.","robots":{"index":"index","follow":"follow","max-snippet":"max-snippet:-1","max-image-preview":"max-image-preview:large","max-video-preview":"max-video-preview:-1"},"canonical":"https:\/\/kinamihealth.com\/sv\/wp-json\/wp\/v2\/product\/116527","og_locale":"sv_SE","og_type":"article","og_title":"Best\u00e4ll BCN ADIPO Online | Shop Online | Kinami Health","og_description":"Best\u00e4ll BCN ADIPO online f\u00f6r att f\u00e5 tillg\u00e5ng till en professionell mesoterapil\u00f6sning formulerad f\u00f6r att rikta in sig p\u00e5 lokaliserade fettavlagringar och f\u00f6rb\u00e4ttra kroppskontureringsbehandlingar.","og_url":"https:\/\/kinamihealth.com\/sv\/produkt\/bcn-adipo\/","og_site_name":"Kinami Health","article_modified_time":"2025-12-02T15:17:35+00:00","og_image":[{"width":800,"height":800,"url":"https:\/\/kinamihealth.com\/wp-content\/uploads\/2025\/02\/BCN-ADIPO-01.webp","type":"image\/webp"}],"twitter_card":"summary_large_image","twitter_misc":{"Ber\u00e4knad l\u00e4stid":"1 minut"},"schema":{"@context":"https:\/\/schema.org","@graph":[{"@type":"WebPage","@id":"https:\/\/kinamihealth.com\/sv\/produkt\/bcn-adipo\/","url":"https:\/\/kinamihealth.com\/sv\/produkt\/bcn-adipo\/","name":"Best\u00e4ll BCN ADIPO Online | Shop Online | Kinami Health","isPartOf":{"@id":"https:\/\/kinamihealth.com\/#website"},"primaryImageOfPage":{"@id":"https:\/\/kinamihealth.com\/sv\/produkt\/bcn-adipo\/#primaryimage"},"image":{"@id":"https:\/\/kinamihealth.com\/sv\/produkt\/bcn-adipo\/#primaryimage"},"thumbnailUrl":"https:\/\/kinamihealth.com\/wp-content\/uploads\/2025\/02\/BCN-ADIPO-01.webp","datePublished":"2025-02-15T16:53:54+00:00","dateModified":"2025-12-02T15:17:35+00:00","description":"Best\u00e4ll BCN ADIPO online f\u00f6r att f\u00e5 tillg\u00e5ng till en professionell mesoterapil\u00f6sning formulerad f\u00f6r att rikta in sig p\u00e5 lokaliserade fettavlagringar och f\u00f6rb\u00e4ttra kroppskontureringsbehandlingar.","breadcrumb":{"@id":"https:\/\/kinamihealth.com\/sv\/produkt\/bcn-adipo\/#breadcrumb"},"inLanguage":"sv-SE","potentialAction":[{"@type":"ReadAction","target":["https:\/\/kinamihealth.com\/sv\/produkt\/bcn-adipo\/"]}]},{"@type":"ImageObject","inLanguage":"sv-SE","@id":"https:\/\/kinamihealth.com\/sv\/produkt\/bcn-adipo\/#primaryimage","url":"https:\/\/kinamihealth.com\/wp-content\/uploads\/2025\/02\/BCN-ADIPO-01.webp","contentUrl":"https:\/\/kinamihealth.com\/wp-content\/uploads\/2025\/02\/BCN-ADIPO-01.webp","width":800,"height":800},{"@type":"BreadcrumbList","@id":"https:\/\/kinamihealth.com\/sv\/produkt\/bcn-adipo\/#breadcrumb","itemListElement":[{"@type":"ListItem","position":1,"name":"Hem","item":"https:\/\/kinamihealth.com\/sr\/"},{"@type":"ListItem","position":2,"name":"Butik","item":"https:\/\/kinamihealth.com\/sv\/?page_id=127810"},{"@type":"ListItem","position":3,"name":"BCN ADIPO"}]},{"@type":"WebSite","@id":"https:\/\/kinamihealth.com\/#website","url":"https:\/\/kinamihealth.com\/","name":"Kinami Health","description":"","publisher":{"@id":"https:\/\/kinamihealth.com\/#organization"},"potentialAction":[{"@type":"SearchAction","target":{"@type":"EntryPoint","urlTemplate":"https:\/\/kinamihealth.com\/?s={search_term_string}"},"query-input":{"@type":"PropertyValueSpecification","valueRequired":true,"valueName":"search_term_string"}}],"inLanguage":"sv-SE"},{"@type":"Organization","@id":"https:\/\/kinamihealth.com\/#organization","name":"Kinami Health","url":"https:\/\/kinamihealth.com\/","logo":{"@type":"ImageObject","inLanguage":"sv-SE","@id":"https:\/\/kinamihealth.com\/#\/schema\/logo\/image\/","url":"https:\/\/kinamihealth.com\/wp-content\/uploads\/2025\/01\/KH_logo_black_2-1.png","contentUrl":"https:\/\/kinamihealth.com\/wp-content\/uploads\/2025\/01\/KH_logo_black_2-1.png","width":339,"height":34,"caption":"Kinami Health"},"image":{"@id":"https:\/\/kinamihealth.com\/#\/schema\/logo\/image\/"}}]}},"_links":{"self":[{"href":"https:\/\/kinamihealth.com\/sv\/wp-json\/wp\/v2\/product\/116527","targetHints":{"allow":["GET"]}}],"collection":[{"href":"https:\/\/kinamihealth.com\/sv\/wp-json\/wp\/v2\/product"}],"about":[{"href":"https:\/\/kinamihealth.com\/sv\/wp-json\/wp\/v2\/types\/product"}],"replies":[{"embeddable":true,"href":"https:\/\/kinamihealth.com\/sv\/wp-json\/wp\/v2\/comments?post=116527"}],"version-history":[{"count":0,"href":"https:\/\/kinamihealth.com\/sv\/wp-json\/wp\/v2\/product\/116527\/revisions"}],"wp:featuredmedia":[{"embeddable":true,"href":"https:\/\/kinamihealth.com\/sv\/wp-json\/wp\/v2\/media\/116528"}],"wp:attachment":[{"href":"https:\/\/kinamihealth.com\/sv\/wp-json\/wp\/v2\/media?parent=116527"}],"wp:term":[{"taxonomy":"product_brand","embeddable":true,"href":"https:\/\/kinamihealth.com\/sv\/wp-json\/wp\/v2\/product_brand?post=116527"},{"taxonomy":"product_cat","embeddable":true,"href":"https:\/\/kinamihealth.com\/sv\/wp-json\/wp\/v2\/product_cat?post=116527"},{"taxonomy":"product_tag","embeddable":true,"href":"https:\/\/kinamihealth.com\/sv\/wp-json\/wp\/v2\/product_tag?post=116527"}],"curies":[{"name":"wp","href":"https:\/\/api.w.org\/{rel}","templated":true}]}}