{"id":116456,"date":"2025-02-15T16:53:45","date_gmt":"2025-02-15T16:53:45","guid":{"rendered":"https:\/\/kinamihealth.com\/product\/aliaxin-sv\/"},"modified":"2025-12-03T17:11:54","modified_gmt":"2025-12-03T17:11:54","slug":"aliaxin-sv","status":"publish","type":"product","link":"https:\/\/kinamihealth.com\/sv\/produkt\/aliaxin-sv\/","title":{"rendered":"ALIAXIN\u00ae SV"},"content":{"rendered":"<p><b>ALIAXIN\u00ae SV (Superior Volume)<\/b><span style=\"font-weight: 400;\"> \u00e4r ett dermalt fyllnadsmedel med h\u00f6g densitet som \u00e4r s\u00e4rskilt utformat f\u00f6r att \u00e5terst\u00e4lla djup ansiktsvolym, f\u00f6rb\u00e4ttra strukturellt st\u00f6d och korrigera uttalade volymunderskott. Den injicerbara gelen \u00e4r designad av IBSA Derma och best\u00e5r av ultrarent, tv\u00e4rbunden hyaluronsyra som ger exceptionell lyftkapacitet och projektion samtidigt som den integreras naturligt i hudv\u00e4vnaden.<\/span><\/p>\n","protected":false},"excerpt":{"rendered":"<p>ALIAXIN\u00ae SV (Superior Volume) \u00e4r ett dermalt fyllnadsmedel med h\u00f6g densitet som \u00e4r s\u00e4rskilt utformat f\u00f6r att \u00e5terst\u00e4lla djup ansiktsvolym, f\u00f6rb\u00e4ttra strukturellt st\u00f6d och korrigera uttalade volymunderskott. Den injicerbara gelen \u00e4r designad av IBSA Derma och best\u00e5r av ultrarent, tv\u00e4rbunden hyaluronsyra som ger exceptionell lyftkapacitet och projektion samtidigt som den integreras naturligt i hudv\u00e4vnaden.<\/p>\n","protected":false},"featured_media":116458,"comment_status":"closed","ping_status":"closed","template":"","meta":{"_acf_changed":false,"inline_featured_image":false},"product_brand":[3063],"product_cat":[3265,3260],"product_tag":[3256],"class_list":{"0":"post-116456","1":"product","2":"type-product","3":"status-publish","4":"has-post-thumbnail","6":"product_brand-aliaxin","7":"product_cat-ha-dermal-fillers","8":"product_cat-dermal-fillers-sv","9":"product_tag-medical-devices-sv","11":"first","12":"instock","13":"taxable","14":"shipping-taxable","15":"purchasable","16":"product-type-simple","17":"add-to-wishlist-before_image"},"acf":[],"yoast_head":"<!-- This site is optimized with the Yoast SEO plugin v27.1.1 - https:\/\/yoast.com\/product\/yoast-seo-wordpress\/ -->\n<title>Best\u00e4ll ALIAXIN\u00ae SV Online | Shop Online | Kinami Health<\/title>\n<meta name=\"description\" content=\"Best\u00e4ll ALIAXIN\u00ae SV online f\u00f6r ett fyllmedel med h\u00f6g densitet utvecklat f\u00f6r att ge djup strukturell volym och l\u00e5ngvarig korrigering av allvarlig volymf\u00f6rlust i ansiktet.\" \/>\n<meta name=\"robots\" content=\"index, follow, max-snippet:-1, max-image-preview:large, max-video-preview:-1\" \/>\n<link rel=\"canonical\" href=\"https:\/\/kinamihealth.com\/sv\/wp-json\/wp\/v2\/product\/116456\" \/>\n<meta property=\"og:locale\" content=\"sv_SE\" \/>\n<meta property=\"og:type\" content=\"article\" \/>\n<meta property=\"og:title\" content=\"Best\u00e4ll ALIAXIN\u00ae SV Online | Shop Online | Kinami Health\" \/>\n<meta property=\"og:description\" content=\"Best\u00e4ll ALIAXIN\u00ae SV online f\u00f6r ett fyllmedel med h\u00f6g densitet utvecklat f\u00f6r att ge djup strukturell volym och l\u00e5ngvarig korrigering av allvarlig volymf\u00f6rlust i ansiktet.\" \/>\n<meta property=\"og:url\" content=\"https:\/\/kinamihealth.com\/sv\/produkt\/aliaxin-sv\/\" \/>\n<meta property=\"og:site_name\" content=\"Kinami Health\" \/>\n<meta property=\"article:modified_time\" content=\"2025-12-03T17:11:54+00:00\" \/>\n<meta property=\"og:image\" content=\"https:\/\/kinamihealth.com\/wp-content\/uploads\/2025\/02\/ALIAXIN-SV-SUPERIORVOLUME-02.webp\" \/>\n\t<meta property=\"og:image:width\" content=\"800\" \/>\n\t<meta property=\"og:image:height\" content=\"800\" \/>\n\t<meta property=\"og:image:type\" content=\"image\/webp\" \/>\n<meta name=\"twitter:card\" content=\"summary_large_image\" \/>\n<meta name=\"twitter:label1\" content=\"Ber\u00e4knad l\u00e4stid\" \/>\n\t<meta name=\"twitter:data1\" content=\"1 minut\" \/>\n<!-- \/ Yoast SEO plugin. -->","yoast_head_json":{"title":"Best\u00e4ll ALIAXIN\u00ae SV Online | Shop Online | Kinami Health","description":"Best\u00e4ll ALIAXIN\u00ae SV online f\u00f6r ett fyllmedel med h\u00f6g densitet utvecklat f\u00f6r att ge djup strukturell volym och l\u00e5ngvarig korrigering av allvarlig volymf\u00f6rlust i ansiktet.","robots":{"index":"index","follow":"follow","max-snippet":"max-snippet:-1","max-image-preview":"max-image-preview:large","max-video-preview":"max-video-preview:-1"},"canonical":"https:\/\/kinamihealth.com\/sv\/wp-json\/wp\/v2\/product\/116456","og_locale":"sv_SE","og_type":"article","og_title":"Best\u00e4ll ALIAXIN\u00ae SV Online | Shop Online | Kinami Health","og_description":"Best\u00e4ll ALIAXIN\u00ae SV online f\u00f6r ett fyllmedel med h\u00f6g densitet utvecklat f\u00f6r att ge djup strukturell volym och l\u00e5ngvarig korrigering av allvarlig volymf\u00f6rlust i ansiktet.","og_url":"https:\/\/kinamihealth.com\/sv\/produkt\/aliaxin-sv\/","og_site_name":"Kinami Health","article_modified_time":"2025-12-03T17:11:54+00:00","og_image":[{"width":800,"height":800,"url":"https:\/\/kinamihealth.com\/wp-content\/uploads\/2025\/02\/ALIAXIN-SV-SUPERIORVOLUME-02.webp","type":"image\/webp"}],"twitter_card":"summary_large_image","twitter_misc":{"Ber\u00e4knad l\u00e4stid":"1 minut"},"schema":{"@context":"https:\/\/schema.org","@graph":[{"@type":"WebPage","@id":"https:\/\/kinamihealth.com\/sv\/produkt\/aliaxin-sv\/","url":"https:\/\/kinamihealth.com\/sv\/produkt\/aliaxin-sv\/","name":"Best\u00e4ll ALIAXIN\u00ae SV Online | Shop Online | Kinami Health","isPartOf":{"@id":"https:\/\/kinamihealth.com\/#website"},"primaryImageOfPage":{"@id":"https:\/\/kinamihealth.com\/sv\/produkt\/aliaxin-sv\/#primaryimage"},"image":{"@id":"https:\/\/kinamihealth.com\/sv\/produkt\/aliaxin-sv\/#primaryimage"},"thumbnailUrl":"https:\/\/kinamihealth.com\/wp-content\/uploads\/2025\/02\/ALIAXIN-SV-SUPERIORVOLUME-02.webp","datePublished":"2025-02-15T16:53:45+00:00","dateModified":"2025-12-03T17:11:54+00:00","description":"Best\u00e4ll ALIAXIN\u00ae SV online f\u00f6r ett fyllmedel med h\u00f6g densitet utvecklat f\u00f6r att ge djup strukturell volym och l\u00e5ngvarig korrigering av allvarlig volymf\u00f6rlust i ansiktet.","breadcrumb":{"@id":"https:\/\/kinamihealth.com\/sv\/produkt\/aliaxin-sv\/#breadcrumb"},"inLanguage":"sv-SE","potentialAction":[{"@type":"ReadAction","target":["https:\/\/kinamihealth.com\/sv\/produkt\/aliaxin-sv\/"]}]},{"@type":"ImageObject","inLanguage":"sv-SE","@id":"https:\/\/kinamihealth.com\/sv\/produkt\/aliaxin-sv\/#primaryimage","url":"https:\/\/kinamihealth.com\/wp-content\/uploads\/2025\/02\/ALIAXIN-SV-SUPERIORVOLUME-02.webp","contentUrl":"https:\/\/kinamihealth.com\/wp-content\/uploads\/2025\/02\/ALIAXIN-SV-SUPERIORVOLUME-02.webp","width":800,"height":800},{"@type":"BreadcrumbList","@id":"https:\/\/kinamihealth.com\/sv\/produkt\/aliaxin-sv\/#breadcrumb","itemListElement":[{"@type":"ListItem","position":1,"name":"Hem","item":"https:\/\/kinamihealth.com\/sr\/"},{"@type":"ListItem","position":2,"name":"Butik","item":"https:\/\/kinamihealth.com\/sv\/?page_id=127810"},{"@type":"ListItem","position":3,"name":"ALIAXIN\u00ae SV"}]},{"@type":"WebSite","@id":"https:\/\/kinamihealth.com\/#website","url":"https:\/\/kinamihealth.com\/","name":"Kinami Health","description":"","publisher":{"@id":"https:\/\/kinamihealth.com\/#organization"},"potentialAction":[{"@type":"SearchAction","target":{"@type":"EntryPoint","urlTemplate":"https:\/\/kinamihealth.com\/?s={search_term_string}"},"query-input":{"@type":"PropertyValueSpecification","valueRequired":true,"valueName":"search_term_string"}}],"inLanguage":"sv-SE"},{"@type":"Organization","@id":"https:\/\/kinamihealth.com\/#organization","name":"Kinami Health","url":"https:\/\/kinamihealth.com\/","logo":{"@type":"ImageObject","inLanguage":"sv-SE","@id":"https:\/\/kinamihealth.com\/#\/schema\/logo\/image\/","url":"https:\/\/kinamihealth.com\/wp-content\/uploads\/2025\/01\/KH_logo_black_2-1.png","contentUrl":"https:\/\/kinamihealth.com\/wp-content\/uploads\/2025\/01\/KH_logo_black_2-1.png","width":339,"height":34,"caption":"Kinami Health"},"image":{"@id":"https:\/\/kinamihealth.com\/#\/schema\/logo\/image\/"}}]}},"_links":{"self":[{"href":"https:\/\/kinamihealth.com\/sv\/wp-json\/wp\/v2\/product\/116456","targetHints":{"allow":["GET"]}}],"collection":[{"href":"https:\/\/kinamihealth.com\/sv\/wp-json\/wp\/v2\/product"}],"about":[{"href":"https:\/\/kinamihealth.com\/sv\/wp-json\/wp\/v2\/types\/product"}],"replies":[{"embeddable":true,"href":"https:\/\/kinamihealth.com\/sv\/wp-json\/wp\/v2\/comments?post=116456"}],"version-history":[{"count":0,"href":"https:\/\/kinamihealth.com\/sv\/wp-json\/wp\/v2\/product\/116456\/revisions"}],"wp:featuredmedia":[{"embeddable":true,"href":"https:\/\/kinamihealth.com\/sv\/wp-json\/wp\/v2\/media\/116458"}],"wp:attachment":[{"href":"https:\/\/kinamihealth.com\/sv\/wp-json\/wp\/v2\/media?parent=116456"}],"wp:term":[{"taxonomy":"product_brand","embeddable":true,"href":"https:\/\/kinamihealth.com\/sv\/wp-json\/wp\/v2\/product_brand?post=116456"},{"taxonomy":"product_cat","embeddable":true,"href":"https:\/\/kinamihealth.com\/sv\/wp-json\/wp\/v2\/product_cat?post=116456"},{"taxonomy":"product_tag","embeddable":true,"href":"https:\/\/kinamihealth.com\/sv\/wp-json\/wp\/v2\/product_tag?post=116456"}],"curies":[{"name":"wp","href":"https:\/\/api.w.org\/{rel}","templated":true}]}}