{"id":116422,"date":"2025-02-15T16:53:42","date_gmt":"2025-02-15T16:53:42","guid":{"rendered":"https:\/\/kinamihealth.com\/product\/aliaxin-fl\/"},"modified":"2025-12-03T17:26:20","modified_gmt":"2025-12-03T17:26:20","slug":"aliaxin-fl","status":"publish","type":"product","link":"https:\/\/kinamihealth.com\/sv\/produkt\/aliaxin-fl\/","title":{"rendered":"ALIAXIN\u00ae FL"},"content":{"rendered":"<p><b>ALIAXIN\u00ae FL \u00e4r ett premium dermal fyllmedel <\/b><span style=\"font-weight: 400;\">speciellt utformat f\u00f6r <\/span><b>l\u00e4ppf\u00f6rb\u00e4ttring och konturdefinition<\/b><span style=\"font-weight: 400;\">. Denna specialformel inneh\u00e5ller <\/span><b>korsbunden hyaluronsyra<\/b><span style=\"font-weight: 400;\"> (25 mg\/ml) i tv\u00e5 f\u00f6rfyllda 1 ml-sprutor per f\u00f6rpackning.<\/span><\/p>\n","protected":false},"excerpt":{"rendered":"<p>ALIAXIN\u00ae FL \u00e4r ett premium dermal fyllmedel speciellt utformat f\u00f6r l\u00e4ppf\u00f6rb\u00e4ttring och konturdefinition. Denna specialformel inneh\u00e5ller korsbunden hyaluronsyra (25 mg\/ml) i tv\u00e5 f\u00f6rfyllda 1 ml-sprutor per f\u00f6rpackning.<\/p>\n","protected":false},"featured_media":116427,"comment_status":"closed","ping_status":"closed","template":"","meta":{"_acf_changed":false,"inline_featured_image":false},"product_brand":[3063],"product_cat":[3265,3260],"product_tag":[3256],"class_list":{"0":"post-116422","1":"product","2":"type-product","3":"status-publish","4":"has-post-thumbnail","6":"product_brand-aliaxin","7":"product_cat-ha-dermal-fillers","8":"product_cat-dermal-fillers-sv","9":"product_tag-medical-devices-sv","11":"first","12":"instock","13":"taxable","14":"shipping-taxable","15":"purchasable","16":"product-type-simple","17":"add-to-wishlist-before_image"},"acf":[],"yoast_head":"<!-- This site is optimized with the Yoast SEO plugin v27.1.1 - https:\/\/yoast.com\/product\/yoast-seo-wordpress\/ -->\n<title>Best\u00e4ll ALIAXIN\u00ae FL Online | Shop Online | Kinami Health<\/title>\n<meta name=\"description\" content=\"Best\u00e4ll ALIAXIN\u00ae FL online f\u00f6r att f\u00f6rse din klinik med en p\u00e5litlig filler som \u00e4r s\u00e4rskilt utvecklad f\u00f6r exakt, naturlig l\u00e4ppkonturf\u00f6rb\u00e4ttring.\" \/>\n<meta name=\"robots\" content=\"index, follow, max-snippet:-1, max-image-preview:large, max-video-preview:-1\" \/>\n<link rel=\"canonical\" href=\"https:\/\/kinamihealth.com\/sv\/wp-json\/wp\/v2\/product\/116422\" \/>\n<meta property=\"og:locale\" content=\"sv_SE\" \/>\n<meta property=\"og:type\" content=\"article\" \/>\n<meta property=\"og:title\" content=\"Best\u00e4ll ALIAXIN\u00ae FL Online | Shop Online | Kinami Health\" \/>\n<meta property=\"og:description\" content=\"Best\u00e4ll ALIAXIN\u00ae FL online f\u00f6r att f\u00f6rse din klinik med en p\u00e5litlig filler som \u00e4r s\u00e4rskilt utvecklad f\u00f6r exakt, naturlig l\u00e4ppkonturf\u00f6rb\u00e4ttring.\" \/>\n<meta property=\"og:url\" content=\"https:\/\/kinamihealth.com\/sv\/produkt\/aliaxin-fl\/\" \/>\n<meta property=\"og:site_name\" content=\"Kinami Health\" \/>\n<meta property=\"article:modified_time\" content=\"2025-12-03T17:26:20+00:00\" \/>\n<meta property=\"og:image\" content=\"https:\/\/kinamihealth.com\/wp-content\/uploads\/2025\/02\/ALIAXIN-FL-LIPS-01-1.webp\" \/>\n\t<meta property=\"og:image:width\" content=\"800\" \/>\n\t<meta property=\"og:image:height\" content=\"800\" \/>\n\t<meta property=\"og:image:type\" content=\"image\/webp\" \/>\n<meta name=\"twitter:card\" content=\"summary_large_image\" \/>\n<meta name=\"twitter:label1\" content=\"Ber\u00e4knad l\u00e4stid\" \/>\n\t<meta name=\"twitter:data1\" content=\"1 minut\" \/>\n<!-- \/ Yoast SEO plugin. -->","yoast_head_json":{"title":"Best\u00e4ll ALIAXIN\u00ae FL Online | Shop Online | Kinami Health","description":"Best\u00e4ll ALIAXIN\u00ae FL online f\u00f6r att f\u00f6rse din klinik med en p\u00e5litlig filler som \u00e4r s\u00e4rskilt utvecklad f\u00f6r exakt, naturlig l\u00e4ppkonturf\u00f6rb\u00e4ttring.","robots":{"index":"index","follow":"follow","max-snippet":"max-snippet:-1","max-image-preview":"max-image-preview:large","max-video-preview":"max-video-preview:-1"},"canonical":"https:\/\/kinamihealth.com\/sv\/wp-json\/wp\/v2\/product\/116422","og_locale":"sv_SE","og_type":"article","og_title":"Best\u00e4ll ALIAXIN\u00ae FL Online | Shop Online | Kinami Health","og_description":"Best\u00e4ll ALIAXIN\u00ae FL online f\u00f6r att f\u00f6rse din klinik med en p\u00e5litlig filler som \u00e4r s\u00e4rskilt utvecklad f\u00f6r exakt, naturlig l\u00e4ppkonturf\u00f6rb\u00e4ttring.","og_url":"https:\/\/kinamihealth.com\/sv\/produkt\/aliaxin-fl\/","og_site_name":"Kinami Health","article_modified_time":"2025-12-03T17:26:20+00:00","og_image":[{"width":800,"height":800,"url":"https:\/\/kinamihealth.com\/wp-content\/uploads\/2025\/02\/ALIAXIN-FL-LIPS-01-1.webp","type":"image\/webp"}],"twitter_card":"summary_large_image","twitter_misc":{"Ber\u00e4knad l\u00e4stid":"1 minut"},"schema":{"@context":"https:\/\/schema.org","@graph":[{"@type":"WebPage","@id":"https:\/\/kinamihealth.com\/sv\/produkt\/aliaxin-fl\/","url":"https:\/\/kinamihealth.com\/sv\/produkt\/aliaxin-fl\/","name":"Best\u00e4ll ALIAXIN\u00ae FL Online | Shop Online | Kinami Health","isPartOf":{"@id":"https:\/\/kinamihealth.com\/#website"},"primaryImageOfPage":{"@id":"https:\/\/kinamihealth.com\/sv\/produkt\/aliaxin-fl\/#primaryimage"},"image":{"@id":"https:\/\/kinamihealth.com\/sv\/produkt\/aliaxin-fl\/#primaryimage"},"thumbnailUrl":"https:\/\/kinamihealth.com\/wp-content\/uploads\/2025\/02\/ALIAXIN-FL-LIPS-01-1.webp","datePublished":"2025-02-15T16:53:42+00:00","dateModified":"2025-12-03T17:26:20+00:00","description":"Best\u00e4ll ALIAXIN\u00ae FL online f\u00f6r att f\u00f6rse din klinik med en p\u00e5litlig filler som \u00e4r s\u00e4rskilt utvecklad f\u00f6r exakt, naturlig l\u00e4ppkonturf\u00f6rb\u00e4ttring.","breadcrumb":{"@id":"https:\/\/kinamihealth.com\/sv\/produkt\/aliaxin-fl\/#breadcrumb"},"inLanguage":"sv-SE","potentialAction":[{"@type":"ReadAction","target":["https:\/\/kinamihealth.com\/sv\/produkt\/aliaxin-fl\/"]}]},{"@type":"ImageObject","inLanguage":"sv-SE","@id":"https:\/\/kinamihealth.com\/sv\/produkt\/aliaxin-fl\/#primaryimage","url":"https:\/\/kinamihealth.com\/wp-content\/uploads\/2025\/02\/ALIAXIN-FL-LIPS-01-1.webp","contentUrl":"https:\/\/kinamihealth.com\/wp-content\/uploads\/2025\/02\/ALIAXIN-FL-LIPS-01-1.webp","width":800,"height":800},{"@type":"BreadcrumbList","@id":"https:\/\/kinamihealth.com\/sv\/produkt\/aliaxin-fl\/#breadcrumb","itemListElement":[{"@type":"ListItem","position":1,"name":"Hem","item":"https:\/\/kinamihealth.com\/sr\/"},{"@type":"ListItem","position":2,"name":"Butik","item":"https:\/\/kinamihealth.com\/sv\/?page_id=127810"},{"@type":"ListItem","position":3,"name":"ALIAXIN\u00ae FL"}]},{"@type":"WebSite","@id":"https:\/\/kinamihealth.com\/#website","url":"https:\/\/kinamihealth.com\/","name":"Kinami Health","description":"","publisher":{"@id":"https:\/\/kinamihealth.com\/#organization"},"potentialAction":[{"@type":"SearchAction","target":{"@type":"EntryPoint","urlTemplate":"https:\/\/kinamihealth.com\/?s={search_term_string}"},"query-input":{"@type":"PropertyValueSpecification","valueRequired":true,"valueName":"search_term_string"}}],"inLanguage":"sv-SE"},{"@type":"Organization","@id":"https:\/\/kinamihealth.com\/#organization","name":"Kinami Health","url":"https:\/\/kinamihealth.com\/","logo":{"@type":"ImageObject","inLanguage":"sv-SE","@id":"https:\/\/kinamihealth.com\/#\/schema\/logo\/image\/","url":"https:\/\/kinamihealth.com\/wp-content\/uploads\/2025\/01\/KH_logo_black_2-1.png","contentUrl":"https:\/\/kinamihealth.com\/wp-content\/uploads\/2025\/01\/KH_logo_black_2-1.png","width":339,"height":34,"caption":"Kinami Health"},"image":{"@id":"https:\/\/kinamihealth.com\/#\/schema\/logo\/image\/"}}]}},"_links":{"self":[{"href":"https:\/\/kinamihealth.com\/sv\/wp-json\/wp\/v2\/product\/116422","targetHints":{"allow":["GET"]}}],"collection":[{"href":"https:\/\/kinamihealth.com\/sv\/wp-json\/wp\/v2\/product"}],"about":[{"href":"https:\/\/kinamihealth.com\/sv\/wp-json\/wp\/v2\/types\/product"}],"replies":[{"embeddable":true,"href":"https:\/\/kinamihealth.com\/sv\/wp-json\/wp\/v2\/comments?post=116422"}],"version-history":[{"count":0,"href":"https:\/\/kinamihealth.com\/sv\/wp-json\/wp\/v2\/product\/116422\/revisions"}],"wp:featuredmedia":[{"embeddable":true,"href":"https:\/\/kinamihealth.com\/sv\/wp-json\/wp\/v2\/media\/116427"}],"wp:attachment":[{"href":"https:\/\/kinamihealth.com\/sv\/wp-json\/wp\/v2\/media?parent=116422"}],"wp:term":[{"taxonomy":"product_brand","embeddable":true,"href":"https:\/\/kinamihealth.com\/sv\/wp-json\/wp\/v2\/product_brand?post=116422"},{"taxonomy":"product_cat","embeddable":true,"href":"https:\/\/kinamihealth.com\/sv\/wp-json\/wp\/v2\/product_cat?post=116422"},{"taxonomy":"product_tag","embeddable":true,"href":"https:\/\/kinamihealth.com\/sv\/wp-json\/wp\/v2\/product_tag?post=116422"}],"curies":[{"name":"wp","href":"https:\/\/api.w.org\/{rel}","templated":true}]}}