{"id":116400,"date":"2025-03-21T18:14:48","date_gmt":"2025-03-21T18:14:48","guid":{"rendered":"https:\/\/kinamihealth.com\/product\/orthovisc\/"},"modified":"2025-12-09T16:04:28","modified_gmt":"2025-12-09T16:04:28","slug":"orthovisc","status":"publish","type":"product","link":"https:\/\/kinamihealth.com\/sv\/produkt\/orthovisc\/","title":{"rendered":"ORTHOVISC\u00ae"},"content":{"rendered":"<p><span style=\"font-weight: 400;\">Best\u00e4ll Orthovisc injektioner och upplev f\u00f6rdelarna med denna potenta behandling mot artros som kan lindra sm\u00e4rta mycket effektivare \u00e4n orala l\u00e4kemedel. Gel\u00e9n \u00e4r tillverkad av ren hyaluronsyra med h\u00f6g molekylvikt och sm\u00f6rjer leder som kn\u00e4n och h\u00f6fter samt ger snabb sm\u00e4rtlindring. Som v\u00e5rdpersonal kan du <\/span><b><i>k\u00f6pa Orthovisc injektioner<\/i><\/b><span style=\"font-weight: 400;\"> hos Kinami Health och erbjuda dina patienter en effektiv icke-kirurgisk behandling som ger varaktiga resultat.<\/span><\/p>\n","protected":false},"excerpt":{"rendered":"<p>Best\u00e4ll Orthovisc injektioner och upplev f\u00f6rdelarna med denna potenta behandling mot artros som kan lindra sm\u00e4rta mycket effektivare \u00e4n orala l\u00e4kemedel. Gel\u00e9n \u00e4r tillverkad av ren hyaluronsyra med h\u00f6g molekylvikt och sm\u00f6rjer leder som kn\u00e4n och h\u00f6fter samt ger snabb sm\u00e4rtlindring. Som v\u00e5rdpersonal kan du k\u00f6pa Orthovisc injektioner hos Kinami Health och erbjuda dina patienter [&hellip;]<\/p>\n","protected":false},"featured_media":116398,"comment_status":"closed","ping_status":"closed","template":"","meta":{"_acf_changed":false,"inline_featured_image":false},"product_brand":[3163],"product_cat":[3255],"product_tag":[3256],"class_list":{"0":"post-116400","1":"product","2":"type-product","3":"status-publish","4":"has-post-thumbnail","6":"product_brand-orthovisc","7":"product_cat-orthopedic-injections-sv","8":"product_tag-medical-devices-sv","10":"first","11":"instock","12":"featured","13":"taxable","14":"shipping-taxable","15":"purchasable","16":"product-type-simple","17":"add-to-wishlist-before_image"},"acf":[],"yoast_head":"<!-- This site is optimized with the Yoast SEO plugin v27.3 - https:\/\/yoast.com\/product\/yoast-seo-wordpress\/ -->\n<title>K\u00f6p Orthovisc injektioner \u2013 Lindring av ledv\u00e4rk<\/title>\n<meta name=\"description\" content=\"K\u00f6p Orthovisc mot artros. Hyaluronsyragel sm\u00f6rjer lederna, minskar sm\u00e4rta och f\u00f6rb\u00e4ttrar r\u00f6rligheten f\u00f6r varaktig icke-kirurgisk lindring.\" \/>\n<meta name=\"robots\" content=\"index, follow, max-snippet:-1, max-image-preview:large, max-video-preview:-1\" \/>\n<link rel=\"canonical\" href=\"https:\/\/kinamihealth.com\/sv\/wp-json\/wp\/v2\/product\/116400\" \/>\n<meta property=\"og:locale\" content=\"sv_SE\" \/>\n<meta property=\"og:type\" content=\"article\" \/>\n<meta property=\"og:title\" content=\"K\u00f6p Orthovisc injektioner \u2013 Lindring av ledv\u00e4rk\" \/>\n<meta property=\"og:description\" content=\"K\u00f6p Orthovisc mot artros. Hyaluronsyragel sm\u00f6rjer lederna, minskar sm\u00e4rta och f\u00f6rb\u00e4ttrar r\u00f6rligheten f\u00f6r varaktig icke-kirurgisk lindring.\" \/>\n<meta property=\"og:url\" content=\"https:\/\/kinamihealth.com\/sv\/produkt\/orthovisc\/\" \/>\n<meta property=\"og:site_name\" content=\"Kinami Health\" \/>\n<meta property=\"article:modified_time\" content=\"2025-12-09T16:04:28+00:00\" \/>\n<meta property=\"og:image\" content=\"https:\/\/kinamihealth.com\/wp-content\/uploads\/2025\/03\/ORTHOVISC-2ML-ENGLISH-01.webp\" \/>\n\t<meta property=\"og:image:width\" content=\"800\" \/>\n\t<meta property=\"og:image:height\" content=\"800\" \/>\n\t<meta property=\"og:image:type\" content=\"image\/webp\" \/>\n<meta name=\"twitter:card\" content=\"summary_large_image\" \/>\n<meta name=\"twitter:label1\" content=\"Ber\u00e4knad l\u00e4stid\" \/>\n\t<meta name=\"twitter:data1\" content=\"1 minut\" \/>\n<!-- \/ Yoast SEO plugin. -->","yoast_head_json":{"title":"K\u00f6p Orthovisc injektioner \u2013 Lindring av ledv\u00e4rk","description":"K\u00f6p Orthovisc mot artros. Hyaluronsyragel sm\u00f6rjer lederna, minskar sm\u00e4rta och f\u00f6rb\u00e4ttrar r\u00f6rligheten f\u00f6r varaktig icke-kirurgisk lindring.","robots":{"index":"index","follow":"follow","max-snippet":"max-snippet:-1","max-image-preview":"max-image-preview:large","max-video-preview":"max-video-preview:-1"},"canonical":"https:\/\/kinamihealth.com\/sv\/wp-json\/wp\/v2\/product\/116400","og_locale":"sv_SE","og_type":"article","og_title":"K\u00f6p Orthovisc injektioner \u2013 Lindring av ledv\u00e4rk","og_description":"K\u00f6p Orthovisc mot artros. Hyaluronsyragel sm\u00f6rjer lederna, minskar sm\u00e4rta och f\u00f6rb\u00e4ttrar r\u00f6rligheten f\u00f6r varaktig icke-kirurgisk lindring.","og_url":"https:\/\/kinamihealth.com\/sv\/produkt\/orthovisc\/","og_site_name":"Kinami Health","article_modified_time":"2025-12-09T16:04:28+00:00","og_image":[{"width":800,"height":800,"url":"https:\/\/kinamihealth.com\/wp-content\/uploads\/2025\/03\/ORTHOVISC-2ML-ENGLISH-01.webp","type":"image\/webp"}],"twitter_card":"summary_large_image","twitter_misc":{"Ber\u00e4knad l\u00e4stid":"1 minut"},"schema":{"@context":"https:\/\/schema.org","@graph":[{"@type":"WebPage","@id":"https:\/\/kinamihealth.com\/sv\/produkt\/orthovisc\/","url":"https:\/\/kinamihealth.com\/sv\/produkt\/orthovisc\/","name":"K\u00f6p Orthovisc injektioner \u2013 Lindring av ledv\u00e4rk","isPartOf":{"@id":"https:\/\/kinamihealth.com\/#website"},"primaryImageOfPage":{"@id":"https:\/\/kinamihealth.com\/sv\/produkt\/orthovisc\/#primaryimage"},"image":{"@id":"https:\/\/kinamihealth.com\/sv\/produkt\/orthovisc\/#primaryimage"},"thumbnailUrl":"https:\/\/kinamihealth.com\/wp-content\/uploads\/2025\/03\/ORTHOVISC-2ML-ENGLISH-01.webp","datePublished":"2025-03-21T18:14:48+00:00","dateModified":"2025-12-09T16:04:28+00:00","description":"K\u00f6p Orthovisc mot artros. Hyaluronsyragel sm\u00f6rjer lederna, minskar sm\u00e4rta och f\u00f6rb\u00e4ttrar r\u00f6rligheten f\u00f6r varaktig icke-kirurgisk lindring.","breadcrumb":{"@id":"https:\/\/kinamihealth.com\/sv\/produkt\/orthovisc\/#breadcrumb"},"inLanguage":"sv-SE","potentialAction":[{"@type":"ReadAction","target":["https:\/\/kinamihealth.com\/sv\/produkt\/orthovisc\/"]}]},{"@type":"ImageObject","inLanguage":"sv-SE","@id":"https:\/\/kinamihealth.com\/sv\/produkt\/orthovisc\/#primaryimage","url":"https:\/\/kinamihealth.com\/wp-content\/uploads\/2025\/03\/ORTHOVISC-2ML-ENGLISH-01.webp","contentUrl":"https:\/\/kinamihealth.com\/wp-content\/uploads\/2025\/03\/ORTHOVISC-2ML-ENGLISH-01.webp","width":800,"height":800},{"@type":"BreadcrumbList","@id":"https:\/\/kinamihealth.com\/sv\/produkt\/orthovisc\/#breadcrumb","itemListElement":[{"@type":"ListItem","position":1,"name":"Hem","item":"https:\/\/kinamihealth.com\/sr\/"},{"@type":"ListItem","position":2,"name":"Butik","item":"https:\/\/kinamihealth.com\/sv\/?page_id=127810"},{"@type":"ListItem","position":3,"name":"ORTHOVISC\u00ae"}]},{"@type":"WebSite","@id":"https:\/\/kinamihealth.com\/#website","url":"https:\/\/kinamihealth.com\/","name":"Kinami Health","description":"","publisher":{"@id":"https:\/\/kinamihealth.com\/#organization"},"potentialAction":[{"@type":"SearchAction","target":{"@type":"EntryPoint","urlTemplate":"https:\/\/kinamihealth.com\/?s={search_term_string}"},"query-input":{"@type":"PropertyValueSpecification","valueRequired":true,"valueName":"search_term_string"}}],"inLanguage":"sv-SE"},{"@type":"Organization","@id":"https:\/\/kinamihealth.com\/#organization","name":"Kinami Health","url":"https:\/\/kinamihealth.com\/","logo":{"@type":"ImageObject","inLanguage":"sv-SE","@id":"https:\/\/kinamihealth.com\/#\/schema\/logo\/image\/","url":"https:\/\/kinamihealth.com\/wp-content\/uploads\/2025\/01\/KH_logo_black_2-1.png","contentUrl":"https:\/\/kinamihealth.com\/wp-content\/uploads\/2025\/01\/KH_logo_black_2-1.png","width":339,"height":34,"caption":"Kinami Health"},"image":{"@id":"https:\/\/kinamihealth.com\/#\/schema\/logo\/image\/"}}]}},"_links":{"self":[{"href":"https:\/\/kinamihealth.com\/sv\/wp-json\/wp\/v2\/product\/116400","targetHints":{"allow":["GET"]}}],"collection":[{"href":"https:\/\/kinamihealth.com\/sv\/wp-json\/wp\/v2\/product"}],"about":[{"href":"https:\/\/kinamihealth.com\/sv\/wp-json\/wp\/v2\/types\/product"}],"replies":[{"embeddable":true,"href":"https:\/\/kinamihealth.com\/sv\/wp-json\/wp\/v2\/comments?post=116400"}],"version-history":[{"count":0,"href":"https:\/\/kinamihealth.com\/sv\/wp-json\/wp\/v2\/product\/116400\/revisions"}],"wp:featuredmedia":[{"embeddable":true,"href":"https:\/\/kinamihealth.com\/sv\/wp-json\/wp\/v2\/media\/116398"}],"wp:attachment":[{"href":"https:\/\/kinamihealth.com\/sv\/wp-json\/wp\/v2\/media?parent=116400"}],"wp:term":[{"taxonomy":"product_brand","embeddable":true,"href":"https:\/\/kinamihealth.com\/sv\/wp-json\/wp\/v2\/product_brand?post=116400"},{"taxonomy":"product_cat","embeddable":true,"href":"https:\/\/kinamihealth.com\/sv\/wp-json\/wp\/v2\/product_cat?post=116400"},{"taxonomy":"product_tag","embeddable":true,"href":"https:\/\/kinamihealth.com\/sv\/wp-json\/wp\/v2\/product_tag?post=116400"}],"curies":[{"name":"wp","href":"https:\/\/api.w.org\/{rel}","templated":true}]}}