{"id":127807,"date":"2025-01-24T11:35:07","date_gmt":"2025-01-24T11:35:07","guid":{"rendered":"https:\/\/kinamihealth.com\/fraktpolicy\/"},"modified":"2025-12-20T19:19:51","modified_gmt":"2025-12-20T19:19:51","slug":"fraktpolicy","status":"publish","type":"page","link":"https:\/\/kinamihealth.com\/sv\/fraktpolicy\/","title":{"rendered":"Fraktpolicy"},"content":{"rendered":"\t\t<div data-elementor-type=\"wp-page\" data-elementor-id=\"127807\" class=\"elementor elementor-127807 elementor-177\" data-elementor-post-type=\"page\">\n\t\t\t\t<div class=\"elementor-element elementor-element-ca6624d e-con-full e-flex e-con e-parent\" data-id=\"ca6624d\" data-element_type=\"container\">\n\t\t\t\t<div class=\"elementor-element elementor-element-d6d5e04 elementor-widget elementor-widget-heading\" data-id=\"d6d5e04\" data-element_type=\"widget\" data-widget_type=\"heading.default\">\n\t\t\t\t<div class=\"elementor-widget-container\">\n\t\t\t\t\t<h1 class=\"elementor-heading-title elementor-size-default\">FRAKTPOLICY<\/h1>\t\t\t\t<\/div>\n\t\t\t\t<\/div>\n\t\t\t\t<div class=\"elementor-element elementor-element-5e87a57 elementor-widget elementor-widget-heading\" data-id=\"5e87a57\" data-element_type=\"widget\" data-widget_type=\"heading.default\">\n\t\t\t\t<div class=\"elementor-widget-container\">\n\t\t\t\t\t<h3 class=\"elementor-heading-title elementor-size-default\">Var skickar Kinami Health till?<\/h3>\t\t\t\t<\/div>\n\t\t\t\t<\/div>\n\t\t\t\t<div class=\"elementor-element elementor-element-f797653 elementor-widget elementor-widget-text-editor\" data-id=\"f797653\" data-element_type=\"widget\" data-widget_type=\"text-editor.default\">\n\t\t\t\t<div class=\"elementor-widget-container\">\n\t\t\t\t\t\t\t\t\t<p>Kinami Health levererar till EU- och Asienmarknaderna.<\/p>\t\t\t\t\t\t\t\t<\/div>\n\t\t\t\t<\/div>\n\t\t\t\t<div class=\"elementor-element elementor-element-c0c404d elementor-widget elementor-widget-heading\" data-id=\"c0c404d\" data-element_type=\"widget\" data-widget_type=\"heading.default\">\n\t\t\t\t<div class=\"elementor-widget-container\">\n\t\t\t\t\t<h3 class=\"elementor-heading-title elementor-size-default\">Hur mycket kostar frakten?<\/h3>\t\t\t\t<\/div>\n\t\t\t\t<\/div>\n\t\t\t\t<div class=\"elementor-element elementor-element-f371d18 elementor-widget elementor-widget-text-editor\" data-id=\"f371d18\" data-element_type=\"widget\" data-widget_type=\"text-editor.default\">\n\t\t\t\t<div class=\"elementor-widget-container\">\n\t\t\t\t\t\t\t\t\t<p>Frakten \u00e4r gratis f\u00f6r best\u00e4llningar \u00f6ver 1000 EUR. F\u00f6r best\u00e4llningar under 1000 euro tillkommer en fraktavgift p\u00e5 20 EUR. <\/p>\t\t\t\t\t\t\t\t<\/div>\n\t\t\t\t<\/div>\n\t\t\t\t<div class=\"elementor-element elementor-element-22e1622 elementor-widget elementor-widget-heading\" data-id=\"22e1622\" data-element_type=\"widget\" data-widget_type=\"heading.default\">\n\t\t\t\t<div class=\"elementor-widget-container\">\n\t\t\t\t\t<h3 class=\"elementor-heading-title elementor-size-default\">Vilket fraktbolag anv\u00e4nder Kinami Health?<\/h3>\t\t\t\t<\/div>\n\t\t\t\t<\/div>\n\t\t\t\t<div class=\"elementor-element elementor-element-b19428c elementor-widget elementor-widget-text-editor\" data-id=\"b19428c\" data-element_type=\"widget\" data-widget_type=\"text-editor.default\">\n\t\t\t\t<div class=\"elementor-widget-container\">\n\t\t\t\t\t\t\t\t\t<p>Det kan variera beroende p\u00e5 vilka frakttj\u00e4nster som finns tillg\u00e4ngliga lokalt f\u00f6r leveranser. Vi informerar dig om sp\u00e5rningsnumret och leveransmetoden n\u00e4r vi har behandlat din best\u00e4llning. <\/p>\t\t\t\t\t\t\t\t<\/div>\n\t\t\t\t<\/div>\n\t\t\t\t<div class=\"elementor-element elementor-element-fe15c5f elementor-widget elementor-widget-heading\" data-id=\"fe15c5f\" data-element_type=\"widget\" data-widget_type=\"heading.default\">\n\t\t\t\t<div class=\"elementor-widget-container\">\n\t\t\t\t\t<h3 class=\"elementor-heading-title elementor-size-default\">N\u00e4r kommer min best\u00e4llning?<\/h3>\t\t\t\t<\/div>\n\t\t\t\t<\/div>\n\t\t\t\t<div class=\"elementor-element elementor-element-ac31632 elementor-widget elementor-widget-text-editor\" data-id=\"ac31632\" data-element_type=\"widget\" data-widget_type=\"text-editor.default\">\n\t\t\t\t<div class=\"elementor-widget-container\">\n\t\t\t\t\t\t\t\t\t<p>N\u00e4r en best\u00e4llning har behandlats skickas produkten ut inom 24 timmar (m\u00e5ndag till fredag, f\u00f6rutom helgdagar). Leverans inom EU tar vanligtvis 48 timmar, medan internationell leverans i genomsnitt tar 7 till 10 arbetsdagar. Garanterad leveranstid \u00e4r inom 14 dagar. I det s\u00e4llsynta fall att lager inte finns tillg\u00e4ngligt omedelbart, f\u00e5r du besked n\u00e4r best\u00e4llningen f\u00f6rv\u00e4ntas skickas iv\u00e4g. Dock kan transporttiden variera beroende p\u00e5 region. Det rekommenderas att du ringer v\u00e5r v\u00e4nliga kundtj\u00e4nst f\u00f6r att f\u00e5 en b\u00e4ttre uppfattning om hur l\u00e5ng tid din best\u00e4llning kommer att ta innan den n\u00e5r dig.     <\/p>\t\t\t\t\t\t\t\t<\/div>\n\t\t\t\t<\/div>\n\t\t\t\t<\/div>\n\t\t\t\t<\/div>\n\t\t","protected":false},"excerpt":{"rendered":"<p>FRAKTPOLICY Var skickar Kinami Health till? Kinami Health levererar till EU- och Asienmarknaderna. Hur mycket kostar frakten? Frakten \u00e4r gratis f\u00f6r best\u00e4llningar \u00f6ver 1000 EUR. F\u00f6r best\u00e4llningar under 1000 euro tillkommer en fraktavgift p\u00e5 20 EUR. Vilket fraktbolag anv\u00e4nder Kinami Health? Det kan variera beroende p\u00e5 vilka frakttj\u00e4nster som finns tillg\u00e4ngliga lokalt f\u00f6r leveranser. Vi [&hellip;]<\/p>\n","protected":false},"author":1,"featured_media":0,"parent":0,"menu_order":0,"comment_status":"closed","ping_status":"closed","template":"elementor_header_footer","meta":{"_acf_changed":false,"inline_featured_image":false,"footnotes":""},"class_list":["post-127807","page","type-page","status-publish","hentry"],"acf":[],"yoast_head":"<!-- This site is optimized with the Yoast SEO plugin v27.5 - https:\/\/yoast.com\/product\/yoast-seo-wordpress\/ -->\n<title>Fraktpolicy - Kinami Health<\/title>\n<meta name=\"description\" content=\"Fraktpolicyn beskriver Kinami Healths leveransalternativ, handl\u00e4ggningstider, internationella frakttj\u00e4nster och villkor.\" \/>\n<meta name=\"robots\" content=\"index, follow, max-snippet:-1, max-image-preview:large, max-video-preview:-1\" \/>\n<link rel=\"canonical\" href=\"https:\/\/kinamihealth.com\/sv\/wp-json\/wp\/v2\/pages\/127807\" \/>\n<meta property=\"og:locale\" content=\"sv_SE\" \/>\n<meta property=\"og:type\" content=\"article\" \/>\n<meta property=\"og:title\" content=\"Fraktpolicy - Kinami Health\" \/>\n<meta property=\"og:description\" content=\"Fraktpolicyn beskriver Kinami Healths leveransalternativ, handl\u00e4ggningstider, internationella frakttj\u00e4nster och villkor.\" \/>\n<meta property=\"og:url\" content=\"https:\/\/kinamihealth.com\/sv\/?page_id=127807\" \/>\n<meta property=\"og:site_name\" content=\"Kinami Health\" \/>\n<meta property=\"article:modified_time\" content=\"2025-12-20T19:19:51+00:00\" \/>\n<meta name=\"twitter:card\" content=\"summary_large_image\" \/>\n<meta name=\"twitter:label1\" content=\"Ber\u00e4knad l\u00e4stid\" \/>\n\t<meta name=\"twitter:data1\" content=\"1 minut\" \/>\n<!-- \/ Yoast SEO plugin. -->","yoast_head_json":{"title":"Fraktpolicy - Kinami Health","description":"Fraktpolicyn beskriver Kinami Healths leveransalternativ, handl\u00e4ggningstider, internationella frakttj\u00e4nster och villkor.","robots":{"index":"index","follow":"follow","max-snippet":"max-snippet:-1","max-image-preview":"max-image-preview:large","max-video-preview":"max-video-preview:-1"},"canonical":"https:\/\/kinamihealth.com\/sv\/wp-json\/wp\/v2\/pages\/127807","og_locale":"sv_SE","og_type":"article","og_title":"Fraktpolicy - Kinami Health","og_description":"Fraktpolicyn beskriver Kinami Healths leveransalternativ, handl\u00e4ggningstider, internationella frakttj\u00e4nster och villkor.","og_url":"https:\/\/kinamihealth.com\/sv\/?page_id=127807","og_site_name":"Kinami Health","article_modified_time":"2025-12-20T19:19:51+00:00","twitter_card":"summary_large_image","twitter_misc":{"Ber\u00e4knad l\u00e4stid":"1 minut"},"schema":{"@context":"https:\/\/schema.org","@graph":[{"@type":"WebPage","@id":"https:\/\/kinamihealth.com\/sv\/?page_id=127807","url":"https:\/\/kinamihealth.com\/sv\/?page_id=127807","name":"Fraktpolicy - Kinami Health","isPartOf":{"@id":"https:\/\/kinamihealth.com\/#website"},"datePublished":"2025-01-24T11:35:07+00:00","dateModified":"2025-12-20T19:19:51+00:00","description":"Fraktpolicyn beskriver Kinami Healths leveransalternativ, handl\u00e4ggningstider, internationella frakttj\u00e4nster och villkor.","breadcrumb":{"@id":"https:\/\/kinamihealth.com\/sv\/?page_id=127807#breadcrumb"},"inLanguage":"sv-SE","potentialAction":[{"@type":"ReadAction","target":["https:\/\/kinamihealth.com\/sv\/?page_id=127807"]}]},{"@type":"BreadcrumbList","@id":"https:\/\/kinamihealth.com\/sv\/?page_id=127807#breadcrumb","itemListElement":[{"@type":"ListItem","position":1,"name":"Hem","item":"https:\/\/kinamihealth.com\/sr\/"},{"@type":"ListItem","position":2,"name":"Fraktpolicy"}]},{"@type":"WebSite","@id":"https:\/\/kinamihealth.com\/#website","url":"https:\/\/kinamihealth.com\/","name":"Kinami Health","description":"","publisher":{"@id":"https:\/\/kinamihealth.com\/#organization"},"potentialAction":[{"@type":"SearchAction","target":{"@type":"EntryPoint","urlTemplate":"https:\/\/kinamihealth.com\/?s={search_term_string}"},"query-input":{"@type":"PropertyValueSpecification","valueRequired":true,"valueName":"search_term_string"}}],"inLanguage":"sv-SE"},{"@type":"Organization","@id":"https:\/\/kinamihealth.com\/#organization","name":"Kinami Health","url":"https:\/\/kinamihealth.com\/","logo":{"@type":"ImageObject","inLanguage":"sv-SE","@id":"https:\/\/kinamihealth.com\/#\/schema\/logo\/image\/","url":"https:\/\/kinamihealth.com\/wp-content\/uploads\/2025\/01\/KH_logo_black_2-1.png","contentUrl":"https:\/\/kinamihealth.com\/wp-content\/uploads\/2025\/01\/KH_logo_black_2-1.png","width":339,"height":34,"caption":"Kinami Health"},"image":{"@id":"https:\/\/kinamihealth.com\/#\/schema\/logo\/image\/"}}]}},"_links":{"self":[{"href":"https:\/\/kinamihealth.com\/sv\/wp-json\/wp\/v2\/pages\/127807","targetHints":{"allow":["GET"]}}],"collection":[{"href":"https:\/\/kinamihealth.com\/sv\/wp-json\/wp\/v2\/pages"}],"about":[{"href":"https:\/\/kinamihealth.com\/sv\/wp-json\/wp\/v2\/types\/page"}],"author":[{"embeddable":true,"href":"https:\/\/kinamihealth.com\/sv\/wp-json\/wp\/v2\/users\/1"}],"replies":[{"embeddable":true,"href":"https:\/\/kinamihealth.com\/sv\/wp-json\/wp\/v2\/comments?post=127807"}],"version-history":[{"count":0,"href":"https:\/\/kinamihealth.com\/sv\/wp-json\/wp\/v2\/pages\/127807\/revisions"}],"wp:attachment":[{"href":"https:\/\/kinamihealth.com\/sv\/wp-json\/wp\/v2\/media?parent=127807"}],"curies":[{"name":"wp","href":"https:\/\/api.w.org\/{rel}","templated":true}]}}