{"id":127804,"date":"2025-03-08T19:52:41","date_gmt":"2025-03-08T19:52:41","guid":{"rendered":"https:\/\/kinamihealth.com\/aterlamnande-policy\/"},"modified":"2025-12-20T19:17:30","modified_gmt":"2025-12-20T19:17:30","slug":"aterlamnande-policy","status":"publish","type":"page","link":"https:\/\/kinamihealth.com\/sv\/aterlamnande-policy\/","title":{"rendered":"\u00c5terl\u00e4mnande policy"},"content":{"rendered":"\t\t<div data-elementor-type=\"wp-page\" data-elementor-id=\"127804\" class=\"elementor elementor-127804 elementor-102763\" data-elementor-post-type=\"page\">\n\t\t\t\t<div class=\"elementor-element elementor-element-aedcf2e e-con-full e-flex e-con e-parent\" data-id=\"aedcf2e\" data-element_type=\"container\">\n\t\t<div class=\"elementor-element elementor-element-0d116e2 e-con-full e-flex e-con e-child\" data-id=\"0d116e2\" data-element_type=\"container\">\n\t\t\t\t<div class=\"elementor-element elementor-element-a9b986f elementor-widget elementor-widget-heading\" data-id=\"a9b986f\" data-element_type=\"widget\" data-widget_type=\"heading.default\">\n\t\t\t\t<div class=\"elementor-widget-container\">\n\t\t\t\t\t<h1 class=\"elementor-heading-title elementor-size-default\">RETURPOLICY<\/h1>\t\t\t\t<\/div>\n\t\t\t\t<\/div>\n\t\t\t\t<div class=\"elementor-element elementor-element-33cd301 elementor-widget elementor-widget-text-editor\" data-id=\"33cd301\" data-element_type=\"widget\" data-widget_type=\"text-editor.default\">\n\t\t\t\t<div class=\"elementor-widget-container\">\n\t\t\t\t\t\t\t\t\t<p>Om du st\u00f6ter p\u00e5 n\u00e5gra komplikationer med din best\u00e4llning, v\u00e4nligen kontakta Kinami Health omedelbart. V\u00e5ra kundtj\u00e4nstrepresentanter kommer att unders\u00f6ka om din best\u00e4llning kvalificerar f\u00f6r \u00e5terbetalning. \u00c5terbetalningar sker efter Kinami Healths bed\u00f6mning och vi garanterar inte att vi kommer att erbjuda \u00e5terbetalning i alla fall.  <\/p>\t\t\t\t\t\t\t\t<\/div>\n\t\t\t\t<\/div>\n\t\t\t\t<div class=\"elementor-element elementor-element-6ea1ece elementor-widget elementor-widget-heading\" data-id=\"6ea1ece\" data-element_type=\"widget\" data-widget_type=\"heading.default\">\n\t\t\t\t<div class=\"elementor-widget-container\">\n\t\t\t\t\t<h3 class=\"elementor-heading-title elementor-size-default\">Vilka best\u00e4llningar kan kvalificera sig f\u00f6r \u00e5terbetalning?<\/h3>\t\t\t\t<\/div>\n\t\t\t\t<\/div>\n\t\t\t\t<div class=\"elementor-element elementor-element-5059d05 elementor-widget elementor-widget-text-editor\" data-id=\"5059d05\" data-element_type=\"widget\" data-widget_type=\"text-editor.default\">\n\t\t\t\t<div class=\"elementor-widget-container\">\n\t\t\t\t\t\t\t\t\t<p>Om du mot st\u00f6rsta sannolikhet \u00e4r missn\u00f6jd med best\u00e4llningen du f\u00e5tt, v\u00e4nligen kontakta Kinami Health. Vi kommer endast att ge \u00e5terbetalningar i f\u00f6ljande fall: om vi felaktigt angav produktens f\u00f6rpackning till dig n\u00e4r du lade din best\u00e4llning; Om du fick ett skadat paket; Om produkten bevisas vara inaktiv n\u00e4r du f\u00f6rst anv\u00e4nder den. I n\u00e5got av dessa fall b\u00f6r du h\u00e5lla produkterna tills du f\u00e5r vidare instruktioner fr\u00e5n Kinami Health. Om vi bed\u00f6mer att du b\u00f6r f\u00e5 en \u00e5terbetalning kan du antingen beg\u00e4ra att vi skickar en ers\u00e4ttning eller f\u00e5 full \u00e5terbetalning eller kontokredit f\u00f6r den varan.   <\/p>\t\t\t\t\t\t\t\t<\/div>\n\t\t\t\t<\/div>\n\t\t\t\t<div class=\"elementor-element elementor-element-0ba7f55 elementor-widget elementor-widget-heading\" data-id=\"0ba7f55\" data-element_type=\"widget\" data-widget_type=\"heading.default\">\n\t\t\t\t<div class=\"elementor-widget-container\">\n\t\t\t\t\t<h3 class=\"elementor-heading-title elementor-size-default\">Vilken information beh\u00f6ver jag f\u00f6r att returnera en produkt?<\/h3>\t\t\t\t<\/div>\n\t\t\t\t<\/div>\n\t\t\t\t<div class=\"elementor-element elementor-element-a599cca elementor-widget elementor-widget-text-editor\" data-id=\"a599cca\" data-element_type=\"widget\" data-widget_type=\"text-editor.default\">\n\t\t\t\t<div class=\"elementor-widget-container\">\n\t\t\t\t\t\t\t\t\t<p>Kinami Health accepterar inte produktreturer. Tveka inte att kontakta kundtj\u00e4nst f\u00f6r v\u00e4gledning. Om du har anv\u00e4nt medicintekniken och funnit den defekt i processen, beh\u00e5ll partinummer och utg\u00e5ngsdatum i kundens fil.  <\/p>\t\t\t\t\t\t\t\t<\/div>\n\t\t\t\t<\/div>\n\t\t\t\t<div class=\"elementor-element elementor-element-4a00179 elementor-widget elementor-widget-heading\" data-id=\"4a00179\" data-element_type=\"widget\" data-widget_type=\"heading.default\">\n\t\t\t\t<div class=\"elementor-widget-container\">\n\t\t\t\t\t<h3 class=\"elementor-heading-title elementor-size-default\">Hur f\u00e5r jag en \u00e5terbetalning?<\/h3>\t\t\t\t<\/div>\n\t\t\t\t<\/div>\n\t\t\t\t<div class=\"elementor-element elementor-element-ebc5921 elementor-widget elementor-widget-text-editor\" data-id=\"ebc5921\" data-element_type=\"widget\" data-widget_type=\"text-editor.default\">\n\t\t\t\t<div class=\"elementor-widget-container\">\n\t\t\t\t\t\t\t\t\t<p>Beroende p\u00e5 omst\u00e4ndigheterna kan du eventuellt f\u00e5 en \u00e5terbetalning enligt v\u00e5ra instruktioner. Du kan antingen beg\u00e4ra att vi skickar en ers\u00e4ttning till samma leveransadress som originalet eller f\u00e5 full \u00e5terbetalning eller kontokredit f\u00f6r den varan. Denna kontokredit g\u00e4ller f\u00f6r framtida k\u00f6p av samma eller en annan produkt.  <\/p><p>Observera att eventuella produktfel\/problem m\u00e5ste rapporteras inom 6 m\u00e5nader fr\u00e5n k\u00f6pdatumet f\u00f6r att f\u00e5 ers\u00e4ttning eller \u00e5terbetalning. Vi kommer inte att ers\u00e4tta eller \u00e5terbetala n\u00e5gra varor med problem som uppm\u00e4rksammas efter att denna period \u00e4r slut. <\/p>\t\t\t\t\t\t\t\t<\/div>\n\t\t\t\t<\/div>\n\t\t\t\t<div class=\"elementor-element elementor-element-997b036 elementor-widget elementor-widget-heading\" data-id=\"997b036\" data-element_type=\"widget\" data-widget_type=\"heading.default\">\n\t\t\t\t<div class=\"elementor-widget-container\">\n\t\t\t\t\t<h3 class=\"elementor-heading-title elementor-size-default\">Kommer jag alltid att kvalificera mig f\u00f6r \u00e5terbetalning?<\/h3>\t\t\t\t<\/div>\n\t\t\t\t<\/div>\n\t\t\t\t<div class=\"elementor-element elementor-element-c7f4c64 elementor-widget elementor-widget-text-editor\" data-id=\"c7f4c64\" data-element_type=\"widget\" data-widget_type=\"text-editor.default\">\n\t\t\t\t<div class=\"elementor-widget-container\">\n\t\t\t\t\t\t\t\t\t<p>Kinami Health erbjuder \u00e5terbetalningar efter eget gottfinnande. Vi kan inte garantera att vi erbjuder \u00e5terbetalning i alla fall. Vi g\u00f6r dock v\u00e5rt b\u00e4sta f\u00f6r att s\u00e4kerst\u00e4lla att du blir n\u00f6jd med din best\u00e4llning av medicinska f\u00f6rn\u00f6denheter. Om du har n\u00e5gra fr\u00e5gor eller funderingar kring denna policy, kontakta oss f\u00f6r mer information.   <\/p>\t\t\t\t\t\t\t\t<\/div>\n\t\t\t\t<\/div>\n\t\t\t\t<\/div>\n\t\t\t\t<\/div>\n\t\t\t\t<\/div>\n\t\t","protected":false},"excerpt":{"rendered":"<p>RETURPOLICY Om du st\u00f6ter p\u00e5 n\u00e5gra komplikationer med din best\u00e4llning, v\u00e4nligen kontakta Kinami Health omedelbart. V\u00e5ra kundtj\u00e4nstrepresentanter kommer att unders\u00f6ka om din best\u00e4llning kvalificerar f\u00f6r \u00e5terbetalning. \u00c5terbetalningar sker efter Kinami Healths bed\u00f6mning och vi garanterar inte att vi kommer att erbjuda \u00e5terbetalning i alla fall. Vilka best\u00e4llningar kan kvalificera sig f\u00f6r \u00e5terbetalning? Om du mot [&hellip;]<\/p>\n","protected":false},"author":1,"featured_media":0,"parent":0,"menu_order":0,"comment_status":"closed","ping_status":"closed","template":"elementor_header_footer","meta":{"_acf_changed":false,"inline_featured_image":false,"footnotes":""},"class_list":["post-127804","page","type-page","status-publish","hentry"],"acf":[],"yoast_head":"<!-- This site is optimized with the Yoast SEO plugin v27.3 - https:\/\/yoast.com\/product\/yoast-seo-wordpress\/ -->\n<title>\u00c5terl\u00e4mnande policy - Kinami Health<\/title>\n<meta name=\"description\" content=\"\u00c5ters\u00e4ndningspolicyn beskriver tydligt Kinami Healths villkor och rutiner f\u00f6r retur eller byte av produkter k\u00f6pta online.\" \/>\n<meta name=\"robots\" content=\"index, follow, max-snippet:-1, max-image-preview:large, max-video-preview:-1\" \/>\n<link rel=\"canonical\" href=\"https:\/\/kinamihealth.com\/sv\/wp-json\/wp\/v2\/pages\/127804\" \/>\n<meta property=\"og:locale\" content=\"sv_SE\" \/>\n<meta property=\"og:type\" content=\"article\" \/>\n<meta property=\"og:title\" content=\"\u00c5terl\u00e4mnande policy - Kinami Health\" \/>\n<meta property=\"og:description\" content=\"\u00c5ters\u00e4ndningspolicyn beskriver tydligt Kinami Healths villkor och rutiner f\u00f6r retur eller byte av produkter k\u00f6pta online.\" \/>\n<meta property=\"og:url\" content=\"https:\/\/kinamihealth.com\/sv\/?page_id=127804\" \/>\n<meta property=\"og:site_name\" content=\"Kinami Health\" \/>\n<meta property=\"article:modified_time\" content=\"2025-12-20T19:17:30+00:00\" \/>\n<meta name=\"twitter:card\" content=\"summary_large_image\" \/>\n<meta name=\"twitter:label1\" content=\"Ber\u00e4knad l\u00e4stid\" \/>\n\t<meta name=\"twitter:data1\" content=\"2 minuter\" \/>\n<!-- \/ Yoast SEO plugin. -->","yoast_head_json":{"title":"\u00c5terl\u00e4mnande policy - Kinami Health","description":"\u00c5ters\u00e4ndningspolicyn beskriver tydligt Kinami Healths villkor och rutiner f\u00f6r retur eller byte av produkter k\u00f6pta online.","robots":{"index":"index","follow":"follow","max-snippet":"max-snippet:-1","max-image-preview":"max-image-preview:large","max-video-preview":"max-video-preview:-1"},"canonical":"https:\/\/kinamihealth.com\/sv\/wp-json\/wp\/v2\/pages\/127804","og_locale":"sv_SE","og_type":"article","og_title":"\u00c5terl\u00e4mnande policy - Kinami Health","og_description":"\u00c5ters\u00e4ndningspolicyn beskriver tydligt Kinami Healths villkor och rutiner f\u00f6r retur eller byte av produkter k\u00f6pta online.","og_url":"https:\/\/kinamihealth.com\/sv\/?page_id=127804","og_site_name":"Kinami Health","article_modified_time":"2025-12-20T19:17:30+00:00","twitter_card":"summary_large_image","twitter_misc":{"Ber\u00e4knad l\u00e4stid":"2 minuter"},"schema":{"@context":"https:\/\/schema.org","@graph":[{"@type":"WebPage","@id":"https:\/\/kinamihealth.com\/sv\/?page_id=127804","url":"https:\/\/kinamihealth.com\/sv\/?page_id=127804","name":"\u00c5terl\u00e4mnande policy - Kinami Health","isPartOf":{"@id":"https:\/\/kinamihealth.com\/#website"},"datePublished":"2025-03-08T19:52:41+00:00","dateModified":"2025-12-20T19:17:30+00:00","description":"\u00c5ters\u00e4ndningspolicyn beskriver tydligt Kinami Healths villkor och rutiner f\u00f6r retur eller byte av produkter k\u00f6pta online.","breadcrumb":{"@id":"https:\/\/kinamihealth.com\/sv\/?page_id=127804#breadcrumb"},"inLanguage":"sv-SE","potentialAction":[{"@type":"ReadAction","target":["https:\/\/kinamihealth.com\/sv\/?page_id=127804"]}]},{"@type":"BreadcrumbList","@id":"https:\/\/kinamihealth.com\/sv\/?page_id=127804#breadcrumb","itemListElement":[{"@type":"ListItem","position":1,"name":"Hem","item":"https:\/\/kinamihealth.com\/sr\/"},{"@type":"ListItem","position":2,"name":"\u00c5terl\u00e4mnande policy"}]},{"@type":"WebSite","@id":"https:\/\/kinamihealth.com\/#website","url":"https:\/\/kinamihealth.com\/","name":"Kinami Health","description":"","publisher":{"@id":"https:\/\/kinamihealth.com\/#organization"},"potentialAction":[{"@type":"SearchAction","target":{"@type":"EntryPoint","urlTemplate":"https:\/\/kinamihealth.com\/?s={search_term_string}"},"query-input":{"@type":"PropertyValueSpecification","valueRequired":true,"valueName":"search_term_string"}}],"inLanguage":"sv-SE"},{"@type":"Organization","@id":"https:\/\/kinamihealth.com\/#organization","name":"Kinami Health","url":"https:\/\/kinamihealth.com\/","logo":{"@type":"ImageObject","inLanguage":"sv-SE","@id":"https:\/\/kinamihealth.com\/#\/schema\/logo\/image\/","url":"https:\/\/kinamihealth.com\/wp-content\/uploads\/2025\/01\/KH_logo_black_2-1.png","contentUrl":"https:\/\/kinamihealth.com\/wp-content\/uploads\/2025\/01\/KH_logo_black_2-1.png","width":339,"height":34,"caption":"Kinami Health"},"image":{"@id":"https:\/\/kinamihealth.com\/#\/schema\/logo\/image\/"}}]}},"_links":{"self":[{"href":"https:\/\/kinamihealth.com\/sv\/wp-json\/wp\/v2\/pages\/127804","targetHints":{"allow":["GET"]}}],"collection":[{"href":"https:\/\/kinamihealth.com\/sv\/wp-json\/wp\/v2\/pages"}],"about":[{"href":"https:\/\/kinamihealth.com\/sv\/wp-json\/wp\/v2\/types\/page"}],"author":[{"embeddable":true,"href":"https:\/\/kinamihealth.com\/sv\/wp-json\/wp\/v2\/users\/1"}],"replies":[{"embeddable":true,"href":"https:\/\/kinamihealth.com\/sv\/wp-json\/wp\/v2\/comments?post=127804"}],"version-history":[{"count":0,"href":"https:\/\/kinamihealth.com\/sv\/wp-json\/wp\/v2\/pages\/127804\/revisions"}],"wp:attachment":[{"href":"https:\/\/kinamihealth.com\/sv\/wp-json\/wp\/v2\/media?parent=127804"}],"curies":[{"name":"wp","href":"https:\/\/api.w.org\/{rel}","templated":true}]}}