{"id":127773,"date":"2025-03-19T16:47:32","date_gmt":"2025-03-19T16:47:32","guid":{"rendered":"https:\/\/kinamihealth.com\/kundavtal\/"},"modified":"2025-12-20T18:53:15","modified_gmt":"2025-12-20T18:53:15","slug":"kundavtal","status":"publish","type":"page","link":"https:\/\/kinamihealth.com\/sv\/kundavtal\/","title":{"rendered":"Kundavtal"},"content":{"rendered":"\t\t<div data-elementor-type=\"wp-page\" data-elementor-id=\"127773\" class=\"elementor elementor-127773 elementor-103541\" data-elementor-post-type=\"page\">\n\t\t\t\t<div class=\"elementor-element elementor-element-706ea5c e-con-full e-flex e-con e-parent\" data-id=\"706ea5c\" data-element_type=\"container\">\n\t\t<div class=\"elementor-element elementor-element-097edac e-con-full e-flex e-con e-child\" data-id=\"097edac\" data-element_type=\"container\">\n\t\t\t\t<div class=\"elementor-element elementor-element-53d605c elementor-widget elementor-widget-heading\" data-id=\"53d605c\" data-element_type=\"widget\" data-widget_type=\"heading.default\">\n\t\t\t\t<div class=\"elementor-widget-container\">\n\t\t\t\t\t<h1 class=\"elementor-heading-title elementor-size-default\">F\u00f6rst\u00e5else av Kinami Healths kundavtalsvillkor<\/h1>\t\t\t\t<\/div>\n\t\t\t\t<\/div>\n\t\t\t\t<div class=\"elementor-element elementor-element-ace4554 elementor-widget elementor-widget-text-editor\" data-id=\"ace4554\" data-element_type=\"widget\" data-widget_type=\"text-editor.default\">\n\t\t\t\t<div class=\"elementor-widget-container\">\n\t\t\t\t\t\t\t\t\t<p>Eftersom jag \u00e4r \u00f6ver 21 \u00e5r ing\u00e5r jag h\u00e4rmed detta avtal (&#8220;Avtalet&#8221;) med Kinami Limited, f\u00f6r och p\u00e5 uppdrag av sig sj\u00e4lv och varje licensierad leverant\u00f6r och mina agenter (definierade nedan), med avsikt att vara juridiskt bunden:<\/p><p>1.01 Jag ing\u00e5r detta avtal med Kinami Limited eftersom jag vill l\u00e4gga en best\u00e4llning (&#8220;Min best\u00e4llning&#8221;) p\u00e5 vissa l\u00e4kemedel och andra produkter (&#8220;Produkterna&#8221;), enligt de villkor som anges h\u00e4r.<\/p><p>1.02 Jag vill k\u00f6pa produkterna fr\u00e5n, och f\u00e5 min best\u00e4llning fylld av, en licensierad leverant\u00f6r i ett eller flera av f\u00f6ljande l\u00e4nder eller geografiska territorier: Kanada, Europa och\/eller andra platser runt om i v\u00e4rlden.<\/p><p>1.03 Jag bekr\u00e4ftar, godk\u00e4nner och samtycker att jag, som en del av orderprocessen, har angett att:<\/p><p>(a) Jag vill k\u00f6pa mediciner och andra produkter fr\u00e5n, och f\u00e5 min best\u00e4llning fylld av, en leverant\u00f6r i mer \u00e4n ett av de listade l\u00e4nderna (alla l\u00e4nder som jag valt kallas h\u00e4danefter f\u00f6r &#8220;Utvalda Landet&#8221;), kommer Kinami Limited, som min agent \u00e5 mina v\u00e4gnar, att v\u00e4lja en leverant\u00f6r, eller d\u00e4r det \u00e4r till\u00e4mpligt, en licensierad l\u00e4kemedelsleverant\u00f6r (var och en, en &#8220;Licensierad leverant\u00f6r&#8221;) fr\u00e5n ett eller flera l\u00e4nder f\u00f6r att distribuera produkterna. Kinami Limited kommer, som min agent, att fatta beslutet om vilken eller flera licensierade leverant\u00f6rer som ska distribuera produkterna baserat p\u00e5 tillg\u00e4nglighet och\/eller pris p\u00e5 produkterna i de Utvalda L\u00e4nderna; och <\/p><p>(b) Jag vill k\u00f6pa produkterna fr\u00e5n, och f\u00e5 min best\u00e4llning fylld av, en licensierad leverant\u00f6r i ett specifikt utvalt land. Produkterna kommer att delas ut av en licensierad leverant\u00f6r i det Utvalda Landet som Kinami Limited valt f\u00f6r mig, som min agent.<\/p><p>1.04 Jag f\u00f6rst\u00e5r att Kinami Limited inte \u00e4r ett apotek, och att jag i varje fall k\u00f6per produkterna fr\u00e5n den licensierade leverant\u00f6ren, och produkterna kommer att skickas direkt till mig av den licensierade leverant\u00f6ren. Om produkterna k\u00f6ps fr\u00e5n apotek eller l\u00e4kemedelsgrossister i olika l\u00e4nder, kommer de att skickas direkt till mig av den licensierade leverant\u00f6ren i det landet. <\/p><p>1.05 Jag bekr\u00e4ftar, godk\u00e4nner och samtycker att om produkterna skickas till mig fr\u00e5n mer \u00e4n en plats, kommer jag inte att debiteras en separat fraktavgift f\u00f6r varje leverans.<\/p><p>1.06 Jag bekr\u00e4ftar, godk\u00e4nner och samtycker uttryckligen att \u00e4gander\u00e4tten till produkterna \u00f6verg\u00e5r till mig fr\u00e5n den licensierade leverant\u00f6ren n\u00e4r produkterna h\u00e4mtas fr\u00e5n den licensierade leverant\u00f6ren av en tredje parts fraktleverant\u00f6r som kontrakterats f\u00f6r min r\u00e4kning, och att (med f\u00f6rbeh\u00e5ll f\u00f6r avsnitt 1.8 i bilaga &#8220;A&#8221; som \u00e4r bifogat) alla avtal som ing\u00e5tts eller avtal som ing\u00e5tts under mitt k\u00f6p av produkterna anses vara och ska anses vara gjorda avseende n\u00e5gon av de produkter som k\u00f6ps i ett Utvalt Land, i det Utvalda Landet och d\u00e4refter ska omfattas av lagarna i det Utvalda Landet som g\u00e4ller f\u00f6r s\u00e5dana avtal och avtal.<\/p><p>1.07 Jag bekr\u00e4ftar, godk\u00e4nner och samtycker uttryckligen att (med f\u00f6rbeh\u00e5ll f\u00f6r uttryckligen avsnitt 1.8 i bilaga &#8220;A&#8221; till schema) varje tvist som uppst\u00e5r mellan mig och Kinami Limited eller n\u00e5gon av mina agenter (definierade nedan), i den m\u00e5n s\u00e5dan tvist r\u00f6r n\u00e5gon av mina agenter bel\u00e4get i ett utvalt land, ska styras av lagarna i det Utvalda Landet som g\u00e4ller f\u00f6r kontrakt som ing\u00e5tts i det Utvalda Landet och domstolarna i det Utvalda Landet ska ha ensam och exklusiv jurisdiktion \u00f6ver en s\u00e5dan tvist.<\/p><p>1.08 De ytterligare villkor som anges i Bilaga &#8220;A&#8221; h\u00e4r, vilka Bilaga h\u00e4rmed inf\u00f6rlivas genom h\u00e4nvisning, utg\u00f6r en integrerad del av detta Avtal, och jag bekr\u00e4ftar att jag har l\u00e4st dessa villkor och att jag godk\u00e4nner dem.<\/p><p>Schema &#8220;A&#8221;<\/p><p>DEL I \u2013 AUKTORISATIONER OCH SAMTYCKEN<\/p><p>1.1 De fullmakter, utn\u00e4mningar, representations- och samtyckesbefogenheterna som jag h\u00e4r ger Kinami Limited och mina ombud b\u00f6rjar p\u00e5 det datum jag undertecknar avtalet och kommer att forts\u00e4tta tills jag s\u00e4ger upp dem. Jag f\u00f6rst\u00e5r att jag kan avbryta de tillst\u00e5nd, bokningar och samtycken jag har beviljat h\u00e4rmed n\u00e4r som helst. <\/p><p>1.2 Jag auktoriserar och utser h\u00e4rmed Kinami Limited och mina agenter som mina ombud och advokater f\u00f6r det begr\u00e4nsade syftet att vidta alla steg och underteckna alla dokument som kr\u00e4vs f\u00f6r att erh\u00e5lla produkterna, om lagen kr\u00e4ver i ett utvalt land d\u00e4r jag k\u00f6per produkterna, i samma utstr\u00e4ckning som jag personligen skulle kunna g\u00f6ra om jag sj\u00e4lv var n\u00e4rvarande och undertecknade dessa handlingar. Denna auktorisation inkluderar, men \u00e4r inte begr\u00e4nsad till: insamling av Min information (definierad nedan) om mig eller den juridiska person jag representerar; samla liknande information fr\u00e5n min licensieringsmyndighet; och att l\u00e4mna ut min information till Kinami Limiteds anst\u00e4llda, agenter, entrepren\u00f6rer, underleverant\u00f6rer, dotterbolag och tj\u00e4nsteleverant\u00f6rer, inklusive men utan begr\u00e4nsning varje agentl\u00e4kare (definierat nedan), varje licensierad leverant\u00f6r och varje apotekare i ett Utvalt Land som anlitas f\u00f6r min r\u00e4kning (kollektivt, &#8220;Mina agenter&#8221;), som kr\u00e4vs, i det begr\u00e4nsade syftet att f\u00e5 tag p\u00e5 produkterna och f\u00f6r att min best\u00e4llning ska kunna fyllas. <\/p><p>1.3 I detta avtal anges begreppet:<\/p><p>(a) &#8220;Min information&#8221; avser information om mig eller den juridiska enhet jag representerar (inklusive, utan begr\u00e4nsning, min orderhistorik, licensinformation), min kontakt- och demografiska information (inklusive, utan begr\u00e4nsning, mitt fullst\u00e4ndiga namn, adress och telefonnummer) samt betalningsinformation.<\/p><p>1.4 Jag samtycker vidare till att Kinami Limited och mina agenter f\u00e5r kontakta varandra f\u00f6r att diskutera min personliga information, vad g\u00e4ller leverans och frakt av produkterna. Jag f\u00f6rst\u00e5r att anledningen till detta samtycke \u00e4r att ge Mina Agenter full m\u00f6jlighet att g\u00f6ra en oberoende analys av om Min best\u00e4llning \u00e4r l\u00e4mplig och diskutera eventuella komplikationer som kan uppst\u00e5. Min information och information om Min best\u00e4llning kommer ocks\u00e5 att tillhandah\u00e5llas till alla marknadsf\u00f6ringsf\u00f6retag vars Kinami Limited utf\u00f6r sina marknadsf\u00f6rings- och administrativa tj\u00e4nster, f\u00f6r att underl\u00e4tta hanteringen av Min best\u00e4llning och f\u00f6r att uppr\u00e4tta och underh\u00e5lla mitt kundkonto. Jag f\u00f6rst\u00e5r vidare att min information inte kommer att anv\u00e4ndas f\u00f6r n\u00e5got annat \u00e4ndam\u00e5l och kommer att h\u00e5llas strikt konfidentiell.   <\/p><p>1.5 Jag erk\u00e4nner h\u00e4rmed uttryckligen att jag \u00e4r medveten om att Kinami Limited kommer att \u00f6verf\u00f6ra min information elektroniskt (till exempel fax eller s\u00e4kert internet) till mina agenter. Jag f\u00f6rst\u00e5r att anv\u00e4ndningen av elektroniska medel kommer att \u00f6ka effektiviteten och punktligheten i hanteringen av Min best\u00e4llning. Jag f\u00f6rst\u00e5r ocks\u00e5 att Kinami Limited, som f\u00f6rvaltare av min personliga information, kommer att vidta f\u00f6rsiktighets\u00e5tg\u00e4rder f\u00f6r att skydda min personliga information fr\u00e5n felaktig utl\u00e4mnande eller anv\u00e4ndning. Jag samtycker h\u00e4rmed till Kinami Limiteds \u00f6verf\u00f6ring av min personliga information elektroniskt till mina agenter.   <\/p><p>1.6 Om jag har h\u00e4nvisats till Kinami Limiteds tj\u00e4nster genom en mellanhand (till exempel en apoteksf\u00f6rm\u00e5nschef, h\u00e4lsov\u00e5rdsorganisation eller annan tj\u00e4nsteleverant\u00f6r, eller en stad, delstat eller annat gruppprogram), ger jag h\u00e4rmed Kinami Limited befogenhet att l\u00e4mna ut personuppgifter till en s\u00e5dan mellanhand om det kr\u00e4vs f\u00f6r kvalitetss\u00e4kring eller granskning, eller att till\u00e5ta behandling av eventuella anspr\u00e5k p\u00e5 mina v\u00e4gnar. Min uppfattning \u00e4r att alla s\u00e5dana mellanh\u00e4nder kommer att utf\u00e4rda sekretessklausuler till Kinami Limited, d\u00e4r de samtycker till att h\u00e5lla all s\u00e5dan information i st\u00f6rsta m\u00f6jliga f\u00f6rtroende och att f\u00f6lja Kinami Limiteds integritetspolicyer g\u00e4llande skyddet av min information. Jag samtycker uttryckligen till \u00f6verf\u00f6ringen av den ovan n\u00e4mnda informationen till s\u00e5dana mellanh\u00e4nder via elektroniska medel.  <\/p><p>1.7 Med f\u00f6rbeh\u00e5ll f\u00f6r de specifika sektionerna 1.05, 1.06 och i avtalet utser jag Kinami Limited och Mina Agenter som mina ombud och advokater i syfte att vidta alla \u00e5tg\u00e4rder och underteckna alla dokument som kr\u00e4vs f\u00f6r att paketera eller ompaketera produkterna och ordna leverans till mig, i samma utstr\u00e4ckning som jag skulle kunna g\u00f6ra om jag personligen var n\u00e4rvarande och sj\u00e4lv undertecknade dessa \u00e5tg\u00e4rder.<\/p><p>1.8 Jag bekr\u00e4ftar, godk\u00e4nner och samtycker att jag tog initiativ till kontakt med Kinami Limited och att Kinami Limited inte \u00e4r bel\u00e4get i USA. Utan att begr\u00e4nsa denna del av avtalet bekr\u00e4ftar, godk\u00e4nner och samtycker jag ocks\u00e5 att alla tj\u00e4nster jag f\u00e5r fr\u00e5n Kinami Limited, mina agenter och licensierade leverant\u00f6rer tas emot utanf\u00f6r USA och att all transport och import av varor \u00e4r enbart mitt ansvar och ansvar. <\/p><p>DEL 2 \u2013 UPPLYSNING OCH FRAMST\u00c4LLNINGAR<\/p><p>2.1 Jag f\u00f6retr\u00e4der och bekr\u00e4ftar h\u00e4rmed Kinami Limited, samt till var och en av dess n\u00e4rst\u00e5ende bolag, associerade bolag, dotterbolag och moderbolag samt deras respektive styrelseledam\u00f6ter, tj\u00e4nstem\u00e4n, aktie\u00e4gare, anst\u00e4llda, entrepren\u00f6rer, underleverant\u00f6rer, eftertr\u00e4dare och \u00f6verdragare samt till Mina Agenter att:<\/p><p>(a) Produkterna k\u00f6ps av mig, som \u00e4r en licensierad medicinsk professionell, eller s\u00e5 agerar jag p\u00e5 uppdrag av en institution eller annan juridisk enhet och uppr\u00e4tth\u00e5ller alla n\u00f6dv\u00e4ndiga licenser, tillst\u00e5nd och godk\u00e4nnanden i min styrande jurisdiktion f\u00f6r att best\u00e4lla och ta emot de produkter jag beg\u00e4r, eller kommer att beg\u00e4ra. Jag kommer att tillhandah\u00e5lla bevis p\u00e5 licensiering till Kinami Limited f\u00f6r att verifiera min\/v\u00e5r status som licensierad enhet och beh\u00f6righet att k\u00f6pa fr\u00e5n Kinami Limited. <\/p><p>(b) Jag kan fatta egna beslut om att k\u00f6pa produkterna eller s\u00e5 \u00e4r jag beh\u00f6rig bemyndigad att fatta juridiskt bindande beslut \u00e5 den juridiska part, individer eller institutioner jag representerar, inklusive men inte begr\u00e4nsat till att k\u00f6pa produkterna och ing\u00e5 detta avtal \u00e5 dess v\u00e4gnar.<\/p><p>(c) Jag s\u00f6ker inte eller f\u00f6rlitar mig p\u00e5 n\u00e5gon medicinsk information, r\u00e5d eller godk\u00e4nnande fr\u00e5n Kinami Limited eller mina agenter.<\/p><p>(d) Jag erk\u00e4nner att Kinami Limited och mina agenter har f\u00f6rlitat sig p\u00e5 och kommer att forts\u00e4tta f\u00f6rlita mig p\u00e5 den information och dokumentation jag tillhandah\u00e5ller dem (inklusive Avtalet, Min best\u00e4llning och Min Profil) och jag representerar och bekr\u00e4ftar att jag fullt ut och sanningsenligt har l\u00e4mnat all relevant information och dokumentation till Kinami Limited. Jag samtycker till att meddela Kinami Limited om eventuella \u00e4ndringar i min licensiering eller licensiering f\u00f6r den enhet jag \u00e4r auktoriserad att agera f\u00f6r genom att tillhandah\u00e5lla en uppdaterad profil. Jag f\u00f6rst\u00e5r att om jag har l\u00e4mnat felaktig eller ofullst\u00e4ndig information till Kinami Limited eller mina agenter, kan mitt konto omedelbart avslutas efter Kinami Limiteds eget gottfinnande.  <\/p><p>(e)Samtal kan \u00f6vervakas f\u00f6r att s\u00e4kerst\u00e4lla god service.<\/p><p>DEL 3 \u2013 K\u00d6P- OCH F\u00d6RS\u00c4LJNINGSVILLKOR<\/p><p>3.1 Kinami Limited kommer att debitera mitt kreditkort via en tredje party f\u00f6r priset p\u00e5 produkterna och fraktkostnader som anges p\u00e5 medsupplysolutions.com webbplats ungef\u00e4r samma dag som min best\u00e4llning behandlas och all annan dokumentation som beh\u00f6vs f\u00f6r att m\u00f6jligg\u00f6ra f\u00f6r den licensierade leverant\u00f6ren\/leverant\u00f6rerna att behandla min best\u00e4llning har mottagits. Om min betalning inte \u00e4r auktoriserad har Kinami Limited r\u00e4tt att avbryta min best\u00e4llning och f\u00f6rs\u00f6ka ge mig besked om s\u00e5dan avbokning. <\/p><p>3.2 Jag bekr\u00e4ftar, godk\u00e4nner och h\u00e5ller med om:<\/p><p>(a) Alla produkter som k\u00f6ps fr\u00e5n en licensierad leverant\u00f6r kommer att f\u00f6rpackas enligt lag i den licensierade leverant\u00f6rens jurisdiktion.<\/p><p>(b) Produkter kan returneras eller bytas inom trettio (30) dagar efter k\u00f6p d\u00e4r det \u00e4r till\u00e4mpligt. Om det skulle bli n\u00f6dv\u00e4ndigt att returnera eller byta n\u00e5gon produkt samtycker jag till att kontakta Kinami Limited f\u00f6r godk\u00e4nnande innan jag f\u00f6rs\u00f6ker returnera eller byta en produkt. Returer eller utbyten accepteras helt efter Kinami Limiteds eget gottfinnande.  <\/p><p>(c) Kinami Limited och Mina Agenter f\u00f6rbeh\u00e5ller sig r\u00e4tten att v\u00e4gra hj\u00e4lpa mig att erh\u00e5lla Min best\u00e4llning eller n\u00e5gon annan order efter eget gottfinnande, i vilket fall jag har r\u00e4tt till \u00e5terbetalning f\u00f6r de pengar som betalats f\u00f6r s\u00e5dan order; och<\/p><p>(d) Varken Kinami Limited eller Mina Agenter tillhandah\u00e5ller sina byr\u00e5- eller advokattj\u00e4nster som ers\u00e4ttning f\u00f6r r\u00e5d fr\u00e5n licensierade juridiska r\u00e5dgivare<\/p><p>(e)Jag ger Kinami Limited, mina agenter och\/eller den licensierade leverant\u00f6ren r\u00e4tt att uppr\u00e4tta ett konto hos en tredjeparts frakt- och sorteringsanl\u00e4ggning s\u00e5 att jag kan f\u00e5 produktlagring, frakt och kompletterande administrativa tj\u00e4nster fr\u00e5n en tredjeparts frakt- och sorteringsanl\u00e4ggning.<\/p><p>(f)Jag ger uttryckligen Kinami Limited, mina agenter och\/eller den licensierade leverant\u00f6ren r\u00e4tt att v\u00e4lja tredjeparts frakt- och sorteringsanl\u00e4ggning p\u00e5 eget befogenheter \u00e5t mig. Denna tredjeparts frakt- och sorteringsanl\u00e4ggning kan utf\u00f6ra uppgifter som frakt, lagring och sortering av lager som jag \u00e4ger och som skickas av tredjepartsanl\u00e4ggningen \u00e5t mig. <\/p><p>(g)Jag f\u00f6rst\u00e5r att tredjepartsleverant\u00f6ren h\u00e4mtar fr\u00e5n den licensierade leverant\u00f6ren, lagrar och skickar mina varor i mitt namn och p\u00e5 mina v\u00e4gnar och skickar dessa varor till mig p\u00e5 min beg\u00e4ran.<\/p><p>(h)Jag erk\u00e4nner att varje tredje part som anv\u00e4nds f\u00f6r transport, f\u00f6rvaring eller sortering av varor \u00e5t mig kommer att h\u00e5llas ansvarig f\u00f6r eventuella skador som uppst\u00e5r fr\u00e5n tj\u00e4nster som tredje part tillhandah\u00e5ller mig, eftersom tredje part agerar p\u00e5 mina v\u00e4gnar och inte \u00e4gs, drivs eller kontrolleras av Kinami Limited. D\u00e4rf\u00f6r samtycker jag till att inte h\u00e5lla Kinami Limited ansvarigt f\u00f6r eventuella skador eller krav som kan uppst\u00e5 till f\u00f6ljd av de handlingar eller tj\u00e4nster som tillhandah\u00e5lls av tredje part. Jag inst\u00e4mmer vidare och erk\u00e4nner att jag alltid kommer att vara den registrerade import\u00f6ren f\u00f6r alla produkter som skickas via tredje part. Jag erk\u00e4nner och samtycker att tredjeparts frakt- och sorteringsanl\u00e4ggning inte kommer att importera de produkter som skickas till mig p\u00e5 mina v\u00e4gnar och inte f\u00e5r erbjuda import- eller m\u00e4klartj\u00e4nster samt inte bist\u00e5 vid import av produkter som skickas av tredjepartsf\u00f6rvarings- och sorteringsanl\u00e4ggningen \u00e5t mig.   <\/p><p>3.3 Jag bekr\u00e4ftar, godk\u00e4nner och samtycker att i den m\u00e5n mitt kundkonto och mina register kan anses \u00e4gas av n\u00e5gon person, s\u00e5 ska de \u00e4gas av Kinami Limited.<\/p><p>3.4 Jag bekr\u00e4ftar, bekr\u00e4ftar och godk\u00e4nner specifikt att var och en av dessa villkor (inklusive, utan begr\u00e4nsning, mitt val av utvalda l\u00e4nder, tredjepartsleverant\u00f6rer och licensierade leverant\u00f6rer)) automatiskt, och utan vidare \u00e5tg\u00e4rder fr\u00e5n mig eller Kinami Limited, kommer att g\u00e4lla f\u00f6r och styra framtida best\u00e4llningar fr\u00e5n mig av mediciner eller andra produkter fr\u00e5n Kinami Limited, om jag inte uttryckligen anger annat vid best\u00e4llningstillf\u00e4llet. Utan att begr\u00e4nsa ovanst\u00e5ende kommer varje auktorisation och samtycke som jag ger i detta avtal att forts\u00e4tta tills s\u00e5dan auktorisation eller samtycke \u00e5terkallas (vilket kan g\u00f6ras n\u00e4r som helst). <\/p>\t\t\t\t\t\t\t\t<\/div>\n\t\t\t\t<\/div>\n\t\t\t\t<\/div>\n\t\t\t\t<\/div>\n\t\t\t\t<\/div>\n\t\t","protected":false},"excerpt":{"rendered":"<p>F\u00f6rst\u00e5else av Kinami Healths kundavtalsvillkor Eftersom jag \u00e4r \u00f6ver 21 \u00e5r ing\u00e5r jag h\u00e4rmed detta avtal (&#8220;Avtalet&#8221;) med Kinami Limited, f\u00f6r och p\u00e5 uppdrag av sig sj\u00e4lv och varje licensierad leverant\u00f6r och mina agenter (definierade nedan), med avsikt att vara juridiskt bunden: 1.01 Jag ing\u00e5r detta avtal med Kinami Limited eftersom jag vill l\u00e4gga en [&hellip;]<\/p>\n","protected":false},"author":1,"featured_media":0,"parent":0,"menu_order":0,"comment_status":"closed","ping_status":"closed","template":"elementor_header_footer","meta":{"_acf_changed":false,"inline_featured_image":false,"footnotes":""},"class_list":["post-127773","page","type-page","status-publish","hentry"],"acf":[],"yoast_head":"<!-- This site is optimized with the Yoast SEO plugin v27.3 - https:\/\/yoast.com\/product\/yoast-seo-wordpress\/ -->\n<title>Kundavtal - Kinami Health<\/title>\n<meta name=\"robots\" content=\"index, follow, max-snippet:-1, max-image-preview:large, max-video-preview:-1\" \/>\n<link rel=\"canonical\" href=\"https:\/\/kinamihealth.com\/sv\/wp-json\/wp\/v2\/pages\/127773\" \/>\n<meta property=\"og:locale\" content=\"sv_SE\" \/>\n<meta property=\"og:type\" content=\"article\" \/>\n<meta property=\"og:title\" content=\"Kundavtal - Kinami Health\" \/>\n<meta property=\"og:description\" content=\"F\u00f6rst\u00e5else av Kinami Healths kundavtalsvillkor Eftersom jag \u00e4r \u00f6ver 21 \u00e5r ing\u00e5r jag h\u00e4rmed detta avtal (&#8220;Avtalet&#8221;) med Kinami Limited, f\u00f6r och p\u00e5 uppdrag av sig sj\u00e4lv och varje licensierad leverant\u00f6r och mina agenter (definierade nedan), med avsikt att vara juridiskt bunden: 1.01 Jag ing\u00e5r detta avtal med Kinami Limited eftersom jag vill l\u00e4gga en [&hellip;]\" \/>\n<meta property=\"og:url\" content=\"https:\/\/kinamihealth.com\/sv\/?page_id=127773\" \/>\n<meta property=\"og:site_name\" content=\"Kinami Health\" \/>\n<meta property=\"article:modified_time\" content=\"2025-12-20T18:53:15+00:00\" \/>\n<meta name=\"twitter:card\" content=\"summary_large_image\" \/>\n<meta name=\"twitter:label1\" content=\"Ber\u00e4knad l\u00e4stid\" \/>\n\t<meta name=\"twitter:data1\" content=\"13 minuter\" \/>\n<!-- \/ Yoast SEO plugin. -->","yoast_head_json":{"title":"Kundavtal - Kinami Health","robots":{"index":"index","follow":"follow","max-snippet":"max-snippet:-1","max-image-preview":"max-image-preview:large","max-video-preview":"max-video-preview:-1"},"canonical":"https:\/\/kinamihealth.com\/sv\/wp-json\/wp\/v2\/pages\/127773","og_locale":"sv_SE","og_type":"article","og_title":"Kundavtal - Kinami Health","og_description":"F\u00f6rst\u00e5else av Kinami Healths kundavtalsvillkor Eftersom jag \u00e4r \u00f6ver 21 \u00e5r ing\u00e5r jag h\u00e4rmed detta avtal (&#8220;Avtalet&#8221;) med Kinami Limited, f\u00f6r och p\u00e5 uppdrag av sig sj\u00e4lv och varje licensierad leverant\u00f6r och mina agenter (definierade nedan), med avsikt att vara juridiskt bunden: 1.01 Jag ing\u00e5r detta avtal med Kinami Limited eftersom jag vill l\u00e4gga en [&hellip;]","og_url":"https:\/\/kinamihealth.com\/sv\/?page_id=127773","og_site_name":"Kinami Health","article_modified_time":"2025-12-20T18:53:15+00:00","twitter_card":"summary_large_image","twitter_misc":{"Ber\u00e4knad l\u00e4stid":"13 minuter"},"schema":{"@context":"https:\/\/schema.org","@graph":[{"@type":"WebPage","@id":"https:\/\/kinamihealth.com\/sv\/?page_id=127773","url":"https:\/\/kinamihealth.com\/sv\/?page_id=127773","name":"Kundavtal - Kinami Health","isPartOf":{"@id":"https:\/\/kinamihealth.com\/#website"},"datePublished":"2025-03-19T16:47:32+00:00","dateModified":"2025-12-20T18:53:15+00:00","breadcrumb":{"@id":"https:\/\/kinamihealth.com\/sv\/?page_id=127773#breadcrumb"},"inLanguage":"sv-SE","potentialAction":[{"@type":"ReadAction","target":["https:\/\/kinamihealth.com\/sv\/?page_id=127773"]}]},{"@type":"BreadcrumbList","@id":"https:\/\/kinamihealth.com\/sv\/?page_id=127773#breadcrumb","itemListElement":[{"@type":"ListItem","position":1,"name":"Hem","item":"https:\/\/kinamihealth.com\/sr\/"},{"@type":"ListItem","position":2,"name":"Kundavtal"}]},{"@type":"WebSite","@id":"https:\/\/kinamihealth.com\/#website","url":"https:\/\/kinamihealth.com\/","name":"Kinami Health","description":"","publisher":{"@id":"https:\/\/kinamihealth.com\/#organization"},"potentialAction":[{"@type":"SearchAction","target":{"@type":"EntryPoint","urlTemplate":"https:\/\/kinamihealth.com\/?s={search_term_string}"},"query-input":{"@type":"PropertyValueSpecification","valueRequired":true,"valueName":"search_term_string"}}],"inLanguage":"sv-SE"},{"@type":"Organization","@id":"https:\/\/kinamihealth.com\/#organization","name":"Kinami Health","url":"https:\/\/kinamihealth.com\/","logo":{"@type":"ImageObject","inLanguage":"sv-SE","@id":"https:\/\/kinamihealth.com\/#\/schema\/logo\/image\/","url":"https:\/\/kinamihealth.com\/wp-content\/uploads\/2025\/01\/KH_logo_black_2-1.png","contentUrl":"https:\/\/kinamihealth.com\/wp-content\/uploads\/2025\/01\/KH_logo_black_2-1.png","width":339,"height":34,"caption":"Kinami Health"},"image":{"@id":"https:\/\/kinamihealth.com\/#\/schema\/logo\/image\/"}}]}},"_links":{"self":[{"href":"https:\/\/kinamihealth.com\/sv\/wp-json\/wp\/v2\/pages\/127773","targetHints":{"allow":["GET"]}}],"collection":[{"href":"https:\/\/kinamihealth.com\/sv\/wp-json\/wp\/v2\/pages"}],"about":[{"href":"https:\/\/kinamihealth.com\/sv\/wp-json\/wp\/v2\/types\/page"}],"author":[{"embeddable":true,"href":"https:\/\/kinamihealth.com\/sv\/wp-json\/wp\/v2\/users\/1"}],"replies":[{"embeddable":true,"href":"https:\/\/kinamihealth.com\/sv\/wp-json\/wp\/v2\/comments?post=127773"}],"version-history":[{"count":0,"href":"https:\/\/kinamihealth.com\/sv\/wp-json\/wp\/v2\/pages\/127773\/revisions"}],"wp:attachment":[{"href":"https:\/\/kinamihealth.com\/sv\/wp-json\/wp\/v2\/media?parent=127773"}],"curies":[{"name":"wp","href":"https:\/\/api.w.org\/{rel}","templated":true}]}}