{"id":126580,"date":"2025-02-15T16:57:50","date_gmt":"2025-02-15T16:57:50","guid":{"rendered":"https:\/\/kinamihealth.com\/product\/silhouette-soft-8-cones\/"},"modified":"2025-12-05T20:46:31","modified_gmt":"2025-12-05T20:46:31","slug":"silhouette-soft-8-cones","status":"publish","type":"product","link":"https:\/\/kinamihealth.com\/sr\/\u043f\u0440\u043e\u0438\u0437\u0432\u043e\u0434\/silhouette-soft-8-cones\/","title":{"rendered":"SILHOUETTE SOFT\u00ae 8 CONES"},"content":{"rendered":"<p data-start=\"118\" data-end=\"376\">Silhouette Soft\u00ae 8 Cones je trenutni nehirur\u0161ki tretman liftinga lica, zasnovan na inovativnoj tehnologiji konusa. Ovaj sterilni, implantabilni ure\u0111aj za jednokratnu upotrebu namenjen je oblikovanju povr\u0161ine ko\u017ee, podizanju opu\u0161tene ko\u017ee i tkiva vrata. Pored toga, Silhouette Soft\u00ae 8 Cones poma\u017ee u zatezanju ko\u017ee i obnavljanju izgubljenog volumena lica podsticanjem prirodne proizvodnje kolagena u organizmu. Resorptivni ure\u0111aj za jednokratnu upotrebu sastoji se od niti od polilakti\u010dne kiseline (Poly L Lactic Acid) sa raspore\u0111enim resorptivnim konusima od glikol-laktida (PLGA), koji se postepeno rastvaraju u ko\u017ei. Niti deluju kao potporna struktura ispod povr\u0161ine ko\u017ee, poma\u017eu\u0107i u podizanju opu\u0161tene ko\u017ee, dok konusi fiksiraju niti na mestu i stimuli\u0161u prirodnu proizvodnju kolagena, obnavljaju\u0107i izgubljeni volumen lica. Koristite ove resorptivne niti na licu za podizanje i zatezanje ko\u017ee pogo\u0111ene starenjem, za prirodan i mladala\u010dki izgled.<\/p>\n","protected":false},"excerpt":{"rendered":"<p>Silhouette Soft\u00ae 8 Cones je trenutni nehirur\u0161ki tretman liftinga lica, zasnovan na inovativnoj tehnologiji konusa. Ovaj sterilni, implantabilni ure\u0111aj za jednokratnu upotrebu namenjen je oblikovanju povr\u0161ine ko\u017ee, podizanju opu\u0161tene ko\u017ee i tkiva vrata. Pored toga, Silhouette Soft\u00ae 8 Cones poma\u017ee u zatezanju ko\u017ee i obnavljanju izgubljenog volumena lica podsticanjem prirodne proizvodnje kolagena u organizmu. Resorptivni [&hellip;]<\/p>\n","protected":false},"featured_media":126584,"comment_status":"closed","ping_status":"closed","template":"","meta":{"_acf_changed":false,"inline_featured_image":false},"product_brand":[5321],"product_cat":[4864,5322],"product_tag":[4663],"class_list":{"0":"post-126580","1":"product","2":"type-product","3":"status-publish","4":"has-post-thumbnail","6":"product_brand-silhouette","7":"product_cat-threads-sr","8":"product_cat-pla-threads-sr","9":"product_tag-medical-devices-sr","11":"first","12":"instock","13":"taxable","14":"shipping-taxable","15":"purchasable","16":"product-type-simple","17":"add-to-wishlist-before_image"},"acf":[],"yoast_head":"<!-- This site is optimized with the Yoast SEO plugin v27.1.1 - https:\/\/yoast.com\/product\/yoast-seo-wordpress\/ -->\n<title>Kupite Silhouette Soft 8 Cones online - Medicinske niti za lifting | Kinami Health<\/title>\n<meta name=\"description\" content=\"Kupite Silhouette Soft 8 Cones online za profesionalno nehirur\u0161ki face lifting. Postignite prirodno pomla\u0111ivanje ko\u017ee nitima koje poja\u010davaju sintezu kolagena. Naru\u010dite sada.\" \/>\n<meta name=\"robots\" content=\"index, follow, max-snippet:-1, max-image-preview:large, max-video-preview:-1\" \/>\n<link rel=\"canonical\" href=\"https:\/\/kinamihealth.com\/sr\/wp-json\/wp\/v2\/product\/126580\" \/>\n<meta property=\"og:locale\" content=\"sr_RS\" \/>\n<meta property=\"og:type\" content=\"article\" \/>\n<meta property=\"og:title\" content=\"Kupite Silhouette Soft 8 Cones online - Medicinske niti za lifting | Kinami Health\" \/>\n<meta property=\"og:description\" content=\"Kupite Silhouette Soft 8 Cones online za profesionalno nehirur\u0161ki face lifting. Postignite prirodno pomla\u0111ivanje ko\u017ee nitima koje poja\u010davaju sintezu kolagena. Naru\u010dite sada.\" \/>\n<meta property=\"og:url\" content=\"https:\/\/kinamihealth.com\/sr\/\u043f\u0440\u043e\u0438\u0437\u0432\u043e\u0434\/silhouette-soft-8-cones\/\" \/>\n<meta property=\"og:site_name\" content=\"Kinami Health\" \/>\n<meta property=\"article:modified_time\" content=\"2025-12-05T20:46:31+00:00\" \/>\n<meta property=\"og:image\" content=\"https:\/\/kinamihealth.com\/wp-content\/uploads\/2025\/02\/SILHOUETTE-SOFT-8CONES-04.jpg\" \/>\n\t<meta property=\"og:image:width\" content=\"800\" \/>\n\t<meta property=\"og:image:height\" content=\"800\" \/>\n\t<meta property=\"og:image:type\" content=\"image\/jpeg\" \/>\n<meta name=\"twitter:card\" content=\"summary_large_image\" \/>\n<meta name=\"twitter:label1\" content=\"\u041f\u0440\u043e\u0446\u0435\u045a\u0435\u043d\u043e \u0432\u0440\u0435\u043c\u0435 \u0447\u0438\u0442\u0430\u045a\u0430\" \/>\n\t<meta name=\"twitter:data1\" content=\"1 \u043c\u0438\u043d\u0443\u0442\" \/>\n<!-- \/ Yoast SEO plugin. -->","yoast_head_json":{"title":"Kupite Silhouette Soft 8 Cones online - Medicinske niti za lifting | Kinami Health","description":"Kupite Silhouette Soft 8 Cones online za profesionalno nehirur\u0161ki face lifting. Postignite prirodno pomla\u0111ivanje ko\u017ee nitima koje poja\u010davaju sintezu kolagena. Naru\u010dite sada.","robots":{"index":"index","follow":"follow","max-snippet":"max-snippet:-1","max-image-preview":"max-image-preview:large","max-video-preview":"max-video-preview:-1"},"canonical":"https:\/\/kinamihealth.com\/sr\/wp-json\/wp\/v2\/product\/126580","og_locale":"sr_RS","og_type":"article","og_title":"Kupite Silhouette Soft 8 Cones online - Medicinske niti za lifting | Kinami Health","og_description":"Kupite Silhouette Soft 8 Cones online za profesionalno nehirur\u0161ki face lifting. Postignite prirodno pomla\u0111ivanje ko\u017ee nitima koje poja\u010davaju sintezu kolagena. Naru\u010dite sada.","og_url":"https:\/\/kinamihealth.com\/sr\/\u043f\u0440\u043e\u0438\u0437\u0432\u043e\u0434\/silhouette-soft-8-cones\/","og_site_name":"Kinami Health","article_modified_time":"2025-12-05T20:46:31+00:00","og_image":[{"width":800,"height":800,"url":"https:\/\/kinamihealth.com\/wp-content\/uploads\/2025\/02\/SILHOUETTE-SOFT-8CONES-04.jpg","type":"image\/jpeg"}],"twitter_card":"summary_large_image","twitter_misc":{"\u041f\u0440\u043e\u0446\u0435\u045a\u0435\u043d\u043e \u0432\u0440\u0435\u043c\u0435 \u0447\u0438\u0442\u0430\u045a\u0430":"1 \u043c\u0438\u043d\u0443\u0442"},"schema":{"@context":"https:\/\/schema.org","@graph":[{"@type":"WebPage","@id":"https:\/\/kinamihealth.com\/sr\/\u043f\u0440\u043e\u0438\u0437\u0432\u043e\u0434\/silhouette-soft-8-cones\/","url":"https:\/\/kinamihealth.com\/sr\/\u043f\u0440\u043e\u0438\u0437\u0432\u043e\u0434\/silhouette-soft-8-cones\/","name":"Kupite Silhouette Soft 8 Cones online - Medicinske niti za lifting | Kinami Health","isPartOf":{"@id":"https:\/\/kinamihealth.com\/#website"},"primaryImageOfPage":{"@id":"https:\/\/kinamihealth.com\/sr\/\u043f\u0440\u043e\u0438\u0437\u0432\u043e\u0434\/silhouette-soft-8-cones\/#primaryimage"},"image":{"@id":"https:\/\/kinamihealth.com\/sr\/\u043f\u0440\u043e\u0438\u0437\u0432\u043e\u0434\/silhouette-soft-8-cones\/#primaryimage"},"thumbnailUrl":"https:\/\/kinamihealth.com\/wp-content\/uploads\/2025\/02\/SILHOUETTE-SOFT-8CONES-04.jpg","datePublished":"2025-02-15T16:57:50+00:00","dateModified":"2025-12-05T20:46:31+00:00","description":"Kupite Silhouette Soft 8 Cones online za profesionalno nehirur\u0161ki face lifting. Postignite prirodno pomla\u0111ivanje ko\u017ee nitima koje poja\u010davaju sintezu kolagena. Naru\u010dite sada.","breadcrumb":{"@id":"https:\/\/kinamihealth.com\/sr\/\u043f\u0440\u043e\u0438\u0437\u0432\u043e\u0434\/silhouette-soft-8-cones\/#breadcrumb"},"inLanguage":"sr-RS","potentialAction":[{"@type":"ReadAction","target":["https:\/\/kinamihealth.com\/sr\/\u043f\u0440\u043e\u0438\u0437\u0432\u043e\u0434\/silhouette-soft-8-cones\/"]}]},{"@type":"ImageObject","inLanguage":"sr-RS","@id":"https:\/\/kinamihealth.com\/sr\/\u043f\u0440\u043e\u0438\u0437\u0432\u043e\u0434\/silhouette-soft-8-cones\/#primaryimage","url":"https:\/\/kinamihealth.com\/wp-content\/uploads\/2025\/02\/SILHOUETTE-SOFT-8CONES-04.jpg","contentUrl":"https:\/\/kinamihealth.com\/wp-content\/uploads\/2025\/02\/SILHOUETTE-SOFT-8CONES-04.jpg","width":800,"height":800},{"@type":"BreadcrumbList","@id":"https:\/\/kinamihealth.com\/sr\/\u043f\u0440\u043e\u0438\u0437\u0432\u043e\u0434\/silhouette-soft-8-cones\/#breadcrumb","itemListElement":[{"@type":"ListItem","position":1,"name":"Po\u010detna","item":"https:\/\/kinamihealth.com\/"},{"@type":"ListItem","position":2,"name":"Kupovina","item":"https:\/\/kinamihealth.com\/sr\/kupovina\/"},{"@type":"ListItem","position":3,"name":"SILHOUETTE SOFT\u00ae 8 CONES"}]},{"@type":"WebSite","@id":"https:\/\/kinamihealth.com\/#website","url":"https:\/\/kinamihealth.com\/","name":"Kinami Health","description":"","publisher":{"@id":"https:\/\/kinamihealth.com\/#organization"},"potentialAction":[{"@type":"SearchAction","target":{"@type":"EntryPoint","urlTemplate":"https:\/\/kinamihealth.com\/?s={search_term_string}"},"query-input":{"@type":"PropertyValueSpecification","valueRequired":true,"valueName":"search_term_string"}}],"inLanguage":"sr-RS"},{"@type":"Organization","@id":"https:\/\/kinamihealth.com\/#organization","name":"Kinami Health","url":"https:\/\/kinamihealth.com\/","logo":{"@type":"ImageObject","inLanguage":"sr-RS","@id":"https:\/\/kinamihealth.com\/#\/schema\/logo\/image\/","url":"https:\/\/kinamihealth.com\/wp-content\/uploads\/2025\/01\/KH_logo_black_2-1.png","contentUrl":"https:\/\/kinamihealth.com\/wp-content\/uploads\/2025\/01\/KH_logo_black_2-1.png","width":339,"height":34,"caption":"Kinami Health"},"image":{"@id":"https:\/\/kinamihealth.com\/#\/schema\/logo\/image\/"}}]}},"_links":{"self":[{"href":"https:\/\/kinamihealth.com\/sr\/wp-json\/wp\/v2\/product\/126580","targetHints":{"allow":["GET"]}}],"collection":[{"href":"https:\/\/kinamihealth.com\/sr\/wp-json\/wp\/v2\/product"}],"about":[{"href":"https:\/\/kinamihealth.com\/sr\/wp-json\/wp\/v2\/types\/product"}],"replies":[{"embeddable":true,"href":"https:\/\/kinamihealth.com\/sr\/wp-json\/wp\/v2\/comments?post=126580"}],"version-history":[{"count":0,"href":"https:\/\/kinamihealth.com\/sr\/wp-json\/wp\/v2\/product\/126580\/revisions"}],"wp:featuredmedia":[{"embeddable":true,"href":"https:\/\/kinamihealth.com\/sr\/wp-json\/wp\/v2\/media\/126584"}],"wp:attachment":[{"href":"https:\/\/kinamihealth.com\/sr\/wp-json\/wp\/v2\/media?parent=126580"}],"wp:term":[{"taxonomy":"product_brand","embeddable":true,"href":"https:\/\/kinamihealth.com\/sr\/wp-json\/wp\/v2\/product_brand?post=126580"},{"taxonomy":"product_cat","embeddable":true,"href":"https:\/\/kinamihealth.com\/sr\/wp-json\/wp\/v2\/product_cat?post=126580"},{"taxonomy":"product_tag","embeddable":true,"href":"https:\/\/kinamihealth.com\/sr\/wp-json\/wp\/v2\/product_tag?post=126580"}],"curies":[{"name":"wp","href":"https:\/\/api.w.org\/{rel}","templated":true}]}}