{"id":126570,"date":"2025-02-15T16:57:52","date_gmt":"2025-02-15T16:57:52","guid":{"rendered":"https:\/\/kinamihealth.com\/product\/softfil-precision-micro-cannula-22g-50mm\/"},"modified":"2025-12-05T20:28:38","modified_gmt":"2025-12-05T20:28:38","slug":"softfil-precision-micro-cannula-22g-50mm","status":"publish","type":"product","link":"https:\/\/kinamihealth.com\/sr\/\u043f\u0440\u043e\u0438\u0437\u0432\u043e\u0434\/softfil-precision-micro-cannula-22g-50mm\/","title":{"rendered":"SOFTFIL\u00ae PRECISION Micro-Cannula 22G\/50mm"},"content":{"rendered":"<p data-start=\"128\" data-end=\"386\">SoftFil\u00ae Precision 22G 50MM je sterilni medicinski ure\u0111aj za jednokratnu upotrebu, dizajniran za volumizaciju i duboko nano\u0161enje filera u oblastima poput vilice, obraza, brade, kontura lica i ruku. Kanilu treba ubacivati u srednji do duboki sloj derma. Serija SoftFil\u00ae Precision mikrokanila zasnovana je na vrhunskim tehnologijama i inovacijama, \u0161to ih \u010dini idealnim za precizne estetske procedure. Kanile imaju centimetarsku oznaku du\u017e cevi koja omogu\u0107ava simetri\u010dnu dubinu injekcije, dok povr\u0161inska obrada olak\u0161ava savr\u0161eno klizanje kroz ko\u017eu. Pored toga, kanile imaju crvenu ta\u010dku na hub-u koja ozna\u010dava polo\u017eaj bo\u010dnog otvora. SoftFil\u00ae Precision mikrokanile treba koristiti isklju\u010divo licencirani medicinski stru\u010dnjaci.<\/p>\n","protected":false},"excerpt":{"rendered":"<p>SoftFil\u00ae Precision 22G 50MM je sterilni medicinski ure\u0111aj za jednokratnu upotrebu, dizajniran za volumizaciju i duboko nano\u0161enje filera u oblastima poput vilice, obraza, brade, kontura lica i ruku. Kanilu treba ubacivati u srednji do duboki sloj derma. Serija SoftFil\u00ae Precision mikrokanila zasnovana je na vrhunskim tehnologijama i inovacijama, \u0161to ih \u010dini idealnim za precizne estetske [&hellip;]<\/p>\n","protected":false},"featured_media":126571,"comment_status":"closed","ping_status":"closed","template":"","meta":{"_acf_changed":false,"inline_featured_image":false},"product_brand":[5314],"product_cat":[4877],"product_tag":[4663],"class_list":{"0":"post-126570","1":"product","2":"type-product","3":"status-publish","4":"has-post-thumbnail","6":"product_brand-softfil-sr","7":"product_cat-cannulas-and-needles-sr","8":"product_tag-medical-devices-sr","10":"first","11":"instock","12":"taxable","13":"shipping-taxable","14":"purchasable","15":"product-type-simple","16":"add-to-wishlist-before_image"},"acf":[],"yoast_head":"<!-- This site is optimized with the Yoast SEO plugin v27.3 - https:\/\/yoast.com\/product\/yoast-seo-wordpress\/ -->\n<title>Kupite Softfil Precision mikro-kanilu 22G\/50mm online na Kinami Health<\/title>\n<meta name=\"description\" content=\"Kupite Softfil Precision mikro-kanilu 22G\/50mm online u Kinami Health. Dizajnirana za preciznu i minimalno invazivnu aplikaciju filera.\" \/>\n<meta name=\"robots\" content=\"index, follow, max-snippet:-1, max-image-preview:large, max-video-preview:-1\" \/>\n<link rel=\"canonical\" href=\"https:\/\/kinamihealth.com\/sr\/wp-json\/wp\/v2\/product\/126570\" \/>\n<meta property=\"og:locale\" content=\"sr_RS\" \/>\n<meta property=\"og:type\" content=\"article\" \/>\n<meta property=\"og:title\" content=\"Kupite Softfil Precision mikro-kanilu 22G\/50mm online na Kinami Health\" \/>\n<meta property=\"og:description\" content=\"Kupite Softfil Precision mikro-kanilu 22G\/50mm online u Kinami Health. Dizajnirana za preciznu i minimalno invazivnu aplikaciju filera.\" \/>\n<meta property=\"og:url\" content=\"https:\/\/kinamihealth.com\/sr\/\u043f\u0440\u043e\u0438\u0437\u0432\u043e\u0434\/softfil-precision-micro-cannula-22g-50mm\/\" \/>\n<meta property=\"og:site_name\" content=\"Kinami Health\" \/>\n<meta property=\"article:modified_time\" content=\"2025-12-05T20:28:38+00:00\" \/>\n<meta property=\"og:image\" content=\"https:\/\/kinamihealth.com\/wp-content\/uploads\/2025\/02\/SOFTFILL-CANNULA-22G50MMXL-01.jpg\" \/>\n\t<meta property=\"og:image:width\" content=\"800\" \/>\n\t<meta property=\"og:image:height\" content=\"800\" \/>\n\t<meta property=\"og:image:type\" content=\"image\/jpeg\" \/>\n<meta name=\"twitter:card\" content=\"summary_large_image\" \/>\n<meta name=\"twitter:label1\" content=\"\u041f\u0440\u043e\u0446\u0435\u045a\u0435\u043d\u043e \u0432\u0440\u0435\u043c\u0435 \u0447\u0438\u0442\u0430\u045a\u0430\" \/>\n\t<meta name=\"twitter:data1\" content=\"1 \u043c\u0438\u043d\u0443\u0442\" \/>\n<!-- \/ Yoast SEO plugin. -->","yoast_head_json":{"title":"Kupite Softfil Precision mikro-kanilu 22G\/50mm online na Kinami Health","description":"Kupite Softfil Precision mikro-kanilu 22G\/50mm online u Kinami Health. Dizajnirana za preciznu i minimalno invazivnu aplikaciju filera.","robots":{"index":"index","follow":"follow","max-snippet":"max-snippet:-1","max-image-preview":"max-image-preview:large","max-video-preview":"max-video-preview:-1"},"canonical":"https:\/\/kinamihealth.com\/sr\/wp-json\/wp\/v2\/product\/126570","og_locale":"sr_RS","og_type":"article","og_title":"Kupite Softfil Precision mikro-kanilu 22G\/50mm online na Kinami Health","og_description":"Kupite Softfil Precision mikro-kanilu 22G\/50mm online u Kinami Health. Dizajnirana za preciznu i minimalno invazivnu aplikaciju filera.","og_url":"https:\/\/kinamihealth.com\/sr\/\u043f\u0440\u043e\u0438\u0437\u0432\u043e\u0434\/softfil-precision-micro-cannula-22g-50mm\/","og_site_name":"Kinami Health","article_modified_time":"2025-12-05T20:28:38+00:00","og_image":[{"width":800,"height":800,"url":"https:\/\/kinamihealth.com\/wp-content\/uploads\/2025\/02\/SOFTFILL-CANNULA-22G50MMXL-01.jpg","type":"image\/jpeg"}],"twitter_card":"summary_large_image","twitter_misc":{"\u041f\u0440\u043e\u0446\u0435\u045a\u0435\u043d\u043e \u0432\u0440\u0435\u043c\u0435 \u0447\u0438\u0442\u0430\u045a\u0430":"1 \u043c\u0438\u043d\u0443\u0442"},"schema":{"@context":"https:\/\/schema.org","@graph":[{"@type":"WebPage","@id":"https:\/\/kinamihealth.com\/sr\/\u043f\u0440\u043e\u0438\u0437\u0432\u043e\u0434\/softfil-precision-micro-cannula-22g-50mm\/","url":"https:\/\/kinamihealth.com\/sr\/\u043f\u0440\u043e\u0438\u0437\u0432\u043e\u0434\/softfil-precision-micro-cannula-22g-50mm\/","name":"Kupite Softfil Precision mikro-kanilu 22G\/50mm online na Kinami Health","isPartOf":{"@id":"https:\/\/kinamihealth.com\/#website"},"primaryImageOfPage":{"@id":"https:\/\/kinamihealth.com\/sr\/\u043f\u0440\u043e\u0438\u0437\u0432\u043e\u0434\/softfil-precision-micro-cannula-22g-50mm\/#primaryimage"},"image":{"@id":"https:\/\/kinamihealth.com\/sr\/\u043f\u0440\u043e\u0438\u0437\u0432\u043e\u0434\/softfil-precision-micro-cannula-22g-50mm\/#primaryimage"},"thumbnailUrl":"https:\/\/kinamihealth.com\/wp-content\/uploads\/2025\/02\/SOFTFILL-CANNULA-22G50MMXL-01.jpg","datePublished":"2025-02-15T16:57:52+00:00","dateModified":"2025-12-05T20:28:38+00:00","description":"Kupite Softfil Precision mikro-kanilu 22G\/50mm online u Kinami Health. Dizajnirana za preciznu i minimalno invazivnu aplikaciju filera.","breadcrumb":{"@id":"https:\/\/kinamihealth.com\/sr\/\u043f\u0440\u043e\u0438\u0437\u0432\u043e\u0434\/softfil-precision-micro-cannula-22g-50mm\/#breadcrumb"},"inLanguage":"sr-RS","potentialAction":[{"@type":"ReadAction","target":["https:\/\/kinamihealth.com\/sr\/\u043f\u0440\u043e\u0438\u0437\u0432\u043e\u0434\/softfil-precision-micro-cannula-22g-50mm\/"]}]},{"@type":"ImageObject","inLanguage":"sr-RS","@id":"https:\/\/kinamihealth.com\/sr\/\u043f\u0440\u043e\u0438\u0437\u0432\u043e\u0434\/softfil-precision-micro-cannula-22g-50mm\/#primaryimage","url":"https:\/\/kinamihealth.com\/wp-content\/uploads\/2025\/02\/SOFTFILL-CANNULA-22G50MMXL-01.jpg","contentUrl":"https:\/\/kinamihealth.com\/wp-content\/uploads\/2025\/02\/SOFTFILL-CANNULA-22G50MMXL-01.jpg","width":800,"height":800},{"@type":"BreadcrumbList","@id":"https:\/\/kinamihealth.com\/sr\/\u043f\u0440\u043e\u0438\u0437\u0432\u043e\u0434\/softfil-precision-micro-cannula-22g-50mm\/#breadcrumb","itemListElement":[{"@type":"ListItem","position":1,"name":"Po\u010detna","item":"https:\/\/kinamihealth.com\/"},{"@type":"ListItem","position":2,"name":"Kupovina","item":"https:\/\/kinamihealth.com\/sr\/kupovina\/"},{"@type":"ListItem","position":3,"name":"SOFTFIL\u00ae PRECISION Micro-Cannula 22G\/50mm"}]},{"@type":"WebSite","@id":"https:\/\/kinamihealth.com\/#website","url":"https:\/\/kinamihealth.com\/","name":"Kinami Health","description":"","publisher":{"@id":"https:\/\/kinamihealth.com\/#organization"},"potentialAction":[{"@type":"SearchAction","target":{"@type":"EntryPoint","urlTemplate":"https:\/\/kinamihealth.com\/?s={search_term_string}"},"query-input":{"@type":"PropertyValueSpecification","valueRequired":true,"valueName":"search_term_string"}}],"inLanguage":"sr-RS"},{"@type":"Organization","@id":"https:\/\/kinamihealth.com\/#organization","name":"Kinami Health","url":"https:\/\/kinamihealth.com\/","logo":{"@type":"ImageObject","inLanguage":"sr-RS","@id":"https:\/\/kinamihealth.com\/#\/schema\/logo\/image\/","url":"https:\/\/kinamihealth.com\/wp-content\/uploads\/2025\/01\/KH_logo_black_2-1.png","contentUrl":"https:\/\/kinamihealth.com\/wp-content\/uploads\/2025\/01\/KH_logo_black_2-1.png","width":339,"height":34,"caption":"Kinami Health"},"image":{"@id":"https:\/\/kinamihealth.com\/#\/schema\/logo\/image\/"}}]}},"_links":{"self":[{"href":"https:\/\/kinamihealth.com\/sr\/wp-json\/wp\/v2\/product\/126570","targetHints":{"allow":["GET"]}}],"collection":[{"href":"https:\/\/kinamihealth.com\/sr\/wp-json\/wp\/v2\/product"}],"about":[{"href":"https:\/\/kinamihealth.com\/sr\/wp-json\/wp\/v2\/types\/product"}],"replies":[{"embeddable":true,"href":"https:\/\/kinamihealth.com\/sr\/wp-json\/wp\/v2\/comments?post=126570"}],"version-history":[{"count":0,"href":"https:\/\/kinamihealth.com\/sr\/wp-json\/wp\/v2\/product\/126570\/revisions"}],"wp:featuredmedia":[{"embeddable":true,"href":"https:\/\/kinamihealth.com\/sr\/wp-json\/wp\/v2\/media\/126571"}],"wp:attachment":[{"href":"https:\/\/kinamihealth.com\/sr\/wp-json\/wp\/v2\/media?parent=126570"}],"wp:term":[{"taxonomy":"product_brand","embeddable":true,"href":"https:\/\/kinamihealth.com\/sr\/wp-json\/wp\/v2\/product_brand?post=126570"},{"taxonomy":"product_cat","embeddable":true,"href":"https:\/\/kinamihealth.com\/sr\/wp-json\/wp\/v2\/product_cat?post=126570"},{"taxonomy":"product_tag","embeddable":true,"href":"https:\/\/kinamihealth.com\/sr\/wp-json\/wp\/v2\/product_tag?post=126570"}],"curies":[{"name":"wp","href":"https:\/\/api.w.org\/{rel}","templated":true}]}}