{"id":126568,"date":"2025-02-15T16:57:52","date_gmt":"2025-02-15T16:57:52","guid":{"rendered":"https:\/\/kinamihealth.com\/product\/softfil-precision-micro-cannula-25g-40mm\/"},"modified":"2025-12-05T20:26:44","modified_gmt":"2025-12-05T20:26:44","slug":"softfil-precision-micro-cannula-25g-40mm","status":"publish","type":"product","link":"https:\/\/kinamihealth.com\/sr\/\u043f\u0440\u043e\u0438\u0437\u0432\u043e\u0434\/softfil-precision-micro-cannula-25g-40mm\/","title":{"rendered":"SOFTFIL\u00ae PRECISION Micro-Cannula 25G\/40mm"},"content":{"rendered":"<p data-start=\"95\" data-end=\"440\">SoftFil\u00ae Precision 25G 40MM je sterilni medicinski ure\u0111aj za jednokratnu upotrebu, dizajniran za tehniku <em data-start=\"204\" data-end=\"213\">nappage<\/em> i linearno popunjavanje u oblastima kao \u0161to su brada, obrazi, vilica, suzne brazde, \u010delo i marionetske linije. Pored toga, kanile se mogu koristiti za tretman podo\u010dnjaka, nosa i ruku. Kanila se injektira u srednji sloj ko\u017ee. Serija SoftFil\u00ae Precision mikrokanila zasnovana je na naprednoj tehnologiji i inovacijama, \u0161to ih \u010dini idealnim za precizne procedure. Kanile imaju centimetarsku skalu du\u017e cevi koja omogu\u0107ava simetri\u010dnu dubinu injekcije, kao i posebnu povr\u0161insku obradu koja omogu\u0107ava savr\u0161eno klizanje kroz ko\u017eu. Pored toga, kanile imaju crvenu ta\u010dku na hub-u koja ozna\u010dava polo\u017eaj bo\u010dnog otvora. SoftFil\u00ae Precision mikrokanile treba da koriste samo sertifikovani medicinski stru\u010dnjaci.<\/p>\n","protected":false},"excerpt":{"rendered":"<p>SoftFil\u00ae Precision 25G 40MM je sterilni medicinski ure\u0111aj za jednokratnu upotrebu, dizajniran za tehniku nappage i linearno popunjavanje u oblastima kao \u0161to su brada, obrazi, vilica, suzne brazde, \u010delo i marionetske linije. Pored toga, kanile se mogu koristiti za tretman podo\u010dnjaka, nosa i ruku. Kanila se injektira u srednji sloj ko\u017ee. Serija SoftFil\u00ae Precision mikrokanila [&hellip;]<\/p>\n","protected":false},"featured_media":126569,"comment_status":"closed","ping_status":"closed","template":"","meta":{"_acf_changed":false,"inline_featured_image":false},"product_brand":[5314],"product_cat":[4877],"product_tag":[4663],"class_list":{"0":"post-126568","1":"product","2":"type-product","3":"status-publish","4":"has-post-thumbnail","6":"product_brand-softfil-sr","7":"product_cat-cannulas-and-needles-sr","8":"product_tag-medical-devices-sr","10":"first","11":"instock","12":"taxable","13":"shipping-taxable","14":"purchasable","15":"product-type-simple","16":"add-to-wishlist-before_image"},"acf":[],"yoast_head":"<!-- This site is optimized with the Yoast SEO plugin v27.3 - https:\/\/yoast.com\/product\/yoast-seo-wordpress\/ -->\n<title>Kupite Softfil Precision Micro-Cannula 25G\/40mm online na Kinami Health<\/title>\n<meta name=\"description\" content=\"Kupite Softfil Precision Micro-Cannula 25G\/40mm online za bezbedno i precizno injektiranje dermalnih filera. Naru\u010dite sada iz Kinami Health online prodavnice!\" \/>\n<meta name=\"robots\" content=\"index, follow, max-snippet:-1, max-image-preview:large, max-video-preview:-1\" \/>\n<link rel=\"canonical\" href=\"https:\/\/kinamihealth.com\/sr\/wp-json\/wp\/v2\/product\/126568\" \/>\n<meta property=\"og:locale\" content=\"sr_RS\" \/>\n<meta property=\"og:type\" content=\"article\" \/>\n<meta property=\"og:title\" content=\"Kupite Softfil Precision Micro-Cannula 25G\/40mm online na Kinami Health\" \/>\n<meta property=\"og:description\" content=\"Kupite Softfil Precision Micro-Cannula 25G\/40mm online za bezbedno i precizno injektiranje dermalnih filera. Naru\u010dite sada iz Kinami Health online prodavnice!\" \/>\n<meta property=\"og:url\" content=\"https:\/\/kinamihealth.com\/sr\/\u043f\u0440\u043e\u0438\u0437\u0432\u043e\u0434\/softfil-precision-micro-cannula-25g-40mm\/\" \/>\n<meta property=\"og:site_name\" content=\"Kinami Health\" \/>\n<meta property=\"article:modified_time\" content=\"2025-12-05T20:26:44+00:00\" \/>\n<meta property=\"og:image\" content=\"https:\/\/kinamihealth.com\/wp-content\/uploads\/2025\/02\/SOFTFILL-CANNULA-25G40MMXL-01.jpg\" \/>\n\t<meta property=\"og:image:width\" content=\"800\" \/>\n\t<meta property=\"og:image:height\" content=\"800\" \/>\n\t<meta property=\"og:image:type\" content=\"image\/jpeg\" \/>\n<meta name=\"twitter:card\" content=\"summary_large_image\" \/>\n<meta name=\"twitter:label1\" content=\"\u041f\u0440\u043e\u0446\u0435\u045a\u0435\u043d\u043e \u0432\u0440\u0435\u043c\u0435 \u0447\u0438\u0442\u0430\u045a\u0430\" \/>\n\t<meta name=\"twitter:data1\" content=\"1 \u043c\u0438\u043d\u0443\u0442\" \/>\n<!-- \/ Yoast SEO plugin. -->","yoast_head_json":{"title":"Kupite Softfil Precision Micro-Cannula 25G\/40mm online na Kinami Health","description":"Kupite Softfil Precision Micro-Cannula 25G\/40mm online za bezbedno i precizno injektiranje dermalnih filera. Naru\u010dite sada iz Kinami Health online prodavnice!","robots":{"index":"index","follow":"follow","max-snippet":"max-snippet:-1","max-image-preview":"max-image-preview:large","max-video-preview":"max-video-preview:-1"},"canonical":"https:\/\/kinamihealth.com\/sr\/wp-json\/wp\/v2\/product\/126568","og_locale":"sr_RS","og_type":"article","og_title":"Kupite Softfil Precision Micro-Cannula 25G\/40mm online na Kinami Health","og_description":"Kupite Softfil Precision Micro-Cannula 25G\/40mm online za bezbedno i precizno injektiranje dermalnih filera. Naru\u010dite sada iz Kinami Health online prodavnice!","og_url":"https:\/\/kinamihealth.com\/sr\/\u043f\u0440\u043e\u0438\u0437\u0432\u043e\u0434\/softfil-precision-micro-cannula-25g-40mm\/","og_site_name":"Kinami Health","article_modified_time":"2025-12-05T20:26:44+00:00","og_image":[{"width":800,"height":800,"url":"https:\/\/kinamihealth.com\/wp-content\/uploads\/2025\/02\/SOFTFILL-CANNULA-25G40MMXL-01.jpg","type":"image\/jpeg"}],"twitter_card":"summary_large_image","twitter_misc":{"\u041f\u0440\u043e\u0446\u0435\u045a\u0435\u043d\u043e \u0432\u0440\u0435\u043c\u0435 \u0447\u0438\u0442\u0430\u045a\u0430":"1 \u043c\u0438\u043d\u0443\u0442"},"schema":{"@context":"https:\/\/schema.org","@graph":[{"@type":"WebPage","@id":"https:\/\/kinamihealth.com\/sr\/\u043f\u0440\u043e\u0438\u0437\u0432\u043e\u0434\/softfil-precision-micro-cannula-25g-40mm\/","url":"https:\/\/kinamihealth.com\/sr\/\u043f\u0440\u043e\u0438\u0437\u0432\u043e\u0434\/softfil-precision-micro-cannula-25g-40mm\/","name":"Kupite Softfil Precision Micro-Cannula 25G\/40mm online na Kinami Health","isPartOf":{"@id":"https:\/\/kinamihealth.com\/#website"},"primaryImageOfPage":{"@id":"https:\/\/kinamihealth.com\/sr\/\u043f\u0440\u043e\u0438\u0437\u0432\u043e\u0434\/softfil-precision-micro-cannula-25g-40mm\/#primaryimage"},"image":{"@id":"https:\/\/kinamihealth.com\/sr\/\u043f\u0440\u043e\u0438\u0437\u0432\u043e\u0434\/softfil-precision-micro-cannula-25g-40mm\/#primaryimage"},"thumbnailUrl":"https:\/\/kinamihealth.com\/wp-content\/uploads\/2025\/02\/SOFTFILL-CANNULA-25G40MMXL-01.jpg","datePublished":"2025-02-15T16:57:52+00:00","dateModified":"2025-12-05T20:26:44+00:00","description":"Kupite Softfil Precision Micro-Cannula 25G\/40mm online za bezbedno i precizno injektiranje dermalnih filera. Naru\u010dite sada iz Kinami Health online prodavnice!","breadcrumb":{"@id":"https:\/\/kinamihealth.com\/sr\/\u043f\u0440\u043e\u0438\u0437\u0432\u043e\u0434\/softfil-precision-micro-cannula-25g-40mm\/#breadcrumb"},"inLanguage":"sr-RS","potentialAction":[{"@type":"ReadAction","target":["https:\/\/kinamihealth.com\/sr\/\u043f\u0440\u043e\u0438\u0437\u0432\u043e\u0434\/softfil-precision-micro-cannula-25g-40mm\/"]}]},{"@type":"ImageObject","inLanguage":"sr-RS","@id":"https:\/\/kinamihealth.com\/sr\/\u043f\u0440\u043e\u0438\u0437\u0432\u043e\u0434\/softfil-precision-micro-cannula-25g-40mm\/#primaryimage","url":"https:\/\/kinamihealth.com\/wp-content\/uploads\/2025\/02\/SOFTFILL-CANNULA-25G40MMXL-01.jpg","contentUrl":"https:\/\/kinamihealth.com\/wp-content\/uploads\/2025\/02\/SOFTFILL-CANNULA-25G40MMXL-01.jpg","width":800,"height":800},{"@type":"BreadcrumbList","@id":"https:\/\/kinamihealth.com\/sr\/\u043f\u0440\u043e\u0438\u0437\u0432\u043e\u0434\/softfil-precision-micro-cannula-25g-40mm\/#breadcrumb","itemListElement":[{"@type":"ListItem","position":1,"name":"Po\u010detna","item":"https:\/\/kinamihealth.com\/"},{"@type":"ListItem","position":2,"name":"Kupovina","item":"https:\/\/kinamihealth.com\/sr\/kupovina\/"},{"@type":"ListItem","position":3,"name":"SOFTFIL\u00ae PRECISION Micro-Cannula 25G\/40mm"}]},{"@type":"WebSite","@id":"https:\/\/kinamihealth.com\/#website","url":"https:\/\/kinamihealth.com\/","name":"Kinami Health","description":"","publisher":{"@id":"https:\/\/kinamihealth.com\/#organization"},"potentialAction":[{"@type":"SearchAction","target":{"@type":"EntryPoint","urlTemplate":"https:\/\/kinamihealth.com\/?s={search_term_string}"},"query-input":{"@type":"PropertyValueSpecification","valueRequired":true,"valueName":"search_term_string"}}],"inLanguage":"sr-RS"},{"@type":"Organization","@id":"https:\/\/kinamihealth.com\/#organization","name":"Kinami Health","url":"https:\/\/kinamihealth.com\/","logo":{"@type":"ImageObject","inLanguage":"sr-RS","@id":"https:\/\/kinamihealth.com\/#\/schema\/logo\/image\/","url":"https:\/\/kinamihealth.com\/wp-content\/uploads\/2025\/01\/KH_logo_black_2-1.png","contentUrl":"https:\/\/kinamihealth.com\/wp-content\/uploads\/2025\/01\/KH_logo_black_2-1.png","width":339,"height":34,"caption":"Kinami Health"},"image":{"@id":"https:\/\/kinamihealth.com\/#\/schema\/logo\/image\/"}}]}},"_links":{"self":[{"href":"https:\/\/kinamihealth.com\/sr\/wp-json\/wp\/v2\/product\/126568","targetHints":{"allow":["GET"]}}],"collection":[{"href":"https:\/\/kinamihealth.com\/sr\/wp-json\/wp\/v2\/product"}],"about":[{"href":"https:\/\/kinamihealth.com\/sr\/wp-json\/wp\/v2\/types\/product"}],"replies":[{"embeddable":true,"href":"https:\/\/kinamihealth.com\/sr\/wp-json\/wp\/v2\/comments?post=126568"}],"version-history":[{"count":0,"href":"https:\/\/kinamihealth.com\/sr\/wp-json\/wp\/v2\/product\/126568\/revisions"}],"wp:featuredmedia":[{"embeddable":true,"href":"https:\/\/kinamihealth.com\/sr\/wp-json\/wp\/v2\/media\/126569"}],"wp:attachment":[{"href":"https:\/\/kinamihealth.com\/sr\/wp-json\/wp\/v2\/media?parent=126568"}],"wp:term":[{"taxonomy":"product_brand","embeddable":true,"href":"https:\/\/kinamihealth.com\/sr\/wp-json\/wp\/v2\/product_brand?post=126568"},{"taxonomy":"product_cat","embeddable":true,"href":"https:\/\/kinamihealth.com\/sr\/wp-json\/wp\/v2\/product_cat?post=126568"},{"taxonomy":"product_tag","embeddable":true,"href":"https:\/\/kinamihealth.com\/sr\/wp-json\/wp\/v2\/product_tag?post=126568"}],"curies":[{"name":"wp","href":"https:\/\/api.w.org\/{rel}","templated":true}]}}