{"id":126517,"date":"2025-02-15T16:58:04","date_gmt":"2025-02-15T16:58:04","guid":{"rendered":"https:\/\/kinamihealth.com\/product\/stylage-m\/"},"modified":"2025-12-05T19:00:19","modified_gmt":"2025-12-05T19:00:19","slug":"stylage-m","status":"publish","type":"product","link":"https:\/\/kinamihealth.com\/sr\/\u043f\u0440\u043e\u0438\u0437\u0432\u043e\u0434\/stylage-m\/","title":{"rendered":"STYLAGE\u00ae M"},"content":{"rendered":"<p>Stylage\u00ae M je posebno razvijen za trenutno ispravljanje povr\u0161inskih linija i bora. Koristite Stylage\u00ae M za popunjavanje manjih nazolabijalnih bora, tretman povr\u0161inskih bora i opu\u0161tenih bora na bradi, kako bi ko\u017ea bila glatka i zategnuta. Tako\u0111e je idealan za marionetske bore, smanjenje nosne grbe, podizanje vrha nosa i oblikovanje u\u0161nih resica. Stylage\u00ae M se koristi i za podmla\u0111ivanje ruku, uklju\u010duju\u0107i tretman gubitka volumena na dorzumu \u0161aka. Efikasno koriguje i srednje do duboke bore.<\/p>\n","protected":false},"excerpt":{"rendered":"<p>Stylage\u00ae M je posebno razvijen za trenutno ispravljanje povr\u0161inskih linija i bora. Koristite Stylage\u00ae M za popunjavanje manjih nazolabijalnih bora, tretman povr\u0161inskih bora i opu\u0161tenih bora na bradi, kako bi ko\u017ea bila glatka i zategnuta. Tako\u0111e je idealan za marionetske bore, smanjenje nosne grbe, podizanje vrha nosa i oblikovanje u\u0161nih resica. Stylage\u00ae M se koristi [&hellip;]<\/p>\n","protected":false},"featured_media":126518,"comment_status":"open","ping_status":"closed","template":"","meta":{"_acf_changed":false,"inline_featured_image":false},"product_brand":[5281],"product_cat":[4661,4662],"product_tag":[4663],"class_list":{"0":"post-126517","1":"product","2":"type-product","3":"status-publish","4":"has-post-thumbnail","6":"product_brand-stylage","7":"product_cat-dermal-fillers-sr","8":"product_cat-ha-dermal-fillers-sr","9":"product_tag-medical-devices-sr","11":"first","12":"instock","13":"taxable","14":"shipping-taxable","15":"purchasable","16":"product-type-simple","17":"add-to-wishlist-before_image"},"acf":[],"yoast_head":"<!-- This site is optimized with the Yoast SEO plugin v27.3 - https:\/\/yoast.com\/product\/yoast-seo-wordpress\/ -->\n<title>Kupite Stylage M online: Dugotrajni filer sa hijaluronskom kiselinom | Kinami Health<\/title>\n<meta name=\"description\" content=\"Kupite Stylage M online: Vrhunski i dugotrajni filer. Idealan za zagla\u0111ivanje bora, oblikovanje lica i pomla\u0111ivanje \u0161aka. Poru\u010dite danas!\" \/>\n<meta name=\"robots\" content=\"index, follow, max-snippet:-1, max-image-preview:large, max-video-preview:-1\" \/>\n<link rel=\"canonical\" href=\"https:\/\/kinamihealth.com\/sr\/wp-json\/wp\/v2\/product\/126517\" \/>\n<meta property=\"og:locale\" content=\"sr_RS\" \/>\n<meta property=\"og:type\" content=\"article\" \/>\n<meta property=\"og:title\" content=\"Kupite Stylage M online: Dugotrajni filer sa hijaluronskom kiselinom | Kinami Health\" \/>\n<meta property=\"og:description\" content=\"Kupite Stylage M online: Vrhunski i dugotrajni filer. Idealan za zagla\u0111ivanje bora, oblikovanje lica i pomla\u0111ivanje \u0161aka. Poru\u010dite danas!\" \/>\n<meta property=\"og:url\" content=\"https:\/\/kinamihealth.com\/sr\/\u043f\u0440\u043e\u0438\u0437\u0432\u043e\u0434\/stylage-m\/\" \/>\n<meta property=\"og:site_name\" content=\"Kinami Health\" \/>\n<meta property=\"article:modified_time\" content=\"2025-12-05T19:00:19+00:00\" \/>\n<meta property=\"og:image\" content=\"https:\/\/kinamihealth.com\/wp-content\/uploads\/2025\/02\/STYLAGE-M_Front.webp\" \/>\n\t<meta property=\"og:image:width\" content=\"1500\" \/>\n\t<meta property=\"og:image:height\" content=\"1500\" \/>\n\t<meta property=\"og:image:type\" content=\"image\/webp\" \/>\n<meta name=\"twitter:card\" content=\"summary_large_image\" \/>\n<meta name=\"twitter:label1\" content=\"\u041f\u0440\u043e\u0446\u0435\u045a\u0435\u043d\u043e \u0432\u0440\u0435\u043c\u0435 \u0447\u0438\u0442\u0430\u045a\u0430\" \/>\n\t<meta name=\"twitter:data1\" content=\"1 \u043c\u0438\u043d\u0443\u0442\" \/>\n<!-- \/ Yoast SEO plugin. -->","yoast_head_json":{"title":"Kupite Stylage M online: Dugotrajni filer sa hijaluronskom kiselinom | Kinami Health","description":"Kupite Stylage M online: Vrhunski i dugotrajni filer. Idealan za zagla\u0111ivanje bora, oblikovanje lica i pomla\u0111ivanje \u0161aka. Poru\u010dite danas!","robots":{"index":"index","follow":"follow","max-snippet":"max-snippet:-1","max-image-preview":"max-image-preview:large","max-video-preview":"max-video-preview:-1"},"canonical":"https:\/\/kinamihealth.com\/sr\/wp-json\/wp\/v2\/product\/126517","og_locale":"sr_RS","og_type":"article","og_title":"Kupite Stylage M online: Dugotrajni filer sa hijaluronskom kiselinom | Kinami Health","og_description":"Kupite Stylage M online: Vrhunski i dugotrajni filer. Idealan za zagla\u0111ivanje bora, oblikovanje lica i pomla\u0111ivanje \u0161aka. Poru\u010dite danas!","og_url":"https:\/\/kinamihealth.com\/sr\/\u043f\u0440\u043e\u0438\u0437\u0432\u043e\u0434\/stylage-m\/","og_site_name":"Kinami Health","article_modified_time":"2025-12-05T19:00:19+00:00","og_image":[{"width":1500,"height":1500,"url":"https:\/\/kinamihealth.com\/wp-content\/uploads\/2025\/02\/STYLAGE-M_Front.webp","type":"image\/webp"}],"twitter_card":"summary_large_image","twitter_misc":{"\u041f\u0440\u043e\u0446\u0435\u045a\u0435\u043d\u043e \u0432\u0440\u0435\u043c\u0435 \u0447\u0438\u0442\u0430\u045a\u0430":"1 \u043c\u0438\u043d\u0443\u0442"},"schema":{"@context":"https:\/\/schema.org","@graph":[{"@type":"WebPage","@id":"https:\/\/kinamihealth.com\/sr\/\u043f\u0440\u043e\u0438\u0437\u0432\u043e\u0434\/stylage-m\/","url":"https:\/\/kinamihealth.com\/sr\/\u043f\u0440\u043e\u0438\u0437\u0432\u043e\u0434\/stylage-m\/","name":"Kupite Stylage M online: Dugotrajni filer sa hijaluronskom kiselinom | Kinami Health","isPartOf":{"@id":"https:\/\/kinamihealth.com\/#website"},"primaryImageOfPage":{"@id":"https:\/\/kinamihealth.com\/sr\/\u043f\u0440\u043e\u0438\u0437\u0432\u043e\u0434\/stylage-m\/#primaryimage"},"image":{"@id":"https:\/\/kinamihealth.com\/sr\/\u043f\u0440\u043e\u0438\u0437\u0432\u043e\u0434\/stylage-m\/#primaryimage"},"thumbnailUrl":"https:\/\/kinamihealth.com\/wp-content\/uploads\/2025\/02\/STYLAGE-M_Front.webp","datePublished":"2025-02-15T16:58:04+00:00","dateModified":"2025-12-05T19:00:19+00:00","description":"Kupite Stylage M online: Vrhunski i dugotrajni filer. Idealan za zagla\u0111ivanje bora, oblikovanje lica i pomla\u0111ivanje \u0161aka. Poru\u010dite danas!","breadcrumb":{"@id":"https:\/\/kinamihealth.com\/sr\/\u043f\u0440\u043e\u0438\u0437\u0432\u043e\u0434\/stylage-m\/#breadcrumb"},"inLanguage":"sr-RS","potentialAction":[{"@type":"ReadAction","target":["https:\/\/kinamihealth.com\/sr\/\u043f\u0440\u043e\u0438\u0437\u0432\u043e\u0434\/stylage-m\/"]}]},{"@type":"ImageObject","inLanguage":"sr-RS","@id":"https:\/\/kinamihealth.com\/sr\/\u043f\u0440\u043e\u0438\u0437\u0432\u043e\u0434\/stylage-m\/#primaryimage","url":"https:\/\/kinamihealth.com\/wp-content\/uploads\/2025\/02\/STYLAGE-M_Front.webp","contentUrl":"https:\/\/kinamihealth.com\/wp-content\/uploads\/2025\/02\/STYLAGE-M_Front.webp","width":1500,"height":1500},{"@type":"BreadcrumbList","@id":"https:\/\/kinamihealth.com\/sr\/\u043f\u0440\u043e\u0438\u0437\u0432\u043e\u0434\/stylage-m\/#breadcrumb","itemListElement":[{"@type":"ListItem","position":1,"name":"Po\u010detna","item":"https:\/\/kinamihealth.com\/"},{"@type":"ListItem","position":2,"name":"Kupovina","item":"https:\/\/kinamihealth.com\/sr\/kupovina\/"},{"@type":"ListItem","position":3,"name":"STYLAGE\u00ae M"}]},{"@type":"WebSite","@id":"https:\/\/kinamihealth.com\/#website","url":"https:\/\/kinamihealth.com\/","name":"Kinami Health","description":"","publisher":{"@id":"https:\/\/kinamihealth.com\/#organization"},"potentialAction":[{"@type":"SearchAction","target":{"@type":"EntryPoint","urlTemplate":"https:\/\/kinamihealth.com\/?s={search_term_string}"},"query-input":{"@type":"PropertyValueSpecification","valueRequired":true,"valueName":"search_term_string"}}],"inLanguage":"sr-RS"},{"@type":"Organization","@id":"https:\/\/kinamihealth.com\/#organization","name":"Kinami Health","url":"https:\/\/kinamihealth.com\/","logo":{"@type":"ImageObject","inLanguage":"sr-RS","@id":"https:\/\/kinamihealth.com\/#\/schema\/logo\/image\/","url":"https:\/\/kinamihealth.com\/wp-content\/uploads\/2025\/01\/KH_logo_black_2-1.png","contentUrl":"https:\/\/kinamihealth.com\/wp-content\/uploads\/2025\/01\/KH_logo_black_2-1.png","width":339,"height":34,"caption":"Kinami Health"},"image":{"@id":"https:\/\/kinamihealth.com\/#\/schema\/logo\/image\/"}}]}},"_links":{"self":[{"href":"https:\/\/kinamihealth.com\/sr\/wp-json\/wp\/v2\/product\/126517","targetHints":{"allow":["GET"]}}],"collection":[{"href":"https:\/\/kinamihealth.com\/sr\/wp-json\/wp\/v2\/product"}],"about":[{"href":"https:\/\/kinamihealth.com\/sr\/wp-json\/wp\/v2\/types\/product"}],"replies":[{"embeddable":true,"href":"https:\/\/kinamihealth.com\/sr\/wp-json\/wp\/v2\/comments?post=126517"}],"version-history":[{"count":0,"href":"https:\/\/kinamihealth.com\/sr\/wp-json\/wp\/v2\/product\/126517\/revisions"}],"wp:featuredmedia":[{"embeddable":true,"href":"https:\/\/kinamihealth.com\/sr\/wp-json\/wp\/v2\/media\/126518"}],"wp:attachment":[{"href":"https:\/\/kinamihealth.com\/sr\/wp-json\/wp\/v2\/media?parent=126517"}],"wp:term":[{"taxonomy":"product_brand","embeddable":true,"href":"https:\/\/kinamihealth.com\/sr\/wp-json\/wp\/v2\/product_brand?post=126517"},{"taxonomy":"product_cat","embeddable":true,"href":"https:\/\/kinamihealth.com\/sr\/wp-json\/wp\/v2\/product_cat?post=126517"},{"taxonomy":"product_tag","embeddable":true,"href":"https:\/\/kinamihealth.com\/sr\/wp-json\/wp\/v2\/product_tag?post=126517"}],"curies":[{"name":"wp","href":"https:\/\/api.w.org\/{rel}","templated":true}]}}