{"id":125653,"date":"2025-02-15T16:57:24","date_gmt":"2025-02-15T16:57:24","guid":{"rendered":"https:\/\/kinamihealth.com\/product\/revofil-aquashine-soft-filler-2ml-x-1-pre-filled-syringe\/"},"modified":"2025-12-04T14:59:21","modified_gmt":"2025-12-04T14:59:21","slug":"revofil-aquashine-soft-filler-2ml-x-1-pre-filled-syringe","status":"publish","type":"product","link":"https:\/\/kinamihealth.com\/sr\/\u043f\u0440\u043e\u0438\u0437\u0432\u043e\u0434\/revofil-aquashine-soft-filler-2ml-x-1-pre-filled-syringe\/","title":{"rendered":"REVOFIL\u2122 AQUASHINE SOFT FILLER (2ml x 1 napunjen \u0161pric)"},"content":{"rendered":"<p data-start=\"0\" data-end=\"609\">Aquashine Soft Filler vra\u0107a mladala\u010dku sve\u017einu i blistavost umornoj, sivoj ko\u017ei. Kompleks aktivnih sastojaka sadr\u017ei visokodelotvornu hijaluronsku kiselinu. Ona stimuli\u0161e formiranje novih \u0107elija ko\u017ee i time obezbe\u0111uje dugotrajno podmla\u0111en izgled ko\u017ee pune sve\u017ee elasti\u010dnosti. Tako\u0111e pobolj\u0161ava sposobnost svake \u0107elije ko\u017ee da apsorbuje i zadr\u017ei vodu. Rezultat je lepo negovana ko\u017ea koja izgleda revitalizovano i mladoliko. Aktivni sastojci u proizvodu tako\u0111e doprinose su\u017eavanju pora i stvaranju finog, ujedna\u010denog tena. Osim podmla\u0111uju\u0107ih efekata, Aquashine Soft Filler mo\u017ee pomo\u0107i i u smanjenju pigmentacija.<\/p>\n<p data-start=\"611\" data-end=\"696\" data-is-last-node=\"\" data-is-only-node=\"\">Smanjuje bore, pobolj\u0161ava elasti\u010dnost ko\u017ee, su\u017eava pore, hidrira i revitalizuje ko\u017eu.<\/p>\n","protected":false},"excerpt":{"rendered":"<p>Aquashine Soft Filler vra\u0107a mladala\u010dku sve\u017einu i blistavost umornoj, sivoj ko\u017ei. Kompleks aktivnih sastojaka sadr\u017ei visokodelotvornu hijaluronsku kiselinu. Ona stimuli\u0161e formiranje novih \u0107elija ko\u017ee i time obezbe\u0111uje dugotrajno podmla\u0111en izgled ko\u017ee pune sve\u017ee elasti\u010dnosti. Tako\u0111e pobolj\u0161ava sposobnost svake \u0107elije ko\u017ee da apsorbuje i zadr\u017ei vodu. Rezultat je lepo negovana ko\u017ea koja izgleda revitalizovano i mladoliko. [&hellip;]<\/p>\n","protected":false},"featured_media":125657,"comment_status":"closed","ping_status":"closed","template":"","meta":{"_acf_changed":false,"inline_featured_image":false},"product_brand":[4909],"product_cat":[4661,4662],"product_tag":[4663],"class_list":{"0":"post-125653","1":"product","2":"type-product","3":"status-publish","4":"has-post-thumbnail","6":"product_brand-revofil","7":"product_cat-dermal-fillers-sr","8":"product_cat-ha-dermal-fillers-sr","9":"product_tag-medical-devices-sr","11":"first","12":"instock","13":"taxable","14":"shipping-taxable","15":"purchasable","16":"product-type-simple","17":"add-to-wishlist-before_image"},"acf":[],"yoast_head":"<!-- This site is optimized with the Yoast SEO plugin v27.3 - https:\/\/yoast.com\/product\/yoast-seo-wordpress\/ -->\n<title>Revofil Aquashine Soft Filler - Kupite Online | Kinami Health<\/title>\n<meta name=\"description\" content=\"Naru\u010dite Revofil Aquashine Soft Filler i obezbedite vrhunsko podmla\u0111ivanje i dubinsku hidrataciju ko\u017ee. Premium dermalni filer sa hijaluronskom kiselinom za vidljivo pobolj\u0161anje elasti\u010dnosti i sjaja.\" \/>\n<meta name=\"robots\" content=\"index, follow, max-snippet:-1, max-image-preview:large, max-video-preview:-1\" \/>\n<link rel=\"canonical\" href=\"https:\/\/kinamihealth.com\/sr\/wp-json\/wp\/v2\/product\/125653\" \/>\n<meta property=\"og:locale\" content=\"sr_RS\" \/>\n<meta property=\"og:type\" content=\"article\" \/>\n<meta property=\"og:title\" content=\"Revofil Aquashine Soft Filler - Kupite Online | Kinami Health\" \/>\n<meta property=\"og:description\" content=\"Naru\u010dite Revofil Aquashine Soft Filler i obezbedite vrhunsko podmla\u0111ivanje i dubinsku hidrataciju ko\u017ee. Premium dermalni filer sa hijaluronskom kiselinom za vidljivo pobolj\u0161anje elasti\u010dnosti i sjaja.\" \/>\n<meta property=\"og:url\" content=\"https:\/\/kinamihealth.com\/sr\/\u043f\u0440\u043e\u0438\u0437\u0432\u043e\u0434\/revofil-aquashine-soft-filler-2ml-x-1-pre-filled-syringe\/\" \/>\n<meta property=\"og:site_name\" content=\"Kinami Health\" \/>\n<meta property=\"article:modified_time\" content=\"2025-12-04T14:59:21+00:00\" \/>\n<meta property=\"og:image\" content=\"https:\/\/kinamihealth.com\/wp-content\/uploads\/2025\/02\/REVOFIL-AQUASHINE-SOFTFILLER-2ML-04.jpg\" \/>\n\t<meta property=\"og:image:width\" content=\"800\" \/>\n\t<meta property=\"og:image:height\" content=\"800\" \/>\n\t<meta property=\"og:image:type\" content=\"image\/jpeg\" \/>\n<meta name=\"twitter:card\" content=\"summary_large_image\" \/>\n<meta name=\"twitter:label1\" content=\"\u041f\u0440\u043e\u0446\u0435\u045a\u0435\u043d\u043e \u0432\u0440\u0435\u043c\u0435 \u0447\u0438\u0442\u0430\u045a\u0430\" \/>\n\t<meta name=\"twitter:data1\" content=\"1 \u043c\u0438\u043d\u0443\u0442\" \/>\n<!-- \/ Yoast SEO plugin. -->","yoast_head_json":{"title":"Revofil Aquashine Soft Filler - Kupite Online | Kinami Health","description":"Naru\u010dite Revofil Aquashine Soft Filler i obezbedite vrhunsko podmla\u0111ivanje i dubinsku hidrataciju ko\u017ee. Premium dermalni filer sa hijaluronskom kiselinom za vidljivo pobolj\u0161anje elasti\u010dnosti i sjaja.","robots":{"index":"index","follow":"follow","max-snippet":"max-snippet:-1","max-image-preview":"max-image-preview:large","max-video-preview":"max-video-preview:-1"},"canonical":"https:\/\/kinamihealth.com\/sr\/wp-json\/wp\/v2\/product\/125653","og_locale":"sr_RS","og_type":"article","og_title":"Revofil Aquashine Soft Filler - Kupite Online | Kinami Health","og_description":"Naru\u010dite Revofil Aquashine Soft Filler i obezbedite vrhunsko podmla\u0111ivanje i dubinsku hidrataciju ko\u017ee. Premium dermalni filer sa hijaluronskom kiselinom za vidljivo pobolj\u0161anje elasti\u010dnosti i sjaja.","og_url":"https:\/\/kinamihealth.com\/sr\/\u043f\u0440\u043e\u0438\u0437\u0432\u043e\u0434\/revofil-aquashine-soft-filler-2ml-x-1-pre-filled-syringe\/","og_site_name":"Kinami Health","article_modified_time":"2025-12-04T14:59:21+00:00","og_image":[{"width":800,"height":800,"url":"https:\/\/kinamihealth.com\/wp-content\/uploads\/2025\/02\/REVOFIL-AQUASHINE-SOFTFILLER-2ML-04.jpg","type":"image\/jpeg"}],"twitter_card":"summary_large_image","twitter_misc":{"\u041f\u0440\u043e\u0446\u0435\u045a\u0435\u043d\u043e \u0432\u0440\u0435\u043c\u0435 \u0447\u0438\u0442\u0430\u045a\u0430":"1 \u043c\u0438\u043d\u0443\u0442"},"schema":{"@context":"https:\/\/schema.org","@graph":[{"@type":"WebPage","@id":"https:\/\/kinamihealth.com\/sr\/\u043f\u0440\u043e\u0438\u0437\u0432\u043e\u0434\/revofil-aquashine-soft-filler-2ml-x-1-pre-filled-syringe\/","url":"https:\/\/kinamihealth.com\/sr\/\u043f\u0440\u043e\u0438\u0437\u0432\u043e\u0434\/revofil-aquashine-soft-filler-2ml-x-1-pre-filled-syringe\/","name":"Revofil Aquashine Soft Filler - Kupite Online | Kinami Health","isPartOf":{"@id":"https:\/\/kinamihealth.com\/#website"},"primaryImageOfPage":{"@id":"https:\/\/kinamihealth.com\/sr\/\u043f\u0440\u043e\u0438\u0437\u0432\u043e\u0434\/revofil-aquashine-soft-filler-2ml-x-1-pre-filled-syringe\/#primaryimage"},"image":{"@id":"https:\/\/kinamihealth.com\/sr\/\u043f\u0440\u043e\u0438\u0437\u0432\u043e\u0434\/revofil-aquashine-soft-filler-2ml-x-1-pre-filled-syringe\/#primaryimage"},"thumbnailUrl":"https:\/\/kinamihealth.com\/wp-content\/uploads\/2025\/02\/REVOFIL-AQUASHINE-SOFTFILLER-2ML-04.jpg","datePublished":"2025-02-15T16:57:24+00:00","dateModified":"2025-12-04T14:59:21+00:00","description":"Naru\u010dite Revofil Aquashine Soft Filler i obezbedite vrhunsko podmla\u0111ivanje i dubinsku hidrataciju ko\u017ee. Premium dermalni filer sa hijaluronskom kiselinom za vidljivo pobolj\u0161anje elasti\u010dnosti i sjaja.","breadcrumb":{"@id":"https:\/\/kinamihealth.com\/sr\/\u043f\u0440\u043e\u0438\u0437\u0432\u043e\u0434\/revofil-aquashine-soft-filler-2ml-x-1-pre-filled-syringe\/#breadcrumb"},"inLanguage":"sr-RS","potentialAction":[{"@type":"ReadAction","target":["https:\/\/kinamihealth.com\/sr\/\u043f\u0440\u043e\u0438\u0437\u0432\u043e\u0434\/revofil-aquashine-soft-filler-2ml-x-1-pre-filled-syringe\/"]}]},{"@type":"ImageObject","inLanguage":"sr-RS","@id":"https:\/\/kinamihealth.com\/sr\/\u043f\u0440\u043e\u0438\u0437\u0432\u043e\u0434\/revofil-aquashine-soft-filler-2ml-x-1-pre-filled-syringe\/#primaryimage","url":"https:\/\/kinamihealth.com\/wp-content\/uploads\/2025\/02\/REVOFIL-AQUASHINE-SOFTFILLER-2ML-04.jpg","contentUrl":"https:\/\/kinamihealth.com\/wp-content\/uploads\/2025\/02\/REVOFIL-AQUASHINE-SOFTFILLER-2ML-04.jpg","width":800,"height":800},{"@type":"BreadcrumbList","@id":"https:\/\/kinamihealth.com\/sr\/\u043f\u0440\u043e\u0438\u0437\u0432\u043e\u0434\/revofil-aquashine-soft-filler-2ml-x-1-pre-filled-syringe\/#breadcrumb","itemListElement":[{"@type":"ListItem","position":1,"name":"Po\u010detna","item":"https:\/\/kinamihealth.com\/"},{"@type":"ListItem","position":2,"name":"Kupovina","item":"https:\/\/kinamihealth.com\/sr\/kupovina\/"},{"@type":"ListItem","position":3,"name":"REVOFIL\u2122 AQUASHINE SOFT FILLER (2ml x 1 napunjen \u0161pric)"}]},{"@type":"WebSite","@id":"https:\/\/kinamihealth.com\/#website","url":"https:\/\/kinamihealth.com\/","name":"Kinami Health","description":"","publisher":{"@id":"https:\/\/kinamihealth.com\/#organization"},"potentialAction":[{"@type":"SearchAction","target":{"@type":"EntryPoint","urlTemplate":"https:\/\/kinamihealth.com\/?s={search_term_string}"},"query-input":{"@type":"PropertyValueSpecification","valueRequired":true,"valueName":"search_term_string"}}],"inLanguage":"sr-RS"},{"@type":"Organization","@id":"https:\/\/kinamihealth.com\/#organization","name":"Kinami Health","url":"https:\/\/kinamihealth.com\/","logo":{"@type":"ImageObject","inLanguage":"sr-RS","@id":"https:\/\/kinamihealth.com\/#\/schema\/logo\/image\/","url":"https:\/\/kinamihealth.com\/wp-content\/uploads\/2025\/01\/KH_logo_black_2-1.png","contentUrl":"https:\/\/kinamihealth.com\/wp-content\/uploads\/2025\/01\/KH_logo_black_2-1.png","width":339,"height":34,"caption":"Kinami Health"},"image":{"@id":"https:\/\/kinamihealth.com\/#\/schema\/logo\/image\/"}}]}},"_links":{"self":[{"href":"https:\/\/kinamihealth.com\/sr\/wp-json\/wp\/v2\/product\/125653","targetHints":{"allow":["GET"]}}],"collection":[{"href":"https:\/\/kinamihealth.com\/sr\/wp-json\/wp\/v2\/product"}],"about":[{"href":"https:\/\/kinamihealth.com\/sr\/wp-json\/wp\/v2\/types\/product"}],"replies":[{"embeddable":true,"href":"https:\/\/kinamihealth.com\/sr\/wp-json\/wp\/v2\/comments?post=125653"}],"version-history":[{"count":0,"href":"https:\/\/kinamihealth.com\/sr\/wp-json\/wp\/v2\/product\/125653\/revisions"}],"wp:featuredmedia":[{"embeddable":true,"href":"https:\/\/kinamihealth.com\/sr\/wp-json\/wp\/v2\/media\/125657"}],"wp:attachment":[{"href":"https:\/\/kinamihealth.com\/sr\/wp-json\/wp\/v2\/media?parent=125653"}],"wp:term":[{"taxonomy":"product_brand","embeddable":true,"href":"https:\/\/kinamihealth.com\/sr\/wp-json\/wp\/v2\/product_brand?post=125653"},{"taxonomy":"product_cat","embeddable":true,"href":"https:\/\/kinamihealth.com\/sr\/wp-json\/wp\/v2\/product_cat?post=125653"},{"taxonomy":"product_tag","embeddable":true,"href":"https:\/\/kinamihealth.com\/sr\/wp-json\/wp\/v2\/product_tag?post=125653"}],"curies":[{"name":"wp","href":"https:\/\/api.w.org\/{rel}","templated":true}]}}