{"id":125273,"date":"2025-02-15T16:56:48","date_gmt":"2025-02-15T16:56:48","guid":{"rendered":"https:\/\/kinamihealth.com\/product\/profhilo-body-kit\/"},"modified":"2025-12-03T11:42:01","modified_gmt":"2025-12-03T11:42:01","slug":"profhilo-body-kit","status":"publish","type":"product","link":"https:\/\/kinamihealth.com\/sr\/\u043f\u0440\u043e\u0438\u0437\u0432\u043e\u0434\/profhilo-body-kit\/","title":{"rendered":"PROFHILO\u00ae BODY KIT"},"content":{"rendered":"<p data-start=\"62\" data-end=\"430\">Profhilo Body: Profhilo Body injekcije dizajnirane su za tretman ko\u017ee koja je izgubila strukturu i \u010dvrstinu. Idealne su za oblasti poput stomaka, nadlaktica i unutra\u0161nje strane butina. Profhilo injekcije koriste NAHYCO\u00ae tehnologiju sa Stabilnim Kooperativnim Hibridnim Kompleksom (HCC) visoke i niske molekulske mase, \u0161to je dokazano da usporava proces starenja.<br \/>\nProfhilo Figura Body Patch: Profhilo Figura Body Patch se koristi kao nadopuna nakon estetskog tretmana, savr\u0161en je za vla\u017eenje i hidrataciju ko\u017ee uz efikasno smanjenje crvenila. Nalepnica sadr\u017ei \u010distu hijaluronsku kiselinu visoke i niske molekulske mase. Ekstrakti Salvia Haenkei imaju antioksidativno dejstvo i smanjuju starenje ko\u017ee. Tako\u0111e sadr\u017ei Escin koji spre\u010dava nakupljanje te\u010dnosti u ko\u017ei i Bromelain, ekstrakt ananasa koji poma\u017ee u obnavljanju normalnog stanja ko\u017ee.<br \/>\nProfhilo Body Cream: Profhilo Body Cream je toniziraju\u0107a krema koja hidrira i pove\u0107ava elasti\u010dnost dubokog sloja ko\u017ee, odr\u017eavaju\u0107i vitalnost \u0107elija. Krema sadr\u017ei pro\u010di\u0161\u0107enu hijaluronsku kiselinu visoke i niske molekulske mase, kao i Matrixyl 3000, peptid dokazan da minimizira sitne bore pove\u0107anjem sinteze kolagena. Zajedno odr\u017eavaju hidrolipidni film, ja\u010daju barijernu funkciju ko\u017ee i reguli\u0161u razli\u010dite \u0107elijske aktivnosti koje podsti\u010du obnavljanje ko\u017ee.<\/p>\n","protected":false},"excerpt":{"rendered":"<p>Profhilo Body: Profhilo Body injekcije dizajnirane su za tretman ko\u017ee koja je izgubila strukturu i \u010dvrstinu. Idealne su za oblasti poput stomaka, nadlaktica i unutra\u0161nje strane butina. Profhilo injekcije koriste NAHYCO\u00ae tehnologiju sa Stabilnim Kooperativnim Hibridnim Kompleksom (HCC) visoke i niske molekulske mase, \u0161to je dokazano da usporava proces starenja. Profhilo Figura Body Patch: Profhilo [&hellip;]<\/p>\n","protected":false},"featured_media":125277,"comment_status":"closed","ping_status":"closed","template":"","meta":{"_acf_changed":false,"inline_featured_image":false},"product_brand":[5099],"product_cat":[4857],"product_tag":[4663],"class_list":{"0":"post-125273","1":"product","2":"type-product","3":"status-publish","4":"has-post-thumbnail","6":"product_brand-profhilo","7":"product_cat-body-sculpting-sr","8":"product_tag-medical-devices-sr","10":"first","11":"instock","12":"taxable","13":"shipping-taxable","14":"purchasable","15":"product-type-simple","16":"add-to-wishlist-before_image"},"acf":[],"yoast_head":"<!-- This site is optimized with the Yoast SEO plugin v27.1.1 - https:\/\/yoast.com\/product\/yoast-seo-wordpress\/ -->\n<title>Kupite Profhilo Body Kit | Premium Proizvod za Oblikovanje Tela | Kinami Health<\/title>\n<meta name=\"description\" content=\"Kupite Profhilo Body Kit online i transformi\u0161ite sataru ko\u017eu ultimativnim sistemom tretmana.\" \/>\n<meta name=\"robots\" content=\"index, follow, max-snippet:-1, max-image-preview:large, max-video-preview:-1\" \/>\n<link rel=\"canonical\" href=\"https:\/\/kinamihealth.com\/sr\/wp-json\/wp\/v2\/product\/125273\" \/>\n<meta property=\"og:locale\" content=\"sr_RS\" \/>\n<meta property=\"og:type\" content=\"article\" \/>\n<meta property=\"og:title\" content=\"Kupite Profhilo Body Kit | Premium Proizvod za Oblikovanje Tela | Kinami Health\" \/>\n<meta property=\"og:description\" content=\"Kupite Profhilo Body Kit online i transformi\u0161ite sataru ko\u017eu ultimativnim sistemom tretmana.\" \/>\n<meta property=\"og:url\" content=\"https:\/\/kinamihealth.com\/sr\/\u043f\u0440\u043e\u0438\u0437\u0432\u043e\u0434\/profhilo-body-kit\/\" \/>\n<meta property=\"og:site_name\" content=\"Kinami Health\" \/>\n<meta property=\"article:modified_time\" content=\"2025-12-03T11:42:01+00:00\" \/>\n<meta property=\"og:image\" content=\"https:\/\/kinamihealth.com\/wp-content\/uploads\/2025\/02\/IBSA-PROFHILO-BODYKIT-01.jpg\" \/>\n\t<meta property=\"og:image:width\" content=\"800\" \/>\n\t<meta property=\"og:image:height\" content=\"800\" \/>\n\t<meta property=\"og:image:type\" content=\"image\/jpeg\" \/>\n<meta name=\"twitter:card\" content=\"summary_large_image\" \/>\n<meta name=\"twitter:label1\" content=\"\u041f\u0440\u043e\u0446\u0435\u045a\u0435\u043d\u043e \u0432\u0440\u0435\u043c\u0435 \u0447\u0438\u0442\u0430\u045a\u0430\" \/>\n\t<meta name=\"twitter:data1\" content=\"1 \u043c\u0438\u043d\u0443\u0442\" \/>\n<!-- \/ Yoast SEO plugin. -->","yoast_head_json":{"title":"Kupite Profhilo Body Kit | Premium Proizvod za Oblikovanje Tela | Kinami Health","description":"Kupite Profhilo Body Kit online i transformi\u0161ite sataru ko\u017eu ultimativnim sistemom tretmana.","robots":{"index":"index","follow":"follow","max-snippet":"max-snippet:-1","max-image-preview":"max-image-preview:large","max-video-preview":"max-video-preview:-1"},"canonical":"https:\/\/kinamihealth.com\/sr\/wp-json\/wp\/v2\/product\/125273","og_locale":"sr_RS","og_type":"article","og_title":"Kupite Profhilo Body Kit | Premium Proizvod za Oblikovanje Tela | Kinami Health","og_description":"Kupite Profhilo Body Kit online i transformi\u0161ite sataru ko\u017eu ultimativnim sistemom tretmana.","og_url":"https:\/\/kinamihealth.com\/sr\/\u043f\u0440\u043e\u0438\u0437\u0432\u043e\u0434\/profhilo-body-kit\/","og_site_name":"Kinami Health","article_modified_time":"2025-12-03T11:42:01+00:00","og_image":[{"width":800,"height":800,"url":"https:\/\/kinamihealth.com\/wp-content\/uploads\/2025\/02\/IBSA-PROFHILO-BODYKIT-01.jpg","type":"image\/jpeg"}],"twitter_card":"summary_large_image","twitter_misc":{"\u041f\u0440\u043e\u0446\u0435\u045a\u0435\u043d\u043e \u0432\u0440\u0435\u043c\u0435 \u0447\u0438\u0442\u0430\u045a\u0430":"1 \u043c\u0438\u043d\u0443\u0442"},"schema":{"@context":"https:\/\/schema.org","@graph":[{"@type":"WebPage","@id":"https:\/\/kinamihealth.com\/sr\/\u043f\u0440\u043e\u0438\u0437\u0432\u043e\u0434\/profhilo-body-kit\/","url":"https:\/\/kinamihealth.com\/sr\/\u043f\u0440\u043e\u0438\u0437\u0432\u043e\u0434\/profhilo-body-kit\/","name":"Kupite Profhilo Body Kit | Premium Proizvod za Oblikovanje Tela | Kinami Health","isPartOf":{"@id":"https:\/\/kinamihealth.com\/#website"},"primaryImageOfPage":{"@id":"https:\/\/kinamihealth.com\/sr\/\u043f\u0440\u043e\u0438\u0437\u0432\u043e\u0434\/profhilo-body-kit\/#primaryimage"},"image":{"@id":"https:\/\/kinamihealth.com\/sr\/\u043f\u0440\u043e\u0438\u0437\u0432\u043e\u0434\/profhilo-body-kit\/#primaryimage"},"thumbnailUrl":"https:\/\/kinamihealth.com\/wp-content\/uploads\/2025\/02\/IBSA-PROFHILO-BODYKIT-01.jpg","datePublished":"2025-02-15T16:56:48+00:00","dateModified":"2025-12-03T11:42:01+00:00","description":"Kupite Profhilo Body Kit online i transformi\u0161ite sataru ko\u017eu ultimativnim sistemom tretmana.","breadcrumb":{"@id":"https:\/\/kinamihealth.com\/sr\/\u043f\u0440\u043e\u0438\u0437\u0432\u043e\u0434\/profhilo-body-kit\/#breadcrumb"},"inLanguage":"sr-RS","potentialAction":[{"@type":"ReadAction","target":["https:\/\/kinamihealth.com\/sr\/\u043f\u0440\u043e\u0438\u0437\u0432\u043e\u0434\/profhilo-body-kit\/"]}]},{"@type":"ImageObject","inLanguage":"sr-RS","@id":"https:\/\/kinamihealth.com\/sr\/\u043f\u0440\u043e\u0438\u0437\u0432\u043e\u0434\/profhilo-body-kit\/#primaryimage","url":"https:\/\/kinamihealth.com\/wp-content\/uploads\/2025\/02\/IBSA-PROFHILO-BODYKIT-01.jpg","contentUrl":"https:\/\/kinamihealth.com\/wp-content\/uploads\/2025\/02\/IBSA-PROFHILO-BODYKIT-01.jpg","width":800,"height":800},{"@type":"BreadcrumbList","@id":"https:\/\/kinamihealth.com\/sr\/\u043f\u0440\u043e\u0438\u0437\u0432\u043e\u0434\/profhilo-body-kit\/#breadcrumb","itemListElement":[{"@type":"ListItem","position":1,"name":"Po\u010detna","item":"https:\/\/kinamihealth.com\/"},{"@type":"ListItem","position":2,"name":"Kupovina","item":"https:\/\/kinamihealth.com\/sr\/kupovina\/"},{"@type":"ListItem","position":3,"name":"PROFHILO\u00ae BODY KIT"}]},{"@type":"WebSite","@id":"https:\/\/kinamihealth.com\/#website","url":"https:\/\/kinamihealth.com\/","name":"Kinami Health","description":"","publisher":{"@id":"https:\/\/kinamihealth.com\/#organization"},"potentialAction":[{"@type":"SearchAction","target":{"@type":"EntryPoint","urlTemplate":"https:\/\/kinamihealth.com\/?s={search_term_string}"},"query-input":{"@type":"PropertyValueSpecification","valueRequired":true,"valueName":"search_term_string"}}],"inLanguage":"sr-RS"},{"@type":"Organization","@id":"https:\/\/kinamihealth.com\/#organization","name":"Kinami Health","url":"https:\/\/kinamihealth.com\/","logo":{"@type":"ImageObject","inLanguage":"sr-RS","@id":"https:\/\/kinamihealth.com\/#\/schema\/logo\/image\/","url":"https:\/\/kinamihealth.com\/wp-content\/uploads\/2025\/01\/KH_logo_black_2-1.png","contentUrl":"https:\/\/kinamihealth.com\/wp-content\/uploads\/2025\/01\/KH_logo_black_2-1.png","width":339,"height":34,"caption":"Kinami Health"},"image":{"@id":"https:\/\/kinamihealth.com\/#\/schema\/logo\/image\/"}}]}},"_links":{"self":[{"href":"https:\/\/kinamihealth.com\/sr\/wp-json\/wp\/v2\/product\/125273","targetHints":{"allow":["GET"]}}],"collection":[{"href":"https:\/\/kinamihealth.com\/sr\/wp-json\/wp\/v2\/product"}],"about":[{"href":"https:\/\/kinamihealth.com\/sr\/wp-json\/wp\/v2\/types\/product"}],"replies":[{"embeddable":true,"href":"https:\/\/kinamihealth.com\/sr\/wp-json\/wp\/v2\/comments?post=125273"}],"version-history":[{"count":0,"href":"https:\/\/kinamihealth.com\/sr\/wp-json\/wp\/v2\/product\/125273\/revisions"}],"wp:featuredmedia":[{"embeddable":true,"href":"https:\/\/kinamihealth.com\/sr\/wp-json\/wp\/v2\/media\/125277"}],"wp:attachment":[{"href":"https:\/\/kinamihealth.com\/sr\/wp-json\/wp\/v2\/media?parent=125273"}],"wp:term":[{"taxonomy":"product_brand","embeddable":true,"href":"https:\/\/kinamihealth.com\/sr\/wp-json\/wp\/v2\/product_brand?post=125273"},{"taxonomy":"product_cat","embeddable":true,"href":"https:\/\/kinamihealth.com\/sr\/wp-json\/wp\/v2\/product_cat?post=125273"},{"taxonomy":"product_tag","embeddable":true,"href":"https:\/\/kinamihealth.com\/sr\/wp-json\/wp\/v2\/product_tag?post=125273"}],"curies":[{"name":"wp","href":"https:\/\/api.w.org\/{rel}","templated":true}]}}