{"id":124981,"date":"2025-03-11T18:14:47","date_gmt":"2025-03-11T18:14:47","guid":{"rendered":"https:\/\/kinamihealth.com\/product\/monovisc\/"},"modified":"2026-04-02T14:14:44","modified_gmt":"2026-04-02T14:14:44","slug":"monovisc","status":"publish","type":"product","link":"https:\/\/kinamihealth.com\/sr\/\u043f\u0440\u043e\u0438\u0437\u0432\u043e\u0434\/monovisc\/","title":{"rendered":"MONOVISC\u00ae"},"content":{"rendered":"<p>MONOVISC\u00ae je tretman hijaluronskom kiselinom u jednoj injekciji, osmi\u0161ljen da pru\u017ei dugotrajno olak\u0161anje od bolova uzrokovanih osteoartritisom kolena. Deluje tako \u0161to obnavlja podmazivanje i amortizaciju zgloba, smanjuje nelagodnost i pobolj\u0161ava pokretljivost. Formulisan sa stabilizovanom hijaluronskom kiselinom neanimalnog porekla, MONOVISC\u00ae predstavlja bezbednu i efikasnu nehirur\u0161ku opciju za pacijente koji tra\u017ee produ\u017eeno ubla\u017eavanje bola.<\/p>\n","protected":false},"excerpt":{"rendered":"<p>MONOVISC\u00ae je tretman hijaluronskom kiselinom u jednoj injekciji, osmi\u0161ljen da pru\u017ei dugotrajno olak\u0161anje od bolova uzrokovanih osteoartritisom kolena. Deluje tako \u0161to obnavlja podmazivanje i amortizaciju zgloba, smanjuje nelagodnost i pobolj\u0161ava pokretljivost. Formulisan sa stabilizovanom hijaluronskom kiselinom neanimalnog porekla, MONOVISC\u00ae predstavlja bezbednu i efikasnu nehirur\u0161ku opciju za pacijente koji tra\u017ee produ\u017eeno ubla\u017eavanje bola.<\/p>\n","protected":false},"featured_media":124985,"comment_status":"closed","ping_status":"closed","template":"","meta":{"_acf_changed":false,"inline_featured_image":false},"product_brand":[4973],"product_cat":[4772],"product_tag":[4663],"class_list":{"0":"post-124981","1":"product","2":"type-product","3":"status-publish","4":"has-post-thumbnail","6":"product_brand-monovisc","7":"product_cat-orthopedic-injections-sr","8":"product_tag-medical-devices-sr","10":"first","11":"instock","12":"taxable","13":"shipping-taxable","14":"purchasable","15":"product-type-simple","16":"add-to-wishlist-before_image"},"acf":[],"yoast_head":"<!-- This site is optimized with the Yoast SEO plugin v27.1.1 - https:\/\/yoast.com\/product\/yoast-seo-wordpress\/ -->\n<title>Kupite Monovisc injekcije online | Kinami Health<\/title>\n<meta name=\"description\" content=\"Kupite Monovisc injekcije online za efikasno ubla\u017eavanje bola osteoartritisa. Jednodozan tretman HA za podmazivanje zglobova i pokretljivost. Naru\u010dite iz Kinami Health.\" \/>\n<meta name=\"robots\" content=\"index, follow, max-snippet:-1, max-image-preview:large, max-video-preview:-1\" \/>\n<link rel=\"canonical\" href=\"https:\/\/kinamihealth.com\/sr\/wp-json\/wp\/v2\/product\/124981\" \/>\n<meta property=\"og:locale\" content=\"sr_RS\" \/>\n<meta property=\"og:type\" content=\"article\" \/>\n<meta property=\"og:title\" content=\"Kupite Monovisc injekcije online | Kinami Health\" \/>\n<meta property=\"og:description\" content=\"Kupite Monovisc injekcije online za efikasno ubla\u017eavanje bola osteoartritisa. Jednodozan tretman HA za podmazivanje zglobova i pokretljivost. Naru\u010dite iz Kinami Health.\" \/>\n<meta property=\"og:url\" content=\"https:\/\/kinamihealth.com\/sr\/\u043f\u0440\u043e\u0438\u0437\u0432\u043e\u0434\/monovisc\/\" \/>\n<meta property=\"og:site_name\" content=\"Kinami Health\" \/>\n<meta property=\"article:modified_time\" content=\"2026-04-02T14:14:44+00:00\" \/>\n<meta property=\"og:image\" content=\"https:\/\/kinamihealth.com\/wp-content\/uploads\/2025\/03\/MONOVISC-4ML-04.webp\" \/>\n\t<meta property=\"og:image:width\" content=\"800\" \/>\n\t<meta property=\"og:image:height\" content=\"800\" \/>\n\t<meta property=\"og:image:type\" content=\"image\/webp\" \/>\n<meta name=\"twitter:card\" content=\"summary_large_image\" \/>\n<meta name=\"twitter:label1\" content=\"\u041f\u0440\u043e\u0446\u0435\u045a\u0435\u043d\u043e \u0432\u0440\u0435\u043c\u0435 \u0447\u0438\u0442\u0430\u045a\u0430\" \/>\n\t<meta name=\"twitter:data1\" content=\"1 \u043c\u0438\u043d\u0443\u0442\" \/>\n<!-- \/ Yoast SEO plugin. -->","yoast_head_json":{"title":"Kupite Monovisc injekcije online | Kinami Health","description":"Kupite Monovisc injekcije online za efikasno ubla\u017eavanje bola osteoartritisa. Jednodozan tretman HA za podmazivanje zglobova i pokretljivost. Naru\u010dite iz Kinami Health.","robots":{"index":"index","follow":"follow","max-snippet":"max-snippet:-1","max-image-preview":"max-image-preview:large","max-video-preview":"max-video-preview:-1"},"canonical":"https:\/\/kinamihealth.com\/sr\/wp-json\/wp\/v2\/product\/124981","og_locale":"sr_RS","og_type":"article","og_title":"Kupite Monovisc injekcije online | Kinami Health","og_description":"Kupite Monovisc injekcije online za efikasno ubla\u017eavanje bola osteoartritisa. Jednodozan tretman HA za podmazivanje zglobova i pokretljivost. Naru\u010dite iz Kinami Health.","og_url":"https:\/\/kinamihealth.com\/sr\/\u043f\u0440\u043e\u0438\u0437\u0432\u043e\u0434\/monovisc\/","og_site_name":"Kinami Health","article_modified_time":"2026-04-02T14:14:44+00:00","og_image":[{"width":800,"height":800,"url":"https:\/\/kinamihealth.com\/wp-content\/uploads\/2025\/03\/MONOVISC-4ML-04.webp","type":"image\/webp"}],"twitter_card":"summary_large_image","twitter_misc":{"\u041f\u0440\u043e\u0446\u0435\u045a\u0435\u043d\u043e \u0432\u0440\u0435\u043c\u0435 \u0447\u0438\u0442\u0430\u045a\u0430":"1 \u043c\u0438\u043d\u0443\u0442"},"schema":{"@context":"https:\/\/schema.org","@graph":[{"@type":"WebPage","@id":"https:\/\/kinamihealth.com\/sr\/\u043f\u0440\u043e\u0438\u0437\u0432\u043e\u0434\/monovisc\/","url":"https:\/\/kinamihealth.com\/sr\/\u043f\u0440\u043e\u0438\u0437\u0432\u043e\u0434\/monovisc\/","name":"Kupite Monovisc injekcije online | Kinami Health","isPartOf":{"@id":"https:\/\/kinamihealth.com\/#website"},"primaryImageOfPage":{"@id":"https:\/\/kinamihealth.com\/sr\/\u043f\u0440\u043e\u0438\u0437\u0432\u043e\u0434\/monovisc\/#primaryimage"},"image":{"@id":"https:\/\/kinamihealth.com\/sr\/\u043f\u0440\u043e\u0438\u0437\u0432\u043e\u0434\/monovisc\/#primaryimage"},"thumbnailUrl":"https:\/\/kinamihealth.com\/wp-content\/uploads\/2025\/03\/MONOVISC-4ML-04.webp","datePublished":"2025-03-11T18:14:47+00:00","dateModified":"2026-04-02T14:14:44+00:00","description":"Kupite Monovisc injekcije online za efikasno ubla\u017eavanje bola osteoartritisa. Jednodozan tretman HA za podmazivanje zglobova i pokretljivost. Naru\u010dite iz Kinami Health.","breadcrumb":{"@id":"https:\/\/kinamihealth.com\/sr\/\u043f\u0440\u043e\u0438\u0437\u0432\u043e\u0434\/monovisc\/#breadcrumb"},"inLanguage":"sr-RS","potentialAction":[{"@type":"ReadAction","target":["https:\/\/kinamihealth.com\/sr\/\u043f\u0440\u043e\u0438\u0437\u0432\u043e\u0434\/monovisc\/"]}]},{"@type":"ImageObject","inLanguage":"sr-RS","@id":"https:\/\/kinamihealth.com\/sr\/\u043f\u0440\u043e\u0438\u0437\u0432\u043e\u0434\/monovisc\/#primaryimage","url":"https:\/\/kinamihealth.com\/wp-content\/uploads\/2025\/03\/MONOVISC-4ML-04.webp","contentUrl":"https:\/\/kinamihealth.com\/wp-content\/uploads\/2025\/03\/MONOVISC-4ML-04.webp","width":800,"height":800},{"@type":"BreadcrumbList","@id":"https:\/\/kinamihealth.com\/sr\/\u043f\u0440\u043e\u0438\u0437\u0432\u043e\u0434\/monovisc\/#breadcrumb","itemListElement":[{"@type":"ListItem","position":1,"name":"Po\u010detna","item":"https:\/\/kinamihealth.com\/"},{"@type":"ListItem","position":2,"name":"Kupovina","item":"https:\/\/kinamihealth.com\/sr\/kupovina\/"},{"@type":"ListItem","position":3,"name":"MONOVISC\u00ae"}]},{"@type":"WebSite","@id":"https:\/\/kinamihealth.com\/#website","url":"https:\/\/kinamihealth.com\/","name":"Kinami Health","description":"","publisher":{"@id":"https:\/\/kinamihealth.com\/#organization"},"potentialAction":[{"@type":"SearchAction","target":{"@type":"EntryPoint","urlTemplate":"https:\/\/kinamihealth.com\/?s={search_term_string}"},"query-input":{"@type":"PropertyValueSpecification","valueRequired":true,"valueName":"search_term_string"}}],"inLanguage":"sr-RS"},{"@type":"Organization","@id":"https:\/\/kinamihealth.com\/#organization","name":"Kinami Health","url":"https:\/\/kinamihealth.com\/","logo":{"@type":"ImageObject","inLanguage":"sr-RS","@id":"https:\/\/kinamihealth.com\/#\/schema\/logo\/image\/","url":"https:\/\/kinamihealth.com\/wp-content\/uploads\/2025\/01\/KH_logo_black_2-1.png","contentUrl":"https:\/\/kinamihealth.com\/wp-content\/uploads\/2025\/01\/KH_logo_black_2-1.png","width":339,"height":34,"caption":"Kinami Health"},"image":{"@id":"https:\/\/kinamihealth.com\/#\/schema\/logo\/image\/"}}]}},"_links":{"self":[{"href":"https:\/\/kinamihealth.com\/sr\/wp-json\/wp\/v2\/product\/124981","targetHints":{"allow":["GET"]}}],"collection":[{"href":"https:\/\/kinamihealth.com\/sr\/wp-json\/wp\/v2\/product"}],"about":[{"href":"https:\/\/kinamihealth.com\/sr\/wp-json\/wp\/v2\/types\/product"}],"replies":[{"embeddable":true,"href":"https:\/\/kinamihealth.com\/sr\/wp-json\/wp\/v2\/comments?post=124981"}],"version-history":[{"count":1,"href":"https:\/\/kinamihealth.com\/sr\/wp-json\/wp\/v2\/product\/124981\/revisions"}],"predecessor-version":[{"id":134351,"href":"https:\/\/kinamihealth.com\/sr\/wp-json\/wp\/v2\/product\/124981\/revisions\/134351"}],"wp:featuredmedia":[{"embeddable":true,"href":"https:\/\/kinamihealth.com\/sr\/wp-json\/wp\/v2\/media\/124985"}],"wp:attachment":[{"href":"https:\/\/kinamihealth.com\/sr\/wp-json\/wp\/v2\/media?parent=124981"}],"wp:term":[{"taxonomy":"product_brand","embeddable":true,"href":"https:\/\/kinamihealth.com\/sr\/wp-json\/wp\/v2\/product_brand?post=124981"},{"taxonomy":"product_cat","embeddable":true,"href":"https:\/\/kinamihealth.com\/sr\/wp-json\/wp\/v2\/product_cat?post=124981"},{"taxonomy":"product_tag","embeddable":true,"href":"https:\/\/kinamihealth.com\/sr\/wp-json\/wp\/v2\/product_tag?post=124981"}],"curies":[{"name":"wp","href":"https:\/\/api.w.org\/{rel}","templated":true}]}}