{"id":124977,"date":"2025-02-15T16:56:10","date_gmt":"2025-02-15T16:56:10","guid":{"rendered":"https:\/\/kinamihealth.com\/product\/mesoestetic-cosmelan-2\/"},"modified":"2025-12-02T19:44:06","modified_gmt":"2025-12-02T19:44:06","slug":"mesoestetic-cosmelan-2","status":"publish","type":"product","link":"https:\/\/kinamihealth.com\/sr\/\u043f\u0440\u043e\u0438\u0437\u0432\u043e\u0434\/mesoestetic-cosmelan-2\/","title":{"rendered":"MESOESTETIC\u00ae COSMELAN\u00ae 2"},"content":{"rendered":"<div>\n<div class=\"grid-cols-1 grid gap-2.5 [&amp;_&gt;_*]:min-w-0\">\n<p class=\"font-claude-response-body whitespace-normal break-words\">Cosmelan\u00ae 2 je namenjen za dopunu depigmentacionog dejstva cosmelan\u00ae estetskog tretmana u cilju uklanjanja i\/ili redukovanja fleka melanskog porekla. Pigmentne mrlje na ko\u017ei su veoma \u010dest problem, posebno kod \u017eena. Nastaju kao posledica tamnjenja ko\u017ee uzrokovanog prekomernom proizvodnjom pigmenta ili melanina koji se neravnomerno talo\u017ei u ko\u017ei. Predstavljaju zna\u010dajan estetski problem zbog neprivla\u010dnog izgleda i negativnog psiholo\u0161kog i emocionalnog uticaja.<\/p>\n<\/div>\n<\/div>\n","protected":false},"excerpt":{"rendered":"<p>Cosmelan\u00ae 2 je namenjen za dopunu depigmentacionog dejstva cosmelan\u00ae estetskog tretmana u cilju uklanjanja i\/ili redukovanja fleka melanskog porekla. Pigmentne mrlje na ko\u017ei su veoma \u010dest problem, posebno kod \u017eena. Nastaju kao posledica tamnjenja ko\u017ee uzrokovanog prekomernom proizvodnjom pigmenta ili melanina koji se neravnomerno talo\u017ei u ko\u017ei. Predstavljaju zna\u010dajan estetski problem zbog neprivla\u010dnog izgleda i [&hellip;]<\/p>\n","protected":false},"featured_media":124980,"comment_status":"closed","ping_status":"closed","template":"","meta":{"_acf_changed":false,"inline_featured_image":false},"product_brand":[4970],"product_cat":[4933],"product_tag":[4663],"class_list":{"0":"post-124977","1":"product","2":"type-product","3":"status-publish","4":"has-post-thumbnail","6":"product_brand-mesoestetic","7":"product_cat-skincare-sr","8":"product_tag-medical-devices-sr","10":"first","11":"instock","12":"taxable","13":"shipping-taxable","14":"purchasable","15":"product-type-simple","16":"add-to-wishlist-before_image"},"acf":[],"yoast_head":"<!-- This site is optimized with the Yoast SEO plugin v27.3 - https:\/\/yoast.com\/product\/yoast-seo-wordpress\/ -->\n<title>Kupite Mesoestetic Cosmelan 2 online | Kinami Health<\/title>\n<meta name=\"description\" content=\"Kupite Mesoestetic Cosmelan 2 online u Kinami Health. Mo\u0107na depigmentaciona krema za ubla\u017eavanje melazme, fleka od sunca i hiperpigmentacije.\" \/>\n<meta name=\"robots\" content=\"index, follow, max-snippet:-1, max-image-preview:large, max-video-preview:-1\" \/>\n<link rel=\"canonical\" href=\"https:\/\/kinamihealth.com\/sr\/wp-json\/wp\/v2\/product\/124977\" \/>\n<meta property=\"og:locale\" content=\"sr_RS\" \/>\n<meta property=\"og:type\" content=\"article\" \/>\n<meta property=\"og:title\" content=\"Kupite Mesoestetic Cosmelan 2 online | Kinami Health\" \/>\n<meta property=\"og:description\" content=\"Kupite Mesoestetic Cosmelan 2 online u Kinami Health. Mo\u0107na depigmentaciona krema za ubla\u017eavanje melazme, fleka od sunca i hiperpigmentacije.\" \/>\n<meta property=\"og:url\" content=\"https:\/\/kinamihealth.com\/sr\/\u043f\u0440\u043e\u0438\u0437\u0432\u043e\u0434\/mesoestetic-cosmelan-2\/\" \/>\n<meta property=\"og:site_name\" content=\"Kinami Health\" \/>\n<meta property=\"article:modified_time\" content=\"2025-12-02T19:44:06+00:00\" \/>\n<meta property=\"og:image\" content=\"https:\/\/kinamihealth.com\/wp-content\/uploads\/2025\/02\/MESOESTETIC-COSMELAN-2_Front-.webp\" \/>\n\t<meta property=\"og:image:width\" content=\"1500\" \/>\n\t<meta property=\"og:image:height\" content=\"1500\" \/>\n\t<meta property=\"og:image:type\" content=\"image\/webp\" \/>\n<meta name=\"twitter:card\" content=\"summary_large_image\" \/>\n<meta name=\"twitter:label1\" content=\"\u041f\u0440\u043e\u0446\u0435\u045a\u0435\u043d\u043e \u0432\u0440\u0435\u043c\u0435 \u0447\u0438\u0442\u0430\u045a\u0430\" \/>\n\t<meta name=\"twitter:data1\" content=\"1 \u043c\u0438\u043d\u0443\u0442\" \/>\n<!-- \/ Yoast SEO plugin. -->","yoast_head_json":{"title":"Kupite Mesoestetic Cosmelan 2 online | Kinami Health","description":"Kupite Mesoestetic Cosmelan 2 online u Kinami Health. Mo\u0107na depigmentaciona krema za ubla\u017eavanje melazme, fleka od sunca i hiperpigmentacije.","robots":{"index":"index","follow":"follow","max-snippet":"max-snippet:-1","max-image-preview":"max-image-preview:large","max-video-preview":"max-video-preview:-1"},"canonical":"https:\/\/kinamihealth.com\/sr\/wp-json\/wp\/v2\/product\/124977","og_locale":"sr_RS","og_type":"article","og_title":"Kupite Mesoestetic Cosmelan 2 online | Kinami Health","og_description":"Kupite Mesoestetic Cosmelan 2 online u Kinami Health. Mo\u0107na depigmentaciona krema za ubla\u017eavanje melazme, fleka od sunca i hiperpigmentacije.","og_url":"https:\/\/kinamihealth.com\/sr\/\u043f\u0440\u043e\u0438\u0437\u0432\u043e\u0434\/mesoestetic-cosmelan-2\/","og_site_name":"Kinami Health","article_modified_time":"2025-12-02T19:44:06+00:00","og_image":[{"width":1500,"height":1500,"url":"https:\/\/kinamihealth.com\/wp-content\/uploads\/2025\/02\/MESOESTETIC-COSMELAN-2_Front-.webp","type":"image\/webp"}],"twitter_card":"summary_large_image","twitter_misc":{"\u041f\u0440\u043e\u0446\u0435\u045a\u0435\u043d\u043e \u0432\u0440\u0435\u043c\u0435 \u0447\u0438\u0442\u0430\u045a\u0430":"1 \u043c\u0438\u043d\u0443\u0442"},"schema":{"@context":"https:\/\/schema.org","@graph":[{"@type":"WebPage","@id":"https:\/\/kinamihealth.com\/sr\/\u043f\u0440\u043e\u0438\u0437\u0432\u043e\u0434\/mesoestetic-cosmelan-2\/","url":"https:\/\/kinamihealth.com\/sr\/\u043f\u0440\u043e\u0438\u0437\u0432\u043e\u0434\/mesoestetic-cosmelan-2\/","name":"Kupite Mesoestetic Cosmelan 2 online | Kinami Health","isPartOf":{"@id":"https:\/\/kinamihealth.com\/#website"},"primaryImageOfPage":{"@id":"https:\/\/kinamihealth.com\/sr\/\u043f\u0440\u043e\u0438\u0437\u0432\u043e\u0434\/mesoestetic-cosmelan-2\/#primaryimage"},"image":{"@id":"https:\/\/kinamihealth.com\/sr\/\u043f\u0440\u043e\u0438\u0437\u0432\u043e\u0434\/mesoestetic-cosmelan-2\/#primaryimage"},"thumbnailUrl":"https:\/\/kinamihealth.com\/wp-content\/uploads\/2025\/02\/MESOESTETIC-COSMELAN-2_Front-.webp","datePublished":"2025-02-15T16:56:10+00:00","dateModified":"2025-12-02T19:44:06+00:00","description":"Kupite Mesoestetic Cosmelan 2 online u Kinami Health. Mo\u0107na depigmentaciona krema za ubla\u017eavanje melazme, fleka od sunca i hiperpigmentacije.","breadcrumb":{"@id":"https:\/\/kinamihealth.com\/sr\/\u043f\u0440\u043e\u0438\u0437\u0432\u043e\u0434\/mesoestetic-cosmelan-2\/#breadcrumb"},"inLanguage":"sr-RS","potentialAction":[{"@type":"ReadAction","target":["https:\/\/kinamihealth.com\/sr\/\u043f\u0440\u043e\u0438\u0437\u0432\u043e\u0434\/mesoestetic-cosmelan-2\/"]}]},{"@type":"ImageObject","inLanguage":"sr-RS","@id":"https:\/\/kinamihealth.com\/sr\/\u043f\u0440\u043e\u0438\u0437\u0432\u043e\u0434\/mesoestetic-cosmelan-2\/#primaryimage","url":"https:\/\/kinamihealth.com\/wp-content\/uploads\/2025\/02\/MESOESTETIC-COSMELAN-2_Front-.webp","contentUrl":"https:\/\/kinamihealth.com\/wp-content\/uploads\/2025\/02\/MESOESTETIC-COSMELAN-2_Front-.webp","width":1500,"height":1500},{"@type":"BreadcrumbList","@id":"https:\/\/kinamihealth.com\/sr\/\u043f\u0440\u043e\u0438\u0437\u0432\u043e\u0434\/mesoestetic-cosmelan-2\/#breadcrumb","itemListElement":[{"@type":"ListItem","position":1,"name":"Po\u010detna","item":"https:\/\/kinamihealth.com\/"},{"@type":"ListItem","position":2,"name":"Kupovina","item":"https:\/\/kinamihealth.com\/sr\/kupovina\/"},{"@type":"ListItem","position":3,"name":"MESOESTETIC\u00ae COSMELAN\u00ae 2"}]},{"@type":"WebSite","@id":"https:\/\/kinamihealth.com\/#website","url":"https:\/\/kinamihealth.com\/","name":"Kinami Health","description":"","publisher":{"@id":"https:\/\/kinamihealth.com\/#organization"},"potentialAction":[{"@type":"SearchAction","target":{"@type":"EntryPoint","urlTemplate":"https:\/\/kinamihealth.com\/?s={search_term_string}"},"query-input":{"@type":"PropertyValueSpecification","valueRequired":true,"valueName":"search_term_string"}}],"inLanguage":"sr-RS"},{"@type":"Organization","@id":"https:\/\/kinamihealth.com\/#organization","name":"Kinami Health","url":"https:\/\/kinamihealth.com\/","logo":{"@type":"ImageObject","inLanguage":"sr-RS","@id":"https:\/\/kinamihealth.com\/#\/schema\/logo\/image\/","url":"https:\/\/kinamihealth.com\/wp-content\/uploads\/2025\/01\/KH_logo_black_2-1.png","contentUrl":"https:\/\/kinamihealth.com\/wp-content\/uploads\/2025\/01\/KH_logo_black_2-1.png","width":339,"height":34,"caption":"Kinami Health"},"image":{"@id":"https:\/\/kinamihealth.com\/#\/schema\/logo\/image\/"}}]}},"_links":{"self":[{"href":"https:\/\/kinamihealth.com\/sr\/wp-json\/wp\/v2\/product\/124977","targetHints":{"allow":["GET"]}}],"collection":[{"href":"https:\/\/kinamihealth.com\/sr\/wp-json\/wp\/v2\/product"}],"about":[{"href":"https:\/\/kinamihealth.com\/sr\/wp-json\/wp\/v2\/types\/product"}],"replies":[{"embeddable":true,"href":"https:\/\/kinamihealth.com\/sr\/wp-json\/wp\/v2\/comments?post=124977"}],"version-history":[{"count":0,"href":"https:\/\/kinamihealth.com\/sr\/wp-json\/wp\/v2\/product\/124977\/revisions"}],"wp:featuredmedia":[{"embeddable":true,"href":"https:\/\/kinamihealth.com\/sr\/wp-json\/wp\/v2\/media\/124980"}],"wp:attachment":[{"href":"https:\/\/kinamihealth.com\/sr\/wp-json\/wp\/v2\/media?parent=124977"}],"wp:term":[{"taxonomy":"product_brand","embeddable":true,"href":"https:\/\/kinamihealth.com\/sr\/wp-json\/wp\/v2\/product_brand?post=124977"},{"taxonomy":"product_cat","embeddable":true,"href":"https:\/\/kinamihealth.com\/sr\/wp-json\/wp\/v2\/product_cat?post=124977"},{"taxonomy":"product_tag","embeddable":true,"href":"https:\/\/kinamihealth.com\/sr\/wp-json\/wp\/v2\/product_tag?post=124977"}],"curies":[{"name":"wp","href":"https:\/\/api.w.org\/{rel}","templated":true}]}}