{"id":124972,"date":"2025-02-15T16:56:10","date_gmt":"2025-02-15T16:56:10","guid":{"rendered":"https:\/\/kinamihealth.com\/product\/mesoestetic-melan-tran3x-concentrate\/"},"modified":"2025-12-02T19:44:01","modified_gmt":"2025-12-02T19:44:01","slug":"mesoestetic-melan-tran3x-concentrate","status":"publish","type":"product","link":"https:\/\/kinamihealth.com\/sr\/\u043f\u0440\u043e\u0438\u0437\u0432\u043e\u0434\/mesoestetic-melan-tran3x-concentrate\/","title":{"rendered":"MESOESTETIC\u00ae MELAN TRAN3X CONCENTRATE"},"content":{"rendered":"<p class=\"font-claude-response-body whitespace-normal break-words\">Melan tran3x je depigmentacioni program nove generacije sa traneksami\u010dnom kiselinom koji poma\u017ee u korekciji pigmentacionih nesavr\u0161enstava. Kombinuje koncentrat sa gel kremom &#8211; melan tran3x koncentrat. Intenzivno depigmentaciono sredstvo koje deluje na prekomerne pigmentacije u epidermisu, vidljivo redukuju\u0107i tamne mrlje.<\/p>\n","protected":false},"excerpt":{"rendered":"<p>Melan tran3x je depigmentacioni program nove generacije sa traneksami\u010dnom kiselinom koji poma\u017ee u korekciji pigmentacionih nesavr\u0161enstava. Kombinuje koncentrat sa gel kremom &#8211; melan tran3x koncentrat. Intenzivno depigmentaciono sredstvo koje deluje na prekomerne pigmentacije u epidermisu, vidljivo redukuju\u0107i tamne mrlje.<\/p>\n","protected":false},"featured_media":124975,"comment_status":"closed","ping_status":"closed","template":"","meta":{"_acf_changed":false,"inline_featured_image":false},"product_brand":[4970],"product_cat":[4933],"product_tag":[4663],"class_list":{"0":"post-124972","1":"product","2":"type-product","3":"status-publish","4":"has-post-thumbnail","6":"product_brand-mesoestetic","7":"product_cat-skincare-sr","8":"product_tag-medical-devices-sr","10":"first","11":"instock","12":"taxable","13":"shipping-taxable","14":"purchasable","15":"product-type-simple","16":"add-to-wishlist-before_image"},"acf":[],"yoast_head":"<!-- This site is optimized with the Yoast SEO plugin v27.3 - https:\/\/yoast.com\/product\/yoast-seo-wordpress\/ -->\n<title>Kupite Mesoestetic Melan Tran3X Concentrate online na Kinami Health<\/title>\n<meta name=\"description\" content=\"Kupite Mesoestetic Melan Tran3X Concentrate online na Kinami Health. Mo\u0107an depigmentacioni serum dizajniran za medicinske stru\u010dnjake. Naru\u010dite danas!\" \/>\n<meta name=\"robots\" content=\"index, follow, max-snippet:-1, max-image-preview:large, max-video-preview:-1\" \/>\n<link rel=\"canonical\" href=\"https:\/\/kinamihealth.com\/sr\/wp-json\/wp\/v2\/product\/124972\" \/>\n<meta property=\"og:locale\" content=\"sr_RS\" \/>\n<meta property=\"og:type\" content=\"article\" \/>\n<meta property=\"og:title\" content=\"Kupite Mesoestetic Melan Tran3X Concentrate online na Kinami Health\" \/>\n<meta property=\"og:description\" content=\"Kupite Mesoestetic Melan Tran3X Concentrate online na Kinami Health. Mo\u0107an depigmentacioni serum dizajniran za medicinske stru\u010dnjake. Naru\u010dite danas!\" \/>\n<meta property=\"og:url\" content=\"https:\/\/kinamihealth.com\/sr\/\u043f\u0440\u043e\u0438\u0437\u0432\u043e\u0434\/mesoestetic-melan-tran3x-concentrate\/\" \/>\n<meta property=\"og:site_name\" content=\"Kinami Health\" \/>\n<meta property=\"article:modified_time\" content=\"2025-12-02T19:44:01+00:00\" \/>\n<meta property=\"og:image\" content=\"https:\/\/kinamihealth.com\/wp-content\/uploads\/2025\/02\/MESOESTETIC-MELAN-TRAN3X-CONCENTRATE_Front-.webp\" \/>\n\t<meta property=\"og:image:width\" content=\"1500\" \/>\n\t<meta property=\"og:image:height\" content=\"1500\" \/>\n\t<meta property=\"og:image:type\" content=\"image\/webp\" \/>\n<meta name=\"twitter:card\" content=\"summary_large_image\" \/>\n<meta name=\"twitter:label1\" content=\"\u041f\u0440\u043e\u0446\u0435\u045a\u0435\u043d\u043e \u0432\u0440\u0435\u043c\u0435 \u0447\u0438\u0442\u0430\u045a\u0430\" \/>\n\t<meta name=\"twitter:data1\" content=\"1 \u043c\u0438\u043d\u0443\u0442\" \/>\n<!-- \/ Yoast SEO plugin. -->","yoast_head_json":{"title":"Kupite Mesoestetic Melan Tran3X Concentrate online na Kinami Health","description":"Kupite Mesoestetic Melan Tran3X Concentrate online na Kinami Health. Mo\u0107an depigmentacioni serum dizajniran za medicinske stru\u010dnjake. Naru\u010dite danas!","robots":{"index":"index","follow":"follow","max-snippet":"max-snippet:-1","max-image-preview":"max-image-preview:large","max-video-preview":"max-video-preview:-1"},"canonical":"https:\/\/kinamihealth.com\/sr\/wp-json\/wp\/v2\/product\/124972","og_locale":"sr_RS","og_type":"article","og_title":"Kupite Mesoestetic Melan Tran3X Concentrate online na Kinami Health","og_description":"Kupite Mesoestetic Melan Tran3X Concentrate online na Kinami Health. Mo\u0107an depigmentacioni serum dizajniran za medicinske stru\u010dnjake. Naru\u010dite danas!","og_url":"https:\/\/kinamihealth.com\/sr\/\u043f\u0440\u043e\u0438\u0437\u0432\u043e\u0434\/mesoestetic-melan-tran3x-concentrate\/","og_site_name":"Kinami Health","article_modified_time":"2025-12-02T19:44:01+00:00","og_image":[{"width":1500,"height":1500,"url":"https:\/\/kinamihealth.com\/wp-content\/uploads\/2025\/02\/MESOESTETIC-MELAN-TRAN3X-CONCENTRATE_Front-.webp","type":"image\/webp"}],"twitter_card":"summary_large_image","twitter_misc":{"\u041f\u0440\u043e\u0446\u0435\u045a\u0435\u043d\u043e \u0432\u0440\u0435\u043c\u0435 \u0447\u0438\u0442\u0430\u045a\u0430":"1 \u043c\u0438\u043d\u0443\u0442"},"schema":{"@context":"https:\/\/schema.org","@graph":[{"@type":"WebPage","@id":"https:\/\/kinamihealth.com\/sr\/\u043f\u0440\u043e\u0438\u0437\u0432\u043e\u0434\/mesoestetic-melan-tran3x-concentrate\/","url":"https:\/\/kinamihealth.com\/sr\/\u043f\u0440\u043e\u0438\u0437\u0432\u043e\u0434\/mesoestetic-melan-tran3x-concentrate\/","name":"Kupite Mesoestetic Melan Tran3X Concentrate online na Kinami Health","isPartOf":{"@id":"https:\/\/kinamihealth.com\/#website"},"primaryImageOfPage":{"@id":"https:\/\/kinamihealth.com\/sr\/\u043f\u0440\u043e\u0438\u0437\u0432\u043e\u0434\/mesoestetic-melan-tran3x-concentrate\/#primaryimage"},"image":{"@id":"https:\/\/kinamihealth.com\/sr\/\u043f\u0440\u043e\u0438\u0437\u0432\u043e\u0434\/mesoestetic-melan-tran3x-concentrate\/#primaryimage"},"thumbnailUrl":"https:\/\/kinamihealth.com\/wp-content\/uploads\/2025\/02\/MESOESTETIC-MELAN-TRAN3X-CONCENTRATE_Front-.webp","datePublished":"2025-02-15T16:56:10+00:00","dateModified":"2025-12-02T19:44:01+00:00","description":"Kupite Mesoestetic Melan Tran3X Concentrate online na Kinami Health. Mo\u0107an depigmentacioni serum dizajniran za medicinske stru\u010dnjake. Naru\u010dite danas!","breadcrumb":{"@id":"https:\/\/kinamihealth.com\/sr\/\u043f\u0440\u043e\u0438\u0437\u0432\u043e\u0434\/mesoestetic-melan-tran3x-concentrate\/#breadcrumb"},"inLanguage":"sr-RS","potentialAction":[{"@type":"ReadAction","target":["https:\/\/kinamihealth.com\/sr\/\u043f\u0440\u043e\u0438\u0437\u0432\u043e\u0434\/mesoestetic-melan-tran3x-concentrate\/"]}]},{"@type":"ImageObject","inLanguage":"sr-RS","@id":"https:\/\/kinamihealth.com\/sr\/\u043f\u0440\u043e\u0438\u0437\u0432\u043e\u0434\/mesoestetic-melan-tran3x-concentrate\/#primaryimage","url":"https:\/\/kinamihealth.com\/wp-content\/uploads\/2025\/02\/MESOESTETIC-MELAN-TRAN3X-CONCENTRATE_Front-.webp","contentUrl":"https:\/\/kinamihealth.com\/wp-content\/uploads\/2025\/02\/MESOESTETIC-MELAN-TRAN3X-CONCENTRATE_Front-.webp","width":1500,"height":1500},{"@type":"BreadcrumbList","@id":"https:\/\/kinamihealth.com\/sr\/\u043f\u0440\u043e\u0438\u0437\u0432\u043e\u0434\/mesoestetic-melan-tran3x-concentrate\/#breadcrumb","itemListElement":[{"@type":"ListItem","position":1,"name":"Po\u010detna","item":"https:\/\/kinamihealth.com\/"},{"@type":"ListItem","position":2,"name":"Kupovina","item":"https:\/\/kinamihealth.com\/sr\/kupovina\/"},{"@type":"ListItem","position":3,"name":"MESOESTETIC\u00ae MELAN TRAN3X CONCENTRATE"}]},{"@type":"WebSite","@id":"https:\/\/kinamihealth.com\/#website","url":"https:\/\/kinamihealth.com\/","name":"Kinami Health","description":"","publisher":{"@id":"https:\/\/kinamihealth.com\/#organization"},"potentialAction":[{"@type":"SearchAction","target":{"@type":"EntryPoint","urlTemplate":"https:\/\/kinamihealth.com\/?s={search_term_string}"},"query-input":{"@type":"PropertyValueSpecification","valueRequired":true,"valueName":"search_term_string"}}],"inLanguage":"sr-RS"},{"@type":"Organization","@id":"https:\/\/kinamihealth.com\/#organization","name":"Kinami Health","url":"https:\/\/kinamihealth.com\/","logo":{"@type":"ImageObject","inLanguage":"sr-RS","@id":"https:\/\/kinamihealth.com\/#\/schema\/logo\/image\/","url":"https:\/\/kinamihealth.com\/wp-content\/uploads\/2025\/01\/KH_logo_black_2-1.png","contentUrl":"https:\/\/kinamihealth.com\/wp-content\/uploads\/2025\/01\/KH_logo_black_2-1.png","width":339,"height":34,"caption":"Kinami Health"},"image":{"@id":"https:\/\/kinamihealth.com\/#\/schema\/logo\/image\/"}}]}},"_links":{"self":[{"href":"https:\/\/kinamihealth.com\/sr\/wp-json\/wp\/v2\/product\/124972","targetHints":{"allow":["GET"]}}],"collection":[{"href":"https:\/\/kinamihealth.com\/sr\/wp-json\/wp\/v2\/product"}],"about":[{"href":"https:\/\/kinamihealth.com\/sr\/wp-json\/wp\/v2\/types\/product"}],"replies":[{"embeddable":true,"href":"https:\/\/kinamihealth.com\/sr\/wp-json\/wp\/v2\/comments?post=124972"}],"version-history":[{"count":0,"href":"https:\/\/kinamihealth.com\/sr\/wp-json\/wp\/v2\/product\/124972\/revisions"}],"wp:featuredmedia":[{"embeddable":true,"href":"https:\/\/kinamihealth.com\/sr\/wp-json\/wp\/v2\/media\/124975"}],"wp:attachment":[{"href":"https:\/\/kinamihealth.com\/sr\/wp-json\/wp\/v2\/media?parent=124972"}],"wp:term":[{"taxonomy":"product_brand","embeddable":true,"href":"https:\/\/kinamihealth.com\/sr\/wp-json\/wp\/v2\/product_brand?post=124972"},{"taxonomy":"product_cat","embeddable":true,"href":"https:\/\/kinamihealth.com\/sr\/wp-json\/wp\/v2\/product_cat?post=124972"},{"taxonomy":"product_tag","embeddable":true,"href":"https:\/\/kinamihealth.com\/sr\/wp-json\/wp\/v2\/product_tag?post=124972"}],"curies":[{"name":"wp","href":"https:\/\/api.w.org\/{rel}","templated":true}]}}