{"id":124768,"date":"2025-02-15T16:54:22","date_gmt":"2025-02-15T16:54:22","guid":{"rendered":"https:\/\/kinamihealth.com\/product\/mediderma-c-defence-md-cskin-concentrate-serum\/"},"modified":"2025-12-02T11:22:38","modified_gmt":"2025-12-02T11:22:38","slug":"mediderma-c-defence-md-cskin-concentrate-serum","status":"publish","type":"product","link":"https:\/\/kinamihealth.com\/sr\/\u043f\u0440\u043e\u0438\u0437\u0432\u043e\u0434\/mediderma-c-defence-md-cskin-concentrate-serum\/","title":{"rendered":"MEDIDERMA\u00ae C-DEFENCE MD C+SKIN Concentrate Serum"},"content":{"rendered":"<p>C-DEFENCE MD C+SKIN Concentrate SERUM pru\u017ea za\u0161titno dejstvo zahvaljuju\u0107i aktivnim sastojcima koji ja\u010daju prirodne odbrambene mehanizme ko\u017ee, koriguju nastala o\u0161te\u0107enja (bore, dehidratacija, gubitak sjaja, neujedna\u010den ton ko\u017ee) i \u0161tite od budu\u0107ih spolja\u0161njih agresora.<\/p>\n","protected":false},"excerpt":{"rendered":"<p>C-DEFENCE MD C+SKIN Concentrate SERUM pru\u017ea za\u0161titno dejstvo zahvaljuju\u0107i aktivnim sastojcima koji ja\u010daju prirodne odbrambene mehanizme ko\u017ee, koriguju nastala o\u0161te\u0107enja (bore, dehidratacija, gubitak sjaja, neujedna\u010den ton ko\u017ee) i \u0161tite od budu\u0107ih spolja\u0161njih agresora.<\/p>\n","protected":false},"featured_media":124769,"comment_status":"closed","ping_status":"closed","template":"","meta":{"_acf_changed":false,"inline_featured_image":false},"product_brand":[4932],"product_cat":[4933],"product_tag":[4663],"class_list":{"0":"post-124768","1":"product","2":"type-product","3":"status-publish","4":"has-post-thumbnail","6":"product_brand-mediderma","7":"product_cat-skincare-sr","8":"product_tag-medical-devices-sr","10":"first","11":"instock","12":"taxable","13":"shipping-taxable","14":"purchasable","15":"product-type-simple","16":"add-to-wishlist-before_image"},"acf":[],"yoast_head":"<!-- This site is optimized with the Yoast SEO plugin v27.1.1 - https:\/\/yoast.com\/product\/yoast-seo-wordpress\/ -->\n<title>Kupite C-Defence MD C+Skin Concentrate Serum 30ml online putem Kinami Health<\/title>\n<meta name=\"description\" content=\"Kupite C-Defence MD C+Skin Concentrate Serum 30ml online za koristi ciljanog anti-aging efekta i posvetljivanje ko\u017ee. Naru\u010dite danas kod Kinami Health.\" \/>\n<meta name=\"robots\" content=\"index, follow, max-snippet:-1, max-image-preview:large, max-video-preview:-1\" \/>\n<link rel=\"canonical\" href=\"https:\/\/kinamihealth.com\/sr\/wp-json\/wp\/v2\/product\/124768\" \/>\n<meta property=\"og:locale\" content=\"sr_RS\" \/>\n<meta property=\"og:type\" content=\"article\" \/>\n<meta property=\"og:title\" content=\"Kupite C-Defence MD C+Skin Concentrate Serum 30ml online putem Kinami Health\" \/>\n<meta property=\"og:description\" content=\"Kupite C-Defence MD C+Skin Concentrate Serum 30ml online za koristi ciljanog anti-aging efekta i posvetljivanje ko\u017ee. Naru\u010dite danas kod Kinami Health.\" \/>\n<meta property=\"og:url\" content=\"https:\/\/kinamihealth.com\/sr\/\u043f\u0440\u043e\u0438\u0437\u0432\u043e\u0434\/mediderma-c-defence-md-cskin-concentrate-serum\/\" \/>\n<meta property=\"og:site_name\" content=\"Kinami Health\" \/>\n<meta property=\"article:modified_time\" content=\"2025-12-02T11:22:38+00:00\" \/>\n<meta property=\"og:image\" content=\"https:\/\/kinamihealth.com\/wp-content\/uploads\/2025\/02\/C-DEFENCEMD-CSKIN-SERUM-30ML-01.jpg\" \/>\n\t<meta property=\"og:image:width\" content=\"800\" \/>\n\t<meta property=\"og:image:height\" content=\"800\" \/>\n\t<meta property=\"og:image:type\" content=\"image\/jpeg\" \/>\n<meta name=\"twitter:card\" content=\"summary_large_image\" \/>\n<meta name=\"twitter:label1\" content=\"\u041f\u0440\u043e\u0446\u0435\u045a\u0435\u043d\u043e \u0432\u0440\u0435\u043c\u0435 \u0447\u0438\u0442\u0430\u045a\u0430\" \/>\n\t<meta name=\"twitter:data1\" content=\"1 \u043c\u0438\u043d\u0443\u0442\" \/>\n<!-- \/ Yoast SEO plugin. -->","yoast_head_json":{"title":"Kupite C-Defence MD C+Skin Concentrate Serum 30ml online putem Kinami Health","description":"Kupite C-Defence MD C+Skin Concentrate Serum 30ml online za koristi ciljanog anti-aging efekta i posvetljivanje ko\u017ee. Naru\u010dite danas kod Kinami Health.","robots":{"index":"index","follow":"follow","max-snippet":"max-snippet:-1","max-image-preview":"max-image-preview:large","max-video-preview":"max-video-preview:-1"},"canonical":"https:\/\/kinamihealth.com\/sr\/wp-json\/wp\/v2\/product\/124768","og_locale":"sr_RS","og_type":"article","og_title":"Kupite C-Defence MD C+Skin Concentrate Serum 30ml online putem Kinami Health","og_description":"Kupite C-Defence MD C+Skin Concentrate Serum 30ml online za koristi ciljanog anti-aging efekta i posvetljivanje ko\u017ee. Naru\u010dite danas kod Kinami Health.","og_url":"https:\/\/kinamihealth.com\/sr\/\u043f\u0440\u043e\u0438\u0437\u0432\u043e\u0434\/mediderma-c-defence-md-cskin-concentrate-serum\/","og_site_name":"Kinami Health","article_modified_time":"2025-12-02T11:22:38+00:00","og_image":[{"width":800,"height":800,"url":"https:\/\/kinamihealth.com\/wp-content\/uploads\/2025\/02\/C-DEFENCEMD-CSKIN-SERUM-30ML-01.jpg","type":"image\/jpeg"}],"twitter_card":"summary_large_image","twitter_misc":{"\u041f\u0440\u043e\u0446\u0435\u045a\u0435\u043d\u043e \u0432\u0440\u0435\u043c\u0435 \u0447\u0438\u0442\u0430\u045a\u0430":"1 \u043c\u0438\u043d\u0443\u0442"},"schema":{"@context":"https:\/\/schema.org","@graph":[{"@type":"WebPage","@id":"https:\/\/kinamihealth.com\/sr\/\u043f\u0440\u043e\u0438\u0437\u0432\u043e\u0434\/mediderma-c-defence-md-cskin-concentrate-serum\/","url":"https:\/\/kinamihealth.com\/sr\/\u043f\u0440\u043e\u0438\u0437\u0432\u043e\u0434\/mediderma-c-defence-md-cskin-concentrate-serum\/","name":"Kupite C-Defence MD C+Skin Concentrate Serum 30ml online putem Kinami Health","isPartOf":{"@id":"https:\/\/kinamihealth.com\/#website"},"primaryImageOfPage":{"@id":"https:\/\/kinamihealth.com\/sr\/\u043f\u0440\u043e\u0438\u0437\u0432\u043e\u0434\/mediderma-c-defence-md-cskin-concentrate-serum\/#primaryimage"},"image":{"@id":"https:\/\/kinamihealth.com\/sr\/\u043f\u0440\u043e\u0438\u0437\u0432\u043e\u0434\/mediderma-c-defence-md-cskin-concentrate-serum\/#primaryimage"},"thumbnailUrl":"https:\/\/kinamihealth.com\/wp-content\/uploads\/2025\/02\/C-DEFENCEMD-CSKIN-SERUM-30ML-01.jpg","datePublished":"2025-02-15T16:54:22+00:00","dateModified":"2025-12-02T11:22:38+00:00","description":"Kupite C-Defence MD C+Skin Concentrate Serum 30ml online za koristi ciljanog anti-aging efekta i posvetljivanje ko\u017ee. Naru\u010dite danas kod Kinami Health.","breadcrumb":{"@id":"https:\/\/kinamihealth.com\/sr\/\u043f\u0440\u043e\u0438\u0437\u0432\u043e\u0434\/mediderma-c-defence-md-cskin-concentrate-serum\/#breadcrumb"},"inLanguage":"sr-RS","potentialAction":[{"@type":"ReadAction","target":["https:\/\/kinamihealth.com\/sr\/\u043f\u0440\u043e\u0438\u0437\u0432\u043e\u0434\/mediderma-c-defence-md-cskin-concentrate-serum\/"]}]},{"@type":"ImageObject","inLanguage":"sr-RS","@id":"https:\/\/kinamihealth.com\/sr\/\u043f\u0440\u043e\u0438\u0437\u0432\u043e\u0434\/mediderma-c-defence-md-cskin-concentrate-serum\/#primaryimage","url":"https:\/\/kinamihealth.com\/wp-content\/uploads\/2025\/02\/C-DEFENCEMD-CSKIN-SERUM-30ML-01.jpg","contentUrl":"https:\/\/kinamihealth.com\/wp-content\/uploads\/2025\/02\/C-DEFENCEMD-CSKIN-SERUM-30ML-01.jpg","width":800,"height":800},{"@type":"BreadcrumbList","@id":"https:\/\/kinamihealth.com\/sr\/\u043f\u0440\u043e\u0438\u0437\u0432\u043e\u0434\/mediderma-c-defence-md-cskin-concentrate-serum\/#breadcrumb","itemListElement":[{"@type":"ListItem","position":1,"name":"Po\u010detna","item":"https:\/\/kinamihealth.com\/"},{"@type":"ListItem","position":2,"name":"Kupovina","item":"https:\/\/kinamihealth.com\/sr\/kupovina\/"},{"@type":"ListItem","position":3,"name":"MEDIDERMA\u00ae C-DEFENCE MD C+SKIN Concentrate Serum"}]},{"@type":"WebSite","@id":"https:\/\/kinamihealth.com\/#website","url":"https:\/\/kinamihealth.com\/","name":"Kinami Health","description":"","publisher":{"@id":"https:\/\/kinamihealth.com\/#organization"},"potentialAction":[{"@type":"SearchAction","target":{"@type":"EntryPoint","urlTemplate":"https:\/\/kinamihealth.com\/?s={search_term_string}"},"query-input":{"@type":"PropertyValueSpecification","valueRequired":true,"valueName":"search_term_string"}}],"inLanguage":"sr-RS"},{"@type":"Organization","@id":"https:\/\/kinamihealth.com\/#organization","name":"Kinami Health","url":"https:\/\/kinamihealth.com\/","logo":{"@type":"ImageObject","inLanguage":"sr-RS","@id":"https:\/\/kinamihealth.com\/#\/schema\/logo\/image\/","url":"https:\/\/kinamihealth.com\/wp-content\/uploads\/2025\/01\/KH_logo_black_2-1.png","contentUrl":"https:\/\/kinamihealth.com\/wp-content\/uploads\/2025\/01\/KH_logo_black_2-1.png","width":339,"height":34,"caption":"Kinami Health"},"image":{"@id":"https:\/\/kinamihealth.com\/#\/schema\/logo\/image\/"}}]}},"_links":{"self":[{"href":"https:\/\/kinamihealth.com\/sr\/wp-json\/wp\/v2\/product\/124768","targetHints":{"allow":["GET"]}}],"collection":[{"href":"https:\/\/kinamihealth.com\/sr\/wp-json\/wp\/v2\/product"}],"about":[{"href":"https:\/\/kinamihealth.com\/sr\/wp-json\/wp\/v2\/types\/product"}],"replies":[{"embeddable":true,"href":"https:\/\/kinamihealth.com\/sr\/wp-json\/wp\/v2\/comments?post=124768"}],"version-history":[{"count":0,"href":"https:\/\/kinamihealth.com\/sr\/wp-json\/wp\/v2\/product\/124768\/revisions"}],"wp:featuredmedia":[{"embeddable":true,"href":"https:\/\/kinamihealth.com\/sr\/wp-json\/wp\/v2\/media\/124769"}],"wp:attachment":[{"href":"https:\/\/kinamihealth.com\/sr\/wp-json\/wp\/v2\/media?parent=124768"}],"wp:term":[{"taxonomy":"product_brand","embeddable":true,"href":"https:\/\/kinamihealth.com\/sr\/wp-json\/wp\/v2\/product_brand?post=124768"},{"taxonomy":"product_cat","embeddable":true,"href":"https:\/\/kinamihealth.com\/sr\/wp-json\/wp\/v2\/product_cat?post=124768"},{"taxonomy":"product_tag","embeddable":true,"href":"https:\/\/kinamihealth.com\/sr\/wp-json\/wp\/v2\/product_tag?post=124768"}],"curies":[{"name":"wp","href":"https:\/\/api.w.org\/{rel}","templated":true}]}}