{"id":124758,"date":"2025-02-15T16:54:49","date_gmt":"2025-02-15T16:54:49","guid":{"rendered":"https:\/\/kinamihealth.com\/product\/mediderma-ferulac-peel-classic\/"},"modified":"2025-12-02T10:54:01","modified_gmt":"2025-12-02T10:54:01","slug":"mediderma-ferulac-peel-classic","status":"publish","type":"product","link":"https:\/\/kinamihealth.com\/sr\/\u043f\u0440\u043e\u0438\u0437\u0432\u043e\u0434\/mediderma-ferulac-peel-classic\/","title":{"rendered":"MEDIDERMA\u00ae FERULAC PEEL CLASSIC"},"content":{"rendered":"<p data-start=\"0\" data-end=\"108\">FERULAC PEEL CLASSIC Hemijski piling namenjen tretmanu foto-starenja, hiperpigmentacija i sun\u010devih pega. Ferulinska kiselina poseduje sna\u017ena antioksidativna svojstva: \u0161titi ko\u017eu od agresije slobodnih radikala, inhibira i neutrali\u0161e njihovo dejstvo i poja\u010dava efekte vitamina C i E. Minimizuje o\u0161te\u0107enja uzrokovana suncem. Kontroli\u0161e aktivnost tirozinaze, spre\u010davaju\u0107i i posvetljuju\u0107i ne\u017eeljene pigmentacije. Floretin pobolj\u0161ava penetraciju ostalih sastojaka tako \u0161to se vezuje za lipidne povr\u0161ine i menja dipolni potencijal lipidnih dvoslojeva. Inhibira aktivnost elastaze, enzima odgovornog za razgradnju elasti\u010dnih vlakana. Pored toga, poseduje i antioksidativna svojstva.<\/p>\n","protected":false},"excerpt":{"rendered":"<p>FERULAC PEEL CLASSIC Hemijski piling namenjen tretmanu foto-starenja, hiperpigmentacija i sun\u010devih pega. Ferulinska kiselina poseduje sna\u017ena antioksidativna svojstva: \u0161titi ko\u017eu od agresije slobodnih radikala, inhibira i neutrali\u0161e njihovo dejstvo i poja\u010dava efekte vitamina C i E. Minimizuje o\u0161te\u0107enja uzrokovana suncem. Kontroli\u0161e aktivnost tirozinaze, spre\u010davaju\u0107i i posvetljuju\u0107i ne\u017eeljene pigmentacije. Floretin pobolj\u0161ava penetraciju ostalih sastojaka tako \u0161to [&hellip;]<\/p>\n","protected":false},"featured_media":124759,"comment_status":"closed","ping_status":"closed","template":"","meta":{"_acf_changed":false,"inline_featured_image":false},"product_brand":[4932],"product_cat":[4761],"product_tag":[4663],"class_list":{"0":"post-124758","1":"product","2":"type-product","3":"status-publish","4":"has-post-thumbnail","6":"product_brand-mediderma","7":"product_cat-peels-and-masks-sr","8":"product_tag-medical-devices-sr","10":"first","11":"instock","12":"taxable","13":"shipping-taxable","14":"purchasable","15":"product-type-simple","16":"add-to-wishlist-before_image"},"acf":[],"yoast_head":"<!-- This site is optimized with the Yoast SEO plugin v27.3 - https:\/\/yoast.com\/product\/yoast-seo-wordpress\/ -->\n<title>Kupite FERULAC PEEL CLASSIC 60ml online | Kinami Health<\/title>\n<meta name=\"description\" content=\"Kupite FERULAC PEEL CLASSIC 60ml online i uklonite promene na ko\u017ei izazvane fotostarenjem, flekama od sunca i hiperpigmentacijom, zategnite i pomladite ko\u017eu.\" \/>\n<meta name=\"robots\" content=\"index, follow, max-snippet:-1, max-image-preview:large, max-video-preview:-1\" \/>\n<link rel=\"canonical\" href=\"https:\/\/kinamihealth.com\/sr\/wp-json\/wp\/v2\/product\/124758\" \/>\n<meta property=\"og:locale\" content=\"sr_RS\" \/>\n<meta property=\"og:type\" content=\"article\" \/>\n<meta property=\"og:title\" content=\"Kupite FERULAC PEEL CLASSIC 60ml online | Kinami Health\" \/>\n<meta property=\"og:description\" content=\"Kupite FERULAC PEEL CLASSIC 60ml online i uklonite promene na ko\u017ei izazvane fotostarenjem, flekama od sunca i hiperpigmentacijom, zategnite i pomladite ko\u017eu.\" \/>\n<meta property=\"og:url\" content=\"https:\/\/kinamihealth.com\/sr\/\u043f\u0440\u043e\u0438\u0437\u0432\u043e\u0434\/mediderma-ferulac-peel-classic\/\" \/>\n<meta property=\"og:site_name\" content=\"Kinami Health\" \/>\n<meta property=\"article:modified_time\" content=\"2025-12-02T10:54:01+00:00\" \/>\n<meta property=\"og:image\" content=\"https:\/\/kinamihealth.com\/wp-content\/uploads\/2025\/02\/MEDIDERMA-FERULAC-PEEL-CLASSIC-01.jpg\" \/>\n\t<meta property=\"og:image:width\" content=\"800\" \/>\n\t<meta property=\"og:image:height\" content=\"800\" \/>\n\t<meta property=\"og:image:type\" content=\"image\/jpeg\" \/>\n<meta name=\"twitter:card\" content=\"summary_large_image\" \/>\n<meta name=\"twitter:label1\" content=\"\u041f\u0440\u043e\u0446\u0435\u045a\u0435\u043d\u043e \u0432\u0440\u0435\u043c\u0435 \u0447\u0438\u0442\u0430\u045a\u0430\" \/>\n\t<meta name=\"twitter:data1\" content=\"1 \u043c\u0438\u043d\u0443\u0442\" \/>\n<!-- \/ Yoast SEO plugin. -->","yoast_head_json":{"title":"Kupite FERULAC PEEL CLASSIC 60ml online | Kinami Health","description":"Kupite FERULAC PEEL CLASSIC 60ml online i uklonite promene na ko\u017ei izazvane fotostarenjem, flekama od sunca i hiperpigmentacijom, zategnite i pomladite ko\u017eu.","robots":{"index":"index","follow":"follow","max-snippet":"max-snippet:-1","max-image-preview":"max-image-preview:large","max-video-preview":"max-video-preview:-1"},"canonical":"https:\/\/kinamihealth.com\/sr\/wp-json\/wp\/v2\/product\/124758","og_locale":"sr_RS","og_type":"article","og_title":"Kupite FERULAC PEEL CLASSIC 60ml online | Kinami Health","og_description":"Kupite FERULAC PEEL CLASSIC 60ml online i uklonite promene na ko\u017ei izazvane fotostarenjem, flekama od sunca i hiperpigmentacijom, zategnite i pomladite ko\u017eu.","og_url":"https:\/\/kinamihealth.com\/sr\/\u043f\u0440\u043e\u0438\u0437\u0432\u043e\u0434\/mediderma-ferulac-peel-classic\/","og_site_name":"Kinami Health","article_modified_time":"2025-12-02T10:54:01+00:00","og_image":[{"width":800,"height":800,"url":"https:\/\/kinamihealth.com\/wp-content\/uploads\/2025\/02\/MEDIDERMA-FERULAC-PEEL-CLASSIC-01.jpg","type":"image\/jpeg"}],"twitter_card":"summary_large_image","twitter_misc":{"\u041f\u0440\u043e\u0446\u0435\u045a\u0435\u043d\u043e \u0432\u0440\u0435\u043c\u0435 \u0447\u0438\u0442\u0430\u045a\u0430":"1 \u043c\u0438\u043d\u0443\u0442"},"schema":{"@context":"https:\/\/schema.org","@graph":[{"@type":"WebPage","@id":"https:\/\/kinamihealth.com\/sr\/\u043f\u0440\u043e\u0438\u0437\u0432\u043e\u0434\/mediderma-ferulac-peel-classic\/","url":"https:\/\/kinamihealth.com\/sr\/\u043f\u0440\u043e\u0438\u0437\u0432\u043e\u0434\/mediderma-ferulac-peel-classic\/","name":"Kupite FERULAC PEEL CLASSIC 60ml online | Kinami Health","isPartOf":{"@id":"https:\/\/kinamihealth.com\/#website"},"primaryImageOfPage":{"@id":"https:\/\/kinamihealth.com\/sr\/\u043f\u0440\u043e\u0438\u0437\u0432\u043e\u0434\/mediderma-ferulac-peel-classic\/#primaryimage"},"image":{"@id":"https:\/\/kinamihealth.com\/sr\/\u043f\u0440\u043e\u0438\u0437\u0432\u043e\u0434\/mediderma-ferulac-peel-classic\/#primaryimage"},"thumbnailUrl":"https:\/\/kinamihealth.com\/wp-content\/uploads\/2025\/02\/MEDIDERMA-FERULAC-PEEL-CLASSIC-01.jpg","datePublished":"2025-02-15T16:54:49+00:00","dateModified":"2025-12-02T10:54:01+00:00","description":"Kupite FERULAC PEEL CLASSIC 60ml online i uklonite promene na ko\u017ei izazvane fotostarenjem, flekama od sunca i hiperpigmentacijom, zategnite i pomladite ko\u017eu.","breadcrumb":{"@id":"https:\/\/kinamihealth.com\/sr\/\u043f\u0440\u043e\u0438\u0437\u0432\u043e\u0434\/mediderma-ferulac-peel-classic\/#breadcrumb"},"inLanguage":"sr-RS","potentialAction":[{"@type":"ReadAction","target":["https:\/\/kinamihealth.com\/sr\/\u043f\u0440\u043e\u0438\u0437\u0432\u043e\u0434\/mediderma-ferulac-peel-classic\/"]}]},{"@type":"ImageObject","inLanguage":"sr-RS","@id":"https:\/\/kinamihealth.com\/sr\/\u043f\u0440\u043e\u0438\u0437\u0432\u043e\u0434\/mediderma-ferulac-peel-classic\/#primaryimage","url":"https:\/\/kinamihealth.com\/wp-content\/uploads\/2025\/02\/MEDIDERMA-FERULAC-PEEL-CLASSIC-01.jpg","contentUrl":"https:\/\/kinamihealth.com\/wp-content\/uploads\/2025\/02\/MEDIDERMA-FERULAC-PEEL-CLASSIC-01.jpg","width":800,"height":800},{"@type":"BreadcrumbList","@id":"https:\/\/kinamihealth.com\/sr\/\u043f\u0440\u043e\u0438\u0437\u0432\u043e\u0434\/mediderma-ferulac-peel-classic\/#breadcrumb","itemListElement":[{"@type":"ListItem","position":1,"name":"Po\u010detna","item":"https:\/\/kinamihealth.com\/"},{"@type":"ListItem","position":2,"name":"Kupovina","item":"https:\/\/kinamihealth.com\/sr\/kupovina\/"},{"@type":"ListItem","position":3,"name":"MEDIDERMA\u00ae FERULAC PEEL CLASSIC"}]},{"@type":"WebSite","@id":"https:\/\/kinamihealth.com\/#website","url":"https:\/\/kinamihealth.com\/","name":"Kinami Health","description":"","publisher":{"@id":"https:\/\/kinamihealth.com\/#organization"},"potentialAction":[{"@type":"SearchAction","target":{"@type":"EntryPoint","urlTemplate":"https:\/\/kinamihealth.com\/?s={search_term_string}"},"query-input":{"@type":"PropertyValueSpecification","valueRequired":true,"valueName":"search_term_string"}}],"inLanguage":"sr-RS"},{"@type":"Organization","@id":"https:\/\/kinamihealth.com\/#organization","name":"Kinami Health","url":"https:\/\/kinamihealth.com\/","logo":{"@type":"ImageObject","inLanguage":"sr-RS","@id":"https:\/\/kinamihealth.com\/#\/schema\/logo\/image\/","url":"https:\/\/kinamihealth.com\/wp-content\/uploads\/2025\/01\/KH_logo_black_2-1.png","contentUrl":"https:\/\/kinamihealth.com\/wp-content\/uploads\/2025\/01\/KH_logo_black_2-1.png","width":339,"height":34,"caption":"Kinami Health"},"image":{"@id":"https:\/\/kinamihealth.com\/#\/schema\/logo\/image\/"}}]}},"_links":{"self":[{"href":"https:\/\/kinamihealth.com\/sr\/wp-json\/wp\/v2\/product\/124758","targetHints":{"allow":["GET"]}}],"collection":[{"href":"https:\/\/kinamihealth.com\/sr\/wp-json\/wp\/v2\/product"}],"about":[{"href":"https:\/\/kinamihealth.com\/sr\/wp-json\/wp\/v2\/types\/product"}],"replies":[{"embeddable":true,"href":"https:\/\/kinamihealth.com\/sr\/wp-json\/wp\/v2\/comments?post=124758"}],"version-history":[{"count":0,"href":"https:\/\/kinamihealth.com\/sr\/wp-json\/wp\/v2\/product\/124758\/revisions"}],"wp:featuredmedia":[{"embeddable":true,"href":"https:\/\/kinamihealth.com\/sr\/wp-json\/wp\/v2\/media\/124759"}],"wp:attachment":[{"href":"https:\/\/kinamihealth.com\/sr\/wp-json\/wp\/v2\/media?parent=124758"}],"wp:term":[{"taxonomy":"product_brand","embeddable":true,"href":"https:\/\/kinamihealth.com\/sr\/wp-json\/wp\/v2\/product_brand?post=124758"},{"taxonomy":"product_cat","embeddable":true,"href":"https:\/\/kinamihealth.com\/sr\/wp-json\/wp\/v2\/product_cat?post=124758"},{"taxonomy":"product_tag","embeddable":true,"href":"https:\/\/kinamihealth.com\/sr\/wp-json\/wp\/v2\/product_tag?post=124758"}],"curies":[{"name":"wp","href":"https:\/\/api.w.org\/{rel}","templated":true}]}}