{"id":124627,"date":"2025-02-15T16:57:21","date_gmt":"2025-02-15T16:57:21","guid":{"rendered":"https:\/\/kinamihealth.com\/product\/revofil-aquashine-br-soft-filler-2ml-x-1-pre-filled-syringe\/"},"modified":"2025-12-04T14:54:28","modified_gmt":"2025-12-04T14:54:28","slug":"revofil-aquashine-br-soft-filler-2ml-x-1-napunjen-spric","status":"publish","type":"product","link":"https:\/\/kinamihealth.com\/sr\/\u043f\u0440\u043e\u0438\u0437\u0432\u043e\u0434\/revofil-aquashine-br-soft-filler-2ml-x-1-napunjen-spric\/","title":{"rendered":"REVOFIL\u2122 AQUASHINE BR SOFT FILLER (2ml x 1 napunjen \u0161pric)"},"content":{"rendered":"<p data-start=\"0\" data-end=\"398\">Aquashine BR Soft Filler efikasno zagla\u0111uje sitne bore zahvaljuju\u0107i kompleksu aktivnih sastojaka. Ko\u017eni problemi poput sivila i be\u017eivotnog tena tako\u0111e se mogu pobolj\u0161ati ovim proizvodom. Aquashine BR Soft Filler je providan, sterilan gel namenjen mezoterapiji. Sadr\u017ei \u010distu hijaluronsku kiselinu koja ko\u017ei obezbe\u0111uje izuzetno visok nivo hidratacije, pri \u010demu se tekstura ko\u017ee vidljivo pobolj\u0161ava.<\/p>\n<p data-start=\"400\" data-end=\"604\">Pored hijaluronske kiseline, bioaktivni sastojci kao \u0161to su aminokiseline i multivitamini imaju sna\u017ean podmla\u0111uju\u0107i efekat. Podsti\u010de se regeneracija \u0107elija, a ko\u017ea ponovo dobija elasti\u010dnost i otpornost.<\/p>\n<p data-start=\"606\" data-end=\"792\" data-is-last-node=\"\" data-is-only-node=\"\">Aquashine BR Soft Filler mo\u017ee se koristiti na licu, vratu, dekolteu i \u0161akama. Obezbe\u0111uje izra\u017een lifting efekat i primetan depigmentacioni efekat zahvaljuju\u0107i smanjenju sinteze melanina.<\/p>\n","protected":false},"excerpt":{"rendered":"<p>Aquashine BR Soft Filler efikasno zagla\u0111uje sitne bore zahvaljuju\u0107i kompleksu aktivnih sastojaka. Ko\u017eni problemi poput sivila i be\u017eivotnog tena tako\u0111e se mogu pobolj\u0161ati ovim proizvodom. Aquashine BR Soft Filler je providan, sterilan gel namenjen mezoterapiji. Sadr\u017ei \u010distu hijaluronsku kiselinu koja ko\u017ei obezbe\u0111uje izuzetno visok nivo hidratacije, pri \u010demu se tekstura ko\u017ee vidljivo pobolj\u0161ava. Pored hijaluronske [&hellip;]<\/p>\n","protected":false},"featured_media":124634,"comment_status":"closed","ping_status":"closed","template":"","meta":{"_acf_changed":false,"inline_featured_image":false},"product_brand":[4909],"product_cat":[4661,4662],"product_tag":[4663],"class_list":{"0":"post-124627","1":"product","2":"type-product","3":"status-publish","4":"has-post-thumbnail","6":"product_brand-revofil","7":"product_cat-dermal-fillers-sr","8":"product_cat-ha-dermal-fillers-sr","9":"product_tag-medical-devices-sr","11":"first","12":"instock","13":"taxable","14":"shipping-taxable","15":"purchasable","16":"product-type-simple","17":"add-to-wishlist-before_image"},"acf":[],"yoast_head":"<!-- This site is optimized with the Yoast SEO plugin v27.4 - https:\/\/yoast.com\/product\/yoast-seo-wordpress\/ -->\n<title>Kupite Revofil Aquashine BR Soft Filler online \u2013 povratite blistavost ko\u017ee | Kinami Health<\/title>\n<meta name=\"description\" content=\"Kupite Revofil Aquashine BR Soft Filler online za dubinsku hidrataciju, podmla\u0111ivanje ko\u017ee i anti-age efekat. Dostupan je profesionalcima u okviru Kinami Health ponude.\" \/>\n<meta name=\"robots\" content=\"index, follow, max-snippet:-1, max-image-preview:large, max-video-preview:-1\" \/>\n<link rel=\"canonical\" href=\"https:\/\/kinamihealth.com\/sr\/wp-json\/wp\/v2\/product\/124627\" \/>\n<meta property=\"og:locale\" content=\"sr_RS\" \/>\n<meta property=\"og:type\" content=\"article\" \/>\n<meta property=\"og:title\" content=\"Kupite Revofil Aquashine BR Soft Filler online \u2013 povratite blistavost ko\u017ee | Kinami Health\" \/>\n<meta property=\"og:description\" content=\"Kupite Revofil Aquashine BR Soft Filler online za dubinsku hidrataciju, podmla\u0111ivanje ko\u017ee i anti-age efekat. Dostupan je profesionalcima u okviru Kinami Health ponude.\" \/>\n<meta property=\"og:url\" content=\"https:\/\/kinamihealth.com\/sr\/\u043f\u0440\u043e\u0438\u0437\u0432\u043e\u0434\/revofil-aquashine-br-soft-filler-2ml-x-1-napunjen-spric\/\" \/>\n<meta property=\"og:site_name\" content=\"Kinami Health\" \/>\n<meta property=\"article:modified_time\" content=\"2025-12-04T14:54:28+00:00\" \/>\n<meta property=\"og:image\" content=\"https:\/\/kinamihealth.com\/wp-content\/uploads\/2025\/02\/REVOFIL-AQUASHINE-SOFTFILLER-2ML-01-1.jpg\" \/>\n\t<meta property=\"og:image:width\" content=\"800\" \/>\n\t<meta property=\"og:image:height\" content=\"800\" \/>\n\t<meta property=\"og:image:type\" content=\"image\/jpeg\" \/>\n<meta name=\"twitter:card\" content=\"summary_large_image\" \/>\n<meta name=\"twitter:label1\" content=\"\u041f\u0440\u043e\u0446\u0435\u045a\u0435\u043d\u043e \u0432\u0440\u0435\u043c\u0435 \u0447\u0438\u0442\u0430\u045a\u0430\" \/>\n\t<meta name=\"twitter:data1\" content=\"1 \u043c\u0438\u043d\u0443\u0442\" \/>\n<!-- \/ Yoast SEO plugin. -->","yoast_head_json":{"title":"Kupite Revofil Aquashine BR Soft Filler online \u2013 povratite blistavost ko\u017ee | Kinami Health","description":"Kupite Revofil Aquashine BR Soft Filler online za dubinsku hidrataciju, podmla\u0111ivanje ko\u017ee i anti-age efekat. Dostupan je profesionalcima u okviru Kinami Health ponude.","robots":{"index":"index","follow":"follow","max-snippet":"max-snippet:-1","max-image-preview":"max-image-preview:large","max-video-preview":"max-video-preview:-1"},"canonical":"https:\/\/kinamihealth.com\/sr\/wp-json\/wp\/v2\/product\/124627","og_locale":"sr_RS","og_type":"article","og_title":"Kupite Revofil Aquashine BR Soft Filler online \u2013 povratite blistavost ko\u017ee | Kinami Health","og_description":"Kupite Revofil Aquashine BR Soft Filler online za dubinsku hidrataciju, podmla\u0111ivanje ko\u017ee i anti-age efekat. Dostupan je profesionalcima u okviru Kinami Health ponude.","og_url":"https:\/\/kinamihealth.com\/sr\/\u043f\u0440\u043e\u0438\u0437\u0432\u043e\u0434\/revofil-aquashine-br-soft-filler-2ml-x-1-napunjen-spric\/","og_site_name":"Kinami Health","article_modified_time":"2025-12-04T14:54:28+00:00","og_image":[{"width":800,"height":800,"url":"https:\/\/kinamihealth.com\/wp-content\/uploads\/2025\/02\/REVOFIL-AQUASHINE-SOFTFILLER-2ML-01-1.jpg","type":"image\/jpeg"}],"twitter_card":"summary_large_image","twitter_misc":{"\u041f\u0440\u043e\u0446\u0435\u045a\u0435\u043d\u043e \u0432\u0440\u0435\u043c\u0435 \u0447\u0438\u0442\u0430\u045a\u0430":"1 \u043c\u0438\u043d\u0443\u0442"},"schema":{"@context":"https:\/\/schema.org","@graph":[{"@type":"WebPage","@id":"https:\/\/kinamihealth.com\/sr\/\u043f\u0440\u043e\u0438\u0437\u0432\u043e\u0434\/revofil-aquashine-br-soft-filler-2ml-x-1-napunjen-spric\/","url":"https:\/\/kinamihealth.com\/sr\/\u043f\u0440\u043e\u0438\u0437\u0432\u043e\u0434\/revofil-aquashine-br-soft-filler-2ml-x-1-napunjen-spric\/","name":"Kupite Revofil Aquashine BR Soft Filler online \u2013 povratite blistavost ko\u017ee | Kinami Health","isPartOf":{"@id":"https:\/\/kinamihealth.com\/#website"},"primaryImageOfPage":{"@id":"https:\/\/kinamihealth.com\/sr\/\u043f\u0440\u043e\u0438\u0437\u0432\u043e\u0434\/revofil-aquashine-br-soft-filler-2ml-x-1-napunjen-spric\/#primaryimage"},"image":{"@id":"https:\/\/kinamihealth.com\/sr\/\u043f\u0440\u043e\u0438\u0437\u0432\u043e\u0434\/revofil-aquashine-br-soft-filler-2ml-x-1-napunjen-spric\/#primaryimage"},"thumbnailUrl":"https:\/\/kinamihealth.com\/wp-content\/uploads\/2025\/02\/REVOFIL-AQUASHINE-SOFTFILLER-2ML-01-1.jpg","datePublished":"2025-02-15T16:57:21+00:00","dateModified":"2025-12-04T14:54:28+00:00","description":"Kupite Revofil Aquashine BR Soft Filler online za dubinsku hidrataciju, podmla\u0111ivanje ko\u017ee i anti-age efekat. Dostupan je profesionalcima u okviru Kinami Health ponude.","breadcrumb":{"@id":"https:\/\/kinamihealth.com\/sr\/\u043f\u0440\u043e\u0438\u0437\u0432\u043e\u0434\/revofil-aquashine-br-soft-filler-2ml-x-1-napunjen-spric\/#breadcrumb"},"inLanguage":"sr-RS","potentialAction":[{"@type":"ReadAction","target":["https:\/\/kinamihealth.com\/sr\/\u043f\u0440\u043e\u0438\u0437\u0432\u043e\u0434\/revofil-aquashine-br-soft-filler-2ml-x-1-napunjen-spric\/"]}]},{"@type":"ImageObject","inLanguage":"sr-RS","@id":"https:\/\/kinamihealth.com\/sr\/\u043f\u0440\u043e\u0438\u0437\u0432\u043e\u0434\/revofil-aquashine-br-soft-filler-2ml-x-1-napunjen-spric\/#primaryimage","url":"https:\/\/kinamihealth.com\/wp-content\/uploads\/2025\/02\/REVOFIL-AQUASHINE-SOFTFILLER-2ML-01-1.jpg","contentUrl":"https:\/\/kinamihealth.com\/wp-content\/uploads\/2025\/02\/REVOFIL-AQUASHINE-SOFTFILLER-2ML-01-1.jpg","width":800,"height":800},{"@type":"BreadcrumbList","@id":"https:\/\/kinamihealth.com\/sr\/\u043f\u0440\u043e\u0438\u0437\u0432\u043e\u0434\/revofil-aquashine-br-soft-filler-2ml-x-1-napunjen-spric\/#breadcrumb","itemListElement":[{"@type":"ListItem","position":1,"name":"Po\u010detna","item":"https:\/\/kinamihealth.com\/"},{"@type":"ListItem","position":2,"name":"Kupovina","item":"https:\/\/kinamihealth.com\/sr\/kupovina\/"},{"@type":"ListItem","position":3,"name":"REVOFIL\u2122 AQUASHINE BR SOFT FILLER (2ml x 1 napunjen \u0161pric)"}]},{"@type":"WebSite","@id":"https:\/\/kinamihealth.com\/#website","url":"https:\/\/kinamihealth.com\/","name":"Kinami Health","description":"","publisher":{"@id":"https:\/\/kinamihealth.com\/#organization"},"potentialAction":[{"@type":"SearchAction","target":{"@type":"EntryPoint","urlTemplate":"https:\/\/kinamihealth.com\/?s={search_term_string}"},"query-input":{"@type":"PropertyValueSpecification","valueRequired":true,"valueName":"search_term_string"}}],"inLanguage":"sr-RS"},{"@type":"Organization","@id":"https:\/\/kinamihealth.com\/#organization","name":"Kinami Health","url":"https:\/\/kinamihealth.com\/","logo":{"@type":"ImageObject","inLanguage":"sr-RS","@id":"https:\/\/kinamihealth.com\/#\/schema\/logo\/image\/","url":"https:\/\/kinamihealth.com\/wp-content\/uploads\/2025\/01\/KH_logo_black_2-1.png","contentUrl":"https:\/\/kinamihealth.com\/wp-content\/uploads\/2025\/01\/KH_logo_black_2-1.png","width":339,"height":34,"caption":"Kinami Health"},"image":{"@id":"https:\/\/kinamihealth.com\/#\/schema\/logo\/image\/"}}]}},"_links":{"self":[{"href":"https:\/\/kinamihealth.com\/sr\/wp-json\/wp\/v2\/product\/124627","targetHints":{"allow":["GET"]}}],"collection":[{"href":"https:\/\/kinamihealth.com\/sr\/wp-json\/wp\/v2\/product"}],"about":[{"href":"https:\/\/kinamihealth.com\/sr\/wp-json\/wp\/v2\/types\/product"}],"replies":[{"embeddable":true,"href":"https:\/\/kinamihealth.com\/sr\/wp-json\/wp\/v2\/comments?post=124627"}],"version-history":[{"count":0,"href":"https:\/\/kinamihealth.com\/sr\/wp-json\/wp\/v2\/product\/124627\/revisions"}],"wp:featuredmedia":[{"embeddable":true,"href":"https:\/\/kinamihealth.com\/sr\/wp-json\/wp\/v2\/media\/124634"}],"wp:attachment":[{"href":"https:\/\/kinamihealth.com\/sr\/wp-json\/wp\/v2\/media?parent=124627"}],"wp:term":[{"taxonomy":"product_brand","embeddable":true,"href":"https:\/\/kinamihealth.com\/sr\/wp-json\/wp\/v2\/product_brand?post=124627"},{"taxonomy":"product_cat","embeddable":true,"href":"https:\/\/kinamihealth.com\/sr\/wp-json\/wp\/v2\/product_cat?post=124627"},{"taxonomy":"product_tag","embeddable":true,"href":"https:\/\/kinamihealth.com\/sr\/wp-json\/wp\/v2\/product_tag?post=124627"}],"curies":[{"name":"wp","href":"https:\/\/api.w.org\/{rel}","templated":true}]}}