{"id":124576,"date":"2025-02-15T16:55:43","date_gmt":"2025-02-15T16:55:43","guid":{"rendered":"https:\/\/kinamihealth.com\/product\/jalupro-enhancer-gel\/"},"modified":"2025-12-01T15:58:05","modified_gmt":"2025-12-01T15:58:05","slug":"jalupro-enhancer-gel","status":"publish","type":"product","link":"https:\/\/kinamihealth.com\/sr\/\u043f\u0440\u043e\u0438\u0437\u0432\u043e\u0434\/jalupro-enhancer-gel\/","title":{"rendered":"JALUPRO\u00ae ENHANCER GEL"},"content":{"rendered":"<p>Jalupro Enhancer Gel poma\u017ee u ja\u010danju i produ\u017eavanju obrva i trepavica. Ova inovativna gel-formulacija poma\u017ee u borbi protiv slobodnih radikala. Pored toga, trepavice su za\u0161ti\u0107ene od \u0161tetnih spolja\u0161njih uticaja. Molekul acetil-tetrapeptid-3 (protein matriks \u0107elije) stimuli\u0161e proizvodnju kolagena.<br data-start=\"297\" data-end=\"300\" \/>Gel se nanosi radi pobolj\u0161anja izgleda trepavica i obrva, podsti\u010du\u0107i njihov rast za ja\u010du, du\u017eu i gu\u0161\u0107u dlaku.<\/p>\n","protected":false},"excerpt":{"rendered":"<p>Jalupro Enhancer Gel poma\u017ee u ja\u010danju i produ\u017eavanju obrva i trepavica. Ova inovativna gel-formulacija poma\u017ee u borbi protiv slobodnih radikala. Pored toga, trepavice su za\u0161ti\u0107ene od \u0161tetnih spolja\u0161njih uticaja. Molekul acetil-tetrapeptid-3 (protein matriks \u0107elije) stimuli\u0161e proizvodnju kolagena.Gel se nanosi radi pobolj\u0161anja izgleda trepavica i obrva, podsti\u010du\u0107i njihov rast za ja\u010du, du\u017eu i gu\u0161\u0107u dlaku.<\/p>\n","protected":false},"featured_media":124577,"comment_status":"closed","ping_status":"closed","template":"","meta":{"_acf_changed":false,"inline_featured_image":false},"product_brand":[4881],"product_cat":[4891],"product_tag":[4663],"class_list":{"0":"post-124576","1":"product","2":"type-product","3":"status-publish","4":"has-post-thumbnail","6":"product_brand-jalupro","7":"product_cat-eyelash-enhancers-sr","8":"product_tag-medical-devices-sr","10":"first","11":"instock","12":"taxable","13":"shipping-taxable","14":"purchasable","15":"product-type-simple","16":"add-to-wishlist-before_image"},"acf":[],"yoast_head":"<!-- This site is optimized with the Yoast SEO plugin v27.1.1 - https:\/\/yoast.com\/product\/yoast-seo-wordpress\/ -->\n<title>Kupite Jalupro Enhancer Gel Online za rast trepavica i obrva<\/title>\n<meta name=\"description\" content=\"Kupite Jalupro Enhancer Gel online za ja\u010danje i produ\u017eavanje trepavica i obrva. Formula sa peptidima i crvenom detelinom podsti\u010de rast i pobolj\u0161ava zdravlje.\" \/>\n<meta name=\"robots\" content=\"index, follow, max-snippet:-1, max-image-preview:large, max-video-preview:-1\" \/>\n<link rel=\"canonical\" href=\"https:\/\/kinamihealth.com\/sr\/wp-json\/wp\/v2\/product\/124576\" \/>\n<meta property=\"og:locale\" content=\"sr_RS\" \/>\n<meta property=\"og:type\" content=\"article\" \/>\n<meta property=\"og:title\" content=\"Kupite Jalupro Enhancer Gel Online za rast trepavica i obrva\" \/>\n<meta property=\"og:description\" content=\"Kupite Jalupro Enhancer Gel online za ja\u010danje i produ\u017eavanje trepavica i obrva. Formula sa peptidima i crvenom detelinom podsti\u010de rast i pobolj\u0161ava zdravlje.\" \/>\n<meta property=\"og:url\" content=\"https:\/\/kinamihealth.com\/sr\/\u043f\u0440\u043e\u0438\u0437\u0432\u043e\u0434\/jalupro-enhancer-gel\/\" \/>\n<meta property=\"og:site_name\" content=\"Kinami Health\" \/>\n<meta property=\"article:modified_time\" content=\"2025-12-01T15:58:05+00:00\" \/>\n<meta property=\"og:image\" content=\"https:\/\/kinamihealth.com\/wp-content\/uploads\/2025\/02\/JALUPRO-ENHANCER-GEL-01.jpg\" \/>\n\t<meta property=\"og:image:width\" content=\"800\" \/>\n\t<meta property=\"og:image:height\" content=\"800\" \/>\n\t<meta property=\"og:image:type\" content=\"image\/jpeg\" \/>\n<meta name=\"twitter:card\" content=\"summary_large_image\" \/>\n<meta name=\"twitter:label1\" content=\"\u041f\u0440\u043e\u0446\u0435\u045a\u0435\u043d\u043e \u0432\u0440\u0435\u043c\u0435 \u0447\u0438\u0442\u0430\u045a\u0430\" \/>\n\t<meta name=\"twitter:data1\" content=\"1 \u043c\u0438\u043d\u0443\u0442\" \/>\n<!-- \/ Yoast SEO plugin. -->","yoast_head_json":{"title":"Kupite Jalupro Enhancer Gel Online za rast trepavica i obrva","description":"Kupite Jalupro Enhancer Gel online za ja\u010danje i produ\u017eavanje trepavica i obrva. Formula sa peptidima i crvenom detelinom podsti\u010de rast i pobolj\u0161ava zdravlje.","robots":{"index":"index","follow":"follow","max-snippet":"max-snippet:-1","max-image-preview":"max-image-preview:large","max-video-preview":"max-video-preview:-1"},"canonical":"https:\/\/kinamihealth.com\/sr\/wp-json\/wp\/v2\/product\/124576","og_locale":"sr_RS","og_type":"article","og_title":"Kupite Jalupro Enhancer Gel Online za rast trepavica i obrva","og_description":"Kupite Jalupro Enhancer Gel online za ja\u010danje i produ\u017eavanje trepavica i obrva. Formula sa peptidima i crvenom detelinom podsti\u010de rast i pobolj\u0161ava zdravlje.","og_url":"https:\/\/kinamihealth.com\/sr\/\u043f\u0440\u043e\u0438\u0437\u0432\u043e\u0434\/jalupro-enhancer-gel\/","og_site_name":"Kinami Health","article_modified_time":"2025-12-01T15:58:05+00:00","og_image":[{"width":800,"height":800,"url":"https:\/\/kinamihealth.com\/wp-content\/uploads\/2025\/02\/JALUPRO-ENHANCER-GEL-01.jpg","type":"image\/jpeg"}],"twitter_card":"summary_large_image","twitter_misc":{"\u041f\u0440\u043e\u0446\u0435\u045a\u0435\u043d\u043e \u0432\u0440\u0435\u043c\u0435 \u0447\u0438\u0442\u0430\u045a\u0430":"1 \u043c\u0438\u043d\u0443\u0442"},"schema":{"@context":"https:\/\/schema.org","@graph":[{"@type":"WebPage","@id":"https:\/\/kinamihealth.com\/sr\/\u043f\u0440\u043e\u0438\u0437\u0432\u043e\u0434\/jalupro-enhancer-gel\/","url":"https:\/\/kinamihealth.com\/sr\/\u043f\u0440\u043e\u0438\u0437\u0432\u043e\u0434\/jalupro-enhancer-gel\/","name":"Kupite Jalupro Enhancer Gel Online za rast trepavica i obrva","isPartOf":{"@id":"https:\/\/kinamihealth.com\/#website"},"primaryImageOfPage":{"@id":"https:\/\/kinamihealth.com\/sr\/\u043f\u0440\u043e\u0438\u0437\u0432\u043e\u0434\/jalupro-enhancer-gel\/#primaryimage"},"image":{"@id":"https:\/\/kinamihealth.com\/sr\/\u043f\u0440\u043e\u0438\u0437\u0432\u043e\u0434\/jalupro-enhancer-gel\/#primaryimage"},"thumbnailUrl":"https:\/\/kinamihealth.com\/wp-content\/uploads\/2025\/02\/JALUPRO-ENHANCER-GEL-01.jpg","datePublished":"2025-02-15T16:55:43+00:00","dateModified":"2025-12-01T15:58:05+00:00","description":"Kupite Jalupro Enhancer Gel online za ja\u010danje i produ\u017eavanje trepavica i obrva. Formula sa peptidima i crvenom detelinom podsti\u010de rast i pobolj\u0161ava zdravlje.","breadcrumb":{"@id":"https:\/\/kinamihealth.com\/sr\/\u043f\u0440\u043e\u0438\u0437\u0432\u043e\u0434\/jalupro-enhancer-gel\/#breadcrumb"},"inLanguage":"sr-RS","potentialAction":[{"@type":"ReadAction","target":["https:\/\/kinamihealth.com\/sr\/\u043f\u0440\u043e\u0438\u0437\u0432\u043e\u0434\/jalupro-enhancer-gel\/"]}]},{"@type":"ImageObject","inLanguage":"sr-RS","@id":"https:\/\/kinamihealth.com\/sr\/\u043f\u0440\u043e\u0438\u0437\u0432\u043e\u0434\/jalupro-enhancer-gel\/#primaryimage","url":"https:\/\/kinamihealth.com\/wp-content\/uploads\/2025\/02\/JALUPRO-ENHANCER-GEL-01.jpg","contentUrl":"https:\/\/kinamihealth.com\/wp-content\/uploads\/2025\/02\/JALUPRO-ENHANCER-GEL-01.jpg","width":800,"height":800},{"@type":"BreadcrumbList","@id":"https:\/\/kinamihealth.com\/sr\/\u043f\u0440\u043e\u0438\u0437\u0432\u043e\u0434\/jalupro-enhancer-gel\/#breadcrumb","itemListElement":[{"@type":"ListItem","position":1,"name":"Po\u010detna","item":"https:\/\/kinamihealth.com\/"},{"@type":"ListItem","position":2,"name":"Kupovina","item":"https:\/\/kinamihealth.com\/sr\/kupovina\/"},{"@type":"ListItem","position":3,"name":"JALUPRO\u00ae ENHANCER GEL"}]},{"@type":"WebSite","@id":"https:\/\/kinamihealth.com\/#website","url":"https:\/\/kinamihealth.com\/","name":"Kinami Health","description":"","publisher":{"@id":"https:\/\/kinamihealth.com\/#organization"},"potentialAction":[{"@type":"SearchAction","target":{"@type":"EntryPoint","urlTemplate":"https:\/\/kinamihealth.com\/?s={search_term_string}"},"query-input":{"@type":"PropertyValueSpecification","valueRequired":true,"valueName":"search_term_string"}}],"inLanguage":"sr-RS"},{"@type":"Organization","@id":"https:\/\/kinamihealth.com\/#organization","name":"Kinami Health","url":"https:\/\/kinamihealth.com\/","logo":{"@type":"ImageObject","inLanguage":"sr-RS","@id":"https:\/\/kinamihealth.com\/#\/schema\/logo\/image\/","url":"https:\/\/kinamihealth.com\/wp-content\/uploads\/2025\/01\/KH_logo_black_2-1.png","contentUrl":"https:\/\/kinamihealth.com\/wp-content\/uploads\/2025\/01\/KH_logo_black_2-1.png","width":339,"height":34,"caption":"Kinami Health"},"image":{"@id":"https:\/\/kinamihealth.com\/#\/schema\/logo\/image\/"}}]}},"_links":{"self":[{"href":"https:\/\/kinamihealth.com\/sr\/wp-json\/wp\/v2\/product\/124576","targetHints":{"allow":["GET"]}}],"collection":[{"href":"https:\/\/kinamihealth.com\/sr\/wp-json\/wp\/v2\/product"}],"about":[{"href":"https:\/\/kinamihealth.com\/sr\/wp-json\/wp\/v2\/types\/product"}],"replies":[{"embeddable":true,"href":"https:\/\/kinamihealth.com\/sr\/wp-json\/wp\/v2\/comments?post=124576"}],"version-history":[{"count":0,"href":"https:\/\/kinamihealth.com\/sr\/wp-json\/wp\/v2\/product\/124576\/revisions"}],"wp:featuredmedia":[{"embeddable":true,"href":"https:\/\/kinamihealth.com\/sr\/wp-json\/wp\/v2\/media\/124577"}],"wp:attachment":[{"href":"https:\/\/kinamihealth.com\/sr\/wp-json\/wp\/v2\/media?parent=124576"}],"wp:term":[{"taxonomy":"product_brand","embeddable":true,"href":"https:\/\/kinamihealth.com\/sr\/wp-json\/wp\/v2\/product_brand?post=124576"},{"taxonomy":"product_cat","embeddable":true,"href":"https:\/\/kinamihealth.com\/sr\/wp-json\/wp\/v2\/product_cat?post=124576"},{"taxonomy":"product_tag","embeddable":true,"href":"https:\/\/kinamihealth.com\/sr\/wp-json\/wp\/v2\/product_tag?post=124576"}],"curies":[{"name":"wp","href":"https:\/\/api.w.org\/{rel}","templated":true}]}}