{"id":124363,"date":"2025-02-15T16:55:32","date_gmt":"2025-02-15T16:55:32","guid":{"rendered":"https:\/\/kinamihealth.com\/product\/intraline-mono-29g-50-70-6-0\/"},"modified":"2025-11-30T21:23:41","modified_gmt":"2025-11-30T21:23:41","slug":"intraline-mono-29g-50-70-6-0","status":"publish","type":"product","link":"https:\/\/kinamihealth.com\/sr\/\u043f\u0440\u043e\u0438\u0437\u0432\u043e\u0434\/intraline-mono-29g-50-70-6-0\/","title":{"rendered":"INTRALINE\u00ae MONO 29G 50 70 6-0"},"content":{"rendered":"<p>Intraline Mono 29G 50 70 6-0 PDO (polidijoksanonske) niti podi\u017eu i zate\u017eu opu\u0161tena ko\u017ena tkiva podsti\u010du\u0107i proizvodnju kolagena. Ova metoda podizanja podrazumeva implantaciju vi\u0161e tankih PDO niti u potko\u017eni sloj ko\u017ee, \u010dime se stvara vektorska mre\u017ea koja pru\u017ea potporu tkivu.<\/p>\n","protected":false},"excerpt":{"rendered":"<p>Intraline Mono 29G 50 70 6-0 PDO (polidijoksanonske) niti podi\u017eu i zate\u017eu opu\u0161tena ko\u017ena tkiva podsti\u010du\u0107i proizvodnju kolagena. Ova metoda podizanja podrazumeva implantaciju vi\u0161e tankih PDO niti u potko\u017eni sloj ko\u017ee, \u010dime se stvara vektorska mre\u017ea koja pru\u017ea potporu tkivu.<\/p>\n","protected":false},"featured_media":124358,"comment_status":"closed","ping_status":"closed","template":"","meta":{"_acf_changed":false,"inline_featured_image":false},"product_brand":[4863],"product_cat":[4864,4867],"product_tag":[4663],"class_list":{"0":"post-124363","1":"product","2":"type-product","3":"status-publish","4":"has-post-thumbnail","6":"product_brand-intraline","7":"product_cat-threads-sr","8":"product_cat-pdo-threads-sr","9":"product_tag-medical-devices-sr","11":"first","12":"instock","13":"taxable","14":"shipping-taxable","15":"purchasable","16":"product-type-simple","17":"add-to-wishlist-before_image"},"acf":[],"yoast_head":"<!-- This site is optimized with the Yoast SEO plugin v27.1.1 - https:\/\/yoast.com\/product\/yoast-seo-wordpress\/ -->\n<title>Kupite INTRALINE\u00ae MONO 29G 50 70 6-0 online | Kinami Health<\/title>\n<meta name=\"description\" content=\"Kupite Intraline Mono 29G 50 70 6-0 online za dvostruki efekat. Ona podi\u017ee i zate\u017ee ko\u017eu dok istovremeno podsti\u010de proizvodnju kolagena za mladala\u010dki izgled.\" \/>\n<meta name=\"robots\" content=\"index, follow, max-snippet:-1, max-image-preview:large, max-video-preview:-1\" \/>\n<link rel=\"canonical\" href=\"https:\/\/kinamihealth.com\/sr\/wp-json\/wp\/v2\/product\/124363\" \/>\n<meta property=\"og:locale\" content=\"sr_RS\" \/>\n<meta property=\"og:type\" content=\"article\" \/>\n<meta property=\"og:title\" content=\"Kupite INTRALINE\u00ae MONO 29G 50 70 6-0 online | Kinami Health\" \/>\n<meta property=\"og:description\" content=\"Kupite Intraline Mono 29G 50 70 6-0 online za dvostruki efekat. Ona podi\u017ee i zate\u017ee ko\u017eu dok istovremeno podsti\u010de proizvodnju kolagena za mladala\u010dki izgled.\" \/>\n<meta property=\"og:url\" content=\"https:\/\/kinamihealth.com\/sr\/\u043f\u0440\u043e\u0438\u0437\u0432\u043e\u0434\/intraline-mono-29g-50-70-6-0\/\" \/>\n<meta property=\"og:site_name\" content=\"Kinami Health\" \/>\n<meta property=\"article:modified_time\" content=\"2025-11-30T21:23:41+00:00\" \/>\n<meta property=\"og:image\" content=\"https:\/\/kinamihealth.com\/wp-content\/uploads\/2025\/02\/INTRALINE-MONO-29G507060-01.jpg\" \/>\n\t<meta property=\"og:image:width\" content=\"800\" \/>\n\t<meta property=\"og:image:height\" content=\"800\" \/>\n\t<meta property=\"og:image:type\" content=\"image\/jpeg\" \/>\n<meta name=\"twitter:card\" content=\"summary_large_image\" \/>\n<meta name=\"twitter:label1\" content=\"\u041f\u0440\u043e\u0446\u0435\u045a\u0435\u043d\u043e \u0432\u0440\u0435\u043c\u0435 \u0447\u0438\u0442\u0430\u045a\u0430\" \/>\n\t<meta name=\"twitter:data1\" content=\"1 \u043c\u0438\u043d\u0443\u0442\" \/>\n<!-- \/ Yoast SEO plugin. -->","yoast_head_json":{"title":"Kupite INTRALINE\u00ae MONO 29G 50 70 6-0 online | Kinami Health","description":"Kupite Intraline Mono 29G 50 70 6-0 online za dvostruki efekat. Ona podi\u017ee i zate\u017ee ko\u017eu dok istovremeno podsti\u010de proizvodnju kolagena za mladala\u010dki izgled.","robots":{"index":"index","follow":"follow","max-snippet":"max-snippet:-1","max-image-preview":"max-image-preview:large","max-video-preview":"max-video-preview:-1"},"canonical":"https:\/\/kinamihealth.com\/sr\/wp-json\/wp\/v2\/product\/124363","og_locale":"sr_RS","og_type":"article","og_title":"Kupite INTRALINE\u00ae MONO 29G 50 70 6-0 online | Kinami Health","og_description":"Kupite Intraline Mono 29G 50 70 6-0 online za dvostruki efekat. Ona podi\u017ee i zate\u017ee ko\u017eu dok istovremeno podsti\u010de proizvodnju kolagena za mladala\u010dki izgled.","og_url":"https:\/\/kinamihealth.com\/sr\/\u043f\u0440\u043e\u0438\u0437\u0432\u043e\u0434\/intraline-mono-29g-50-70-6-0\/","og_site_name":"Kinami Health","article_modified_time":"2025-11-30T21:23:41+00:00","og_image":[{"width":800,"height":800,"url":"https:\/\/kinamihealth.com\/wp-content\/uploads\/2025\/02\/INTRALINE-MONO-29G507060-01.jpg","type":"image\/jpeg"}],"twitter_card":"summary_large_image","twitter_misc":{"\u041f\u0440\u043e\u0446\u0435\u045a\u0435\u043d\u043e \u0432\u0440\u0435\u043c\u0435 \u0447\u0438\u0442\u0430\u045a\u0430":"1 \u043c\u0438\u043d\u0443\u0442"},"schema":{"@context":"https:\/\/schema.org","@graph":[{"@type":"WebPage","@id":"https:\/\/kinamihealth.com\/sr\/\u043f\u0440\u043e\u0438\u0437\u0432\u043e\u0434\/intraline-mono-29g-50-70-6-0\/","url":"https:\/\/kinamihealth.com\/sr\/\u043f\u0440\u043e\u0438\u0437\u0432\u043e\u0434\/intraline-mono-29g-50-70-6-0\/","name":"Kupite INTRALINE\u00ae MONO 29G 50 70 6-0 online | Kinami Health","isPartOf":{"@id":"https:\/\/kinamihealth.com\/#website"},"primaryImageOfPage":{"@id":"https:\/\/kinamihealth.com\/sr\/\u043f\u0440\u043e\u0438\u0437\u0432\u043e\u0434\/intraline-mono-29g-50-70-6-0\/#primaryimage"},"image":{"@id":"https:\/\/kinamihealth.com\/sr\/\u043f\u0440\u043e\u0438\u0437\u0432\u043e\u0434\/intraline-mono-29g-50-70-6-0\/#primaryimage"},"thumbnailUrl":"https:\/\/kinamihealth.com\/wp-content\/uploads\/2025\/02\/INTRALINE-MONO-29G507060-01.jpg","datePublished":"2025-02-15T16:55:32+00:00","dateModified":"2025-11-30T21:23:41+00:00","description":"Kupite Intraline Mono 29G 50 70 6-0 online za dvostruki efekat. Ona podi\u017ee i zate\u017ee ko\u017eu dok istovremeno podsti\u010de proizvodnju kolagena za mladala\u010dki izgled.","breadcrumb":{"@id":"https:\/\/kinamihealth.com\/sr\/\u043f\u0440\u043e\u0438\u0437\u0432\u043e\u0434\/intraline-mono-29g-50-70-6-0\/#breadcrumb"},"inLanguage":"sr-RS","potentialAction":[{"@type":"ReadAction","target":["https:\/\/kinamihealth.com\/sr\/\u043f\u0440\u043e\u0438\u0437\u0432\u043e\u0434\/intraline-mono-29g-50-70-6-0\/"]}]},{"@type":"ImageObject","inLanguage":"sr-RS","@id":"https:\/\/kinamihealth.com\/sr\/\u043f\u0440\u043e\u0438\u0437\u0432\u043e\u0434\/intraline-mono-29g-50-70-6-0\/#primaryimage","url":"https:\/\/kinamihealth.com\/wp-content\/uploads\/2025\/02\/INTRALINE-MONO-29G507060-01.jpg","contentUrl":"https:\/\/kinamihealth.com\/wp-content\/uploads\/2025\/02\/INTRALINE-MONO-29G507060-01.jpg","width":800,"height":800},{"@type":"BreadcrumbList","@id":"https:\/\/kinamihealth.com\/sr\/\u043f\u0440\u043e\u0438\u0437\u0432\u043e\u0434\/intraline-mono-29g-50-70-6-0\/#breadcrumb","itemListElement":[{"@type":"ListItem","position":1,"name":"Po\u010detna","item":"https:\/\/kinamihealth.com\/"},{"@type":"ListItem","position":2,"name":"Kupovina","item":"https:\/\/kinamihealth.com\/sr\/kupovina\/"},{"@type":"ListItem","position":3,"name":"INTRALINE\u00ae MONO 29G 50 70 6-0"}]},{"@type":"WebSite","@id":"https:\/\/kinamihealth.com\/#website","url":"https:\/\/kinamihealth.com\/","name":"Kinami Health","description":"","publisher":{"@id":"https:\/\/kinamihealth.com\/#organization"},"potentialAction":[{"@type":"SearchAction","target":{"@type":"EntryPoint","urlTemplate":"https:\/\/kinamihealth.com\/?s={search_term_string}"},"query-input":{"@type":"PropertyValueSpecification","valueRequired":true,"valueName":"search_term_string"}}],"inLanguage":"sr-RS"},{"@type":"Organization","@id":"https:\/\/kinamihealth.com\/#organization","name":"Kinami Health","url":"https:\/\/kinamihealth.com\/","logo":{"@type":"ImageObject","inLanguage":"sr-RS","@id":"https:\/\/kinamihealth.com\/#\/schema\/logo\/image\/","url":"https:\/\/kinamihealth.com\/wp-content\/uploads\/2025\/01\/KH_logo_black_2-1.png","contentUrl":"https:\/\/kinamihealth.com\/wp-content\/uploads\/2025\/01\/KH_logo_black_2-1.png","width":339,"height":34,"caption":"Kinami Health"},"image":{"@id":"https:\/\/kinamihealth.com\/#\/schema\/logo\/image\/"}}]}},"_links":{"self":[{"href":"https:\/\/kinamihealth.com\/sr\/wp-json\/wp\/v2\/product\/124363","targetHints":{"allow":["GET"]}}],"collection":[{"href":"https:\/\/kinamihealth.com\/sr\/wp-json\/wp\/v2\/product"}],"about":[{"href":"https:\/\/kinamihealth.com\/sr\/wp-json\/wp\/v2\/types\/product"}],"replies":[{"embeddable":true,"href":"https:\/\/kinamihealth.com\/sr\/wp-json\/wp\/v2\/comments?post=124363"}],"version-history":[{"count":0,"href":"https:\/\/kinamihealth.com\/sr\/wp-json\/wp\/v2\/product\/124363\/revisions"}],"wp:featuredmedia":[{"embeddable":true,"href":"https:\/\/kinamihealth.com\/sr\/wp-json\/wp\/v2\/media\/124358"}],"wp:attachment":[{"href":"https:\/\/kinamihealth.com\/sr\/wp-json\/wp\/v2\/media?parent=124363"}],"wp:term":[{"taxonomy":"product_brand","embeddable":true,"href":"https:\/\/kinamihealth.com\/sr\/wp-json\/wp\/v2\/product_brand?post=124363"},{"taxonomy":"product_cat","embeddable":true,"href":"https:\/\/kinamihealth.com\/sr\/wp-json\/wp\/v2\/product_cat?post=124363"},{"taxonomy":"product_tag","embeddable":true,"href":"https:\/\/kinamihealth.com\/sr\/wp-json\/wp\/v2\/product_tag?post=124363"}],"curies":[{"name":"wp","href":"https:\/\/api.w.org\/{rel}","templated":true}]}}