{"id":124357,"date":"2025-02-15T16:55:31","date_gmt":"2025-02-15T16:55:31","guid":{"rendered":"https:\/\/kinamihealth.com\/product\/intraline-mono-29g-38-50-6-0\/"},"modified":"2025-11-30T21:25:29","modified_gmt":"2025-11-30T21:25:29","slug":"intraline-mono-29g-38-50-6-0","status":"publish","type":"product","link":"https:\/\/kinamihealth.com\/sr\/\u043f\u0440\u043e\u0438\u0437\u0432\u043e\u0434\/intraline-mono-29g-38-50-6-0\/","title":{"rendered":"INTRALINE\u00ae MONO 29G 38 50 6-0"},"content":{"rendered":"<p>INTRALINE\u00ae MONO 29G 38 50 6-0 niti su posebno dizajnirane za precizno ume\u0107ivanje i efikasno zadr\u017eavanje u dermisu, obezbe\u0111uju\u0107i optimalne rezultate. Mono niti su jedan glatki PDO filament presavijen na pola. To su hirur\u0161ke niti napravljene od polidijoksanona, bezbojnog, kristalnog, biorazgradivog sinteti\u010dkog polimera. Dizajnirane su da se bore protiv starenja lica, optere\u0107enja ko\u017ee, asimetrije i drugih srodnih problema.<\/p>\n","protected":false},"excerpt":{"rendered":"<p>INTRALINE\u00ae MONO 29G 38 50 6-0 niti su posebno dizajnirane za precizno ume\u0107ivanje i efikasno zadr\u017eavanje u dermisu, obezbe\u0111uju\u0107i optimalne rezultate. Mono niti su jedan glatki PDO filament presavijen na pola. To su hirur\u0161ke niti napravljene od polidijoksanona, bezbojnog, kristalnog, biorazgradivog sinteti\u010dkog polimera. Dizajnirane su da se bore protiv starenja lica, optere\u0107enja ko\u017ee, asimetrije i [&hellip;]<\/p>\n","protected":false},"featured_media":124362,"comment_status":"closed","ping_status":"closed","template":"","meta":{"_acf_changed":false,"inline_featured_image":false},"product_brand":[4863],"product_cat":[4864,4867],"product_tag":[4663],"class_list":{"0":"post-124357","1":"product","2":"type-product","3":"status-publish","4":"has-post-thumbnail","6":"product_brand-intraline","7":"product_cat-threads-sr","8":"product_cat-pdo-threads-sr","9":"product_tag-medical-devices-sr","11":"first","12":"instock","13":"taxable","14":"shipping-taxable","15":"purchasable","16":"product-type-simple","17":"add-to-wishlist-before_image"},"acf":[],"yoast_head":"<!-- This site is optimized with the Yoast SEO plugin v27.3 - https:\/\/yoast.com\/product\/yoast-seo-wordpress\/ -->\n<title>Kupite INTRALINE\u00ae MONO 29G 38 50 6-0 | Kinami Health<\/title>\n<meta name=\"description\" content=\"Kupite Intraline Mono 29G 38 50 6-0 online. Trenutno zate\u017ee ko\u017eu dok istovremeno podsti\u010de proizvodnju kolagena za dugotrajnu regeneraciju i blistav izgled.\" \/>\n<meta name=\"robots\" content=\"index, follow, max-snippet:-1, max-image-preview:large, max-video-preview:-1\" \/>\n<link rel=\"canonical\" href=\"https:\/\/kinamihealth.com\/sr\/wp-json\/wp\/v2\/product\/124357\" \/>\n<meta property=\"og:locale\" content=\"sr_RS\" \/>\n<meta property=\"og:type\" content=\"article\" \/>\n<meta property=\"og:title\" content=\"Kupite INTRALINE\u00ae MONO 29G 38 50 6-0 | Kinami Health\" \/>\n<meta property=\"og:description\" content=\"Kupite Intraline Mono 29G 38 50 6-0 online. Trenutno zate\u017ee ko\u017eu dok istovremeno podsti\u010de proizvodnju kolagena za dugotrajnu regeneraciju i blistav izgled.\" \/>\n<meta property=\"og:url\" content=\"https:\/\/kinamihealth.com\/sr\/\u043f\u0440\u043e\u0438\u0437\u0432\u043e\u0434\/intraline-mono-29g-38-50-6-0\/\" \/>\n<meta property=\"og:site_name\" content=\"Kinami Health\" \/>\n<meta property=\"article:modified_time\" content=\"2025-11-30T21:25:29+00:00\" \/>\n<meta property=\"og:image\" content=\"https:\/\/kinamihealth.com\/wp-content\/uploads\/2025\/02\/INTRALINE-MONO-29G-38-50-6-0_Front.webp\" \/>\n\t<meta property=\"og:image:width\" content=\"1500\" \/>\n\t<meta property=\"og:image:height\" content=\"1500\" \/>\n\t<meta property=\"og:image:type\" content=\"image\/webp\" \/>\n<meta name=\"twitter:card\" content=\"summary_large_image\" \/>\n<meta name=\"twitter:label1\" content=\"\u041f\u0440\u043e\u0446\u0435\u045a\u0435\u043d\u043e \u0432\u0440\u0435\u043c\u0435 \u0447\u0438\u0442\u0430\u045a\u0430\" \/>\n\t<meta name=\"twitter:data1\" content=\"1 \u043c\u0438\u043d\u0443\u0442\" \/>\n<!-- \/ Yoast SEO plugin. -->","yoast_head_json":{"title":"Kupite INTRALINE\u00ae MONO 29G 38 50 6-0 | Kinami Health","description":"Kupite Intraline Mono 29G 38 50 6-0 online. Trenutno zate\u017ee ko\u017eu dok istovremeno podsti\u010de proizvodnju kolagena za dugotrajnu regeneraciju i blistav izgled.","robots":{"index":"index","follow":"follow","max-snippet":"max-snippet:-1","max-image-preview":"max-image-preview:large","max-video-preview":"max-video-preview:-1"},"canonical":"https:\/\/kinamihealth.com\/sr\/wp-json\/wp\/v2\/product\/124357","og_locale":"sr_RS","og_type":"article","og_title":"Kupite INTRALINE\u00ae MONO 29G 38 50 6-0 | Kinami Health","og_description":"Kupite Intraline Mono 29G 38 50 6-0 online. Trenutno zate\u017ee ko\u017eu dok istovremeno podsti\u010de proizvodnju kolagena za dugotrajnu regeneraciju i blistav izgled.","og_url":"https:\/\/kinamihealth.com\/sr\/\u043f\u0440\u043e\u0438\u0437\u0432\u043e\u0434\/intraline-mono-29g-38-50-6-0\/","og_site_name":"Kinami Health","article_modified_time":"2025-11-30T21:25:29+00:00","og_image":[{"width":1500,"height":1500,"url":"https:\/\/kinamihealth.com\/wp-content\/uploads\/2025\/02\/INTRALINE-MONO-29G-38-50-6-0_Front.webp","type":"image\/webp"}],"twitter_card":"summary_large_image","twitter_misc":{"\u041f\u0440\u043e\u0446\u0435\u045a\u0435\u043d\u043e \u0432\u0440\u0435\u043c\u0435 \u0447\u0438\u0442\u0430\u045a\u0430":"1 \u043c\u0438\u043d\u0443\u0442"},"schema":{"@context":"https:\/\/schema.org","@graph":[{"@type":"WebPage","@id":"https:\/\/kinamihealth.com\/sr\/\u043f\u0440\u043e\u0438\u0437\u0432\u043e\u0434\/intraline-mono-29g-38-50-6-0\/","url":"https:\/\/kinamihealth.com\/sr\/\u043f\u0440\u043e\u0438\u0437\u0432\u043e\u0434\/intraline-mono-29g-38-50-6-0\/","name":"Kupite INTRALINE\u00ae MONO 29G 38 50 6-0 | Kinami Health","isPartOf":{"@id":"https:\/\/kinamihealth.com\/#website"},"primaryImageOfPage":{"@id":"https:\/\/kinamihealth.com\/sr\/\u043f\u0440\u043e\u0438\u0437\u0432\u043e\u0434\/intraline-mono-29g-38-50-6-0\/#primaryimage"},"image":{"@id":"https:\/\/kinamihealth.com\/sr\/\u043f\u0440\u043e\u0438\u0437\u0432\u043e\u0434\/intraline-mono-29g-38-50-6-0\/#primaryimage"},"thumbnailUrl":"https:\/\/kinamihealth.com\/wp-content\/uploads\/2025\/02\/INTRALINE-MONO-29G-38-50-6-0_Front.webp","datePublished":"2025-02-15T16:55:31+00:00","dateModified":"2025-11-30T21:25:29+00:00","description":"Kupite Intraline Mono 29G 38 50 6-0 online. Trenutno zate\u017ee ko\u017eu dok istovremeno podsti\u010de proizvodnju kolagena za dugotrajnu regeneraciju i blistav izgled.","breadcrumb":{"@id":"https:\/\/kinamihealth.com\/sr\/\u043f\u0440\u043e\u0438\u0437\u0432\u043e\u0434\/intraline-mono-29g-38-50-6-0\/#breadcrumb"},"inLanguage":"sr-RS","potentialAction":[{"@type":"ReadAction","target":["https:\/\/kinamihealth.com\/sr\/\u043f\u0440\u043e\u0438\u0437\u0432\u043e\u0434\/intraline-mono-29g-38-50-6-0\/"]}]},{"@type":"ImageObject","inLanguage":"sr-RS","@id":"https:\/\/kinamihealth.com\/sr\/\u043f\u0440\u043e\u0438\u0437\u0432\u043e\u0434\/intraline-mono-29g-38-50-6-0\/#primaryimage","url":"https:\/\/kinamihealth.com\/wp-content\/uploads\/2025\/02\/INTRALINE-MONO-29G-38-50-6-0_Front.webp","contentUrl":"https:\/\/kinamihealth.com\/wp-content\/uploads\/2025\/02\/INTRALINE-MONO-29G-38-50-6-0_Front.webp","width":1500,"height":1500},{"@type":"BreadcrumbList","@id":"https:\/\/kinamihealth.com\/sr\/\u043f\u0440\u043e\u0438\u0437\u0432\u043e\u0434\/intraline-mono-29g-38-50-6-0\/#breadcrumb","itemListElement":[{"@type":"ListItem","position":1,"name":"Po\u010detna","item":"https:\/\/kinamihealth.com\/"},{"@type":"ListItem","position":2,"name":"Kupovina","item":"https:\/\/kinamihealth.com\/sr\/kupovina\/"},{"@type":"ListItem","position":3,"name":"INTRALINE\u00ae MONO 29G 38 50 6-0"}]},{"@type":"WebSite","@id":"https:\/\/kinamihealth.com\/#website","url":"https:\/\/kinamihealth.com\/","name":"Kinami Health","description":"","publisher":{"@id":"https:\/\/kinamihealth.com\/#organization"},"potentialAction":[{"@type":"SearchAction","target":{"@type":"EntryPoint","urlTemplate":"https:\/\/kinamihealth.com\/?s={search_term_string}"},"query-input":{"@type":"PropertyValueSpecification","valueRequired":true,"valueName":"search_term_string"}}],"inLanguage":"sr-RS"},{"@type":"Organization","@id":"https:\/\/kinamihealth.com\/#organization","name":"Kinami Health","url":"https:\/\/kinamihealth.com\/","logo":{"@type":"ImageObject","inLanguage":"sr-RS","@id":"https:\/\/kinamihealth.com\/#\/schema\/logo\/image\/","url":"https:\/\/kinamihealth.com\/wp-content\/uploads\/2025\/01\/KH_logo_black_2-1.png","contentUrl":"https:\/\/kinamihealth.com\/wp-content\/uploads\/2025\/01\/KH_logo_black_2-1.png","width":339,"height":34,"caption":"Kinami Health"},"image":{"@id":"https:\/\/kinamihealth.com\/#\/schema\/logo\/image\/"}}]}},"_links":{"self":[{"href":"https:\/\/kinamihealth.com\/sr\/wp-json\/wp\/v2\/product\/124357","targetHints":{"allow":["GET"]}}],"collection":[{"href":"https:\/\/kinamihealth.com\/sr\/wp-json\/wp\/v2\/product"}],"about":[{"href":"https:\/\/kinamihealth.com\/sr\/wp-json\/wp\/v2\/types\/product"}],"replies":[{"embeddable":true,"href":"https:\/\/kinamihealth.com\/sr\/wp-json\/wp\/v2\/comments?post=124357"}],"version-history":[{"count":0,"href":"https:\/\/kinamihealth.com\/sr\/wp-json\/wp\/v2\/product\/124357\/revisions"}],"wp:featuredmedia":[{"embeddable":true,"href":"https:\/\/kinamihealth.com\/sr\/wp-json\/wp\/v2\/media\/124362"}],"wp:attachment":[{"href":"https:\/\/kinamihealth.com\/sr\/wp-json\/wp\/v2\/media?parent=124357"}],"wp:term":[{"taxonomy":"product_brand","embeddable":true,"href":"https:\/\/kinamihealth.com\/sr\/wp-json\/wp\/v2\/product_brand?post=124357"},{"taxonomy":"product_cat","embeddable":true,"href":"https:\/\/kinamihealth.com\/sr\/wp-json\/wp\/v2\/product_cat?post=124357"},{"taxonomy":"product_tag","embeddable":true,"href":"https:\/\/kinamihealth.com\/sr\/wp-json\/wp\/v2\/product_tag?post=124357"}],"curies":[{"name":"wp","href":"https:\/\/api.w.org\/{rel}","templated":true}]}}