{"id":124344,"date":"2025-02-15T16:55:34","date_gmt":"2025-02-15T16:55:34","guid":{"rendered":"https:\/\/kinamihealth.com\/product\/intraline-pdo-threads-cog-dimension-360-b2190-c-21g-90mm-150mm\/"},"modified":"2026-04-03T11:51:52","modified_gmt":"2026-04-03T11:51:52","slug":"intraline-pdo-threads-cog-dimension-360-b2190-c-21g-90mm-150mm","status":"publish","type":"product","link":"https:\/\/kinamihealth.com\/sr\/\u043f\u0440\u043e\u0438\u0437\u0432\u043e\u0434\/intraline-pdo-threads-cog-dimension-360-b2190-c-21g-90mm-150mm\/","title":{"rendered":"INTRALINE\u00ae PDO THREADS B2190-C &#8211; COG DIMENSION 360 21G 90\/150MM (10 pack)"},"content":{"rendered":"<p>Intraline PDO Threads Cog Dimension 360 su hirur\u0161ke niti koje se koriste za podizanje i ponovo poravnavanje dermalnog tkiva koje je opu\u0161teno ili spu\u0161teno. Intraline Cog niti su niti od polidijoksanona (PDO). Cog niti imaju zupce koji se ka\u010de za ko\u017eu kako bi obezbedile potporu i podigle opu\u0161teno tkivo. One mogu izazvati fibrozu u okolnom podru\u010dju, \u0161to podsti\u010de stvaranje kolagena. Namenjene su podizanju lica i u\u010dvr\u0161\u0107ivanju ko\u017ee. Niti imaju zupce (cogs) koji se ka\u010de za unutra\u0161nju stranu ko\u017ee.<\/p>\n","protected":false},"excerpt":{"rendered":"<p>Intraline PDO Threads Cog Dimension 360 su hirur\u0161ke niti koje se koriste za podizanje i ponovo poravnavanje dermalnog tkiva koje je opu\u0161teno ili spu\u0161teno. Intraline Cog niti su niti od polidijoksanona (PDO). Cog niti imaju zupce koji se ka\u010de za ko\u017eu kako bi obezbedile potporu i podigle opu\u0161teno tkivo. One mogu izazvati fibrozu u okolnom [&hellip;]<\/p>\n","protected":false},"featured_media":124345,"comment_status":"closed","ping_status":"closed","template":"","meta":{"_acf_changed":false,"inline_featured_image":false},"product_brand":[4863],"product_cat":[4864,4867],"product_tag":[4663],"class_list":{"0":"post-124344","1":"product","2":"type-product","3":"status-publish","4":"has-post-thumbnail","6":"product_brand-intraline","7":"product_cat-threads-sr","8":"product_cat-pdo-threads-sr","9":"product_tag-medical-devices-sr","11":"first","12":"instock","13":"taxable","14":"shipping-taxable","15":"purchasable","16":"product-type-simple","17":"add-to-wishlist-before_image"},"acf":[],"yoast_head":"<!-- This site is optimized with the Yoast SEO plugin v27.3 - https:\/\/yoast.com\/product\/yoast-seo-wordpress\/ -->\n<title>Naru\u010dite INTRALINE\u00ae PDO THREADS Cog Dimension 360 B2190-C-21G | Kinami Health<\/title>\n<meta name=\"description\" content=\"Naru\u010dite INTRALINE\u00ae PDO THREADS Cog Dimension 360 B2190-C-21G za lifting i konturisanje tkiva lica koriste\u0107i 360-stepene nazube sa jakom mo\u0107i fiksacije.\" \/>\n<meta name=\"robots\" content=\"index, follow, max-snippet:-1, max-image-preview:large, max-video-preview:-1\" \/>\n<link rel=\"canonical\" href=\"https:\/\/kinamihealth.com\/sr\/wp-json\/wp\/v2\/product\/124344\" \/>\n<meta property=\"og:locale\" content=\"sr_RS\" \/>\n<meta property=\"og:type\" content=\"article\" \/>\n<meta property=\"og:title\" content=\"Naru\u010dite INTRALINE\u00ae PDO THREADS Cog Dimension 360 B2190-C-21G | Kinami Health\" \/>\n<meta property=\"og:description\" content=\"Naru\u010dite INTRALINE\u00ae PDO THREADS Cog Dimension 360 B2190-C-21G za lifting i konturisanje tkiva lica koriste\u0107i 360-stepene nazube sa jakom mo\u0107i fiksacije.\" \/>\n<meta property=\"og:url\" content=\"https:\/\/kinamihealth.com\/sr\/\u043f\u0440\u043e\u0438\u0437\u0432\u043e\u0434\/intraline-pdo-threads-cog-dimension-360-b2190-c-21g-90mm-150mm\/\" \/>\n<meta property=\"og:site_name\" content=\"Kinami Health\" \/>\n<meta property=\"article:modified_time\" content=\"2026-04-03T11:51:52+00:00\" \/>\n<meta property=\"og:image\" content=\"https:\/\/kinamihealth.com\/wp-content\/uploads\/2025\/02\/INTRALINE-PDODIMENSION360-B2190C-21G90MM150MM-01.jpg\" \/>\n\t<meta property=\"og:image:width\" content=\"800\" \/>\n\t<meta property=\"og:image:height\" content=\"800\" \/>\n\t<meta property=\"og:image:type\" content=\"image\/jpeg\" \/>\n<meta name=\"twitter:card\" content=\"summary_large_image\" \/>\n<meta name=\"twitter:label1\" content=\"\u041f\u0440\u043e\u0446\u0435\u045a\u0435\u043d\u043e \u0432\u0440\u0435\u043c\u0435 \u0447\u0438\u0442\u0430\u045a\u0430\" \/>\n\t<meta name=\"twitter:data1\" content=\"1 \u043c\u0438\u043d\u0443\u0442\" \/>\n<!-- \/ Yoast SEO plugin. -->","yoast_head_json":{"title":"Naru\u010dite INTRALINE\u00ae PDO THREADS Cog Dimension 360 B2190-C-21G | Kinami Health","description":"Naru\u010dite INTRALINE\u00ae PDO THREADS Cog Dimension 360 B2190-C-21G za lifting i konturisanje tkiva lica koriste\u0107i 360-stepene nazube sa jakom mo\u0107i fiksacije.","robots":{"index":"index","follow":"follow","max-snippet":"max-snippet:-1","max-image-preview":"max-image-preview:large","max-video-preview":"max-video-preview:-1"},"canonical":"https:\/\/kinamihealth.com\/sr\/wp-json\/wp\/v2\/product\/124344","og_locale":"sr_RS","og_type":"article","og_title":"Naru\u010dite INTRALINE\u00ae PDO THREADS Cog Dimension 360 B2190-C-21G | Kinami Health","og_description":"Naru\u010dite INTRALINE\u00ae PDO THREADS Cog Dimension 360 B2190-C-21G za lifting i konturisanje tkiva lica koriste\u0107i 360-stepene nazube sa jakom mo\u0107i fiksacije.","og_url":"https:\/\/kinamihealth.com\/sr\/\u043f\u0440\u043e\u0438\u0437\u0432\u043e\u0434\/intraline-pdo-threads-cog-dimension-360-b2190-c-21g-90mm-150mm\/","og_site_name":"Kinami Health","article_modified_time":"2026-04-03T11:51:52+00:00","og_image":[{"width":800,"height":800,"url":"https:\/\/kinamihealth.com\/wp-content\/uploads\/2025\/02\/INTRALINE-PDODIMENSION360-B2190C-21G90MM150MM-01.jpg","type":"image\/jpeg"}],"twitter_card":"summary_large_image","twitter_misc":{"\u041f\u0440\u043e\u0446\u0435\u045a\u0435\u043d\u043e \u0432\u0440\u0435\u043c\u0435 \u0447\u0438\u0442\u0430\u045a\u0430":"1 \u043c\u0438\u043d\u0443\u0442"},"schema":{"@context":"https:\/\/schema.org","@graph":[{"@type":"WebPage","@id":"https:\/\/kinamihealth.com\/sr\/\u043f\u0440\u043e\u0438\u0437\u0432\u043e\u0434\/intraline-pdo-threads-cog-dimension-360-b2190-c-21g-90mm-150mm\/","url":"https:\/\/kinamihealth.com\/sr\/\u043f\u0440\u043e\u0438\u0437\u0432\u043e\u0434\/intraline-pdo-threads-cog-dimension-360-b2190-c-21g-90mm-150mm\/","name":"Naru\u010dite INTRALINE\u00ae PDO THREADS Cog Dimension 360 B2190-C-21G | Kinami Health","isPartOf":{"@id":"https:\/\/kinamihealth.com\/#website"},"primaryImageOfPage":{"@id":"https:\/\/kinamihealth.com\/sr\/\u043f\u0440\u043e\u0438\u0437\u0432\u043e\u0434\/intraline-pdo-threads-cog-dimension-360-b2190-c-21g-90mm-150mm\/#primaryimage"},"image":{"@id":"https:\/\/kinamihealth.com\/sr\/\u043f\u0440\u043e\u0438\u0437\u0432\u043e\u0434\/intraline-pdo-threads-cog-dimension-360-b2190-c-21g-90mm-150mm\/#primaryimage"},"thumbnailUrl":"https:\/\/kinamihealth.com\/wp-content\/uploads\/2025\/02\/INTRALINE-PDODIMENSION360-B2190C-21G90MM150MM-01.jpg","datePublished":"2025-02-15T16:55:34+00:00","dateModified":"2026-04-03T11:51:52+00:00","description":"Naru\u010dite INTRALINE\u00ae PDO THREADS Cog Dimension 360 B2190-C-21G za lifting i konturisanje tkiva lica koriste\u0107i 360-stepene nazube sa jakom mo\u0107i fiksacije.","breadcrumb":{"@id":"https:\/\/kinamihealth.com\/sr\/\u043f\u0440\u043e\u0438\u0437\u0432\u043e\u0434\/intraline-pdo-threads-cog-dimension-360-b2190-c-21g-90mm-150mm\/#breadcrumb"},"inLanguage":"sr-RS","potentialAction":[{"@type":"ReadAction","target":["https:\/\/kinamihealth.com\/sr\/\u043f\u0440\u043e\u0438\u0437\u0432\u043e\u0434\/intraline-pdo-threads-cog-dimension-360-b2190-c-21g-90mm-150mm\/"]}]},{"@type":"ImageObject","inLanguage":"sr-RS","@id":"https:\/\/kinamihealth.com\/sr\/\u043f\u0440\u043e\u0438\u0437\u0432\u043e\u0434\/intraline-pdo-threads-cog-dimension-360-b2190-c-21g-90mm-150mm\/#primaryimage","url":"https:\/\/kinamihealth.com\/wp-content\/uploads\/2025\/02\/INTRALINE-PDODIMENSION360-B2190C-21G90MM150MM-01.jpg","contentUrl":"https:\/\/kinamihealth.com\/wp-content\/uploads\/2025\/02\/INTRALINE-PDODIMENSION360-B2190C-21G90MM150MM-01.jpg","width":800,"height":800},{"@type":"BreadcrumbList","@id":"https:\/\/kinamihealth.com\/sr\/\u043f\u0440\u043e\u0438\u0437\u0432\u043e\u0434\/intraline-pdo-threads-cog-dimension-360-b2190-c-21g-90mm-150mm\/#breadcrumb","itemListElement":[{"@type":"ListItem","position":1,"name":"Po\u010detna","item":"https:\/\/kinamihealth.com\/"},{"@type":"ListItem","position":2,"name":"Kupovina","item":"https:\/\/kinamihealth.com\/sr\/kupovina\/"},{"@type":"ListItem","position":3,"name":"INTRALINE\u00ae PDO THREADS B2190-C &#8211; COG DIMENSION 360 21G 90\/150MM (10 pack)"}]},{"@type":"WebSite","@id":"https:\/\/kinamihealth.com\/#website","url":"https:\/\/kinamihealth.com\/","name":"Kinami Health","description":"","publisher":{"@id":"https:\/\/kinamihealth.com\/#organization"},"potentialAction":[{"@type":"SearchAction","target":{"@type":"EntryPoint","urlTemplate":"https:\/\/kinamihealth.com\/?s={search_term_string}"},"query-input":{"@type":"PropertyValueSpecification","valueRequired":true,"valueName":"search_term_string"}}],"inLanguage":"sr-RS"},{"@type":"Organization","@id":"https:\/\/kinamihealth.com\/#organization","name":"Kinami Health","url":"https:\/\/kinamihealth.com\/","logo":{"@type":"ImageObject","inLanguage":"sr-RS","@id":"https:\/\/kinamihealth.com\/#\/schema\/logo\/image\/","url":"https:\/\/kinamihealth.com\/wp-content\/uploads\/2025\/01\/KH_logo_black_2-1.png","contentUrl":"https:\/\/kinamihealth.com\/wp-content\/uploads\/2025\/01\/KH_logo_black_2-1.png","width":339,"height":34,"caption":"Kinami Health"},"image":{"@id":"https:\/\/kinamihealth.com\/#\/schema\/logo\/image\/"}}]}},"_links":{"self":[{"href":"https:\/\/kinamihealth.com\/sr\/wp-json\/wp\/v2\/product\/124344","targetHints":{"allow":["GET"]}}],"collection":[{"href":"https:\/\/kinamihealth.com\/sr\/wp-json\/wp\/v2\/product"}],"about":[{"href":"https:\/\/kinamihealth.com\/sr\/wp-json\/wp\/v2\/types\/product"}],"replies":[{"embeddable":true,"href":"https:\/\/kinamihealth.com\/sr\/wp-json\/wp\/v2\/comments?post=124344"}],"version-history":[{"count":1,"href":"https:\/\/kinamihealth.com\/sr\/wp-json\/wp\/v2\/product\/124344\/revisions"}],"predecessor-version":[{"id":134613,"href":"https:\/\/kinamihealth.com\/sr\/wp-json\/wp\/v2\/product\/124344\/revisions\/134613"}],"wp:featuredmedia":[{"embeddable":true,"href":"https:\/\/kinamihealth.com\/sr\/wp-json\/wp\/v2\/media\/124345"}],"wp:attachment":[{"href":"https:\/\/kinamihealth.com\/sr\/wp-json\/wp\/v2\/media?parent=124344"}],"wp:term":[{"taxonomy":"product_brand","embeddable":true,"href":"https:\/\/kinamihealth.com\/sr\/wp-json\/wp\/v2\/product_brand?post=124344"},{"taxonomy":"product_cat","embeddable":true,"href":"https:\/\/kinamihealth.com\/sr\/wp-json\/wp\/v2\/product_cat?post=124344"},{"taxonomy":"product_tag","embeddable":true,"href":"https:\/\/kinamihealth.com\/sr\/wp-json\/wp\/v2\/product_tag?post=124344"}],"curies":[{"name":"wp","href":"https:\/\/api.w.org\/{rel}","templated":true}]}}