{"id":124289,"date":"2025-02-15T16:55:04","date_gmt":"2025-02-15T16:55:04","guid":{"rendered":"https:\/\/kinamihealth.com\/product\/filorga-pre-peel\/"},"modified":"2026-04-03T11:29:54","modified_gmt":"2026-04-03T11:29:54","slug":"fillmed-pre-peel","status":"publish","type":"product","link":"https:\/\/kinamihealth.com\/sr\/\u043f\u0440\u043e\u0438\u0437\u0432\u043e\u0434\/fillmed-pre-peel\/","title":{"rendered":"FILLMED\u00ae PRE PEEL"},"content":{"rendered":"<p><span data-sheets-root=\"1\">FILLMED <\/span>PRE PEEL je tretman za lice koji sadr\u017ei glukonolakton. Ovaj proizvod se koristi pre hemijskog pilinga kako bi se ko\u017ea pripremila. Ovaj pripremni tretman je pogodan za upotrebu na svim tipovima ko\u017ee.<\/p>\n","protected":false},"excerpt":{"rendered":"<p>FILLMED PRE PEEL je tretman za lice koji sadr\u017ei glukonolakton. Ovaj proizvod se koristi pre hemijskog pilinga kako bi se ko\u017ea pripremila. Ovaj pripremni tretman je pogodan za upotrebu na svim tipovima ko\u017ee.<\/p>\n","protected":false},"featured_media":134126,"comment_status":"closed","ping_status":"closed","template":"","meta":{"_acf_changed":false,"inline_featured_image":false},"product_brand":[4821],"product_cat":[4761],"product_tag":[4663],"class_list":{"0":"post-124289","1":"product","2":"type-product","3":"status-publish","4":"has-post-thumbnail","6":"product_brand-fillmed","7":"product_cat-peels-and-masks-sr","8":"product_tag-medical-devices-sr","10":"first","11":"instock","12":"taxable","13":"shipping-taxable","14":"purchasable","15":"product-type-simple","16":"add-to-wishlist-before_image"},"acf":[],"yoast_head":"<!-- This site is optimized with the Yoast SEO plugin v27.1.1 - https:\/\/yoast.com\/product\/yoast-seo-wordpress\/ -->\n<title>Naru\u010dite FILLMED\u00ae PRE PEEL online | Kupite online | Kinami Health<\/title>\n<meta name=\"description\" content=\"Naru\u010dite FILLMED\u00ae PRE PEEL za pripremu ko\u017ee za hemijsku eksfolijaciju balansiranjem pH i uklanjanjem povr\u0161inskih ne\u010disto\u0107a za optimalnu penetraciju pilinga.\" \/>\n<meta name=\"robots\" content=\"index, follow, max-snippet:-1, max-image-preview:large, max-video-preview:-1\" \/>\n<link rel=\"canonical\" href=\"https:\/\/kinamihealth.com\/sr\/wp-json\/wp\/v2\/product\/124289\" \/>\n<meta property=\"og:locale\" content=\"sr_RS\" \/>\n<meta property=\"og:type\" content=\"article\" \/>\n<meta property=\"og:title\" content=\"Naru\u010dite FILLMED\u00ae PRE PEEL online | Kupite online | Kinami Health\" \/>\n<meta property=\"og:description\" content=\"Naru\u010dite FILLMED\u00ae PRE PEEL za pripremu ko\u017ee za hemijsku eksfolijaciju balansiranjem pH i uklanjanjem povr\u0161inskih ne\u010disto\u0107a za optimalnu penetraciju pilinga.\" \/>\n<meta property=\"og:url\" content=\"https:\/\/kinamihealth.com\/sr\/\u043f\u0440\u043e\u0438\u0437\u0432\u043e\u0434\/fillmed-pre-peel\/\" \/>\n<meta property=\"og:site_name\" content=\"Kinami Health\" \/>\n<meta property=\"article:modified_time\" content=\"2026-04-03T11:29:54+00:00\" \/>\n<meta property=\"og:image\" content=\"https:\/\/kinamihealth.com\/wp-content\/uploads\/woocommerce-placeholder.png\" \/>\n\t<meta property=\"og:image:width\" content=\"1200\" \/>\n\t<meta property=\"og:image:height\" content=\"1200\" \/>\n\t<meta property=\"og:image:type\" content=\"image\/png\" \/>\n<meta name=\"twitter:card\" content=\"summary_large_image\" \/>\n<meta name=\"twitter:label1\" content=\"\u041f\u0440\u043e\u0446\u0435\u045a\u0435\u043d\u043e \u0432\u0440\u0435\u043c\u0435 \u0447\u0438\u0442\u0430\u045a\u0430\" \/>\n\t<meta name=\"twitter:data1\" content=\"1 \u043c\u0438\u043d\u0443\u0442\" \/>\n<!-- \/ Yoast SEO plugin. -->","yoast_head_json":{"title":"Naru\u010dite FILLMED\u00ae PRE PEEL online | Kupite online | Kinami Health","description":"Naru\u010dite FILLMED\u00ae PRE PEEL za pripremu ko\u017ee za hemijsku eksfolijaciju balansiranjem pH i uklanjanjem povr\u0161inskih ne\u010disto\u0107a za optimalnu penetraciju pilinga.","robots":{"index":"index","follow":"follow","max-snippet":"max-snippet:-1","max-image-preview":"max-image-preview:large","max-video-preview":"max-video-preview:-1"},"canonical":"https:\/\/kinamihealth.com\/sr\/wp-json\/wp\/v2\/product\/124289","og_locale":"sr_RS","og_type":"article","og_title":"Naru\u010dite FILLMED\u00ae PRE PEEL online | Kupite online | Kinami Health","og_description":"Naru\u010dite FILLMED\u00ae PRE PEEL za pripremu ko\u017ee za hemijsku eksfolijaciju balansiranjem pH i uklanjanjem povr\u0161inskih ne\u010disto\u0107a za optimalnu penetraciju pilinga.","og_url":"https:\/\/kinamihealth.com\/sr\/\u043f\u0440\u043e\u0438\u0437\u0432\u043e\u0434\/fillmed-pre-peel\/","og_site_name":"Kinami Health","article_modified_time":"2026-04-03T11:29:54+00:00","og_image":[{"width":1200,"height":1200,"url":"https:\/\/kinamihealth.com\/wp-content\/uploads\/woocommerce-placeholder.png","type":"image\/png"}],"twitter_card":"summary_large_image","twitter_misc":{"\u041f\u0440\u043e\u0446\u0435\u045a\u0435\u043d\u043e \u0432\u0440\u0435\u043c\u0435 \u0447\u0438\u0442\u0430\u045a\u0430":"1 \u043c\u0438\u043d\u0443\u0442"},"schema":{"@context":"https:\/\/schema.org","@graph":[{"@type":"WebPage","@id":"https:\/\/kinamihealth.com\/sr\/\u043f\u0440\u043e\u0438\u0437\u0432\u043e\u0434\/fillmed-pre-peel\/","url":"https:\/\/kinamihealth.com\/sr\/\u043f\u0440\u043e\u0438\u0437\u0432\u043e\u0434\/fillmed-pre-peel\/","name":"Naru\u010dite FILLMED\u00ae PRE PEEL online | Kupite online | Kinami Health","isPartOf":{"@id":"https:\/\/kinamihealth.com\/#website"},"primaryImageOfPage":{"@id":"https:\/\/kinamihealth.com\/sr\/\u043f\u0440\u043e\u0438\u0437\u0432\u043e\u0434\/fillmed-pre-peel\/#primaryimage"},"image":{"@id":"https:\/\/kinamihealth.com\/sr\/\u043f\u0440\u043e\u0438\u0437\u0432\u043e\u0434\/fillmed-pre-peel\/#primaryimage"},"thumbnailUrl":"https:\/\/kinamihealth.com\/wp-content\/uploads\/woocommerce-placeholder.png","datePublished":"2025-02-15T16:55:04+00:00","dateModified":"2026-04-03T11:29:54+00:00","description":"Naru\u010dite FILLMED\u00ae PRE PEEL za pripremu ko\u017ee za hemijsku eksfolijaciju balansiranjem pH i uklanjanjem povr\u0161inskih ne\u010disto\u0107a za optimalnu penetraciju pilinga.","breadcrumb":{"@id":"https:\/\/kinamihealth.com\/sr\/\u043f\u0440\u043e\u0438\u0437\u0432\u043e\u0434\/fillmed-pre-peel\/#breadcrumb"},"inLanguage":"sr-RS","potentialAction":[{"@type":"ReadAction","target":["https:\/\/kinamihealth.com\/sr\/\u043f\u0440\u043e\u0438\u0437\u0432\u043e\u0434\/fillmed-pre-peel\/"]}]},{"@type":"ImageObject","inLanguage":"sr-RS","@id":"https:\/\/kinamihealth.com\/sr\/\u043f\u0440\u043e\u0438\u0437\u0432\u043e\u0434\/fillmed-pre-peel\/#primaryimage","url":"https:\/\/kinamihealth.com\/wp-content\/uploads\/woocommerce-placeholder.png","contentUrl":"https:\/\/kinamihealth.com\/wp-content\/uploads\/woocommerce-placeholder.png","width":1200,"height":1200},{"@type":"BreadcrumbList","@id":"https:\/\/kinamihealth.com\/sr\/\u043f\u0440\u043e\u0438\u0437\u0432\u043e\u0434\/fillmed-pre-peel\/#breadcrumb","itemListElement":[{"@type":"ListItem","position":1,"name":"Po\u010detna","item":"https:\/\/kinamihealth.com\/"},{"@type":"ListItem","position":2,"name":"Kupovina","item":"https:\/\/kinamihealth.com\/sr\/kupovina\/"},{"@type":"ListItem","position":3,"name":"FILLMED\u00ae PRE PEEL"}]},{"@type":"WebSite","@id":"https:\/\/kinamihealth.com\/#website","url":"https:\/\/kinamihealth.com\/","name":"Kinami Health","description":"","publisher":{"@id":"https:\/\/kinamihealth.com\/#organization"},"potentialAction":[{"@type":"SearchAction","target":{"@type":"EntryPoint","urlTemplate":"https:\/\/kinamihealth.com\/?s={search_term_string}"},"query-input":{"@type":"PropertyValueSpecification","valueRequired":true,"valueName":"search_term_string"}}],"inLanguage":"sr-RS"},{"@type":"Organization","@id":"https:\/\/kinamihealth.com\/#organization","name":"Kinami Health","url":"https:\/\/kinamihealth.com\/","logo":{"@type":"ImageObject","inLanguage":"sr-RS","@id":"https:\/\/kinamihealth.com\/#\/schema\/logo\/image\/","url":"https:\/\/kinamihealth.com\/wp-content\/uploads\/2025\/01\/KH_logo_black_2-1.png","contentUrl":"https:\/\/kinamihealth.com\/wp-content\/uploads\/2025\/01\/KH_logo_black_2-1.png","width":339,"height":34,"caption":"Kinami Health"},"image":{"@id":"https:\/\/kinamihealth.com\/#\/schema\/logo\/image\/"}}]}},"_links":{"self":[{"href":"https:\/\/kinamihealth.com\/sr\/wp-json\/wp\/v2\/product\/124289","targetHints":{"allow":["GET"]}}],"collection":[{"href":"https:\/\/kinamihealth.com\/sr\/wp-json\/wp\/v2\/product"}],"about":[{"href":"https:\/\/kinamihealth.com\/sr\/wp-json\/wp\/v2\/types\/product"}],"replies":[{"embeddable":true,"href":"https:\/\/kinamihealth.com\/sr\/wp-json\/wp\/v2\/comments?post=124289"}],"version-history":[{"count":3,"href":"https:\/\/kinamihealth.com\/sr\/wp-json\/wp\/v2\/product\/124289\/revisions"}],"predecessor-version":[{"id":134592,"href":"https:\/\/kinamihealth.com\/sr\/wp-json\/wp\/v2\/product\/124289\/revisions\/134592"}],"wp:featuredmedia":[{"embeddable":true,"href":"https:\/\/kinamihealth.com\/sr\/wp-json\/wp\/v2\/media\/134126"}],"wp:attachment":[{"href":"https:\/\/kinamihealth.com\/sr\/wp-json\/wp\/v2\/media?parent=124289"}],"wp:term":[{"taxonomy":"product_brand","embeddable":true,"href":"https:\/\/kinamihealth.com\/sr\/wp-json\/wp\/v2\/product_brand?post=124289"},{"taxonomy":"product_cat","embeddable":true,"href":"https:\/\/kinamihealth.com\/sr\/wp-json\/wp\/v2\/product_cat?post=124289"},{"taxonomy":"product_tag","embeddable":true,"href":"https:\/\/kinamihealth.com\/sr\/wp-json\/wp\/v2\/product_tag?post=124289"}],"curies":[{"name":"wp","href":"https:\/\/api.w.org\/{rel}","templated":true}]}}