{"id":124263,"date":"2025-02-15T16:54:51","date_gmt":"2025-02-15T16:54:51","guid":{"rendered":"https:\/\/kinamihealth.com\/product\/fillmed-art-filler-lips-soft-sa-lidokainom\/"},"modified":"2025-11-29T22:11:17","modified_gmt":"2025-11-29T22:11:17","slug":"fillmed-art-filler-lips-soft-sa-lidokainom","status":"publish","type":"product","link":"https:\/\/kinamihealth.com\/sr\/\u043f\u0440\u043e\u0438\u0437\u0432\u043e\u0434\/fillmed-art-filler-lips-soft-sa-lidokainom\/","title":{"rendered":"FILLMED\u00ae ART FILLER LIPS SOFT sa lidokainom"},"content":{"rendered":"<p>FILLMED ART FILLER LIPS SOFT je filer koji koristi hijaluronsku kiselinu. Posebno je dizajniran za uve\u0107anje i oblikovanje usana, a tako\u0111e i za smanjenje srednjih i plitkih bora. Proizvod uklju\u010duje naprednu TRY-HYAL tehnologiju, koja kombinuje tri razli\u010dita tipa hijaluronske kiseline. Me\u0161anjem i slobodne i umre\u017eene hijaluronske kiseline razli\u010ditih du\u017eina lanaca, posti\u017ee fleksibilnu strukturu.<\/p>\n","protected":false},"excerpt":{"rendered":"<p>FILLMED ART FILLER LIPS SOFT je filer koji koristi hijaluronsku kiselinu. Posebno je dizajniran za uve\u0107anje i oblikovanje usana, a tako\u0111e i za smanjenje srednjih i plitkih bora. Proizvod uklju\u010duje naprednu TRY-HYAL tehnologiju, koja kombinuje tri razli\u010dita tipa hijaluronske kiseline. Me\u0161anjem i slobodne i umre\u017eene hijaluronske kiseline razli\u010ditih du\u017eina lanaca, posti\u017ee fleksibilnu strukturu.<\/p>\n","protected":false},"featured_media":124267,"comment_status":"closed","ping_status":"closed","template":"","meta":{"_acf_changed":false,"inline_featured_image":false},"product_brand":[4821],"product_cat":[4661,4662],"product_tag":[4663],"class_list":{"0":"post-124263","1":"product","2":"type-product","3":"status-publish","4":"has-post-thumbnail","6":"product_brand-fillmed","7":"product_cat-dermal-fillers-sr","8":"product_cat-ha-dermal-fillers-sr","9":"product_tag-medical-devices-sr","11":"first","12":"instock","13":"taxable","14":"shipping-taxable","15":"purchasable","16":"product-type-simple","17":"add-to-wishlist-before_image"},"acf":[],"yoast_head":"<!-- This site is optimized with the Yoast SEO plugin v27.1.1 - https:\/\/yoast.com\/product\/yoast-seo-wordpress\/ -->\n<title>Naru\u010dite FILLMED\u00ae ART FILLER LIPS SOFT Online | Kinami Health<\/title>\n<meta name=\"description\" content=\"Naru\u010dite FILLMED\u00ae ART FILLER LIPS SOFT za rafiniranje teksture i definicije usana sa ne\u017enom hidratacijom i lidokainom za glatku, ugodnu aplikaciju.\" \/>\n<meta name=\"robots\" content=\"index, follow, max-snippet:-1, max-image-preview:large, max-video-preview:-1\" \/>\n<link rel=\"canonical\" href=\"https:\/\/kinamihealth.com\/sr\/wp-json\/wp\/v2\/product\/124263\" \/>\n<meta property=\"og:locale\" content=\"sr_RS\" \/>\n<meta property=\"og:type\" content=\"article\" \/>\n<meta property=\"og:title\" content=\"Naru\u010dite FILLMED\u00ae ART FILLER LIPS SOFT Online | Kinami Health\" \/>\n<meta property=\"og:description\" content=\"Naru\u010dite FILLMED\u00ae ART FILLER LIPS SOFT za rafiniranje teksture i definicije usana sa ne\u017enom hidratacijom i lidokainom za glatku, ugodnu aplikaciju.\" \/>\n<meta property=\"og:url\" content=\"https:\/\/kinamihealth.com\/sr\/\u043f\u0440\u043e\u0438\u0437\u0432\u043e\u0434\/fillmed-art-filler-lips-soft-sa-lidokainom\/\" \/>\n<meta property=\"og:site_name\" content=\"Kinami Health\" \/>\n<meta property=\"article:modified_time\" content=\"2025-11-29T22:11:17+00:00\" \/>\n<meta property=\"og:image\" content=\"https:\/\/kinamihealth.com\/wp-content\/uploads\/2025\/02\/FILLMED-ARTFILLER-LIPSSOFT-01.jpg\" \/>\n\t<meta property=\"og:image:width\" content=\"800\" \/>\n\t<meta property=\"og:image:height\" content=\"800\" \/>\n\t<meta property=\"og:image:type\" content=\"image\/jpeg\" \/>\n<meta name=\"twitter:card\" content=\"summary_large_image\" \/>\n<meta name=\"twitter:label1\" content=\"\u041f\u0440\u043e\u0446\u0435\u045a\u0435\u043d\u043e \u0432\u0440\u0435\u043c\u0435 \u0447\u0438\u0442\u0430\u045a\u0430\" \/>\n\t<meta name=\"twitter:data1\" content=\"1 \u043c\u0438\u043d\u0443\u0442\" \/>\n<!-- \/ Yoast SEO plugin. -->","yoast_head_json":{"title":"Naru\u010dite FILLMED\u00ae ART FILLER LIPS SOFT Online | Kinami Health","description":"Naru\u010dite FILLMED\u00ae ART FILLER LIPS SOFT za rafiniranje teksture i definicije usana sa ne\u017enom hidratacijom i lidokainom za glatku, ugodnu aplikaciju.","robots":{"index":"index","follow":"follow","max-snippet":"max-snippet:-1","max-image-preview":"max-image-preview:large","max-video-preview":"max-video-preview:-1"},"canonical":"https:\/\/kinamihealth.com\/sr\/wp-json\/wp\/v2\/product\/124263","og_locale":"sr_RS","og_type":"article","og_title":"Naru\u010dite FILLMED\u00ae ART FILLER LIPS SOFT Online | Kinami Health","og_description":"Naru\u010dite FILLMED\u00ae ART FILLER LIPS SOFT za rafiniranje teksture i definicije usana sa ne\u017enom hidratacijom i lidokainom za glatku, ugodnu aplikaciju.","og_url":"https:\/\/kinamihealth.com\/sr\/\u043f\u0440\u043e\u0438\u0437\u0432\u043e\u0434\/fillmed-art-filler-lips-soft-sa-lidokainom\/","og_site_name":"Kinami Health","article_modified_time":"2025-11-29T22:11:17+00:00","og_image":[{"width":800,"height":800,"url":"https:\/\/kinamihealth.com\/wp-content\/uploads\/2025\/02\/FILLMED-ARTFILLER-LIPSSOFT-01.jpg","type":"image\/jpeg"}],"twitter_card":"summary_large_image","twitter_misc":{"\u041f\u0440\u043e\u0446\u0435\u045a\u0435\u043d\u043e \u0432\u0440\u0435\u043c\u0435 \u0447\u0438\u0442\u0430\u045a\u0430":"1 \u043c\u0438\u043d\u0443\u0442"},"schema":{"@context":"https:\/\/schema.org","@graph":[{"@type":"WebPage","@id":"https:\/\/kinamihealth.com\/sr\/\u043f\u0440\u043e\u0438\u0437\u0432\u043e\u0434\/fillmed-art-filler-lips-soft-sa-lidokainom\/","url":"https:\/\/kinamihealth.com\/sr\/\u043f\u0440\u043e\u0438\u0437\u0432\u043e\u0434\/fillmed-art-filler-lips-soft-sa-lidokainom\/","name":"Naru\u010dite FILLMED\u00ae ART FILLER LIPS SOFT Online | Kinami Health","isPartOf":{"@id":"https:\/\/kinamihealth.com\/#website"},"primaryImageOfPage":{"@id":"https:\/\/kinamihealth.com\/sr\/\u043f\u0440\u043e\u0438\u0437\u0432\u043e\u0434\/fillmed-art-filler-lips-soft-sa-lidokainom\/#primaryimage"},"image":{"@id":"https:\/\/kinamihealth.com\/sr\/\u043f\u0440\u043e\u0438\u0437\u0432\u043e\u0434\/fillmed-art-filler-lips-soft-sa-lidokainom\/#primaryimage"},"thumbnailUrl":"https:\/\/kinamihealth.com\/wp-content\/uploads\/2025\/02\/FILLMED-ARTFILLER-LIPSSOFT-01.jpg","datePublished":"2025-02-15T16:54:51+00:00","dateModified":"2025-11-29T22:11:17+00:00","description":"Naru\u010dite FILLMED\u00ae ART FILLER LIPS SOFT za rafiniranje teksture i definicije usana sa ne\u017enom hidratacijom i lidokainom za glatku, ugodnu aplikaciju.","breadcrumb":{"@id":"https:\/\/kinamihealth.com\/sr\/\u043f\u0440\u043e\u0438\u0437\u0432\u043e\u0434\/fillmed-art-filler-lips-soft-sa-lidokainom\/#breadcrumb"},"inLanguage":"sr-RS","potentialAction":[{"@type":"ReadAction","target":["https:\/\/kinamihealth.com\/sr\/\u043f\u0440\u043e\u0438\u0437\u0432\u043e\u0434\/fillmed-art-filler-lips-soft-sa-lidokainom\/"]}]},{"@type":"ImageObject","inLanguage":"sr-RS","@id":"https:\/\/kinamihealth.com\/sr\/\u043f\u0440\u043e\u0438\u0437\u0432\u043e\u0434\/fillmed-art-filler-lips-soft-sa-lidokainom\/#primaryimage","url":"https:\/\/kinamihealth.com\/wp-content\/uploads\/2025\/02\/FILLMED-ARTFILLER-LIPSSOFT-01.jpg","contentUrl":"https:\/\/kinamihealth.com\/wp-content\/uploads\/2025\/02\/FILLMED-ARTFILLER-LIPSSOFT-01.jpg","width":800,"height":800},{"@type":"BreadcrumbList","@id":"https:\/\/kinamihealth.com\/sr\/\u043f\u0440\u043e\u0438\u0437\u0432\u043e\u0434\/fillmed-art-filler-lips-soft-sa-lidokainom\/#breadcrumb","itemListElement":[{"@type":"ListItem","position":1,"name":"Po\u010detna","item":"https:\/\/kinamihealth.com\/"},{"@type":"ListItem","position":2,"name":"Kupovina","item":"https:\/\/kinamihealth.com\/sr\/kupovina\/"},{"@type":"ListItem","position":3,"name":"FILLMED\u00ae ART FILLER LIPS SOFT sa lidokainom"}]},{"@type":"WebSite","@id":"https:\/\/kinamihealth.com\/#website","url":"https:\/\/kinamihealth.com\/","name":"Kinami Health","description":"","publisher":{"@id":"https:\/\/kinamihealth.com\/#organization"},"potentialAction":[{"@type":"SearchAction","target":{"@type":"EntryPoint","urlTemplate":"https:\/\/kinamihealth.com\/?s={search_term_string}"},"query-input":{"@type":"PropertyValueSpecification","valueRequired":true,"valueName":"search_term_string"}}],"inLanguage":"sr-RS"},{"@type":"Organization","@id":"https:\/\/kinamihealth.com\/#organization","name":"Kinami Health","url":"https:\/\/kinamihealth.com\/","logo":{"@type":"ImageObject","inLanguage":"sr-RS","@id":"https:\/\/kinamihealth.com\/#\/schema\/logo\/image\/","url":"https:\/\/kinamihealth.com\/wp-content\/uploads\/2025\/01\/KH_logo_black_2-1.png","contentUrl":"https:\/\/kinamihealth.com\/wp-content\/uploads\/2025\/01\/KH_logo_black_2-1.png","width":339,"height":34,"caption":"Kinami Health"},"image":{"@id":"https:\/\/kinamihealth.com\/#\/schema\/logo\/image\/"}}]}},"_links":{"self":[{"href":"https:\/\/kinamihealth.com\/sr\/wp-json\/wp\/v2\/product\/124263","targetHints":{"allow":["GET"]}}],"collection":[{"href":"https:\/\/kinamihealth.com\/sr\/wp-json\/wp\/v2\/product"}],"about":[{"href":"https:\/\/kinamihealth.com\/sr\/wp-json\/wp\/v2\/types\/product"}],"replies":[{"embeddable":true,"href":"https:\/\/kinamihealth.com\/sr\/wp-json\/wp\/v2\/comments?post=124263"}],"version-history":[{"count":0,"href":"https:\/\/kinamihealth.com\/sr\/wp-json\/wp\/v2\/product\/124263\/revisions"}],"wp:featuredmedia":[{"embeddable":true,"href":"https:\/\/kinamihealth.com\/sr\/wp-json\/wp\/v2\/media\/124267"}],"wp:attachment":[{"href":"https:\/\/kinamihealth.com\/sr\/wp-json\/wp\/v2\/media?parent=124263"}],"wp:term":[{"taxonomy":"product_brand","embeddable":true,"href":"https:\/\/kinamihealth.com\/sr\/wp-json\/wp\/v2\/product_brand?post=124263"},{"taxonomy":"product_cat","embeddable":true,"href":"https:\/\/kinamihealth.com\/sr\/wp-json\/wp\/v2\/product_cat?post=124263"},{"taxonomy":"product_tag","embeddable":true,"href":"https:\/\/kinamihealth.com\/sr\/wp-json\/wp\/v2\/product_tag?post=124263"}],"curies":[{"name":"wp","href":"https:\/\/api.w.org\/{rel}","templated":true}]}}