{"id":124238,"date":"2025-02-15T16:54:54","date_gmt":"2025-02-15T16:54:54","guid":{"rendered":"https:\/\/kinamihealth.com\/product\/fillmed-m-ha-10\/"},"modified":"2025-11-29T22:02:28","modified_gmt":"2025-11-29T22:02:28","slug":"fillmed-m-ha-10","status":"publish","type":"product","link":"https:\/\/kinamihealth.com\/sr\/\u043f\u0440\u043e\u0438\u0437\u0432\u043e\u0434\/fillmed-m-ha-10\/","title":{"rendered":"FILLMED\u00ae M-HA\u00ae 10"},"content":{"rendered":"<p>Fillmed M-HA 10 tretira izra\u017eene znake dehidratacije na ko\u017ei brzo i precizno, tako\u0111e smanjuje fine linije na celom licu. Daje tenu lica, vrata, dekoltea i ruku lepu i dugotrajnu svetlost. Neposredna i dugotrajna hidratacija. Proizvod, koji je zasnovan na slobodnoj i neumre\u017eenoj hijaluronskoj kiselini, nije dobijen od \u017eivotinja i ima prirodno i revitaliziraju\u0107e dejstvo na ko\u017eu zahvaljuju\u0107i aktivnoj supstanci koja se nalazi u ljudskom telu. Tako, nakon samo prose\u010dno 3 tretmana, povr\u0161ina ko\u017ee dobija mladoliki izgled, koji se mo\u017ee odr\u017eavati jo\u0161 du\u017ee sa naknadnim tretmanima.<\/p>\n","protected":false},"excerpt":{"rendered":"<p>Fillmed M-HA 10 tretira izra\u017eene znake dehidratacije na ko\u017ei brzo i precizno, tako\u0111e smanjuje fine linije na celom licu. Daje tenu lica, vrata, dekoltea i ruku lepu i dugotrajnu svetlost. Neposredna i dugotrajna hidratacija. Proizvod, koji je zasnovan na slobodnoj i neumre\u017eenoj hijaluronskoj kiselini, nije dobijen od \u017eivotinja i ima prirodno i revitaliziraju\u0107e dejstvo na [&hellip;]<\/p>\n","protected":false},"featured_media":124239,"comment_status":"closed","ping_status":"closed","template":"","meta":{"_acf_changed":false,"inline_featured_image":false},"product_brand":[4821],"product_cat":[4661],"product_tag":[4663],"class_list":{"0":"post-124238","1":"product","2":"type-product","3":"status-publish","4":"has-post-thumbnail","6":"product_brand-fillmed","7":"product_cat-dermal-fillers-sr","8":"product_tag-medical-devices-sr","10":"first","11":"instock","12":"taxable","13":"shipping-taxable","14":"purchasable","15":"product-type-simple","16":"add-to-wishlist-before_image"},"acf":[],"yoast_head":"<!-- This site is optimized with the Yoast SEO plugin v27.3 - https:\/\/yoast.com\/product\/yoast-seo-wordpress\/ -->\n<title>Naru\u010dite FILLMED\u00ae M-HA 10 online | Kupite online | Kinami Health<\/title>\n<meta name=\"description\" content=\"Naru\u010dite FILLMED\u00ae M-HA 10 i obezbedite preciznu hidrataciju i pobolj\u0161an ton ko\u017ee sa rastvorom neukr\u0161tene hijaluronske kiseline za povr\u0161insku injekciju.\" \/>\n<meta name=\"robots\" content=\"index, follow, max-snippet:-1, max-image-preview:large, max-video-preview:-1\" \/>\n<link rel=\"canonical\" href=\"https:\/\/kinamihealth.com\/sr\/wp-json\/wp\/v2\/product\/124238\" \/>\n<meta property=\"og:locale\" content=\"sr_RS\" \/>\n<meta property=\"og:type\" content=\"article\" \/>\n<meta property=\"og:title\" content=\"Naru\u010dite FILLMED\u00ae M-HA 10 online | Kupite online | Kinami Health\" \/>\n<meta property=\"og:description\" content=\"Naru\u010dite FILLMED\u00ae M-HA 10 i obezbedite preciznu hidrataciju i pobolj\u0161an ton ko\u017ee sa rastvorom neukr\u0161tene hijaluronske kiseline za povr\u0161insku injekciju.\" \/>\n<meta property=\"og:url\" content=\"https:\/\/kinamihealth.com\/sr\/\u043f\u0440\u043e\u0438\u0437\u0432\u043e\u0434\/fillmed-m-ha-10\/\" \/>\n<meta property=\"og:site_name\" content=\"Kinami Health\" \/>\n<meta property=\"article:modified_time\" content=\"2025-11-29T22:02:28+00:00\" \/>\n<meta property=\"og:image\" content=\"https:\/\/kinamihealth.com\/wp-content\/uploads\/2025\/02\/FILLMED-MHA10-04.jpg\" \/>\n\t<meta property=\"og:image:width\" content=\"800\" \/>\n\t<meta property=\"og:image:height\" content=\"800\" \/>\n\t<meta property=\"og:image:type\" content=\"image\/jpeg\" \/>\n<meta name=\"twitter:card\" content=\"summary_large_image\" \/>\n<meta name=\"twitter:label1\" content=\"\u041f\u0440\u043e\u0446\u0435\u045a\u0435\u043d\u043e \u0432\u0440\u0435\u043c\u0435 \u0447\u0438\u0442\u0430\u045a\u0430\" \/>\n\t<meta name=\"twitter:data1\" content=\"1 \u043c\u0438\u043d\u0443\u0442\" \/>\n<!-- \/ Yoast SEO plugin. -->","yoast_head_json":{"title":"Naru\u010dite FILLMED\u00ae M-HA 10 online | Kupite online | Kinami Health","description":"Naru\u010dite FILLMED\u00ae M-HA 10 i obezbedite preciznu hidrataciju i pobolj\u0161an ton ko\u017ee sa rastvorom neukr\u0161tene hijaluronske kiseline za povr\u0161insku injekciju.","robots":{"index":"index","follow":"follow","max-snippet":"max-snippet:-1","max-image-preview":"max-image-preview:large","max-video-preview":"max-video-preview:-1"},"canonical":"https:\/\/kinamihealth.com\/sr\/wp-json\/wp\/v2\/product\/124238","og_locale":"sr_RS","og_type":"article","og_title":"Naru\u010dite FILLMED\u00ae M-HA 10 online | Kupite online | Kinami Health","og_description":"Naru\u010dite FILLMED\u00ae M-HA 10 i obezbedite preciznu hidrataciju i pobolj\u0161an ton ko\u017ee sa rastvorom neukr\u0161tene hijaluronske kiseline za povr\u0161insku injekciju.","og_url":"https:\/\/kinamihealth.com\/sr\/\u043f\u0440\u043e\u0438\u0437\u0432\u043e\u0434\/fillmed-m-ha-10\/","og_site_name":"Kinami Health","article_modified_time":"2025-11-29T22:02:28+00:00","og_image":[{"width":800,"height":800,"url":"https:\/\/kinamihealth.com\/wp-content\/uploads\/2025\/02\/FILLMED-MHA10-04.jpg","type":"image\/jpeg"}],"twitter_card":"summary_large_image","twitter_misc":{"\u041f\u0440\u043e\u0446\u0435\u045a\u0435\u043d\u043e \u0432\u0440\u0435\u043c\u0435 \u0447\u0438\u0442\u0430\u045a\u0430":"1 \u043c\u0438\u043d\u0443\u0442"},"schema":{"@context":"https:\/\/schema.org","@graph":[{"@type":"WebPage","@id":"https:\/\/kinamihealth.com\/sr\/\u043f\u0440\u043e\u0438\u0437\u0432\u043e\u0434\/fillmed-m-ha-10\/","url":"https:\/\/kinamihealth.com\/sr\/\u043f\u0440\u043e\u0438\u0437\u0432\u043e\u0434\/fillmed-m-ha-10\/","name":"Naru\u010dite FILLMED\u00ae M-HA 10 online | Kupite online | Kinami Health","isPartOf":{"@id":"https:\/\/kinamihealth.com\/#website"},"primaryImageOfPage":{"@id":"https:\/\/kinamihealth.com\/sr\/\u043f\u0440\u043e\u0438\u0437\u0432\u043e\u0434\/fillmed-m-ha-10\/#primaryimage"},"image":{"@id":"https:\/\/kinamihealth.com\/sr\/\u043f\u0440\u043e\u0438\u0437\u0432\u043e\u0434\/fillmed-m-ha-10\/#primaryimage"},"thumbnailUrl":"https:\/\/kinamihealth.com\/wp-content\/uploads\/2025\/02\/FILLMED-MHA10-04.jpg","datePublished":"2025-02-15T16:54:54+00:00","dateModified":"2025-11-29T22:02:28+00:00","description":"Naru\u010dite FILLMED\u00ae M-HA 10 i obezbedite preciznu hidrataciju i pobolj\u0161an ton ko\u017ee sa rastvorom neukr\u0161tene hijaluronske kiseline za povr\u0161insku injekciju.","breadcrumb":{"@id":"https:\/\/kinamihealth.com\/sr\/\u043f\u0440\u043e\u0438\u0437\u0432\u043e\u0434\/fillmed-m-ha-10\/#breadcrumb"},"inLanguage":"sr-RS","potentialAction":[{"@type":"ReadAction","target":["https:\/\/kinamihealth.com\/sr\/\u043f\u0440\u043e\u0438\u0437\u0432\u043e\u0434\/fillmed-m-ha-10\/"]}]},{"@type":"ImageObject","inLanguage":"sr-RS","@id":"https:\/\/kinamihealth.com\/sr\/\u043f\u0440\u043e\u0438\u0437\u0432\u043e\u0434\/fillmed-m-ha-10\/#primaryimage","url":"https:\/\/kinamihealth.com\/wp-content\/uploads\/2025\/02\/FILLMED-MHA10-04.jpg","contentUrl":"https:\/\/kinamihealth.com\/wp-content\/uploads\/2025\/02\/FILLMED-MHA10-04.jpg","width":800,"height":800},{"@type":"BreadcrumbList","@id":"https:\/\/kinamihealth.com\/sr\/\u043f\u0440\u043e\u0438\u0437\u0432\u043e\u0434\/fillmed-m-ha-10\/#breadcrumb","itemListElement":[{"@type":"ListItem","position":1,"name":"Po\u010detna","item":"https:\/\/kinamihealth.com\/"},{"@type":"ListItem","position":2,"name":"Kupovina","item":"https:\/\/kinamihealth.com\/sr\/kupovina\/"},{"@type":"ListItem","position":3,"name":"FILLMED\u00ae M-HA\u00ae 10"}]},{"@type":"WebSite","@id":"https:\/\/kinamihealth.com\/#website","url":"https:\/\/kinamihealth.com\/","name":"Kinami Health","description":"","publisher":{"@id":"https:\/\/kinamihealth.com\/#organization"},"potentialAction":[{"@type":"SearchAction","target":{"@type":"EntryPoint","urlTemplate":"https:\/\/kinamihealth.com\/?s={search_term_string}"},"query-input":{"@type":"PropertyValueSpecification","valueRequired":true,"valueName":"search_term_string"}}],"inLanguage":"sr-RS"},{"@type":"Organization","@id":"https:\/\/kinamihealth.com\/#organization","name":"Kinami Health","url":"https:\/\/kinamihealth.com\/","logo":{"@type":"ImageObject","inLanguage":"sr-RS","@id":"https:\/\/kinamihealth.com\/#\/schema\/logo\/image\/","url":"https:\/\/kinamihealth.com\/wp-content\/uploads\/2025\/01\/KH_logo_black_2-1.png","contentUrl":"https:\/\/kinamihealth.com\/wp-content\/uploads\/2025\/01\/KH_logo_black_2-1.png","width":339,"height":34,"caption":"Kinami Health"},"image":{"@id":"https:\/\/kinamihealth.com\/#\/schema\/logo\/image\/"}}]}},"_links":{"self":[{"href":"https:\/\/kinamihealth.com\/sr\/wp-json\/wp\/v2\/product\/124238","targetHints":{"allow":["GET"]}}],"collection":[{"href":"https:\/\/kinamihealth.com\/sr\/wp-json\/wp\/v2\/product"}],"about":[{"href":"https:\/\/kinamihealth.com\/sr\/wp-json\/wp\/v2\/types\/product"}],"replies":[{"embeddable":true,"href":"https:\/\/kinamihealth.com\/sr\/wp-json\/wp\/v2\/comments?post=124238"}],"version-history":[{"count":0,"href":"https:\/\/kinamihealth.com\/sr\/wp-json\/wp\/v2\/product\/124238\/revisions"}],"wp:featuredmedia":[{"embeddable":true,"href":"https:\/\/kinamihealth.com\/sr\/wp-json\/wp\/v2\/media\/124239"}],"wp:attachment":[{"href":"https:\/\/kinamihealth.com\/sr\/wp-json\/wp\/v2\/media?parent=124238"}],"wp:term":[{"taxonomy":"product_brand","embeddable":true,"href":"https:\/\/kinamihealth.com\/sr\/wp-json\/wp\/v2\/product_brand?post=124238"},{"taxonomy":"product_cat","embeddable":true,"href":"https:\/\/kinamihealth.com\/sr\/wp-json\/wp\/v2\/product_cat?post=124238"},{"taxonomy":"product_tag","embeddable":true,"href":"https:\/\/kinamihealth.com\/sr\/wp-json\/wp\/v2\/product_tag?post=124238"}],"curies":[{"name":"wp","href":"https:\/\/api.w.org\/{rel}","templated":true}]}}