{"id":124175,"date":"2025-03-11T18:14:39","date_gmt":"2025-03-11T18:14:39","guid":{"rendered":"https:\/\/kinamihealth.com\/product\/desirial-1x1ml\/"},"modified":"2025-11-29T20:42:40","modified_gmt":"2025-11-29T20:42:40","slug":"desirial-1x1ml","status":"publish","type":"product","link":"https:\/\/kinamihealth.com\/sr\/\u043f\u0440\u043e\u0438\u0437\u0432\u043e\u0434\/desirial-1x1ml\/","title":{"rendered":"DESIRIAL\u00ae 1x1ml"},"content":{"rendered":"<p>DESIRIAL\u00ae 1x1ml je injekcioni gel na bazi hijaluronske kiseline dizajniran za hidrataciju i pomla\u0111ivanje intimnog predela. Poma\u017ee u pobolj\u0161anju elasti\u010dnosti tkiva, obnavljanju vlage i pove\u0107anju udobnosti, \u010dine\u0107i ga idealnim za \u017eene koje do\u017eivljavaju vaginalnu suvo\u0107u ili atrofiju zbog starenja ili hormonskih promena.<\/p>\n","protected":false},"excerpt":{"rendered":"<p>DESIRIAL\u00ae 1x1ml je injekcioni gel na bazi hijaluronske kiseline dizajniran za hidrataciju i pomla\u0111ivanje intimnog predela. Poma\u017ee u pobolj\u0161anju elasti\u010dnosti tkiva, obnavljanju vlage i pove\u0107anju udobnosti, \u010dine\u0107i ga idealnim za \u017eene koje do\u017eivljavaju vaginalnu suvo\u0107u ili atrofiju zbog starenja ili hormonskih promena.<\/p>\n","protected":false},"featured_media":124176,"comment_status":"closed","ping_status":"closed","template":"","meta":{"_acf_changed":false,"inline_featured_image":false},"product_brand":[4783],"product_cat":[4661],"product_tag":[4663],"class_list":{"0":"post-124175","1":"product","2":"type-product","3":"status-publish","4":"has-post-thumbnail","6":"product_brand-desirial","7":"product_cat-dermal-fillers-sr","8":"product_tag-medical-devices-sr","10":"first","11":"instock","12":"taxable","13":"shipping-taxable","14":"purchasable","15":"product-type-simple","16":"add-to-wishlist-before_image"},"acf":[],"yoast_head":"<!-- This site is optimized with the Yoast SEO plugin v27.3 - https:\/\/yoast.com\/product\/yoast-seo-wordpress\/ -->\n<title>Naru\u010dite DESIRIAL\u00ae 1x1ml online | Kupite online | Kinami Health<\/title>\n<meta name=\"description\" content=\"Naru\u010dite DESIRIAL\u00ae 1x1ml online za podr\u0161ku intimne hidratacije i regeneracije tkiva kod peri-menopauznih pacijentkinja koriste\u0107i injekcijsku hijaluronsku kiselinu.\" \/>\n<meta name=\"robots\" content=\"index, follow, max-snippet:-1, max-image-preview:large, max-video-preview:-1\" \/>\n<link rel=\"canonical\" href=\"https:\/\/kinamihealth.com\/sr\/wp-json\/wp\/v2\/product\/124175\" \/>\n<meta property=\"og:locale\" content=\"sr_RS\" \/>\n<meta property=\"og:type\" content=\"article\" \/>\n<meta property=\"og:title\" content=\"Naru\u010dite DESIRIAL\u00ae 1x1ml online | Kupite online | Kinami Health\" \/>\n<meta property=\"og:description\" content=\"Naru\u010dite DESIRIAL\u00ae 1x1ml online za podr\u0161ku intimne hidratacije i regeneracije tkiva kod peri-menopauznih pacijentkinja koriste\u0107i injekcijsku hijaluronsku kiselinu.\" \/>\n<meta property=\"og:url\" content=\"https:\/\/kinamihealth.com\/sr\/\u043f\u0440\u043e\u0438\u0437\u0432\u043e\u0434\/desirial-1x1ml\/\" \/>\n<meta property=\"og:site_name\" content=\"Kinami Health\" \/>\n<meta property=\"article:modified_time\" content=\"2025-11-29T20:42:40+00:00\" \/>\n<meta property=\"og:image\" content=\"https:\/\/kinamihealth.com\/wp-content\/uploads\/2025\/03\/DESIRIAL-1x1ml.webp\" \/>\n\t<meta property=\"og:image:width\" content=\"1000\" \/>\n\t<meta property=\"og:image:height\" content=\"1000\" \/>\n\t<meta property=\"og:image:type\" content=\"image\/webp\" \/>\n<meta name=\"twitter:card\" content=\"summary_large_image\" \/>\n<meta name=\"twitter:label1\" content=\"\u041f\u0440\u043e\u0446\u0435\u045a\u0435\u043d\u043e \u0432\u0440\u0435\u043c\u0435 \u0447\u0438\u0442\u0430\u045a\u0430\" \/>\n\t<meta name=\"twitter:data1\" content=\"1 \u043c\u0438\u043d\u0443\u0442\" \/>\n<!-- \/ Yoast SEO plugin. -->","yoast_head_json":{"title":"Naru\u010dite DESIRIAL\u00ae 1x1ml online | Kupite online | Kinami Health","description":"Naru\u010dite DESIRIAL\u00ae 1x1ml online za podr\u0161ku intimne hidratacije i regeneracije tkiva kod peri-menopauznih pacijentkinja koriste\u0107i injekcijsku hijaluronsku kiselinu.","robots":{"index":"index","follow":"follow","max-snippet":"max-snippet:-1","max-image-preview":"max-image-preview:large","max-video-preview":"max-video-preview:-1"},"canonical":"https:\/\/kinamihealth.com\/sr\/wp-json\/wp\/v2\/product\/124175","og_locale":"sr_RS","og_type":"article","og_title":"Naru\u010dite DESIRIAL\u00ae 1x1ml online | Kupite online | Kinami Health","og_description":"Naru\u010dite DESIRIAL\u00ae 1x1ml online za podr\u0161ku intimne hidratacije i regeneracije tkiva kod peri-menopauznih pacijentkinja koriste\u0107i injekcijsku hijaluronsku kiselinu.","og_url":"https:\/\/kinamihealth.com\/sr\/\u043f\u0440\u043e\u0438\u0437\u0432\u043e\u0434\/desirial-1x1ml\/","og_site_name":"Kinami Health","article_modified_time":"2025-11-29T20:42:40+00:00","og_image":[{"width":1000,"height":1000,"url":"https:\/\/kinamihealth.com\/wp-content\/uploads\/2025\/03\/DESIRIAL-1x1ml.webp","type":"image\/webp"}],"twitter_card":"summary_large_image","twitter_misc":{"\u041f\u0440\u043e\u0446\u0435\u045a\u0435\u043d\u043e \u0432\u0440\u0435\u043c\u0435 \u0447\u0438\u0442\u0430\u045a\u0430":"1 \u043c\u0438\u043d\u0443\u0442"},"schema":{"@context":"https:\/\/schema.org","@graph":[{"@type":"WebPage","@id":"https:\/\/kinamihealth.com\/sr\/\u043f\u0440\u043e\u0438\u0437\u0432\u043e\u0434\/desirial-1x1ml\/","url":"https:\/\/kinamihealth.com\/sr\/\u043f\u0440\u043e\u0438\u0437\u0432\u043e\u0434\/desirial-1x1ml\/","name":"Naru\u010dite DESIRIAL\u00ae 1x1ml online | Kupite online | Kinami Health","isPartOf":{"@id":"https:\/\/kinamihealth.com\/#website"},"primaryImageOfPage":{"@id":"https:\/\/kinamihealth.com\/sr\/\u043f\u0440\u043e\u0438\u0437\u0432\u043e\u0434\/desirial-1x1ml\/#primaryimage"},"image":{"@id":"https:\/\/kinamihealth.com\/sr\/\u043f\u0440\u043e\u0438\u0437\u0432\u043e\u0434\/desirial-1x1ml\/#primaryimage"},"thumbnailUrl":"https:\/\/kinamihealth.com\/wp-content\/uploads\/2025\/03\/DESIRIAL-1x1ml.webp","datePublished":"2025-03-11T18:14:39+00:00","dateModified":"2025-11-29T20:42:40+00:00","description":"Naru\u010dite DESIRIAL\u00ae 1x1ml online za podr\u0161ku intimne hidratacije i regeneracije tkiva kod peri-menopauznih pacijentkinja koriste\u0107i injekcijsku hijaluronsku kiselinu.","breadcrumb":{"@id":"https:\/\/kinamihealth.com\/sr\/\u043f\u0440\u043e\u0438\u0437\u0432\u043e\u0434\/desirial-1x1ml\/#breadcrumb"},"inLanguage":"sr-RS","potentialAction":[{"@type":"ReadAction","target":["https:\/\/kinamihealth.com\/sr\/\u043f\u0440\u043e\u0438\u0437\u0432\u043e\u0434\/desirial-1x1ml\/"]}]},{"@type":"ImageObject","inLanguage":"sr-RS","@id":"https:\/\/kinamihealth.com\/sr\/\u043f\u0440\u043e\u0438\u0437\u0432\u043e\u0434\/desirial-1x1ml\/#primaryimage","url":"https:\/\/kinamihealth.com\/wp-content\/uploads\/2025\/03\/DESIRIAL-1x1ml.webp","contentUrl":"https:\/\/kinamihealth.com\/wp-content\/uploads\/2025\/03\/DESIRIAL-1x1ml.webp","width":1000,"height":1000},{"@type":"BreadcrumbList","@id":"https:\/\/kinamihealth.com\/sr\/\u043f\u0440\u043e\u0438\u0437\u0432\u043e\u0434\/desirial-1x1ml\/#breadcrumb","itemListElement":[{"@type":"ListItem","position":1,"name":"Po\u010detna","item":"https:\/\/kinamihealth.com\/"},{"@type":"ListItem","position":2,"name":"Kupovina","item":"https:\/\/kinamihealth.com\/sr\/kupovina\/"},{"@type":"ListItem","position":3,"name":"DESIRIAL\u00ae 1x1ml"}]},{"@type":"WebSite","@id":"https:\/\/kinamihealth.com\/#website","url":"https:\/\/kinamihealth.com\/","name":"Kinami Health","description":"","publisher":{"@id":"https:\/\/kinamihealth.com\/#organization"},"potentialAction":[{"@type":"SearchAction","target":{"@type":"EntryPoint","urlTemplate":"https:\/\/kinamihealth.com\/?s={search_term_string}"},"query-input":{"@type":"PropertyValueSpecification","valueRequired":true,"valueName":"search_term_string"}}],"inLanguage":"sr-RS"},{"@type":"Organization","@id":"https:\/\/kinamihealth.com\/#organization","name":"Kinami Health","url":"https:\/\/kinamihealth.com\/","logo":{"@type":"ImageObject","inLanguage":"sr-RS","@id":"https:\/\/kinamihealth.com\/#\/schema\/logo\/image\/","url":"https:\/\/kinamihealth.com\/wp-content\/uploads\/2025\/01\/KH_logo_black_2-1.png","contentUrl":"https:\/\/kinamihealth.com\/wp-content\/uploads\/2025\/01\/KH_logo_black_2-1.png","width":339,"height":34,"caption":"Kinami Health"},"image":{"@id":"https:\/\/kinamihealth.com\/#\/schema\/logo\/image\/"}}]}},"_links":{"self":[{"href":"https:\/\/kinamihealth.com\/sr\/wp-json\/wp\/v2\/product\/124175","targetHints":{"allow":["GET"]}}],"collection":[{"href":"https:\/\/kinamihealth.com\/sr\/wp-json\/wp\/v2\/product"}],"about":[{"href":"https:\/\/kinamihealth.com\/sr\/wp-json\/wp\/v2\/types\/product"}],"replies":[{"embeddable":true,"href":"https:\/\/kinamihealth.com\/sr\/wp-json\/wp\/v2\/comments?post=124175"}],"version-history":[{"count":0,"href":"https:\/\/kinamihealth.com\/sr\/wp-json\/wp\/v2\/product\/124175\/revisions"}],"wp:featuredmedia":[{"embeddable":true,"href":"https:\/\/kinamihealth.com\/sr\/wp-json\/wp\/v2\/media\/124176"}],"wp:attachment":[{"href":"https:\/\/kinamihealth.com\/sr\/wp-json\/wp\/v2\/media?parent=124175"}],"wp:term":[{"taxonomy":"product_brand","embeddable":true,"href":"https:\/\/kinamihealth.com\/sr\/wp-json\/wp\/v2\/product_brand?post=124175"},{"taxonomy":"product_cat","embeddable":true,"href":"https:\/\/kinamihealth.com\/sr\/wp-json\/wp\/v2\/product_cat?post=124175"},{"taxonomy":"product_tag","embeddable":true,"href":"https:\/\/kinamihealth.com\/sr\/wp-json\/wp\/v2\/product_tag?post=124175"}],"curies":[{"name":"wp","href":"https:\/\/api.w.org\/{rel}","templated":true}]}}