{"id":124144,"date":"2025-02-15T16:54:21","date_gmt":"2025-02-15T16:54:21","guid":{"rendered":"https:\/\/kinamihealth.com\/product\/biorepeelcl3-fnd\/"},"modified":"2025-11-29T20:01:10","modified_gmt":"2025-11-29T20:01:10","slug":"biorepeelcl3-fnd","status":"publish","type":"product","link":"https:\/\/kinamihealth.com\/sr\/\u043f\u0440\u043e\u0438\u0437\u0432\u043e\u0434\/biorepeelcl3-fnd\/","title":{"rendered":"BIOREPEELCL3\u00ae FND"},"content":{"rendered":"<p>BioRePeel C13 FND je inovativni piling koji koristi dvofaznu tehnologiju za stvaranje biostimuliraju\u0107eg, revitaliziraju\u0107eg i piling efekta na licu. Napravljen od 35% trihlorosir\u0107etne kiseline (TCA) sa 14 drugih aktivnih sastojaka, BioRePeel stimuli\u0161e replikaciju ko\u017ee i biosintetski proces, suprotstavljaju\u0107i se efektima starenja, oksidativnog o\u0161te\u0107enja od UV zra\u010denja i zaga\u0111enja, kao i o\u017eiljaka od akni. Koristi se na licu, vratu i dekolteu.<\/p>\n","protected":false},"excerpt":{"rendered":"<p>BioRePeel C13 FND je inovativni piling koji koristi dvofaznu tehnologiju za stvaranje biostimuliraju\u0107eg, revitaliziraju\u0107eg i piling efekta na licu. Napravljen od 35% trihlorosir\u0107etne kiseline (TCA) sa 14 drugih aktivnih sastojaka, BioRePeel stimuli\u0161e replikaciju ko\u017ee i biosintetski proces, suprotstavljaju\u0107i se efektima starenja, oksidativnog o\u0161te\u0107enja od UV zra\u010denja i zaga\u0111enja, kao i o\u017eiljaka od akni. Koristi se [&hellip;]<\/p>\n","protected":false},"featured_media":124148,"comment_status":"closed","ping_status":"closed","template":"","meta":{"_acf_changed":false,"inline_featured_image":false},"product_brand":[4760],"product_cat":[4761],"product_tag":[4663],"class_list":{"0":"post-124144","1":"product","2":"type-product","3":"status-publish","4":"has-post-thumbnail","6":"product_brand-biorepeelcl3","7":"product_cat-peels-and-masks-sr","8":"product_tag-medical-devices-sr","10":"first","11":"instock","12":"taxable","13":"shipping-taxable","14":"purchasable","15":"product-type-simple","16":"add-to-wishlist-before_image"},"acf":[],"yoast_head":"<!-- This site is optimized with the Yoast SEO plugin v27.1.1 - https:\/\/yoast.com\/product\/yoast-seo-wordpress\/ -->\n<title>Naru\u010dite BIOREPEELCL3\u00ae FND Online | Kupite Online | Kinami Health<\/title>\n<meta name=\"description\" content=\"Naru\u010dite BIOREPEELCL3\u00ae FND online za tretman starenja ko\u017ee lica, finih linija i akni sa formulom na bazi TCA bez lju\u0161tenja, biostimuliraju\u0107om formulom pogodnom za sve sezone.\" \/>\n<meta name=\"robots\" content=\"index, follow, max-snippet:-1, max-image-preview:large, max-video-preview:-1\" \/>\n<link rel=\"canonical\" href=\"https:\/\/kinamihealth.com\/sr\/wp-json\/wp\/v2\/product\/124144\" \/>\n<meta property=\"og:locale\" content=\"sr_RS\" \/>\n<meta property=\"og:type\" content=\"article\" \/>\n<meta property=\"og:title\" content=\"Naru\u010dite BIOREPEELCL3\u00ae FND Online | Kupite Online | Kinami Health\" \/>\n<meta property=\"og:description\" content=\"Naru\u010dite BIOREPEELCL3\u00ae FND online za tretman starenja ko\u017ee lica, finih linija i akni sa formulom na bazi TCA bez lju\u0161tenja, biostimuliraju\u0107om formulom pogodnom za sve sezone.\" \/>\n<meta property=\"og:url\" content=\"https:\/\/kinamihealth.com\/sr\/\u043f\u0440\u043e\u0438\u0437\u0432\u043e\u0434\/biorepeelcl3-fnd\/\" \/>\n<meta property=\"og:site_name\" content=\"Kinami Health\" \/>\n<meta property=\"article:modified_time\" content=\"2025-11-29T20:01:10+00:00\" \/>\n<meta property=\"og:image\" content=\"https:\/\/kinamihealth.com\/wp-content\/uploads\/2025\/02\/BIOREPEEL-FND-02.jpg\" \/>\n\t<meta property=\"og:image:width\" content=\"800\" \/>\n\t<meta property=\"og:image:height\" content=\"800\" \/>\n\t<meta property=\"og:image:type\" content=\"image\/jpeg\" \/>\n<meta name=\"twitter:card\" content=\"summary_large_image\" \/>\n<meta name=\"twitter:label1\" content=\"\u041f\u0440\u043e\u0446\u0435\u045a\u0435\u043d\u043e \u0432\u0440\u0435\u043c\u0435 \u0447\u0438\u0442\u0430\u045a\u0430\" \/>\n\t<meta name=\"twitter:data1\" content=\"1 \u043c\u0438\u043d\u0443\u0442\" \/>\n<!-- \/ Yoast SEO plugin. -->","yoast_head_json":{"title":"Naru\u010dite BIOREPEELCL3\u00ae FND Online | Kupite Online | Kinami Health","description":"Naru\u010dite BIOREPEELCL3\u00ae FND online za tretman starenja ko\u017ee lica, finih linija i akni sa formulom na bazi TCA bez lju\u0161tenja, biostimuliraju\u0107om formulom pogodnom za sve sezone.","robots":{"index":"index","follow":"follow","max-snippet":"max-snippet:-1","max-image-preview":"max-image-preview:large","max-video-preview":"max-video-preview:-1"},"canonical":"https:\/\/kinamihealth.com\/sr\/wp-json\/wp\/v2\/product\/124144","og_locale":"sr_RS","og_type":"article","og_title":"Naru\u010dite BIOREPEELCL3\u00ae FND Online | Kupite Online | Kinami Health","og_description":"Naru\u010dite BIOREPEELCL3\u00ae FND online za tretman starenja ko\u017ee lica, finih linija i akni sa formulom na bazi TCA bez lju\u0161tenja, biostimuliraju\u0107om formulom pogodnom za sve sezone.","og_url":"https:\/\/kinamihealth.com\/sr\/\u043f\u0440\u043e\u0438\u0437\u0432\u043e\u0434\/biorepeelcl3-fnd\/","og_site_name":"Kinami Health","article_modified_time":"2025-11-29T20:01:10+00:00","og_image":[{"width":800,"height":800,"url":"https:\/\/kinamihealth.com\/wp-content\/uploads\/2025\/02\/BIOREPEEL-FND-02.jpg","type":"image\/jpeg"}],"twitter_card":"summary_large_image","twitter_misc":{"\u041f\u0440\u043e\u0446\u0435\u045a\u0435\u043d\u043e \u0432\u0440\u0435\u043c\u0435 \u0447\u0438\u0442\u0430\u045a\u0430":"1 \u043c\u0438\u043d\u0443\u0442"},"schema":{"@context":"https:\/\/schema.org","@graph":[{"@type":"WebPage","@id":"https:\/\/kinamihealth.com\/sr\/\u043f\u0440\u043e\u0438\u0437\u0432\u043e\u0434\/biorepeelcl3-fnd\/","url":"https:\/\/kinamihealth.com\/sr\/\u043f\u0440\u043e\u0438\u0437\u0432\u043e\u0434\/biorepeelcl3-fnd\/","name":"Naru\u010dite BIOREPEELCL3\u00ae FND Online | Kupite Online | Kinami Health","isPartOf":{"@id":"https:\/\/kinamihealth.com\/#website"},"primaryImageOfPage":{"@id":"https:\/\/kinamihealth.com\/sr\/\u043f\u0440\u043e\u0438\u0437\u0432\u043e\u0434\/biorepeelcl3-fnd\/#primaryimage"},"image":{"@id":"https:\/\/kinamihealth.com\/sr\/\u043f\u0440\u043e\u0438\u0437\u0432\u043e\u0434\/biorepeelcl3-fnd\/#primaryimage"},"thumbnailUrl":"https:\/\/kinamihealth.com\/wp-content\/uploads\/2025\/02\/BIOREPEEL-FND-02.jpg","datePublished":"2025-02-15T16:54:21+00:00","dateModified":"2025-11-29T20:01:10+00:00","description":"Naru\u010dite BIOREPEELCL3\u00ae FND online za tretman starenja ko\u017ee lica, finih linija i akni sa formulom na bazi TCA bez lju\u0161tenja, biostimuliraju\u0107om formulom pogodnom za sve sezone.","breadcrumb":{"@id":"https:\/\/kinamihealth.com\/sr\/\u043f\u0440\u043e\u0438\u0437\u0432\u043e\u0434\/biorepeelcl3-fnd\/#breadcrumb"},"inLanguage":"sr-RS","potentialAction":[{"@type":"ReadAction","target":["https:\/\/kinamihealth.com\/sr\/\u043f\u0440\u043e\u0438\u0437\u0432\u043e\u0434\/biorepeelcl3-fnd\/"]}]},{"@type":"ImageObject","inLanguage":"sr-RS","@id":"https:\/\/kinamihealth.com\/sr\/\u043f\u0440\u043e\u0438\u0437\u0432\u043e\u0434\/biorepeelcl3-fnd\/#primaryimage","url":"https:\/\/kinamihealth.com\/wp-content\/uploads\/2025\/02\/BIOREPEEL-FND-02.jpg","contentUrl":"https:\/\/kinamihealth.com\/wp-content\/uploads\/2025\/02\/BIOREPEEL-FND-02.jpg","width":800,"height":800},{"@type":"BreadcrumbList","@id":"https:\/\/kinamihealth.com\/sr\/\u043f\u0440\u043e\u0438\u0437\u0432\u043e\u0434\/biorepeelcl3-fnd\/#breadcrumb","itemListElement":[{"@type":"ListItem","position":1,"name":"Po\u010detna","item":"https:\/\/kinamihealth.com\/"},{"@type":"ListItem","position":2,"name":"Kupovina","item":"https:\/\/kinamihealth.com\/sr\/kupovina\/"},{"@type":"ListItem","position":3,"name":"BIOREPEELCL3\u00ae FND"}]},{"@type":"WebSite","@id":"https:\/\/kinamihealth.com\/#website","url":"https:\/\/kinamihealth.com\/","name":"Kinami Health","description":"","publisher":{"@id":"https:\/\/kinamihealth.com\/#organization"},"potentialAction":[{"@type":"SearchAction","target":{"@type":"EntryPoint","urlTemplate":"https:\/\/kinamihealth.com\/?s={search_term_string}"},"query-input":{"@type":"PropertyValueSpecification","valueRequired":true,"valueName":"search_term_string"}}],"inLanguage":"sr-RS"},{"@type":"Organization","@id":"https:\/\/kinamihealth.com\/#organization","name":"Kinami Health","url":"https:\/\/kinamihealth.com\/","logo":{"@type":"ImageObject","inLanguage":"sr-RS","@id":"https:\/\/kinamihealth.com\/#\/schema\/logo\/image\/","url":"https:\/\/kinamihealth.com\/wp-content\/uploads\/2025\/01\/KH_logo_black_2-1.png","contentUrl":"https:\/\/kinamihealth.com\/wp-content\/uploads\/2025\/01\/KH_logo_black_2-1.png","width":339,"height":34,"caption":"Kinami Health"},"image":{"@id":"https:\/\/kinamihealth.com\/#\/schema\/logo\/image\/"}}]}},"_links":{"self":[{"href":"https:\/\/kinamihealth.com\/sr\/wp-json\/wp\/v2\/product\/124144","targetHints":{"allow":["GET"]}}],"collection":[{"href":"https:\/\/kinamihealth.com\/sr\/wp-json\/wp\/v2\/product"}],"about":[{"href":"https:\/\/kinamihealth.com\/sr\/wp-json\/wp\/v2\/types\/product"}],"replies":[{"embeddable":true,"href":"https:\/\/kinamihealth.com\/sr\/wp-json\/wp\/v2\/comments?post=124144"}],"version-history":[{"count":0,"href":"https:\/\/kinamihealth.com\/sr\/wp-json\/wp\/v2\/product\/124144\/revisions"}],"wp:featuredmedia":[{"embeddable":true,"href":"https:\/\/kinamihealth.com\/sr\/wp-json\/wp\/v2\/media\/124148"}],"wp:attachment":[{"href":"https:\/\/kinamihealth.com\/sr\/wp-json\/wp\/v2\/media?parent=124144"}],"wp:term":[{"taxonomy":"product_brand","embeddable":true,"href":"https:\/\/kinamihealth.com\/sr\/wp-json\/wp\/v2\/product_brand?post=124144"},{"taxonomy":"product_cat","embeddable":true,"href":"https:\/\/kinamihealth.com\/sr\/wp-json\/wp\/v2\/product_cat?post=124144"},{"taxonomy":"product_tag","embeddable":true,"href":"https:\/\/kinamihealth.com\/sr\/wp-json\/wp\/v2\/product_tag?post=124144"}],"curies":[{"name":"wp","href":"https:\/\/api.w.org\/{rel}","templated":true}]}}