{"id":124035,"date":"2025-02-15T16:54:11","date_gmt":"2025-02-15T16:54:11","guid":{"rendered":"https:\/\/kinamihealth.com\/product\/belotero-balance-sa-lidokainom\/"},"modified":"2026-04-02T12:01:03","modified_gmt":"2026-04-02T12:01:03","slug":"belotero-balance-sa-lidokainom","status":"publish","type":"product","link":"https:\/\/kinamihealth.com\/sr\/\u043f\u0440\u043e\u0438\u0437\u0432\u043e\u0434\/belotero-balance-sa-lidokainom\/","title":{"rendered":"BELOTERO\u00ae BALANCE sa lidokainom"},"content":{"rendered":"<p>Belotero\u00ae Balance sa lidokainom obezbe\u0111uje efekat pove\u0107anja zapremine na glabelarnim linijama, nazolabijalnim linijama, marioneta linijama, konturama usana, zapremini usana i oralnim \u0161upljinama. Koristi se za izgla\u0111ivanje umereno-te\u0161kih linija i bora. Proizvod sadr\u017ei lidokain, sna\u017ean anestetik, za ugodniju injekciju.<\/p>\n","protected":false},"excerpt":{"rendered":"<p>Belotero\u00ae Balance sa lidokainom obezbe\u0111uje efekat pove\u0107anja zapremine na glabelarnim linijama, nazolabijalnim linijama, marioneta linijama, konturama usana, zapremini usana i oralnim \u0161upljinama. Koristi se za izgla\u0111ivanje umereno-te\u0161kih linija i bora. Proizvod sadr\u017ei lidokain, sna\u017ean anestetik, za ugodniju injekciju.<\/p>\n","protected":false},"featured_media":124036,"comment_status":"closed","ping_status":"closed","template":"","meta":{"_acf_changed":false,"inline_featured_image":false},"product_brand":[4693],"product_cat":[4661],"product_tag":[4663],"class_list":{"0":"post-124035","1":"product","2":"type-product","3":"status-publish","4":"has-post-thumbnail","6":"product_brand-belotero","7":"product_cat-dermal-fillers-sr","8":"product_tag-medical-devices-sr","10":"first","11":"instock","12":"taxable","13":"shipping-taxable","14":"purchasable","15":"product-type-simple","16":"add-to-wishlist-before_image"},"acf":[],"yoast_head":"<!-- This site is optimized with the Yoast SEO plugin v27.1.1 - https:\/\/yoast.com\/product\/yoast-seo-wordpress\/ -->\n<title>Naru\u010dite BELOTERO\u00ae BALANCE sa lidokainom Online | Kinami Health<\/title>\n<meta name=\"description\" content=\"Naru\u010dite BELOTERO\u00ae BALANCE sa lidokainom za izgla\u0111ivanje finih linija uz dodatnu udobnost pacijenta zahvaljuju\u0107i integriranoj anesteziji za precisan rad sa filerima za lice.\" \/>\n<meta name=\"robots\" content=\"index, follow, max-snippet:-1, max-image-preview:large, max-video-preview:-1\" \/>\n<link rel=\"canonical\" href=\"https:\/\/kinamihealth.com\/sr\/wp-json\/wp\/v2\/product\/124035\" \/>\n<meta property=\"og:locale\" content=\"sr_RS\" \/>\n<meta property=\"og:type\" content=\"article\" \/>\n<meta property=\"og:title\" content=\"Naru\u010dite BELOTERO\u00ae BALANCE sa lidokainom Online | Kinami Health\" \/>\n<meta property=\"og:description\" content=\"Naru\u010dite BELOTERO\u00ae BALANCE sa lidokainom za izgla\u0111ivanje finih linija uz dodatnu udobnost pacijenta zahvaljuju\u0107i integriranoj anesteziji za precisan rad sa filerima za lice.\" \/>\n<meta property=\"og:url\" content=\"https:\/\/kinamihealth.com\/sr\/\u043f\u0440\u043e\u0438\u0437\u0432\u043e\u0434\/belotero-balance-sa-lidokainom\/\" \/>\n<meta property=\"og:site_name\" content=\"Kinami Health\" \/>\n<meta property=\"article:modified_time\" content=\"2026-04-02T12:01:03+00:00\" \/>\n<meta property=\"og:image\" content=\"https:\/\/kinamihealth.com\/wp-content\/uploads\/2025\/02\/BELOTERO-BALANCE-LIDO-02.jpg\" \/>\n\t<meta property=\"og:image:width\" content=\"800\" \/>\n\t<meta property=\"og:image:height\" content=\"800\" \/>\n\t<meta property=\"og:image:type\" content=\"image\/jpeg\" \/>\n<meta name=\"twitter:card\" content=\"summary_large_image\" \/>\n<meta name=\"twitter:label1\" content=\"\u041f\u0440\u043e\u0446\u0435\u045a\u0435\u043d\u043e \u0432\u0440\u0435\u043c\u0435 \u0447\u0438\u0442\u0430\u045a\u0430\" \/>\n\t<meta name=\"twitter:data1\" content=\"1 \u043c\u0438\u043d\u0443\u0442\" \/>\n<!-- \/ Yoast SEO plugin. -->","yoast_head_json":{"title":"Naru\u010dite BELOTERO\u00ae BALANCE sa lidokainom Online | Kinami Health","description":"Naru\u010dite BELOTERO\u00ae BALANCE sa lidokainom za izgla\u0111ivanje finih linija uz dodatnu udobnost pacijenta zahvaljuju\u0107i integriranoj anesteziji za precisan rad sa filerima za lice.","robots":{"index":"index","follow":"follow","max-snippet":"max-snippet:-1","max-image-preview":"max-image-preview:large","max-video-preview":"max-video-preview:-1"},"canonical":"https:\/\/kinamihealth.com\/sr\/wp-json\/wp\/v2\/product\/124035","og_locale":"sr_RS","og_type":"article","og_title":"Naru\u010dite BELOTERO\u00ae BALANCE sa lidokainom Online | Kinami Health","og_description":"Naru\u010dite BELOTERO\u00ae BALANCE sa lidokainom za izgla\u0111ivanje finih linija uz dodatnu udobnost pacijenta zahvaljuju\u0107i integriranoj anesteziji za precisan rad sa filerima za lice.","og_url":"https:\/\/kinamihealth.com\/sr\/\u043f\u0440\u043e\u0438\u0437\u0432\u043e\u0434\/belotero-balance-sa-lidokainom\/","og_site_name":"Kinami Health","article_modified_time":"2026-04-02T12:01:03+00:00","og_image":[{"width":800,"height":800,"url":"https:\/\/kinamihealth.com\/wp-content\/uploads\/2025\/02\/BELOTERO-BALANCE-LIDO-02.jpg","type":"image\/jpeg"}],"twitter_card":"summary_large_image","twitter_misc":{"\u041f\u0440\u043e\u0446\u0435\u045a\u0435\u043d\u043e \u0432\u0440\u0435\u043c\u0435 \u0447\u0438\u0442\u0430\u045a\u0430":"1 \u043c\u0438\u043d\u0443\u0442"},"schema":{"@context":"https:\/\/schema.org","@graph":[{"@type":"WebPage","@id":"https:\/\/kinamihealth.com\/sr\/\u043f\u0440\u043e\u0438\u0437\u0432\u043e\u0434\/belotero-balance-sa-lidokainom\/","url":"https:\/\/kinamihealth.com\/sr\/\u043f\u0440\u043e\u0438\u0437\u0432\u043e\u0434\/belotero-balance-sa-lidokainom\/","name":"Naru\u010dite BELOTERO\u00ae BALANCE sa lidokainom Online | Kinami Health","isPartOf":{"@id":"https:\/\/kinamihealth.com\/#website"},"primaryImageOfPage":{"@id":"https:\/\/kinamihealth.com\/sr\/\u043f\u0440\u043e\u0438\u0437\u0432\u043e\u0434\/belotero-balance-sa-lidokainom\/#primaryimage"},"image":{"@id":"https:\/\/kinamihealth.com\/sr\/\u043f\u0440\u043e\u0438\u0437\u0432\u043e\u0434\/belotero-balance-sa-lidokainom\/#primaryimage"},"thumbnailUrl":"https:\/\/kinamihealth.com\/wp-content\/uploads\/2025\/02\/BELOTERO-BALANCE-LIDO-02.jpg","datePublished":"2025-02-15T16:54:11+00:00","dateModified":"2026-04-02T12:01:03+00:00","description":"Naru\u010dite BELOTERO\u00ae BALANCE sa lidokainom za izgla\u0111ivanje finih linija uz dodatnu udobnost pacijenta zahvaljuju\u0107i integriranoj anesteziji za precisan rad sa filerima za lice.","breadcrumb":{"@id":"https:\/\/kinamihealth.com\/sr\/\u043f\u0440\u043e\u0438\u0437\u0432\u043e\u0434\/belotero-balance-sa-lidokainom\/#breadcrumb"},"inLanguage":"sr-RS","potentialAction":[{"@type":"ReadAction","target":["https:\/\/kinamihealth.com\/sr\/\u043f\u0440\u043e\u0438\u0437\u0432\u043e\u0434\/belotero-balance-sa-lidokainom\/"]}]},{"@type":"ImageObject","inLanguage":"sr-RS","@id":"https:\/\/kinamihealth.com\/sr\/\u043f\u0440\u043e\u0438\u0437\u0432\u043e\u0434\/belotero-balance-sa-lidokainom\/#primaryimage","url":"https:\/\/kinamihealth.com\/wp-content\/uploads\/2025\/02\/BELOTERO-BALANCE-LIDO-02.jpg","contentUrl":"https:\/\/kinamihealth.com\/wp-content\/uploads\/2025\/02\/BELOTERO-BALANCE-LIDO-02.jpg","width":800,"height":800},{"@type":"BreadcrumbList","@id":"https:\/\/kinamihealth.com\/sr\/\u043f\u0440\u043e\u0438\u0437\u0432\u043e\u0434\/belotero-balance-sa-lidokainom\/#breadcrumb","itemListElement":[{"@type":"ListItem","position":1,"name":"Po\u010detna","item":"https:\/\/kinamihealth.com\/"},{"@type":"ListItem","position":2,"name":"Kupovina","item":"https:\/\/kinamihealth.com\/sr\/kupovina\/"},{"@type":"ListItem","position":3,"name":"BELOTERO\u00ae BALANCE sa lidokainom"}]},{"@type":"WebSite","@id":"https:\/\/kinamihealth.com\/#website","url":"https:\/\/kinamihealth.com\/","name":"Kinami Health","description":"","publisher":{"@id":"https:\/\/kinamihealth.com\/#organization"},"potentialAction":[{"@type":"SearchAction","target":{"@type":"EntryPoint","urlTemplate":"https:\/\/kinamihealth.com\/?s={search_term_string}"},"query-input":{"@type":"PropertyValueSpecification","valueRequired":true,"valueName":"search_term_string"}}],"inLanguage":"sr-RS"},{"@type":"Organization","@id":"https:\/\/kinamihealth.com\/#organization","name":"Kinami Health","url":"https:\/\/kinamihealth.com\/","logo":{"@type":"ImageObject","inLanguage":"sr-RS","@id":"https:\/\/kinamihealth.com\/#\/schema\/logo\/image\/","url":"https:\/\/kinamihealth.com\/wp-content\/uploads\/2025\/01\/KH_logo_black_2-1.png","contentUrl":"https:\/\/kinamihealth.com\/wp-content\/uploads\/2025\/01\/KH_logo_black_2-1.png","width":339,"height":34,"caption":"Kinami Health"},"image":{"@id":"https:\/\/kinamihealth.com\/#\/schema\/logo\/image\/"}}]}},"_links":{"self":[{"href":"https:\/\/kinamihealth.com\/sr\/wp-json\/wp\/v2\/product\/124035","targetHints":{"allow":["GET"]}}],"collection":[{"href":"https:\/\/kinamihealth.com\/sr\/wp-json\/wp\/v2\/product"}],"about":[{"href":"https:\/\/kinamihealth.com\/sr\/wp-json\/wp\/v2\/types\/product"}],"replies":[{"embeddable":true,"href":"https:\/\/kinamihealth.com\/sr\/wp-json\/wp\/v2\/comments?post=124035"}],"version-history":[{"count":1,"href":"https:\/\/kinamihealth.com\/sr\/wp-json\/wp\/v2\/product\/124035\/revisions"}],"predecessor-version":[{"id":134239,"href":"https:\/\/kinamihealth.com\/sr\/wp-json\/wp\/v2\/product\/124035\/revisions\/134239"}],"wp:featuredmedia":[{"embeddable":true,"href":"https:\/\/kinamihealth.com\/sr\/wp-json\/wp\/v2\/media\/124036"}],"wp:attachment":[{"href":"https:\/\/kinamihealth.com\/sr\/wp-json\/wp\/v2\/media?parent=124035"}],"wp:term":[{"taxonomy":"product_brand","embeddable":true,"href":"https:\/\/kinamihealth.com\/sr\/wp-json\/wp\/v2\/product_brand?post=124035"},{"taxonomy":"product_cat","embeddable":true,"href":"https:\/\/kinamihealth.com\/sr\/wp-json\/wp\/v2\/product_cat?post=124035"},{"taxonomy":"product_tag","embeddable":true,"href":"https:\/\/kinamihealth.com\/sr\/wp-json\/wp\/v2\/product_tag?post=124035"}],"curies":[{"name":"wp","href":"https:\/\/api.w.org\/{rel}","templated":true}]}}