{"id":130140,"date":"2025-01-24T11:35:07","date_gmt":"2025-01-24T11:35:07","guid":{"rendered":"https:\/\/kinamihealth.com\/politika-isporuke\/"},"modified":"2026-01-05T18:41:07","modified_gmt":"2026-01-05T18:41:07","slug":"politika-isporuke","status":"publish","type":"page","link":"https:\/\/kinamihealth.com\/sr\/politika-isporuke\/","title":{"rendered":"Politika isporuke"},"content":{"rendered":"\t\t<div data-elementor-type=\"wp-page\" data-elementor-id=\"130140\" class=\"elementor elementor-130140 elementor-177\" data-elementor-post-type=\"page\">\n\t\t\t\t<div class=\"elementor-element elementor-element-ca6624d e-con-full e-flex e-con e-parent\" data-id=\"ca6624d\" data-element_type=\"container\">\n\t\t\t\t<div class=\"elementor-element elementor-element-d6d5e04 elementor-widget elementor-widget-heading\" data-id=\"d6d5e04\" data-element_type=\"widget\" data-widget_type=\"heading.default\">\n\t\t\t\t<div class=\"elementor-widget-container\">\n\t\t\t\t\t<h1 class=\"elementor-heading-title elementor-size-default\">POLITIKA ISPORUKE<\/h1>\t\t\t\t<\/div>\n\t\t\t\t<\/div>\n\t\t\t\t<div class=\"elementor-element elementor-element-5e87a57 elementor-widget elementor-widget-heading\" data-id=\"5e87a57\" data-element_type=\"widget\" data-widget_type=\"heading.default\">\n\t\t\t\t<div class=\"elementor-widget-container\">\n\t\t\t\t\t<h3 class=\"elementor-heading-title elementor-size-default\">Gde isporu\u010duje Kinami Health?<\/h3>\t\t\t\t<\/div>\n\t\t\t\t<\/div>\n\t\t\t\t<div class=\"elementor-element elementor-element-f797653 elementor-widget elementor-widget-text-editor\" data-id=\"f797653\" data-element_type=\"widget\" data-widget_type=\"text-editor.default\">\n\t\t\t\t<div class=\"elementor-widget-container\">\n\t\t\t\t\t\t\t\t\t<p>Kinami Health isporu\u010duje na tr\u017ei\u0161ta EU i Azije.<\/p>\t\t\t\t\t\t\t\t<\/div>\n\t\t\t\t<\/div>\n\t\t\t\t<div class=\"elementor-element elementor-element-c0c404d elementor-widget elementor-widget-heading\" data-id=\"c0c404d\" data-element_type=\"widget\" data-widget_type=\"heading.default\">\n\t\t\t\t<div class=\"elementor-widget-container\">\n\t\t\t\t\t<h3 class=\"elementor-heading-title elementor-size-default\">Koliko ko\u0161ta isporuka?<\/h3>\t\t\t\t<\/div>\n\t\t\t\t<\/div>\n\t\t\t\t<div class=\"elementor-element elementor-element-f371d18 elementor-widget elementor-widget-text-editor\" data-id=\"f371d18\" data-element_type=\"widget\" data-widget_type=\"text-editor.default\">\n\t\t\t\t<div class=\"elementor-widget-container\">\n\t\t\t\t\t\t\t\t\t<p>Isporuka je besplatna za narud\u017ebine preko 1000 EUR. Za porud\u017ebine ispod 1000 EUR, primenjuje se naknada za dostavu od 20 EUR. <\/p>\t\t\t\t\t\t\t\t<\/div>\n\t\t\t\t<\/div>\n\t\t\t\t<div class=\"elementor-element elementor-element-22e1622 elementor-widget elementor-widget-heading\" data-id=\"22e1622\" data-element_type=\"widget\" data-widget_type=\"heading.default\">\n\t\t\t\t<div class=\"elementor-widget-container\">\n\t\t\t\t\t<h3 class=\"elementor-heading-title elementor-size-default\">Koju kurirsku slu\u017ebu koristi Kinami Health?<\/h3>\t\t\t\t<\/div>\n\t\t\t\t<\/div>\n\t\t\t\t<div class=\"elementor-element elementor-element-b19428c elementor-widget elementor-widget-text-editor\" data-id=\"b19428c\" data-element_type=\"widget\" data-widget_type=\"text-editor.default\">\n\t\t\t\t<div class=\"elementor-widget-container\">\n\t\t\t\t\t\t\t\t\t<p>To mo\u017ee varirati u zavisnosti od Va\u0161ih lokalnih usluga dostave na raspolaganju. Mi \u0107emo Vas obavestiti o broju za pra\u0107enje i na\u010din isporuke kada obradimo Va\u0161u porud\u017ebinu. <\/p>\t\t\t\t\t\t\t\t<\/div>\n\t\t\t\t<\/div>\n\t\t\t\t<div class=\"elementor-element elementor-element-fe15c5f elementor-widget elementor-widget-heading\" data-id=\"fe15c5f\" data-element_type=\"widget\" data-widget_type=\"heading.default\">\n\t\t\t\t<div class=\"elementor-widget-container\">\n\t\t\t\t\t<h3 class=\"elementor-heading-title elementor-size-default\">Kada \u0107e sti\u0107i moja porud\u017ebina?<\/h3>\t\t\t\t<\/div>\n\t\t\t\t<\/div>\n\t\t\t\t<div class=\"elementor-element elementor-element-ac31632 elementor-widget elementor-widget-text-editor\" data-id=\"ac31632\" data-element_type=\"widget\" data-widget_type=\"text-editor.default\">\n\t\t\t\t<div class=\"elementor-widget-container\">\n\t\t\t\t\t\t\t\t\t<p>Kada se porud\u017ebina obradi, proizvod \u0107e biti isporu\u010den u roku od 24 sata (od ponedeljka do petka, osim dr\u017eavnih praznika). Dostava unutar EU obi\u010dno traje 48 sati, dok me\u0111unarodna dostava u proseku 7 do 10 radnih dana. Garantovano vreme dostave je u roku od 14 dana. U retkim slu\u010dajevima kada zalihe nisu odmah dostupne, dobi\u0107ete obave\u0161tenje kada se o\u010dekuje da \u0107e porud\u017ebina biti isporu\u010dena. Me\u0111utim, tranzitno vreme mo\u017ee varirati u zavisnosti od regiona. Preporu\u010duje se da pozovete na\u0161u ljubaznu korisni\u010dku slu\u017ebu za bolju ideju o tome koliko dugo \u0107e trajati da Va\u0161a porud\u017ebina stigne do Vas.     <\/p>\t\t\t\t\t\t\t\t<\/div>\n\t\t\t\t<\/div>\n\t\t\t\t<\/div>\n\t\t\t\t<\/div>\n\t\t","protected":false},"excerpt":{"rendered":"<p>POLITIKA ISPORUKE Gde isporu\u010duje Kinami Health? Kinami Health isporu\u010duje na tr\u017ei\u0161ta EU i Azije. Koliko ko\u0161ta isporuka? Isporuka je besplatna za narud\u017ebine preko 1000 EUR. Za porud\u017ebine ispod 1000 EUR, primenjuje se naknada za dostavu od 20 EUR. Koju kurirsku slu\u017ebu koristi Kinami Health? To mo\u017ee varirati u zavisnosti od Va\u0161ih lokalnih usluga dostave na [&hellip;]<\/p>\n","protected":false},"author":1,"featured_media":0,"parent":0,"menu_order":0,"comment_status":"closed","ping_status":"closed","template":"elementor_header_footer","meta":{"_acf_changed":false,"inline_featured_image":false,"footnotes":""},"class_list":["post-130140","page","type-page","status-publish","hentry"],"acf":[],"yoast_head":"<!-- This site is optimized with the Yoast SEO plugin v27.1.1 - https:\/\/yoast.com\/product\/yoast-seo-wordpress\/ -->\n<title>Politika isporuke - Kinami Health<\/title>\n<meta name=\"description\" content=\"Politika isporuke detalji Kinami Health je opcije isporuke, vreme obrade, me\u0111unarodne usluge isporuke, i uslovi.\" \/>\n<meta name=\"robots\" content=\"index, follow, max-snippet:-1, max-image-preview:large, max-video-preview:-1\" \/>\n<link rel=\"canonical\" href=\"https:\/\/kinamihealth.com\/sr\/wp-json\/wp\/v2\/pages\/130140\" \/>\n<meta property=\"og:locale\" content=\"sr_RS\" \/>\n<meta property=\"og:type\" content=\"article\" \/>\n<meta property=\"og:title\" content=\"Politika isporuke - Kinami Health\" \/>\n<meta property=\"og:description\" content=\"Politika isporuke detalji Kinami Health je opcije isporuke, vreme obrade, me\u0111unarodne usluge isporuke, i uslovi.\" \/>\n<meta property=\"og:url\" content=\"https:\/\/kinamihealth.com\/sr\/politika-isporuke\/\" \/>\n<meta property=\"og:site_name\" content=\"Kinami Health\" \/>\n<meta property=\"article:modified_time\" content=\"2026-01-05T18:41:07+00:00\" \/>\n<meta name=\"twitter:card\" content=\"summary_large_image\" \/>\n<meta name=\"twitter:label1\" content=\"\u041f\u0440\u043e\u0446\u0435\u045a\u0435\u043d\u043e \u0432\u0440\u0435\u043c\u0435 \u0447\u0438\u0442\u0430\u045a\u0430\" \/>\n\t<meta name=\"twitter:data1\" content=\"1 \u043c\u0438\u043d\u0443\u0442\" \/>\n<!-- \/ Yoast SEO plugin. -->","yoast_head_json":{"title":"Politika isporuke - Kinami Health","description":"Politika isporuke detalji Kinami Health je opcije isporuke, vreme obrade, me\u0111unarodne usluge isporuke, i uslovi.","robots":{"index":"index","follow":"follow","max-snippet":"max-snippet:-1","max-image-preview":"max-image-preview:large","max-video-preview":"max-video-preview:-1"},"canonical":"https:\/\/kinamihealth.com\/sr\/wp-json\/wp\/v2\/pages\/130140","og_locale":"sr_RS","og_type":"article","og_title":"Politika isporuke - Kinami Health","og_description":"Politika isporuke detalji Kinami Health je opcije isporuke, vreme obrade, me\u0111unarodne usluge isporuke, i uslovi.","og_url":"https:\/\/kinamihealth.com\/sr\/politika-isporuke\/","og_site_name":"Kinami Health","article_modified_time":"2026-01-05T18:41:07+00:00","twitter_card":"summary_large_image","twitter_misc":{"\u041f\u0440\u043e\u0446\u0435\u045a\u0435\u043d\u043e \u0432\u0440\u0435\u043c\u0435 \u0447\u0438\u0442\u0430\u045a\u0430":"1 \u043c\u0438\u043d\u0443\u0442"},"schema":{"@context":"https:\/\/schema.org","@graph":[{"@type":"WebPage","@id":"https:\/\/kinamihealth.com\/sr\/politika-isporuke\/","url":"https:\/\/kinamihealth.com\/sr\/politika-isporuke\/","name":"Politika isporuke - Kinami Health","isPartOf":{"@id":"https:\/\/kinamihealth.com\/#website"},"datePublished":"2025-01-24T11:35:07+00:00","dateModified":"2026-01-05T18:41:07+00:00","description":"Politika isporuke detalji Kinami Health je opcije isporuke, vreme obrade, me\u0111unarodne usluge isporuke, i uslovi.","breadcrumb":{"@id":"https:\/\/kinamihealth.com\/sr\/politika-isporuke\/#breadcrumb"},"inLanguage":"sr-RS","potentialAction":[{"@type":"ReadAction","target":["https:\/\/kinamihealth.com\/sr\/politika-isporuke\/"]}]},{"@type":"BreadcrumbList","@id":"https:\/\/kinamihealth.com\/sr\/politika-isporuke\/#breadcrumb","itemListElement":[{"@type":"ListItem","position":1,"name":"Po\u010detna","item":"https:\/\/kinamihealth.com\/"},{"@type":"ListItem","position":2,"name":"Politika isporuke"}]},{"@type":"WebSite","@id":"https:\/\/kinamihealth.com\/#website","url":"https:\/\/kinamihealth.com\/","name":"Kinami Health","description":"","publisher":{"@id":"https:\/\/kinamihealth.com\/#organization"},"potentialAction":[{"@type":"SearchAction","target":{"@type":"EntryPoint","urlTemplate":"https:\/\/kinamihealth.com\/?s={search_term_string}"},"query-input":{"@type":"PropertyValueSpecification","valueRequired":true,"valueName":"search_term_string"}}],"inLanguage":"sr-RS"},{"@type":"Organization","@id":"https:\/\/kinamihealth.com\/#organization","name":"Kinami Health","url":"https:\/\/kinamihealth.com\/","logo":{"@type":"ImageObject","inLanguage":"sr-RS","@id":"https:\/\/kinamihealth.com\/#\/schema\/logo\/image\/","url":"https:\/\/kinamihealth.com\/wp-content\/uploads\/2025\/01\/KH_logo_black_2-1.png","contentUrl":"https:\/\/kinamihealth.com\/wp-content\/uploads\/2025\/01\/KH_logo_black_2-1.png","width":339,"height":34,"caption":"Kinami Health"},"image":{"@id":"https:\/\/kinamihealth.com\/#\/schema\/logo\/image\/"}}]}},"_links":{"self":[{"href":"https:\/\/kinamihealth.com\/sr\/wp-json\/wp\/v2\/pages\/130140","targetHints":{"allow":["GET"]}}],"collection":[{"href":"https:\/\/kinamihealth.com\/sr\/wp-json\/wp\/v2\/pages"}],"about":[{"href":"https:\/\/kinamihealth.com\/sr\/wp-json\/wp\/v2\/types\/page"}],"author":[{"embeddable":true,"href":"https:\/\/kinamihealth.com\/sr\/wp-json\/wp\/v2\/users\/1"}],"replies":[{"embeddable":true,"href":"https:\/\/kinamihealth.com\/sr\/wp-json\/wp\/v2\/comments?post=130140"}],"version-history":[{"count":0,"href":"https:\/\/kinamihealth.com\/sr\/wp-json\/wp\/v2\/pages\/130140\/revisions"}],"wp:attachment":[{"href":"https:\/\/kinamihealth.com\/sr\/wp-json\/wp\/v2\/media?parent=130140"}],"curies":[{"name":"wp","href":"https:\/\/api.w.org\/{rel}","templated":true}]}}