{"id":130137,"date":"2025-03-08T19:52:41","date_gmt":"2025-03-08T19:52:41","guid":{"rendered":"https:\/\/kinamihealth.com\/politika-povrata\/"},"modified":"2026-01-05T18:32:46","modified_gmt":"2026-01-05T18:32:46","slug":"politika-povrata","status":"publish","type":"page","link":"https:\/\/kinamihealth.com\/sr\/politika-povrata\/","title":{"rendered":"Politika povrata"},"content":{"rendered":"\t\t<div data-elementor-type=\"wp-page\" data-elementor-id=\"130137\" class=\"elementor elementor-130137 elementor-102763\" data-elementor-post-type=\"page\">\n\t\t\t\t<div class=\"elementor-element elementor-element-aedcf2e e-con-full e-flex e-con e-parent\" data-id=\"aedcf2e\" data-element_type=\"container\">\n\t\t<div class=\"elementor-element elementor-element-0d116e2 e-con-full e-flex e-con e-child\" data-id=\"0d116e2\" data-element_type=\"container\">\n\t\t\t\t<div class=\"elementor-element elementor-element-a9b986f elementor-widget elementor-widget-heading\" data-id=\"a9b986f\" data-element_type=\"widget\" data-widget_type=\"heading.default\">\n\t\t\t\t<div class=\"elementor-widget-container\">\n\t\t\t\t\t<h1 class=\"elementor-heading-title elementor-size-default\">POLITIKA POVRATA<\/h1>\t\t\t\t<\/div>\n\t\t\t\t<\/div>\n\t\t\t\t<div class=\"elementor-element elementor-element-33cd301 elementor-widget elementor-widget-text-editor\" data-id=\"33cd301\" data-element_type=\"widget\" data-widget_type=\"text-editor.default\">\n\t\t\t\t<div class=\"elementor-widget-container\">\n\t\t\t\t\t\t\t\t\t<p>Ako se suo\u010dite sa bilo kakvim komplikacijama sa Va\u0161om porud\u017ebinom, molimo Vas da odmah kontaktirate Kinami Health. Na\u0161i predstavnici korisni\u010dkog servisa \u0107e ispitati da li Va\u0161a porud\u017ebina ispunjava uslove za povra\u0107aj novca. Kinami Health zadr\u017eava pravo da odlu\u010di o povra\u0107aju novca i ne garantujemo da \u0107emo ponuditi povra\u0107aj novca u svim okolnostima.  <\/p>\t\t\t\t\t\t\t\t<\/div>\n\t\t\t\t<\/div>\n\t\t\t\t<div class=\"elementor-element elementor-element-6ea1ece elementor-widget elementor-widget-heading\" data-id=\"6ea1ece\" data-element_type=\"widget\" data-widget_type=\"heading.default\">\n\t\t\t\t<div class=\"elementor-widget-container\">\n\t\t\t\t\t<h3 class=\"elementor-heading-title elementor-size-default\">Koje porud\u017ebine mogu da se kvalifikuju za povra\u0107aj novca?<\/h3>\t\t\t\t<\/div>\n\t\t\t\t<\/div>\n\t\t\t\t<div class=\"elementor-element elementor-element-5059d05 elementor-widget elementor-widget-text-editor\" data-id=\"5059d05\" data-element_type=\"widget\" data-widget_type=\"text-editor.default\">\n\t\t\t\t<div class=\"elementor-widget-container\">\n\t\t\t\t\t\t\t\t\t<p>U retkom slu\u010daju da niste zadovoljni porud\u017ebinom koju ste dobili, kontaktirajte Kinami Health. Mi \u0107emo izdati povra\u0107aj novca samo u slede\u0107im okolnostima: ako smo pogre\u0161no predstavili pakovanje proizvoda za Vas kada ste postavili porud\u017ebinu; ako ste primili o\u0161te\u0107eno pakovanje; Ako se doka\u017ee da je proizvod neaktivan kada ga prvi put koristite. U bilo kom od ovih slu\u010dajeva, trebalo bi da zadr\u017eite proizvode dok ne dobijete dalja uputstva od Kinami Health. Ako utvrdimo da treba da dobijete povra\u0107aj, mo\u017eete zatra\u017eiti da po\u0161aljemo zamenu ili mo\u017eete dobiti puni povra\u0107aj novca ili kredit na ra\u010dunu za taj artikl.   <\/p>\t\t\t\t\t\t\t\t<\/div>\n\t\t\t\t<\/div>\n\t\t\t\t<div class=\"elementor-element elementor-element-0ba7f55 elementor-widget elementor-widget-heading\" data-id=\"0ba7f55\" data-element_type=\"widget\" data-widget_type=\"heading.default\">\n\t\t\t\t<div class=\"elementor-widget-container\">\n\t\t\t\t\t<h3 class=\"elementor-heading-title elementor-size-default\">Koje informacije su mi potrebne za vra\u0107anje proizvoda?<\/h3>\t\t\t\t<\/div>\n\t\t\t\t<\/div>\n\t\t\t\t<div class=\"elementor-element elementor-element-a599cca elementor-widget elementor-widget-text-editor\" data-id=\"a599cca\" data-element_type=\"widget\" data-widget_type=\"text-editor.default\">\n\t\t\t\t<div class=\"elementor-widget-container\">\n\t\t\t\t\t\t\t\t\t<p>Kinami Health ne prihvata povrat proizvoda. Ne ustru\u010davajte se da kontaktirate korisni\u010dki servis za uputstva. Ako ste koristili medicinski ure\u0111aj i utvrdili da je neispravan u procesu, dr\u017eite broj serije i informacije o datumu isteka u datoteci klijenta.  <\/p>\t\t\t\t\t\t\t\t<\/div>\n\t\t\t\t<\/div>\n\t\t\t\t<div class=\"elementor-element elementor-element-4a00179 elementor-widget elementor-widget-heading\" data-id=\"4a00179\" data-element_type=\"widget\" data-widget_type=\"heading.default\">\n\t\t\t\t<div class=\"elementor-widget-container\">\n\t\t\t\t\t<h3 class=\"elementor-heading-title elementor-size-default\">Kako da dobijem povra\u0107aj novca?<\/h3>\t\t\t\t<\/div>\n\t\t\t\t<\/div>\n\t\t\t\t<div class=\"elementor-element elementor-element-ebc5921 elementor-widget elementor-widget-text-editor\" data-id=\"ebc5921\" data-element_type=\"widget\" data-widget_type=\"text-editor.default\">\n\t\t\t\t<div class=\"elementor-widget-container\">\n\t\t\t\t\t\t\t\t\t<p>U zavisnosti od okolnosti, mo\u017eda \u0107ete mo\u0107i da dobijete povra\u0107aj novca prema na\u0161im uputstvima. Mo\u017eete zatra\u017eiti da po\u0161aljemo zamenu na istu adresu za isporuku kao i original ili da dobijete pun povra\u0107aj novca ili kredit na ra\u010dunu za taj artikl. Ovaj kredit na ra\u010dunu se primenjuje na bilo koju budu\u0107u kupovinu istog ili drugog proizvoda.  <\/p><p>Imajte u vidu da se svi nedostaci\/problemi proizvoda moraju prijaviti u roku od 6 meseci od datuma kupovine kako bi dobili zamenu ili povra\u0107aj novca. Ne\u0107emo zameniti ili vratiti bilo koje artikle sa problemima na kojima nam je skrenuta pa\u017enja nakon zavr\u0161etka ovog perioda. <\/p>\t\t\t\t\t\t\t\t<\/div>\n\t\t\t\t<\/div>\n\t\t\t\t<div class=\"elementor-element elementor-element-997b036 elementor-widget elementor-widget-heading\" data-id=\"997b036\" data-element_type=\"widget\" data-widget_type=\"heading.default\">\n\t\t\t\t<div class=\"elementor-widget-container\">\n\t\t\t\t\t<h3 class=\"elementor-heading-title elementor-size-default\">Da li \u0107u se uvek kvalifikovati za povra\u0107aj novca?<\/h3>\t\t\t\t<\/div>\n\t\t\t\t<\/div>\n\t\t\t\t<div class=\"elementor-element elementor-element-c7f4c64 elementor-widget elementor-widget-text-editor\" data-id=\"c7f4c64\" data-element_type=\"widget\" data-widget_type=\"text-editor.default\">\n\t\t\t\t<div class=\"elementor-widget-container\">\n\t\t\t\t\t\t\t\t\t<p>Kinami Health nudi povra\u0107aj novca po sopstvenoj odluci. Ne mo\u017eemo garantovati da \u0107emo ponuditi povra\u0107aj novca u svim okolnostima. Me\u0111utim, trudimo se da osiguramo da \u0107ete biti zadovoljni svojom porud\u017ebinom medicinskih sredstava. Ako imate bilo kakvih pitanja ili nedoumica u vezi sa ovom politikom, kontaktirajte nas za vi\u0161e informacija.   <\/p>\t\t\t\t\t\t\t\t<\/div>\n\t\t\t\t<\/div>\n\t\t\t\t<\/div>\n\t\t\t\t<\/div>\n\t\t\t\t<\/div>\n\t\t","protected":false},"excerpt":{"rendered":"<p>POLITIKA POVRATA Ako se suo\u010dite sa bilo kakvim komplikacijama sa Va\u0161om porud\u017ebinom, molimo Vas da odmah kontaktirate Kinami Health. Na\u0161i predstavnici korisni\u010dkog servisa \u0107e ispitati da li Va\u0161a porud\u017ebina ispunjava uslove za povra\u0107aj novca. Kinami Health zadr\u017eava pravo da odlu\u010di o povra\u0107aju novca i ne garantujemo da \u0107emo ponuditi povra\u0107aj novca u svim okolnostima. Koje [&hellip;]<\/p>\n","protected":false},"author":1,"featured_media":0,"parent":0,"menu_order":0,"comment_status":"closed","ping_status":"closed","template":"elementor_header_footer","meta":{"_acf_changed":false,"inline_featured_image":false,"footnotes":""},"class_list":["post-130137","page","type-page","status-publish","hentry"],"acf":[],"yoast_head":"<!-- This site is optimized with the Yoast SEO plugin v27.1.1 - https:\/\/yoast.com\/product\/yoast-seo-wordpress\/ -->\n<title>Politika povrata - Kinami Health<\/title>\n<meta name=\"description\" content=\"Politika povrata jasno opisuje uslove i procedure Kinami Health-a za vra\u0107anje ili razmenu proizvoda kupljenih online.\" \/>\n<meta name=\"robots\" content=\"index, follow, max-snippet:-1, max-image-preview:large, max-video-preview:-1\" \/>\n<link rel=\"canonical\" href=\"https:\/\/kinamihealth.com\/sr\/wp-json\/wp\/v2\/pages\/130137\" \/>\n<meta property=\"og:locale\" content=\"sr_RS\" \/>\n<meta property=\"og:type\" content=\"article\" \/>\n<meta property=\"og:title\" content=\"Politika povrata - Kinami Health\" \/>\n<meta property=\"og:description\" content=\"Politika povrata jasno opisuje uslove i procedure Kinami Health-a za vra\u0107anje ili razmenu proizvoda kupljenih online.\" \/>\n<meta property=\"og:url\" content=\"https:\/\/kinamihealth.com\/sr\/politika-povrata\/\" \/>\n<meta property=\"og:site_name\" content=\"Kinami Health\" \/>\n<meta property=\"article:modified_time\" content=\"2026-01-05T18:32:46+00:00\" \/>\n<meta name=\"twitter:card\" content=\"summary_large_image\" \/>\n<meta name=\"twitter:label1\" content=\"\u041f\u0440\u043e\u0446\u0435\u045a\u0435\u043d\u043e \u0432\u0440\u0435\u043c\u0435 \u0447\u0438\u0442\u0430\u045a\u0430\" \/>\n\t<meta name=\"twitter:data1\" content=\"2 \u043c\u0438\u043d\u0443\u0442\u0430\" \/>\n<!-- \/ Yoast SEO plugin. -->","yoast_head_json":{"title":"Politika povrata - Kinami Health","description":"Politika povrata jasno opisuje uslove i procedure Kinami Health-a za vra\u0107anje ili razmenu proizvoda kupljenih online.","robots":{"index":"index","follow":"follow","max-snippet":"max-snippet:-1","max-image-preview":"max-image-preview:large","max-video-preview":"max-video-preview:-1"},"canonical":"https:\/\/kinamihealth.com\/sr\/wp-json\/wp\/v2\/pages\/130137","og_locale":"sr_RS","og_type":"article","og_title":"Politika povrata - Kinami Health","og_description":"Politika povrata jasno opisuje uslove i procedure Kinami Health-a za vra\u0107anje ili razmenu proizvoda kupljenih online.","og_url":"https:\/\/kinamihealth.com\/sr\/politika-povrata\/","og_site_name":"Kinami Health","article_modified_time":"2026-01-05T18:32:46+00:00","twitter_card":"summary_large_image","twitter_misc":{"\u041f\u0440\u043e\u0446\u0435\u045a\u0435\u043d\u043e \u0432\u0440\u0435\u043c\u0435 \u0447\u0438\u0442\u0430\u045a\u0430":"2 \u043c\u0438\u043d\u0443\u0442\u0430"},"schema":{"@context":"https:\/\/schema.org","@graph":[{"@type":"WebPage","@id":"https:\/\/kinamihealth.com\/sr\/politika-povrata\/","url":"https:\/\/kinamihealth.com\/sr\/politika-povrata\/","name":"Politika povrata - Kinami Health","isPartOf":{"@id":"https:\/\/kinamihealth.com\/#website"},"datePublished":"2025-03-08T19:52:41+00:00","dateModified":"2026-01-05T18:32:46+00:00","description":"Politika povrata jasno opisuje uslove i procedure Kinami Health-a za vra\u0107anje ili razmenu proizvoda kupljenih online.","breadcrumb":{"@id":"https:\/\/kinamihealth.com\/sr\/politika-povrata\/#breadcrumb"},"inLanguage":"sr-RS","potentialAction":[{"@type":"ReadAction","target":["https:\/\/kinamihealth.com\/sr\/politika-povrata\/"]}]},{"@type":"BreadcrumbList","@id":"https:\/\/kinamihealth.com\/sr\/politika-povrata\/#breadcrumb","itemListElement":[{"@type":"ListItem","position":1,"name":"Po\u010detna","item":"https:\/\/kinamihealth.com\/"},{"@type":"ListItem","position":2,"name":"Politika povrata"}]},{"@type":"WebSite","@id":"https:\/\/kinamihealth.com\/#website","url":"https:\/\/kinamihealth.com\/","name":"Kinami Health","description":"","publisher":{"@id":"https:\/\/kinamihealth.com\/#organization"},"potentialAction":[{"@type":"SearchAction","target":{"@type":"EntryPoint","urlTemplate":"https:\/\/kinamihealth.com\/?s={search_term_string}"},"query-input":{"@type":"PropertyValueSpecification","valueRequired":true,"valueName":"search_term_string"}}],"inLanguage":"sr-RS"},{"@type":"Organization","@id":"https:\/\/kinamihealth.com\/#organization","name":"Kinami Health","url":"https:\/\/kinamihealth.com\/","logo":{"@type":"ImageObject","inLanguage":"sr-RS","@id":"https:\/\/kinamihealth.com\/#\/schema\/logo\/image\/","url":"https:\/\/kinamihealth.com\/wp-content\/uploads\/2025\/01\/KH_logo_black_2-1.png","contentUrl":"https:\/\/kinamihealth.com\/wp-content\/uploads\/2025\/01\/KH_logo_black_2-1.png","width":339,"height":34,"caption":"Kinami Health"},"image":{"@id":"https:\/\/kinamihealth.com\/#\/schema\/logo\/image\/"}}]}},"_links":{"self":[{"href":"https:\/\/kinamihealth.com\/sr\/wp-json\/wp\/v2\/pages\/130137","targetHints":{"allow":["GET"]}}],"collection":[{"href":"https:\/\/kinamihealth.com\/sr\/wp-json\/wp\/v2\/pages"}],"about":[{"href":"https:\/\/kinamihealth.com\/sr\/wp-json\/wp\/v2\/types\/page"}],"author":[{"embeddable":true,"href":"https:\/\/kinamihealth.com\/sr\/wp-json\/wp\/v2\/users\/1"}],"replies":[{"embeddable":true,"href":"https:\/\/kinamihealth.com\/sr\/wp-json\/wp\/v2\/comments?post=130137"}],"version-history":[{"count":0,"href":"https:\/\/kinamihealth.com\/sr\/wp-json\/wp\/v2\/pages\/130137\/revisions"}],"wp:attachment":[{"href":"https:\/\/kinamihealth.com\/sr\/wp-json\/wp\/v2\/media?parent=130137"}],"curies":[{"name":"wp","href":"https:\/\/api.w.org\/{rel}","templated":true}]}}