{"id":130132,"date":"2025-02-18T10:07:54","date_gmt":"2025-02-18T10:07:54","guid":{"rendered":"https:\/\/kinamihealth.com\/registrujte-se\/"},"modified":"2026-03-18T10:08:56","modified_gmt":"2026-03-18T10:08:56","slug":"registrujte-se","status":"publish","type":"page","link":"https:\/\/kinamihealth.com\/sr\/registrujte-se\/","title":{"rendered":"Registrujte se"},"content":{"rendered":"\t\t<div data-elementor-type=\"wp-page\" data-elementor-id=\"130132\" class=\"elementor elementor-130132 elementor-100481\" data-elementor-post-type=\"page\">\n\t\t\t\t<div class=\"elementor-element elementor-element-f084153 e-con-full e-flex e-con e-parent\" data-id=\"f084153\" data-element_type=\"container\" data-settings=\"{&quot;background_background&quot;:&quot;classic&quot;}\">\n\t\t<div class=\"elementor-element elementor-element-456f843 e-con-full e-flex e-con e-child\" data-id=\"456f843\" data-element_type=\"container\" data-settings=\"{&quot;background_background&quot;:&quot;classic&quot;}\">\n\t\t<div class=\"elementor-element elementor-element-1ee6395 e-con-full e-flex e-con e-child\" data-id=\"1ee6395\" data-element_type=\"container\">\n\t\t\t\t<div class=\"elementor-element elementor-element-c47e931 elementor-widget__width-initial elementor-widget elementor-widget-heading\" data-id=\"c47e931\" data-element_type=\"widget\" data-widget_type=\"heading.default\">\n\t\t\t\t<div class=\"elementor-widget-container\">\n\t\t\t\t\t<h1 class=\"elementor-heading-title elementor-size-default\">Napravi nalog<\/h1>\t\t\t\t<\/div>\n\t\t\t\t<\/div>\n\t\t\t\t<\/div>\n\t\t\t\t<\/div>\n\t\t\t\t<\/div>\n\t\t<div class=\"elementor-element elementor-element-48c0921 e-flex e-con-boxed e-con e-parent\" data-id=\"48c0921\" data-element_type=\"container\" data-settings=\"{&quot;background_background&quot;:&quot;classic&quot;}\">\n\t\t\t\t\t<div class=\"e-con-inner\">\n\t\t<div class=\"elementor-element elementor-element-123451f e-con-full e-flex e-con e-child\" data-id=\"123451f\" data-element_type=\"container\" data-settings=\"{&quot;background_background&quot;:&quot;classic&quot;}\">\n\t\t\t\t<div class=\"elementor-element elementor-element-43acc9e elementor-widget elementor-widget-html\" data-id=\"43acc9e\" data-element_type=\"widget\" data-widget_type=\"html.default\">\n\t\t\t\t<div class=\"elementor-widget-container\">\n\t\t\t\t\t\r\n<div class=\"stepper\">\r\n    <div class=\"step active\">\r\n      <div class=\"circle\">1<\/div>\r\n      <span>Informacije o korisniku<\/span>\r\n    <\/div>\r\n    <div class=\"divider\"><\/div>\r\n    <div class=\"step\">\r\n      <div class=\"circle\">2<\/div>\r\n      <span>Li\u010dni podaci<\/span>\r\n    <\/div>\r\n   \r\n  <\/div>\r\n\t\t\t\t<\/div>\n\t\t\t\t<\/div>\n\t\t\t\t<\/div>\n\t\t<div class=\"elementor-element elementor-element-a1ca60b e-con-full e-flex e-con e-child\" data-id=\"a1ca60b\" data-element_type=\"container\" id=\"cst-reg\" data-settings=\"{&quot;background_background&quot;:&quot;classic&quot;}\">\n\t\t\t\t<div class=\"elementor-element elementor-element-19f60cf regShortcode elementor-widget elementor-widget-shortcode\" data-id=\"19f60cf\" data-element_type=\"widget\" data-widget_type=\"shortcode.default\">\n\t\t\t\t<div class=\"elementor-widget-container\">\n\t\t\t\t\t\t\t<div class=\"elementor-shortcode\"><style type=\"text\/css\">#user-registration-form-104725 form .user-registration-multi-part-indicator.progress .user-registration-multi-part-indicator-progress, #user-registration-form-104725 form .user-registration-multi-part-indicator.circle .user-registration-multi-part-indicator-title.active::before, #user-registration-form-104725 form .user-registration-multi-part-indicator.circle .user-registration-multi-part-indicator-title.active::after, #user-registration-form-104725 form .user-registration-multi-part-indicator.arrow .user-registration-multi-part-indicator-title.active {background-color: #475bb2;}#user-registration-form-104725 form .user-registration-multi-part-indicator.arrow .user-registration-multi-part-indicator-title.active::before {border-left-color: #475bb2;}#user-registration-form-104725 form .user-registration-multi-part-indicator.arrow .user-registration-multi-part-indicator-title.active::after {border-top-color: #475bb2;border-bottom-color: #475bb2;}<\/style>\t<div class='user-registration ur-frontend-form    ur-multipart-form' id='user-registration-form-104725'>\n\t\t\t\t\t\t\t\t<form method='post' class='register' data-form-id=\"104725\"\n\t\t\t\tdata-enable-strength-password=\"1\" data-minimum-password-strength=\"3\"\n\t\t\t\t\t\t\t\t\t\t\t\t\t\t\t \"enctype=multipart\/form-data\" \"enctype=multipart\/form-data\" data-captcha-enabled=\"\">\n\n\t\t\t\t<div class=\"user-registration-multi-part-indicator arrow\" data-indicator=\"arrow\" data-current-part=\"1\" data-total=\"2\"><ul class=\"user-registration-multi-part--steps-list\"><li class=\"user-registration-multi-part-indicator-title active\" data-nav-part=\"1\">User info<\/li><li class=\"user-registration-multi-part-indicator-title \" data-nav-part=\"2\">Personal info<\/li><\/ul><span class=\"user-registration-multi-part-previewer\" data-part-preview-1=\"0\" data-part-preview-2=\"false\" ><\/span><\/div><div class=\"user-registration-part user-registration-part-1\" ><div class=\"ur-form-row\" data-row-id=\"1\">\t\t\t\t\t\t\t<div class=\"ur-form-grid ur-grid-1\"\n\t\t\t\t\t\t\t\tstyle=\"width:99%\">\n\t\t\t\t\t\t\t\t\t\t\t\t\t\t\t\t<div data-conditional-logic-enabled=\"\" data-field-id=\"heading_html1\" class=\"ur-field-item field-html \" data-ref-id=\"heading_html1\" data-field-pattern-enabled=\"0\" data-field-pattern-value=\" \" data-field-pattern-message=\" \">\n\t\t\t\t\t\t\t\t\t\t<div class=\"form-row \" id=\"heading_html1\" data-priority=\"\"> <input type=\"hidden\" data-rules=\"\" data-id=\"heading_html1\" value=\"\" class=\" ur-frontend-field \" name=\"heading_html1\" id=\"heading_html1\" \/> <div class=\"heading_html1\">Informacije o korisniku\n<\/div><\/div>\t\t\t\t\t\t\t\t\t<\/div>\n\t\t\t\t\t\t\t\t\t\t\t\t\t\t\t\t\t\t<div data-conditional-logic-enabled=\"\" data-field-id=\"user_email\" class=\"ur-field-item field-user_email \" data-ref-id=\"user_email\" data-field-pattern-enabled=\"0\" data-field-pattern-value=\" \" data-field-pattern-message=\" \">\n\t\t\t\t\t\t\t\t\t\t<div class=\"form-row validate-required\" id=\"user_email_field\" data-priority=\"\" ><label for=\"user_email\" class=\"ur-label\">Email <abbr class=\"required\" title=\"required\">*<\/abbr><\/label> <span class=\"input-wrapper\"> <input  data-rules=\"\" data-id=\"user_email\" type=\"email\" class=\"input-text  without_icon input-email ur-frontend-field  \" name=\"user_email\" id=\"user_email\" placeholder=\"Unesite email svog naloga\"  value=\"\" required=\"required\" data-label=\"Email\" \/> <\/span> <\/div>\t\t\t\t\t\t\t\t\t<\/div>\n\t\t\t\t\t\t\t\t\t\t\t\t\t\t\t\t\t\t<div data-conditional-logic-enabled=\"\" data-field-id=\"user_pass\" class=\"ur-field-item field-user_pass \" data-ref-id=\"user_pass\" data-field-pattern-enabled=\"0\" data-field-pattern-value=\" \" data-field-pattern-message=\"Please provide a valid value for this field.\">\n\t\t\t\t\t\t\t\t\t\t<div class=\"form-row validate-required hide_show_password\" id=\"user_pass_field\" data-priority=\"\"><label for=\"user_pass\" class=\"ur-label\">Lozinka <abbr class=\"required\" title=\"required\">*<\/abbr><\/label> <span class=\"input-wrapper\"> <span class=\"password-input-group input-form-field-icons\"><input data-rules=\"\" data-id=\"user_pass\" type=\"password\" class=\"input-text without_icon input-password ur-frontend-field  \" name=\"user_pass\" id=\"user_pass\" placeholder=\"Unesite lozinku svog naloga\n\"  value=\"\" required=\"required\" data-label=\"Lozinka\" \/><a href=\"javaScript:void(0)\" class=\"password_preview dashicons dashicons-hidden\" title=\" Show password \"><\/a><\/span> <\/span> <\/div>\t\t\t\t\t\t\t\t\t<\/div>\n\t\t\t\t\t\t\t\t\t\t\t\t\t\t\t\t\t\t<div data-conditional-logic-enabled=\"\" data-field-id=\"user_confirm_password\" class=\"ur-field-item field-user_confirm_password \" data-ref-id=\"user_confirm_password\" data-field-pattern-enabled=\"0\" data-field-pattern-value=\" \" data-field-pattern-message=\" \">\n\t\t\t\t\t\t\t\t\t\t<div class=\"form-row validate-required hide_show_password\" id=\"user_confirm_password_field\" data-priority=\"\"><label for=\"user_confirm_password\" class=\"ur-label\">Potvrdi lozinku <abbr class=\"required\" title=\"required\">*<\/abbr><\/label> <span class=\"input-wrapper\"> <span class=\"password-input-group input-form-field-icons\"><input data-rules=\"\" data-id=\"user_confirm_password\" type=\"password\" class=\"input-text without_icon input-password ur-frontend-field  \" name=\"user_confirm_password\" id=\"user_confirm_password\" placeholder=\"Unesite lozinku svog naloga\n\"  value=\"\" required=\"required\" data-label=\"Potvrdi lozinku\" \/><a href=\"javaScript:void(0)\" class=\"password_preview dashicons dashicons-hidden\" title=\" Show password \"><\/a><\/span> <\/span> <\/div>\t\t\t\t\t\t\t\t\t<\/div>\n\t\t\t\t\t\t\t\t\t\t\t\t\t\t\t\t\t\t<div data-conditional-logic-enabled=\"\" data-field-id=\"checkbox_terms\" class=\"ur-field-item field-checkbox \" data-ref-id=\"checkbox_terms\" data-field-pattern-enabled=\"0\" data-field-pattern-value=\" \" data-field-pattern-message=\" \">\n\t\t\t\t\t\t\t\t\t\t<div class=\"form-row validate-required\" id=\"checkbox_terms_field\" data-priority=\"\" ><label class=\"ur-label\" required=\"required\" data-label=\"Customer agreement and terms\"> <abbr class=\"required\" title=\"required\">*<\/abbr><\/label><ul ><li class=\"ur-checkbox-list\"><input data-rules=\"\" data-id=\"checkbox_terms[]\" required=\"required\" data-label=\"Customer agreement and terms\" data-value=\"I accept the Terms of Service &amp;amp;  Privacy Policy *\" type=\"checkbox\" class=\"input-checkbox ur-frontend-field  \" name=\"checkbox_terms[]\" id=\"checkbox_terms_I accept the Terms of Service &amp;amp;  Privacy Policy *\" value=\"I accept the Terms of Service &amp;amp;  Privacy Policy *\" \/><label class=\"ur-checkbox-label\" for=\"checkbox_terms_I accept the Terms of Service &amp;amp;  Privacy Policy *\">Pro\u010ditao\/la sam i sla\u017eem se sa <a href='\/sr\/korisnicki-ugovor\/>Ugovorom sa kupcem<\/a> i <a href=\"https:\/\/kinamihealth.com\/terms-and-policies\/\">Pravilima i uslovima<\/a>. *<\/label> <\/li><\/ul><\/div>\t\t\t\t\t\t\t\t\t<\/div>\n\t\t\t\t\t\t\t\t\t\t\t\t\t\t\t\t\t\t<div data-conditional-logic-enabled=\"\" data-field-id=\"checkbox_newsletter\" class=\"ur-field-item field-checkbox \" data-ref-id=\"checkbox_newsletter\" data-field-pattern-enabled=\"0\" data-field-pattern-value=\" \" data-field-pattern-message=\" \">\n\t\t\t\t\t\t\t\t\t\t<div class=\"form-row \" id=\"checkbox_newsletter_field\" data-priority=\"\" ><label class=\"ur-label\" data-label=\"Message checkbox\"><\/label><ul data-choice-limit=\"1\"><li class=\"ur-checkbox-list\"><input data-rules=\"\" data-id=\"checkbox_newsletter[]\" data-label=\"Message checkbox\" data-value=\"By providing your phone number you agree to receive sms based on your preference above from Kinami Health. Consent is not a condition of purchase. Messages frequency will vary. Msg &amp;amp; data rates may apply. Reply HELP for help or  STOP to cancel.\" type=\"checkbox\" class=\"input-checkbox ur-frontend-field  \" name=\"checkbox_newsletter[]\" id=\"checkbox_newsletter_By providing your phone number you agree to receive sms based on your preference above from Kinami Health. Consent is not a condition of purchase. Messages frequency will vary. Msg &amp;amp; data rates may apply. Reply HELP for help or  STOP to cancel.\" value=\"By providing your phone number you agree to receive sms based on your preference above from Kinami Health. Consent is not a condition of purchase. Messages frequency will vary. Msg &amp;amp; data rates may apply. Reply HELP for help or  STOP to cancel.\" \/><label class=\"ur-checkbox-label\" for=\"checkbox_newsletter_By providing your phone number you agree to receive sms based on your preference above from Kinami Health. Consent is not a condition of purchase. Messages frequency will vary. Msg &amp;amp; data rates may apply. Reply HELP for help or  STOP to cancel.\">Prijavom za primanje SMS poruka od Kinami Health sla\u017eete se da primate marketin\u0161ke poruke (kao \u0161to su promocije i podsetnici o korpi) na broj koji ste naveli. Ove poruke mogu biti poslate pomo\u0107u automatskog biranja. Va\u0161 pristanak nije uslov za kupovinu. Mogu se primenjivati standardne tarife za poruke i podatke. U\u010destalost poruka varira. Da prestanete sa primanjem poruka, odgovorite STOP ili koristite link za odjavu (ako je dostupan). Pogledajte na\u0161u <a href=\"https:\/\/kinamihealth.com\/sr\/politika-privatnosti\/\">Politiku privatnosti<\/a> i <a href=\"https:\/\/kinamihealth.com\/terms-and-policies\/\">Pravila i uslove<\/a> za vi\u0161e informacija.<\/label> <\/li><\/ul><\/div>\t\t\t\t\t\t\t\t\t<\/div>\n\t\t\t\t\t\t\t\t\t\t\t\t\t\t\t\t<\/div>\n\t\t\t\t\t\t\t\t\t\t\t\t\t<\/div>\n\t\t\t\t\t\t<\/div><div class=\"user-registration-part user-registration-part-2\" style=\"display:none;\"><div class=\"ur-form-row\" data-row-id=\"15\">\t\t\t\t\t\t\t<div class=\"ur-form-grid ur-grid-1\"\n\t\t\t\t\t\t\t\tstyle=\"width:99%\">\n\t\t\t\t\t\t\t\t\t\t\t\t\t\t\t\t<div data-conditional-logic-enabled=\"\" data-field-id=\"heading_html\" class=\"ur-field-item field-html \" data-ref-id=\"heading_html\" data-field-pattern-enabled=\"0\" data-field-pattern-value=\" \" data-field-pattern-message=\" \">\n\t\t\t\t\t\t\t\t\t\t<div class=\"form-row \" id=\"heading_html\" data-priority=\"\"> <input type=\"hidden\" data-rules=\"\" data-id=\"heading_html\" value=\"\" class=\" ur-frontend-field \" name=\"heading_html\" id=\"heading_html\" \/> <div class=\"heading_html\">Li\u010dni podaci\n<\/div><\/div>\t\t\t\t\t\t\t\t\t<\/div>\n\t\t\t\t\t\t\t\t\t\t\t\t\t\t\t\t<\/div>\n\t\t\t\t\t\t\t\t\t\t\t\t\t<\/div>\n\t\t\t\t\t\t<\/div><div class=\"user-registration-part user-registration-part-2\" style=\"display:none;\"><div class=\"ur-form-row\" data-row-id=\"2\">\t\t\t\t\t\t\t<div class=\"ur-form-grid ur-grid-1\"\n\t\t\t\t\t\t\t\tstyle=\"width:48%\">\n\t\t\t\t\t\t\t\t\t\t\t\t\t\t\t\t<div data-conditional-logic-enabled=\"\" data-field-id=\"billing_first_name\" class=\"ur-field-item field-billing_first_name \" data-ref-id=\"billing_first_name\" data-field-pattern-enabled=\"0\" data-field-pattern-value=\" \" data-field-pattern-message=\" \">\n\t\t\t\t\t\t\t\t\t\t<div class=\"form-row validate-required\" id=\"billing_first_name_field\" data-priority=\"\" ><label for=\"billing_first_name\" class=\"ur-label\">Ime\n <abbr class=\"required\" title=\"required\">*<\/abbr><\/label> <span class=\"input-wrapper\"> <input  data-rules=\"\" data-id=\"billing_first_name\" type=\"text\" class=\"input-text  without_icon input-text ur-frontend-field  \" name=\"billing_first_name\" id=\"billing_first_name\" placeholder=\"Unesite svoje ime\"  value=\"\" required=\"required\" data-label=\"Ime\n\" \/> <\/span> <\/div>\t\t\t\t\t\t\t\t\t<\/div>\n\t\t\t\t\t\t\t\t\t\t\t\t\t\t\t\t<\/div>\n\t\t\t\t\t\t\t\t\t\t\t\t\t\t<div class=\"ur-form-grid ur-grid-2\"\n\t\t\t\t\t\t\t\tstyle=\"width:48%\">\n\t\t\t\t\t\t\t\t\t\t\t\t\t\t\t\t<div data-conditional-logic-enabled=\"\" data-field-id=\"billing_last_name\" class=\"ur-field-item field-billing_last_name \" data-ref-id=\"billing_last_name\" data-field-pattern-enabled=\"0\" data-field-pattern-value=\" \" data-field-pattern-message=\" \">\n\t\t\t\t\t\t\t\t\t\t<div class=\"form-row validate-required\" id=\"billing_last_name_field\" data-priority=\"\" ><label for=\"billing_last_name\" class=\"ur-label\">Prezime <abbr class=\"required\" title=\"required\">*<\/abbr><\/label> <span class=\"input-wrapper\"> <input  data-rules=\"\" data-id=\"billing_last_name\" type=\"text\" class=\"input-text  without_icon input-text ur-frontend-field  \" name=\"billing_last_name\" id=\"billing_last_name\" placeholder=\"Unesite va\u0161e prezime\"  value=\"\" required=\"required\" data-label=\"Prezime\" \/> <\/span> <\/div>\t\t\t\t\t\t\t\t\t<\/div>\n\t\t\t\t\t\t\t\t\t\t\t\t\t\t\t\t<\/div>\n\t\t\t\t\t\t\t\t\t\t\t\t\t<\/div>\n\t\t\t\t\t\t<\/div><div class=\"user-registration-part user-registration-part-1\" ><div class=\"ur-form-row\" data-row-id=\"3\">\t\t\t\t\t\t\t<div class=\"ur-form-grid ur-grid-1\"\n\t\t\t\t\t\t\t\tstyle=\"width:99%\">\n\t\t\t\t\t\t\t\t\t\t\t\t\t\t<\/div>\n\t\t\t\t\t\t\t\t\t\t\t\t\t<\/div>\n\t\t\t\t\t\t<\/div><div class=\"user-registration-part user-registration-part-2\" style=\"display:none;\"><div class=\"ur-form-row\" data-row-id=\"4\">\t\t\t\t\t\t\t<div class=\"ur-form-grid ur-grid-1\"\n\t\t\t\t\t\t\t\tstyle=\"width:99%\">\n\t\t\t\t\t\t\t\t\t\t\t\t\t\t\t\t<div data-conditional-logic-enabled=\"\" data-field-id=\"billing_phone\" class=\"ur-field-item field-billing_phone \" data-ref-id=\"billing_phone\" data-field-pattern-enabled=\"0\" data-field-pattern-value=\" \" data-field-pattern-message=\" \">\n\t\t\t\t\t\t\t\t\t\t<div class=\"form-row \" id=\"billing_phone\" data-priority=\"\"><label for=\"Broj telefona\n\" class=\"ur-label\">Broj telefona\n <abbr class=\"required\" title=\"required\">*<\/abbr><\/label> <input data-rules=\"\" data-inputmask=\"'mask':''\" data-id=\"billing_phone\" type=\"text\" value=\"\" class=\" ur-frontend-field  ur-masked-input\" name=\"billing_phone\" id=\"billing_phone\" required=\"required\" data-label=\"Broj telefona\n\"\/> <\/div>\t\t\t\t\t\t\t\t\t<\/div>\n\t\t\t\t\t\t\t\t\t\t\t\t\t\t\t\t<\/div>\n\t\t\t\t\t\t\t\t\t\t\t\t\t<\/div>\n\t\t\t\t\t\t<\/div>\t\t\t\t\t\t\t\t\t\t\t\t<div class=\"ur-button-container center\" >\n\t\t\t\t\t\t\t<button class=\"user-registration-multi-part-nav user-registration-multi-part-nav-prev btn button\" data-action=\"prev\"  data-label-part-1=\"Back\" data-label-part-2=\"Back\" style=\"display:none\">Back<\/button><button class=\"user-registration-multi-part-nav user-registration-multi-part-nav-next btn button\" data-action=\"next\"  data-label-part-1=\"Next\" data-label-part-2=\"Next\">Next<\/button>\t\t\t\t\t\t\t<button type=\"submit\" class=\"btn button ur-submit-button ur-hidden \"  conditional_rules=\"\">\n\t\t\t\t\t\t\t\t<span><\/span>\n\t\t\t\t\t\t\t\tPo\u0161alji\t\t\t\t\t\t\t<\/button>\n\t\t\t\t\t\t\t\t\t\t\t\t\t\t\t\t\t\t\t\t<\/div>\n\t\t\t\t\t\t\n\t\t\t\t<div style=\"clear:both\"><\/div>\n\t\t\t\t\t\t\t\t<input type=\"hidden\" name=\"ur-registration-language\" value=\"sr\"\/>\n\t\t\t\t<input type=\"hidden\" name=\"ur-user-form-id\" value=\"104725\"\/>\n\t\t\t\t<input type=\"hidden\" name=\"ur-redirect-url\" value=\"https:\/\/kinamihealth.com\/thank-you-for-signing-in\/\"\/>\n\t\t\t\t<input type=\"hidden\" id=\"ur_frontend_form_nonce\" name=\"ur_frontend_form_nonce\" value=\"575592d28b\" \/>\n\t\t\t\t\n\t\t\t<\/form>\n\t\t\t\n\t\t<div style=\"clear:both\"><\/div>\n\t<\/div>\n\n<\/div>\n\t\t\t\t\t\t<\/div>\n\t\t\t\t<\/div>\n\t\t\t\t<\/div>\n\t\t\t\t\t<\/div>\n\t\t\t\t<\/div>\n\t\t\t\t<\/div>\n\t\t","protected":false},"excerpt":{"rendered":"<p>Napravi nalog 1 Informacije o korisniku 2 Li\u010dni podaci<\/p>\n","protected":false},"author":1,"featured_media":0,"parent":0,"menu_order":0,"comment_status":"closed","ping_status":"closed","template":"elementor_header_footer","meta":{"_acf_changed":false,"inline_featured_image":false,"footnotes":""},"class_list":["post-130132","page","type-page","status-publish","hentry"],"acf":[],"yoast_head":"<!-- This site is optimized with the Yoast SEO plugin v27.1.1 - https:\/\/yoast.com\/product\/yoast-seo-wordpress\/ -->\n<title>Registrujte se - Kinami Health<\/title>\n<meta name=\"robots\" content=\"index, follow, max-snippet:-1, max-image-preview:large, max-video-preview:-1\" \/>\n<link rel=\"canonical\" href=\"https:\/\/kinamihealth.com\/sr\/wp-json\/wp\/v2\/pages\/130132\" \/>\n<meta property=\"og:locale\" content=\"sr_RS\" \/>\n<meta property=\"og:type\" content=\"article\" \/>\n<meta property=\"og:title\" content=\"Registrujte se - Kinami Health\" \/>\n<meta property=\"og:description\" content=\"Napravi nalog 1 Informacije o korisniku 2 Li\u010dni podaci\" \/>\n<meta property=\"og:url\" content=\"https:\/\/kinamihealth.com\/register\/\" \/>\n<meta property=\"og:site_name\" content=\"Kinami Health\" \/>\n<meta property=\"article:modified_time\" content=\"2026-03-18T10:08:56+00:00\" \/>\n<meta name=\"twitter:card\" content=\"summary_large_image\" \/>\n<!-- \/ Yoast SEO plugin. -->","yoast_head_json":{"title":"Registrujte se - Kinami Health","robots":{"index":"index","follow":"follow","max-snippet":"max-snippet:-1","max-image-preview":"max-image-preview:large","max-video-preview":"max-video-preview:-1"},"canonical":"https:\/\/kinamihealth.com\/sr\/wp-json\/wp\/v2\/pages\/130132","og_locale":"sr_RS","og_type":"article","og_title":"Registrujte se - Kinami Health","og_description":"Napravi nalog 1 Informacije o korisniku 2 Li\u010dni podaci","og_url":"https:\/\/kinamihealth.com\/register\/","og_site_name":"Kinami Health","article_modified_time":"2026-03-18T10:08:56+00:00","twitter_card":"summary_large_image","schema":{"@context":"https:\/\/schema.org","@graph":[{"@type":"WebPage","@id":"https:\/\/kinamihealth.com\/register\/","url":"https:\/\/kinamihealth.com\/register\/","name":"Registrujte se - Kinami Health","isPartOf":{"@id":"https:\/\/kinamihealth.com\/#website"},"datePublished":"2025-02-18T10:07:54+00:00","dateModified":"2026-03-18T10:08:56+00:00","breadcrumb":{"@id":"https:\/\/kinamihealth.com\/register\/#breadcrumb"},"inLanguage":"sr-RS","potentialAction":[{"@type":"ReadAction","target":["https:\/\/kinamihealth.com\/register\/"]}]},{"@type":"BreadcrumbList","@id":"https:\/\/kinamihealth.com\/register\/#breadcrumb","itemListElement":[{"@type":"ListItem","position":1,"name":"Po\u010detna","item":"https:\/\/kinamihealth.com\/"},{"@type":"ListItem","position":2,"name":"Registrujte se"}]},{"@type":"WebSite","@id":"https:\/\/kinamihealth.com\/#website","url":"https:\/\/kinamihealth.com\/","name":"Kinami Health","description":"","publisher":{"@id":"https:\/\/kinamihealth.com\/#organization"},"potentialAction":[{"@type":"SearchAction","target":{"@type":"EntryPoint","urlTemplate":"https:\/\/kinamihealth.com\/?s={search_term_string}"},"query-input":{"@type":"PropertyValueSpecification","valueRequired":true,"valueName":"search_term_string"}}],"inLanguage":"sr-RS"},{"@type":"Organization","@id":"https:\/\/kinamihealth.com\/#organization","name":"Kinami Health","url":"https:\/\/kinamihealth.com\/","logo":{"@type":"ImageObject","inLanguage":"sr-RS","@id":"https:\/\/kinamihealth.com\/#\/schema\/logo\/image\/","url":"https:\/\/kinamihealth.com\/wp-content\/uploads\/2025\/01\/KH_logo_black_2-1.png","contentUrl":"https:\/\/kinamihealth.com\/wp-content\/uploads\/2025\/01\/KH_logo_black_2-1.png","width":339,"height":34,"caption":"Kinami Health"},"image":{"@id":"https:\/\/kinamihealth.com\/#\/schema\/logo\/image\/"}}]}},"_links":{"self":[{"href":"https:\/\/kinamihealth.com\/sr\/wp-json\/wp\/v2\/pages\/130132","targetHints":{"allow":["GET"]}}],"collection":[{"href":"https:\/\/kinamihealth.com\/sr\/wp-json\/wp\/v2\/pages"}],"about":[{"href":"https:\/\/kinamihealth.com\/sr\/wp-json\/wp\/v2\/types\/page"}],"author":[{"embeddable":true,"href":"https:\/\/kinamihealth.com\/sr\/wp-json\/wp\/v2\/users\/1"}],"replies":[{"embeddable":true,"href":"https:\/\/kinamihealth.com\/sr\/wp-json\/wp\/v2\/comments?post=130132"}],"version-history":[{"count":5,"href":"https:\/\/kinamihealth.com\/sr\/wp-json\/wp\/v2\/pages\/130132\/revisions"}],"predecessor-version":[{"id":133959,"href":"https:\/\/kinamihealth.com\/sr\/wp-json\/wp\/v2\/pages\/130132\/revisions\/133959"}],"wp:attachment":[{"href":"https:\/\/kinamihealth.com\/sr\/wp-json\/wp\/v2\/media?parent=130132"}],"curies":[{"name":"wp","href":"https:\/\/api.w.org\/{rel}","templated":true}]}}