{"id":130110,"date":"2025-01-24T11:33:03","date_gmt":"2025-01-24T11:33:03","guid":{"rendered":"https:\/\/kinamihealth.com\/politika-privatnosti\/"},"modified":"2026-04-03T08:09:43","modified_gmt":"2026-04-03T08:09:43","slug":"politika-privatnosti","status":"publish","type":"page","link":"https:\/\/kinamihealth.com\/sr\/politika-privatnosti\/","title":{"rendered":"Politika privatnosti"},"content":{"rendered":"\t\t<div data-elementor-type=\"wp-page\" data-elementor-id=\"130110\" class=\"elementor elementor-130110 elementor-170\" data-elementor-post-type=\"page\">\n\t\t\t\t<div class=\"elementor-element elementor-element-ba0f681 e-con-full e-flex e-con e-parent\" data-id=\"ba0f681\" data-element_type=\"container\">\n\t\t\t\t<div class=\"elementor-element elementor-element-59b233e elementor-widget elementor-widget-heading\" data-id=\"59b233e\" data-element_type=\"widget\" data-widget_type=\"heading.default\">\n\t\t\t\t<div class=\"elementor-widget-container\">\n\t\t\t\t\t<h1 class=\"elementor-heading-title elementor-size-default\">Politika privatnosti<\/h1>\t\t\t\t<\/div>\n\t\t\t\t<\/div>\n\t\t\t\t<div class=\"elementor-element elementor-element-5619c36 elementor-widget elementor-widget-text-editor\" data-id=\"5619c36\" data-element_type=\"widget\" data-widget_type=\"text-editor.default\">\n\t\t\t\t<div class=\"elementor-widget-container\">\n\t\t\t\t\t\t\t\t\t<p><strong><b>Datum stupanja na snagu:<\/b><\/strong> 11. mart 2025.<\/p><p>U <a href=\"https:\/\/kinamihealth.com\/sr\/\">Kinami Health-u<\/a> posve\u0107eni smo za\u0161titi i po\u0161tovanju privatnosti na\u0161ih kupaca. Ova politika privatnosti opisuje kako prikupljamo, koristimo i \u0161titimo Va\u0161e li\u010dne podatke kada posetite na\u0161 veb sajt i koristite na\u0161e usluge. <\/p>\t\t\t\t\t\t\t\t<\/div>\n\t\t\t\t<\/div>\n\t\t\t\t<div class=\"elementor-element elementor-element-3446acd elementor-widget elementor-widget-heading\" data-id=\"3446acd\" data-element_type=\"widget\" data-widget_type=\"heading.default\">\n\t\t\t\t<div class=\"elementor-widget-container\">\n\t\t\t\t\t<h3 class=\"elementor-heading-title elementor-size-default\">1. Informacije koje prikupljamo<\/h3>\t\t\t\t<\/div>\n\t\t\t\t<\/div>\n\t\t\t\t<div class=\"elementor-element elementor-element-7df8990 elementor-hidden-desktop elementor-hidden-laptop elementor-hidden-tablet elementor-hidden-mobile elementor-widget elementor-widget-text-editor\" data-id=\"7df8990\" data-element_type=\"widget\" data-widget_type=\"text-editor.default\">\n\t\t\t\t<div class=\"elementor-widget-container\">\n\t\t\t\t\t\t\t\t\t<p>Prikupljamo li\u010dne podatke koje nam direktno pru\u017eate kada kreirate nalog, naru\u010dite ili koristite na\u0161e usluge. To mo\u017ee uklju\u010divati Va\u0161e ime, adresu, adresu e-po\u0161te, broj telefona i podatke o pla\u0107anju. Pored toga, prikupljamo tehni\u010dke informacije kori\u0161\u0107enjem kola\u010di\u0107a kako bismo pobolj\u0161ali Va\u0161e iskustvo na na\u0161em veb sajtu, uklju\u010duju\u0107i informacije o tipu Va\u0161eg pretra\u017eiva\u010da, IP adresi, pose\u0107enim stranicama i vremenu provedenom na na\u0161em veb sajtu.<\/p>\t\t\t\t\t\t\t\t<\/div>\n\t\t\t\t<\/div>\n\t\t\t\t<div class=\"elementor-element elementor-element-f084d9d elementor-widget elementor-widget-text-editor\" data-id=\"f084d9d\" data-element_type=\"widget\" data-widget_type=\"text-editor.default\">\n\t\t\t\t<div class=\"elementor-widget-container\">\n\t\t\t\t\t\t\t\t\t<p>Prikupljamo li\u010dne podatke koje nam direktno dostavite kada kreirate nalog, podnosite porud\u017ebinu ili koristite na\u0161e usluge. To mo\u017ee da obuhvati va\u0161e ime, adresu, adresu elektronske po\u0161te, broj telefona i podatke o pla\u0107anju. Va\u0161 broj mobilnog telefona, ako ga dostavite, koristi\u0107e se isklju\u010divo za olak\u0161avanje transakcijske komunikacije u vezi sa va\u0161im porud\u017ebinama i aktivno\u0161\u0107u naloga na <a href=\"\/\">http:\/\/kinamihealth.com<\/a> \u2014 kao \u0161to su potvrde porud\u017ebina i a\u017euriranja o isporuci. Mobilne informacije ne\u0107e biti deljene sa tre\u0107im stranama ili povezanim licima u marketin\u0161ke ili promotivne svrhe. U bilo kom trenutku mo\u017eete da se odjavite od SMS komunikacija tako \u0161to \u0107ete odgovoriti sa STOP na bilo koju poruku ili tako \u0161to \u0107ete nas kontaktirati na <a href=\"mailto:info@kinamihealth.com\">info@kinamihealth.com<\/a> ili +<a href=\"tel:+447488890499\">44 7488 890499<\/a>.<\/p>\t\t\t\t\t\t\t\t<\/div>\n\t\t\t\t<\/div>\n\t\t\t\t<div class=\"elementor-element elementor-element-36ac52f elementor-widget elementor-widget-heading\" data-id=\"36ac52f\" data-element_type=\"widget\" data-widget_type=\"heading.default\">\n\t\t\t\t<div class=\"elementor-widget-container\">\n\t\t\t\t\t<h3 class=\"elementor-heading-title elementor-size-default\">2. Kori\u0161\u0107enje li\u010dnih podataka<\/h3>\t\t\t\t<\/div>\n\t\t\t\t<\/div>\n\t\t\t\t<div class=\"elementor-element elementor-element-1e6b3aa elementor-widget elementor-widget-text-editor\" data-id=\"1e6b3aa\" data-element_type=\"widget\" data-widget_type=\"text-editor.default\">\n\t\t\t\t<div class=\"elementor-widget-container\">\n\t\t\t\t\t\t\t\t\t<p>Informacije koje prikupljamo koriste se za obradu Va\u0161ih naloga, pru\u017eanje usluga klijentima, i pobolj\u0161anje na\u0161eg sajta. Tako\u0111e Vam mo\u017eemo poslati ponude putem e-po\u0161te ili biltene ako se odlu\u010dite za primanje takvih komunikacija. Mo\u017eete se odjaviti od ovih komunikacija u bilo kom trenutku prate\u0107i uputstva za odjavu u na\u0161im e-porukama.  <\/p>\t\t\t\t\t\t\t\t<\/div>\n\t\t\t\t<\/div>\n\t\t\t\t<div class=\"elementor-element elementor-element-ef48ffb elementor-widget elementor-widget-heading\" data-id=\"ef48ffb\" data-element_type=\"widget\" data-widget_type=\"heading.default\">\n\t\t\t\t<div class=\"elementor-widget-container\">\n\t\t\t\t\t<h3 class=\"elementor-heading-title elementor-size-default\">3. Deljenje informacija<\/h3>\t\t\t\t<\/div>\n\t\t\t\t<\/div>\n\t\t\t\t<div class=\"elementor-element elementor-element-74a517e elementor-widget elementor-widget-text-editor\" data-id=\"74a517e\" data-element_type=\"widget\" data-widget_type=\"text-editor.default\">\n\t\t\t\t<div class=\"elementor-widget-container\">\n\t\t\t\t\t\t\t\t\t<p>Va\u0161e li\u010dne podatke mo\u017eemo podeliti sa pru\u017eaocima usluga tre\u0107e strane koji nam poma\u017eu u ispunjavanju naloga, obradi pla\u0107anja i dostavi proizvoda ili usluga Vama. Ove tre\u0107e strane su obavezne da za\u0161tite Va\u0161e li\u010dne podatke i dozvoljeno im je da ih koriste samo u svrhe za koje su obezbe\u0111ene. <\/p><p>U odre\u0111enim okolnostima, od nas se mo\u017ee tra\u017eiti da otkrijemo li\u010dne podatke kako bismo ispunili zakonske obaveze, re\u0161ili sporove ili sproveli sporazume.<\/p>\t\t\t\t\t\t\t\t<\/div>\n\t\t\t\t<\/div>\n\t\t\t\t<div class=\"elementor-element elementor-element-3fe0f7c elementor-widget elementor-widget-heading\" data-id=\"3fe0f7c\" data-element_type=\"widget\" data-widget_type=\"heading.default\">\n\t\t\t\t<div class=\"elementor-widget-container\">\n\t\t\t\t\t<h3 class=\"elementor-heading-title elementor-size-default\">4. Kola\u010di\u0107i i tehnologije pra\u0107enja<\/h3>\t\t\t\t<\/div>\n\t\t\t\t<\/div>\n\t\t\t\t<div class=\"elementor-element elementor-element-9adc1d9 elementor-widget elementor-widget-text-editor\" data-id=\"9adc1d9\" data-element_type=\"widget\" data-widget_type=\"text-editor.default\">\n\t\t\t\t<div class=\"elementor-widget-container\">\n\t\t\t\t\t\t\t\t\t<p>Koristimo kola\u010di\u0107e i sli\u010dne tehnologije pra\u0107enja kako bismo pobolj\u0161ali Va\u0161e iskustvo na na\u0161em veb sajtu. Kola\u010di\u0107i su male datoteke koje se \u010duvaju na Va\u0161em ure\u0111aju koje nam omogu\u0107avaju da zapamtimo Va\u0161e preferencije i pobolj\u0161amo Va\u0161u interakciju sa na\u0161im veb sajtom. Mo\u017eete upravljati ili onemogu\u0107iti kola\u010di\u0107e putem pode\u0161avanja pretra\u017eiva\u010da, ali to mo\u017ee ograni\u010diti Va\u0161u sposobnost da koristite neke funkcije na\u0161eg veb sajta.  <\/p>\t\t\t\t\t\t\t\t<\/div>\n\t\t\t\t<\/div>\n\t\t\t\t<div class=\"elementor-element elementor-element-a285763 elementor-widget elementor-widget-heading\" data-id=\"a285763\" data-element_type=\"widget\" data-widget_type=\"heading.default\">\n\t\t\t\t<div class=\"elementor-widget-container\">\n\t\t\t\t\t<h3 class=\"elementor-heading-title elementor-size-default\">5. Bezbednost<\/h3>\t\t\t\t<\/div>\n\t\t\t\t<\/div>\n\t\t\t\t<div class=\"elementor-element elementor-element-40f0825 elementor-widget elementor-widget-text-editor\" data-id=\"40f0825\" data-element_type=\"widget\" data-widget_type=\"text-editor.default\">\n\t\t\t\t<div class=\"elementor-widget-container\">\n\t\t\t\t\t\t\t\t\t<p>Preduzimamo odgovaraju\u0107e mere bezbednosti kako bismo za\u0161titili Va\u0161e li\u010dne podatke od neovla\u0161\u0107enog pristupa, izmene ili uni\u0161tenja. Za osetljive transakcije, kao \u0161to su pla\u0107anja kreditnim karticama, koristimo tehnologije enkripcije (kao \u0161to je SSL) kako bismo osigurali Va\u0161e podatke. <\/p>\t\t\t\t\t\t\t\t<\/div>\n\t\t\t\t<\/div>\n\t\t\t\t<div class=\"elementor-element elementor-element-0e8d4b3 elementor-widget elementor-widget-heading\" data-id=\"0e8d4b3\" data-element_type=\"widget\" data-widget_type=\"heading.default\">\n\t\t\t\t<div class=\"elementor-widget-container\">\n\t\t\t\t\t<h3 class=\"elementor-heading-title elementor-size-default\">6. Pristup i a\u017euriranje Va\u0161ih informacija<\/h3>\t\t\t\t<\/div>\n\t\t\t\t<\/div>\n\t\t\t\t<div class=\"elementor-element elementor-element-774f0bb elementor-widget elementor-widget-text-editor\" data-id=\"774f0bb\" data-element_type=\"widget\" data-widget_type=\"text-editor.default\">\n\t\t\t\t<div class=\"elementor-widget-container\">\n\t\t\t\t\t\t\t\t\t<p>Imate pravo da pristupite, ispravite ili izbri\u0161ete svoje li\u010dne podatke koji se \u010duvaju kod nas. Mo\u017eete a\u017eurirati svoje podatke direktno u pode\u0161avanjima naloga ili nas kontaktirati na sales@kinamihealth.com za pomo\u0107. <\/p>\t\t\t\t\t\t\t\t<\/div>\n\t\t\t\t<\/div>\n\t\t\t\t<div class=\"elementor-element elementor-element-a5fb829 elementor-widget elementor-widget-heading\" data-id=\"a5fb829\" data-element_type=\"widget\" data-widget_type=\"heading.default\">\n\t\t\t\t<div class=\"elementor-widget-container\">\n\t\t\t\t\t<h3 class=\"elementor-heading-title elementor-size-default\">7. Zadr\u017eavanje li\u010dnih podataka<\/h3>\t\t\t\t<\/div>\n\t\t\t\t<\/div>\n\t\t\t\t<div class=\"elementor-element elementor-element-85b7798 elementor-widget elementor-widget-text-editor\" data-id=\"85b7798\" data-element_type=\"widget\" data-widget_type=\"text-editor.default\">\n\t\t\t\t<div class=\"elementor-widget-container\">\n\t\t\t\t\t\t\t\t\t<p>Va\u0161e li\u010dne podatke zadr\u017eavamo samo onoliko dugo koliko je potrebno da ispunimo svrhe za koje su prikupljeni ili kako to zahteva zakon. Kada Va\u0161i podaci vi\u0161e ne budu potrebni, bezbedno \u0107emo ih izbrisati ili anonimizovati. <\/p>\t\t\t\t\t\t\t\t<\/div>\n\t\t\t\t<\/div>\n\t\t\t\t<div class=\"elementor-element elementor-element-8bfda40 elementor-widget elementor-widget-heading\" data-id=\"8bfda40\" data-element_type=\"widget\" data-widget_type=\"heading.default\">\n\t\t\t\t<div class=\"elementor-widget-container\">\n\t\t\t\t\t<h3 class=\"elementor-heading-title elementor-size-default\">8. Linkovi tre\u0107ih strana<\/h3>\t\t\t\t<\/div>\n\t\t\t\t<\/div>\n\t\t\t\t<div class=\"elementor-element elementor-element-77586f4 elementor-widget elementor-widget-text-editor\" data-id=\"77586f4\" data-element_type=\"widget\" data-widget_type=\"text-editor.default\">\n\t\t\t\t<div class=\"elementor-widget-container\">\n\t\t\t\t\t\t\t\t\t<p>Na\u0161 veb sajt mo\u017ee da sadr\u017ei linkove ka drugim sajtovima koje nisu pod kontrolom nas. Nismo odgovorni za praksu privatnosti ili sadr\u017eaj ovih spoljnih veb sajtova. Preporu\u010dujemo Vam da pregledate pravila o privatnosti svih sajtova tre\u0107ih strana koje pose\u0107ujete.  <\/p>\t\t\t\t\t\t\t\t<\/div>\n\t\t\t\t<\/div>\n\t\t\t\t<div class=\"elementor-element elementor-element-bf4eec8 elementor-widget elementor-widget-heading\" data-id=\"bf4eec8\" data-element_type=\"widget\" data-widget_type=\"heading.default\">\n\t\t\t\t<div class=\"elementor-widget-container\">\n\t\t\t\t\t<h3 class=\"elementor-heading-title elementor-size-default\">9. Privatnost dece<\/h3>\t\t\t\t<\/div>\n\t\t\t\t<\/div>\n\t\t\t\t<div class=\"elementor-element elementor-element-6731623 elementor-widget elementor-widget-text-editor\" data-id=\"6731623\" data-element_type=\"widget\" data-widget_type=\"text-editor.default\">\n\t\t\t\t<div class=\"elementor-widget-container\">\n\t\t\t\t\t\t\t\t\t<p>Na\u0161e usluge nisu namenjene osobama mla\u0111im od 18 godina. Mi svesno ne prikupljamo ili tra\u017eimo li\u010dne podatke od dece mla\u0111e od 18 godina. Ako saznamo da smo prikupili li\u010dne podatke od deteta mla\u0111eg od 18 godina, preduze\u0107emo korake da izbri\u0161emo te podatke.  <\/p>\t\t\t\t\t\t\t\t<\/div>\n\t\t\t\t<\/div>\n\t\t\t\t<div class=\"elementor-element elementor-element-3e61a26 elementor-widget elementor-widget-heading\" data-id=\"3e61a26\" data-element_type=\"widget\" data-widget_type=\"heading.default\">\n\t\t\t\t<div class=\"elementor-widget-container\">\n\t\t\t\t\t<h3 class=\"elementor-heading-title elementor-size-default\">10. Izmene ove politike privatnosti<\/h3>\t\t\t\t<\/div>\n\t\t\t\t<\/div>\n\t\t\t\t<div class=\"elementor-element elementor-element-812633f elementor-widget elementor-widget-text-editor\" data-id=\"812633f\" data-element_type=\"widget\" data-widget_type=\"text-editor.default\">\n\t\t\t\t<div class=\"elementor-widget-container\">\n\t\t\t\t\t\t\t\t\t<p>S vremena na vreme mo\u017eemo a\u017eurirati ovu politiku privatnosti. Ako napravimo zna\u010dajne promene, obavesti\u0107emo Vas putem e-po\u0161te ili objavljivanjem obave\u0161tenja na na\u0161em veb sajtu. Molimo Vas da periodi\u010dno pregledate ovu politiku privatnosti za bilo kakva a\u017euriranja.  <\/p>\t\t\t\t\t\t\t\t<\/div>\n\t\t\t\t<\/div>\n\t\t\t\t<div class=\"elementor-element elementor-element-bad29ff elementor-widget elementor-widget-heading\" data-id=\"bad29ff\" data-element_type=\"widget\" data-widget_type=\"heading.default\">\n\t\t\t\t<div class=\"elementor-widget-container\">\n\t\t\t\t\t<h3 class=\"elementor-heading-title elementor-size-default\">11. Kontaktirajte nas<\/h3>\t\t\t\t<\/div>\n\t\t\t\t<\/div>\n\t\t\t\t<div class=\"elementor-element elementor-element-ab7dbf2 elementor-widget elementor-widget-text-editor\" data-id=\"ab7dbf2\" data-element_type=\"widget\" data-widget_type=\"text-editor.default\">\n\t\t\t\t<div class=\"elementor-widget-container\">\n\t\t\t\t\t\t\t\t\tAko imate bilo kakvih pitanja ili nedoumica u vezi sa ovom politikom privatnosti ili na\u010dinom na koji postupamo sa Va\u0161im li\u010dnim podacima, molimo Vas da nas kontaktirate na <a href=\"mailto:info@kinamihealth.com\">info@kinamihealth.com<\/a> ili <a href=\"tel:+18883488961\">+1 (888) 348-8961<\/a>.\t\t\t\t\t\t\t\t<\/div>\n\t\t\t\t<\/div>\n\t\t\t\t<\/div>\n\t\t\t\t<\/div>\n\t\t","protected":false},"excerpt":{"rendered":"<p>Politika privatnosti Datum stupanja na snagu: 11. mart 2025. U Kinami Health-u posve\u0107eni smo za\u0161titi i po\u0161tovanju privatnosti na\u0161ih kupaca. Ova politika privatnosti opisuje kako prikupljamo, koristimo i \u0161titimo Va\u0161e li\u010dne podatke kada posetite na\u0161 veb sajt i koristite na\u0161e usluge. 1. Informacije koje prikupljamo Prikupljamo li\u010dne podatke koje nam direktno pru\u017eate kada kreirate nalog, [&hellip;]<\/p>\n","protected":false},"author":1,"featured_media":0,"parent":0,"menu_order":0,"comment_status":"closed","ping_status":"closed","template":"elementor_header_footer","meta":{"_acf_changed":false,"inline_featured_image":false,"footnotes":""},"class_list":["post-130110","page","type-page","status-publish","hentry"],"acf":[],"yoast_head":"<!-- This site is optimized with the Yoast SEO plugin v27.1.1 - https:\/\/yoast.com\/product\/yoast-seo-wordpress\/ -->\n<title>Politika privatnosti - Kinami Health<\/title>\n<meta name=\"description\" content=\"Politika privatnosti obja\u0161njava kako Kinami Health upravlja, \u0161titi i koristi Va\u0161e li\u010dne podatke odgovorno.\" \/>\n<meta name=\"robots\" content=\"index, follow, max-snippet:-1, max-image-preview:large, max-video-preview:-1\" \/>\n<link rel=\"canonical\" href=\"https:\/\/kinamihealth.com\/sr\/wp-json\/wp\/v2\/pages\/130110\" \/>\n<meta property=\"og:locale\" content=\"sr_RS\" \/>\n<meta property=\"og:type\" content=\"article\" \/>\n<meta property=\"og:title\" content=\"Politika privatnosti - Kinami Health\" \/>\n<meta property=\"og:description\" content=\"Politika privatnosti obja\u0161njava kako Kinami Health upravlja, \u0161titi i koristi Va\u0161e li\u010dne podatke odgovorno.\" \/>\n<meta property=\"og:url\" content=\"https:\/\/kinamihealth.com\/privacy-policy\/\" \/>\n<meta property=\"og:site_name\" content=\"Kinami Health\" \/>\n<meta property=\"article:modified_time\" content=\"2026-04-03T08:09:43+00:00\" \/>\n<meta name=\"twitter:card\" content=\"summary_large_image\" \/>\n<meta name=\"twitter:label1\" content=\"\u041f\u0440\u043e\u0446\u0435\u045a\u0435\u043d\u043e \u0432\u0440\u0435\u043c\u0435 \u0447\u0438\u0442\u0430\u045a\u0430\" \/>\n\t<meta name=\"twitter:data1\" content=\"4 \u043c\u0438\u043d\u0443\u0442\u0430\" \/>\n<!-- \/ Yoast SEO plugin. -->","yoast_head_json":{"title":"Politika privatnosti - Kinami Health","description":"Politika privatnosti obja\u0161njava kako Kinami Health upravlja, \u0161titi i koristi Va\u0161e li\u010dne podatke odgovorno.","robots":{"index":"index","follow":"follow","max-snippet":"max-snippet:-1","max-image-preview":"max-image-preview:large","max-video-preview":"max-video-preview:-1"},"canonical":"https:\/\/kinamihealth.com\/sr\/wp-json\/wp\/v2\/pages\/130110","og_locale":"sr_RS","og_type":"article","og_title":"Politika privatnosti - Kinami Health","og_description":"Politika privatnosti obja\u0161njava kako Kinami Health upravlja, \u0161titi i koristi Va\u0161e li\u010dne podatke odgovorno.","og_url":"https:\/\/kinamihealth.com\/privacy-policy\/","og_site_name":"Kinami Health","article_modified_time":"2026-04-03T08:09:43+00:00","twitter_card":"summary_large_image","twitter_misc":{"\u041f\u0440\u043e\u0446\u0435\u045a\u0435\u043d\u043e \u0432\u0440\u0435\u043c\u0435 \u0447\u0438\u0442\u0430\u045a\u0430":"4 \u043c\u0438\u043d\u0443\u0442\u0430"},"schema":{"@context":"https:\/\/schema.org","@graph":[{"@type":"WebPage","@id":"https:\/\/kinamihealth.com\/privacy-policy\/","url":"https:\/\/kinamihealth.com\/privacy-policy\/","name":"Politika privatnosti - Kinami Health","isPartOf":{"@id":"https:\/\/kinamihealth.com\/#website"},"datePublished":"2025-01-24T11:33:03+00:00","dateModified":"2026-04-03T08:09:43+00:00","description":"Politika privatnosti obja\u0161njava kako Kinami Health upravlja, \u0161titi i koristi Va\u0161e li\u010dne podatke odgovorno.","breadcrumb":{"@id":"https:\/\/kinamihealth.com\/privacy-policy\/#breadcrumb"},"inLanguage":"sr-RS","potentialAction":[{"@type":"ReadAction","target":["https:\/\/kinamihealth.com\/privacy-policy\/"]}]},{"@type":"BreadcrumbList","@id":"https:\/\/kinamihealth.com\/privacy-policy\/#breadcrumb","itemListElement":[{"@type":"ListItem","position":1,"name":"Po\u010detna","item":"https:\/\/kinamihealth.com\/"},{"@type":"ListItem","position":2,"name":"Politika privatnosti"}]},{"@type":"WebSite","@id":"https:\/\/kinamihealth.com\/#website","url":"https:\/\/kinamihealth.com\/","name":"Kinami Health","description":"","publisher":{"@id":"https:\/\/kinamihealth.com\/#organization"},"potentialAction":[{"@type":"SearchAction","target":{"@type":"EntryPoint","urlTemplate":"https:\/\/kinamihealth.com\/?s={search_term_string}"},"query-input":{"@type":"PropertyValueSpecification","valueRequired":true,"valueName":"search_term_string"}}],"inLanguage":"sr-RS"},{"@type":"Organization","@id":"https:\/\/kinamihealth.com\/#organization","name":"Kinami Health","url":"https:\/\/kinamihealth.com\/","logo":{"@type":"ImageObject","inLanguage":"sr-RS","@id":"https:\/\/kinamihealth.com\/#\/schema\/logo\/image\/","url":"https:\/\/kinamihealth.com\/wp-content\/uploads\/2025\/01\/KH_logo_black_2-1.png","contentUrl":"https:\/\/kinamihealth.com\/wp-content\/uploads\/2025\/01\/KH_logo_black_2-1.png","width":339,"height":34,"caption":"Kinami Health"},"image":{"@id":"https:\/\/kinamihealth.com\/#\/schema\/logo\/image\/"}}]}},"_links":{"self":[{"href":"https:\/\/kinamihealth.com\/sr\/wp-json\/wp\/v2\/pages\/130110","targetHints":{"allow":["GET"]}}],"collection":[{"href":"https:\/\/kinamihealth.com\/sr\/wp-json\/wp\/v2\/pages"}],"about":[{"href":"https:\/\/kinamihealth.com\/sr\/wp-json\/wp\/v2\/types\/page"}],"author":[{"embeddable":true,"href":"https:\/\/kinamihealth.com\/sr\/wp-json\/wp\/v2\/users\/1"}],"replies":[{"embeddable":true,"href":"https:\/\/kinamihealth.com\/sr\/wp-json\/wp\/v2\/comments?post=130110"}],"version-history":[{"count":5,"href":"https:\/\/kinamihealth.com\/sr\/wp-json\/wp\/v2\/pages\/130110\/revisions"}],"predecessor-version":[{"id":134458,"href":"https:\/\/kinamihealth.com\/sr\/wp-json\/wp\/v2\/pages\/130110\/revisions\/134458"}],"wp:attachment":[{"href":"https:\/\/kinamihealth.com\/sr\/wp-json\/wp\/v2\/media?parent=130110"}],"curies":[{"name":"wp","href":"https:\/\/api.w.org\/{rel}","templated":true}]}}