{"id":129870,"date":"2025-03-19T16:47:32","date_gmt":"2025-03-19T16:47:32","guid":{"rendered":"https:\/\/kinamihealth.com\/korisnicki-ugovor\/"},"modified":"2026-01-05T16:52:45","modified_gmt":"2026-01-05T16:52:45","slug":"korisnicki-ugovor","status":"publish","type":"page","link":"https:\/\/kinamihealth.com\/sr\/korisnicki-ugovor\/","title":{"rendered":"Korisni\u010dki ugovor"},"content":{"rendered":"\t\t<div data-elementor-type=\"wp-page\" data-elementor-id=\"129870\" class=\"elementor elementor-129870 elementor-103541\" data-elementor-post-type=\"page\">\n\t\t\t\t<div class=\"elementor-element elementor-element-706ea5c e-con-full e-flex e-con e-parent\" data-id=\"706ea5c\" data-element_type=\"container\">\n\t\t<div class=\"elementor-element elementor-element-097edac e-con-full e-flex e-con e-child\" data-id=\"097edac\" data-element_type=\"container\">\n\t\t\t\t<div class=\"elementor-element elementor-element-53d605c elementor-widget elementor-widget-heading\" data-id=\"53d605c\" data-element_type=\"widget\" data-widget_type=\"heading.default\">\n\t\t\t\t<div class=\"elementor-widget-container\">\n\t\t\t\t\t<h1 class=\"elementor-heading-title elementor-size-default\">Razumevanje uslova korisni\u010dkog ugovora Kinami Health<\/h1>\t\t\t\t<\/div>\n\t\t\t\t<\/div>\n\t\t\t\t<div class=\"elementor-element elementor-element-ace4554 elementor-widget elementor-widget-text-editor\" data-id=\"ace4554\" data-element_type=\"widget\" data-widget_type=\"text-editor.default\">\n\t\t\t\t<div class=\"elementor-widget-container\">\n\t\t\t\t\t\t\t\t\t<p>Budu\u0107i da sam stariji od 21 godine, ovim stupam u ugovor (&#8220;Ugovor&#8221;) sa Kinami Limited, za i u ime sebe i svakog licenciranog dobavlja\u010da i mojih agenata (definisanih u nastavku), sa namerom da budem zakonski obavezan:<\/p><p>1.01 Stupam u ovaj ugovor sa Kinami Limited jer \u017eelim da naru\u010dim (&#8220;Moja porud\u017ebina&#8221;) odre\u0111ene lekove i druge proizvode (&#8220;Proizvodi&#8221;), pod uslovima i odredbama navedenim u ovom dokumentu.<\/p><p>1.02. \u017delim da kupim proizvode od licenciranog dobavlja\u010da u jednoj ili vi\u0161e od slede\u0107ih zemalja ili geografskih teritorija: Kanada, Evropa i\/ili druge lokacije \u0161irom sveta.<\/p><p>1.03 Potvr\u0111ujem, prihvatam i sla\u017eem se da sam, kao deo procesa naru\u010divanja, naveo da:<\/p><p>(a) \u017delim da kupim lekove i druge proizvode od, i da moju narud\u017ebinu popunjuje dobavlja\u010d u vi\u0161e od jedne od navedenih zemalja (sve zemlje koje sam odabrao se u daljem tekstu nazivaju &#8220;Izabrana zemlja&#8221;), Kinami Limited \u0107e, kao moj agent u moje ime, izabrati dobavlja\u010da, ili, ako je primenljivo, licencirani farmaceutski dobavlja\u010d (svaki, &#8220;Licencirani dobavlja\u010d&#8221;) iz jedne ili vi\u0161e zemalja za izdavanje proizvoda. Kinami Limited \u0107e, kao moj agent, doneti odluku o tome koji \u0107e jedan ili vi\u0161e licenciranih dobavlja\u010da izdati proizvode na osnovu dostupnosti i\/ili cene proizvoda u odabranim zemljama; i <\/p><p>(b) \u017delim da kupim proizvode od, i da moju narud\u017ebinu popunjuje licencirani dobavlja\u010da u odre\u0111enoj odabranoj zemlji, proizvodi \u0107e biti izdati od strane licenciranog dobavlja\u010da u toj odabranoj zemlji koju je za mene izabrao Kinami Limited, kao moj agent.<\/p><p>1.04 Razumem da Kinami Limited nije apoteka i da u svakom slu\u010daju, kupujem proizvode od licenciranog dobavlja\u010da, a proizvodi \u0107e biti isporu\u010deni direktno meni od strane licenciranog dobavlja\u010da. Ako se proizvodi kupuju od apoteka ili farmaceutskih veletrgovaca u razli\u010ditim zemljama, oni \u0107e biti isporu\u010deni direktno meni od strane licenciranog dobavlja\u010da u toj zemlji. <\/p><p>1.05 Potvr\u0111ujem, prihvatam i sla\u017eem se da ako se proizvodi isporu\u010duju sa vi\u0161e od jedne lokacije, ne\u0107e mi biti napla\u0107ena posebna naknada za isporuku za svaku po\u0161iljku.<\/p><p>1.06 Posebno potvr\u0111ujem, prihvatam i sla\u017eem se da mi vlasni\u0161tvo nad proizvodima prelazi od licenciranog dobavlja\u010da kada su proizvodi preuzeti od licenciranog dobavlja\u010da od strane dobavlja\u010da tre\u0107e strane ugovorenog u moje ime i da (izri\u010dito u skladu sa \u010dlanom 1.8 Priloga &#8220;A&#8221;) bilo koji i svi sporazumi postignuti ili ugovori formirani tokom moje kupovine proizvoda su i smatra\u0107e se da su napravljeni u vezi sa bilo kojim od proizvoda koji su kupljeni u odabranoj zemlji i shodno tome \u0107e se regulisati zakonima te odabrane zemlje koji se primenjuju na takve ugovore i sporazume.<\/p><p>1.07 Posebno potvr\u0111ujem, prihvatam i sla\u017eem se da (u skladu sa \u010dlanom 1.8 Priloga &#8220;A&#8221;) svaki spor koji nastane izme\u0111u mene i Kinami Limited ili bilo kog od mojih agenata (definisanih u nastavku) \u0107e, ukoliko se takav spor odnosi na bilo kog od mojih agenata koji se nalaze u odabranoj zemlji, biti regulisan zakonima te izabrane zemlje koji se primenjuju na ugovore formirane u toj izabranoj zemlji i sudovi te izabrane zemlje \u0107e imati jedinu i isklju\u010divu nadle\u017enost nad bilo kojim takvim sporom.<\/p><p>1.08 Dodatni uslovi i pogodbe navedeni u Prilogu &#8220;A&#8221; ovog ugovora, \u010diji raspored je ovim uklju\u010den u ovaj ugovor pozivanjem, \u010dine sastavni deo ovog ugovora i ja potvr\u0111ujem da sam pro\u010ditao takve uslove i da se sla\u017eem sa njima.<\/p><p>Raspored &#8220;A&#8221;<\/p><p>DEO I \u2013 OVLA\u0160\u0106ENJA I SAGLASNOSTI<\/p><p>1.1 Ovla\u0161\u0107enja, imenovanja, prava zastupanja i saglasnosti koje ovde pru\u017eam Kinami Limited i Mojim agentima trgovanja po\u010dinju na dan potpisivanja ugovora i nastavi\u0107e se sve dok ih ne otka\u017eem. Razumem da mogu otkazati ovla\u0161\u0107enja, imenovanja i saglasnosti koje sam ovde dao u bilo kom trenutku. <\/p><p>1.2 Ovim ovla\u0161\u0107ujem i imenujem Kinami Limited i Moje agente kao moje agente i advokate u ograni\u010denu svrhu preduzimanja svih koraka i potpisivanja svih dokumenata u moje ime neophodnih za dobijanje proizvoda, ako to zahteva zakon u odabranoj zemlji iz koje kupujem proizvode, u istoj meri u kojoj sam mogao li\u010dno da uradim da sam bio prisutan za preduzimanje tih koraka i potpisivanje tih dokumenata li\u010dno. Ovo ovla\u0161\u0107enje uklju\u010duje, ali nije ograni\u010deno na: prikupljanje mojih podataka (definisanih u nastavku) o meni ili pravnom licu koje zastupam; prikupljanje sli\u010dnih informacija od mog tela za izdavanje dozvola; i otkrivanje mojih informacija zaposlenima, agentima, izvo\u0111a\u010dima, podizvo\u0111a\u010dima, podru\u017enicama i pru\u017eaocima usluga kompanije Kinami Limited, uklju\u010duju\u0107i bez ograni\u010denja bilo kog lekara (definisanog u nastavku), bilo kog licenciranog dobavlja\u010da i bilo kog farmaceuta u odabranoj zemlji koji se anga\u017euje u moje ime (kolektivno, &#8220;Moji agenti&#8221;), po potrebi, u ograni\u010denu svrhu dobijanja proizvoda i za popunjavanje moje narud\u017ebe. <\/p><p>1.3 U ovom ugovoru, termin:<\/p><p>(a) &#8220;Moje informacije&#8221; ozna\u010davaju informacije o meni ili pravnom licu koje zastupam (uklju\u010duju\u0107i, bez ograni\u010denja, moju istoriju porud\u017ebina, informacije o licenci), moj kontakt i demografske informacije (uklju\u010duju\u0107i, bez ograni\u010denja, moje puno ime, adresu i broj telefona) i informacije o pla\u0107anju.<\/p><p>1.4 Dalje pristajem da Kinami Limited i Moji agenti mogu da kontaktiraju jedni druge kako bi razgovarali o mojim li\u010dnim podacima, jer se odnosi na snabdevanje i isporuku proizvoda. Razumem da je razlog za ovu saglasnost da se Mojim agentima pru\u017ei puna prilika da sprovedu nezavisnu analizu da li je moja porud\u017ebina prikladna i da razgovaraju o potencijalnim komplikacijama koje bi mogle nastati. Moje informacije i informacije u vezi sa mojom porud\u017ebinom tako\u0111e \u0107e biti dostavljene bilo kojoj marketin\u0161koj kompaniji, u \u010dije ime Kinami Limited obavlja svoje marketin\u0161ke i administrativne usluge, kako bi se olak\u0161ala obrada moje porud\u017ebine i uspostavio i odr\u017eavao moj korisni\u010dki nalog. Dalje razumem da se moje informacije ne\u0107e koristiti iz bilo kog drugog razloga i da \u0107e se \u010duvati u strogoj tajnosti.   <\/p><p>1.5 Ovim izri\u010dito potvr\u0111ujem da sam svestan da \u0107e Kinami Limited prenositi moje informacije elektronskim putem (na primer faksom ili sigurnim internetom) Mojim agentima. Razumem da \u0107e upotreba elektronskih sredstava pove\u0107ati efikasnost i pravovremenost obrade moje porud\u017ebine. Tako\u0111e razumem da \u0107e Kinami Limited, kao \u010duvar mojih li\u010dnih podataka, preduzeti mere predostro\u017enosti kako bi za\u0161titio moje li\u010dne podatke od neprikladnog otkrivanja ili upotrebe. Ovim pristajem na prenos mojih li\u010dnih podataka Kinami Limited-a elektronskim putem Mojim Agentima.   <\/p><p>1.6 Ako sam bio upu\u0107en na usluge Kinami Limited preko posrednika (na primer, menad\u017eer apoteke, organizacija za upravljanje zdravljem ili drugi pru\u017ealac usluga, ili grad ili dr\u017eava ili drugi grupni program), ovim ovla\u0161\u0107ujem Kinami Limited da objavi li\u010dne podatke takvom posredniku ako je to potrebno za osiguranje kvaliteta ili svrhu revizije ili da dozvoli obradu bilo kakvih potra\u017eivanja u moje ime. Shvatam da svi takvi posrednici \u0107e obezbediti ugovore o poverljivosti Kinami Limited-u pri \u010demu se sla\u017eu da dr\u017ee takve informacije u najstro\u017eem poverenju i da se pridr\u017eavaju politike privatnosti Kinami Limited-a u vezi sa za\u0161titom mojih informacija. Izri\u010dito pristajem na preno\u0161enje prethodnih informacija takvim posrednicima elektronskim putem.  <\/p><p>1.7 Posebno u skladu sa \u010dlancima 1.05, 1.06 i ugovora, ovla\u0161\u0107ujem i imenujem Kinami Limited i Moje agente kao moje agente i advokate u svrhu preduzimanja svih koraka i potpisivanja svih dokumenata u moje ime neophodnih za pakovanje ili prepakovanje proizvoda i da organizujem isporuku njih za mene, u istoj meri u kojoj sam mogao da uradim da sam li\u010dno prisutan za preduzimanje tih koraka i potpisivanje tih dokumenata li\u010dno.<\/p><p>1.8 Potvr\u0111ujem, prihvatam i sla\u017eem se da sam pokrenuo kontakt sa Kinami Limited i da se Kinami Limited ne nalazi u Sjedinjenim Ameri\u010dkim Dr\u017eavama. Bez ograni\u010davanja ovog \u010dlana Ugovora, tako\u0111e potvr\u0111ujem, prihvatam i sla\u017eem se da se sve usluge koje dobijam od Kinami Limited, Mojih agenata i licenciranih dobavlja\u010da primaju izvan Sjedinjenih Ameri\u010dkih Dr\u017eava i da svaki prevoz i uvoz robe su isklju\u010divo moja odgovornost i pravna odgovornost. <\/p><p>DEO 2 \u2013 OTKRIVANJE I ZASTUPANJA<\/p><p>2.1 Ovim predstavljam i potvr\u0111ujem Kinami Limited-u, i svakom od njegovih filijala, saradnika, povezanih kompanija, podru\u017enica i mati\u010dne kompanije i svakog od njihovih direktora, slu\u017ebenika, akcionara, zaposlenih, izvo\u0111a\u010da, podizvo\u0111a\u010da, naslednika i dodeljenim i Mojim agentima da:<\/p><p>(A) Proizvode kupujem ja, koji sam licencirani medicinski stru\u010dnjak ili ja delujem u ime institucije ili drugog pravnog lica i odr\u017eavam sve potrebne licence, dozvole i odobrenja u mojoj nadle\u017enosti da naru\u010dim i primim proizvode koje sam ili \u0107u tra\u017eiti. Ja \u0107u obezbediti dokaz o licenciranju za Kinami Limited kako bi se potvrdio moj\/na\u0161 polo\u017eaj kao licenciranog entiteta i podobnost za kupovinu od Kinami Limited. <\/p><p>(b) Mogu da donosim sopstvene odluke o kupovini proizvoda ili sam propisno ovla\u0161\u0107en da donosim pravno obavezuju\u0107e odluke u ime pravnog lica, pojedinaca ili institucija koje zastupam, uklju\u010duju\u0107i, ali ne ograni\u010davaju\u0107i se na kupovinu proizvoda i sklapanje ovog ugovora u njegovo ime.<\/p><p>(c) Ne tra\u017eim ili se ne oslanjam na bilo kakve medicinske informacije, savete ili odobrenja od Kinami Limited ili Mojih agenata.<\/p><p>(d) Prihvatam da su se Kinami Limited i Moji agenti oslanjali i da \u0107e nastaviti da se oslanjaju na informacije i dokumentaciju koju im pru\u017eam (uklju\u010duju\u0107i Ugovor, Moja porud\u017ebina i Moj profil) i predstavljam i potvr\u0111ujem da sam u potpunosti i istinito otkrio sve relevantne informacije i dokumentaciju Kinami Limited-u. Sla\u017eem se da obavestim Kinami Limited o bilo kakvim promenama u mom licenciranju ili licenciranju pravnog lica u \u010dije ime sam ovla\u0161\u0107en da delujem pru\u017eanjem a\u017euriranog profila. Razumem da ako sam pru\u017eio neta\u010dne ili nepotpune informacije Kinami Limited ili Moji agenti, moj ra\u010dun mo\u017ee biti odmah ukinut po sopstvenoj odluci Kinami Limited-a.  <\/p><p>(e)Pozivi se mogu pratiti kako bi se osigurala kvalitetna usluga.<\/p><p>DEO 3 \u2013 USLOVI KUPOVINE I PRODAJE<\/p><p>3.1 Kinami Limited \u0107e naplatiti putem moje kreditne kartice preko tre\u0107e strane, po ceni proizvoda i tro\u0161kova isporuke kao \u0161to je objavljeno na medsupplysolutions.com veb sajtu na ili oko dana obrade Moja porud\u017ebina i sva druga dokumentacija neophodna da bi se omogu\u0107ilo licenciranom dobavlja\u010du (i) da obradi moju porud\u017ebinu kao primljenu. U slu\u010daju da moje pla\u0107anje nije ovla\u0161\u0107eno, Kinami Limited ima pravo da otka\u017ee moju porud\u017ebinu i poku\u0161a da mi dostavi obave\u0161tenje o takvom otkazivanju. <\/p><p>3.2 Potvr\u0111ujem, prihvatam i sla\u017eem se da:<\/p><p>(a) Bilo koji od proizvoda koji se kupuju od licenciranog dobavlja\u010da, bi\u0107e upakovan u skladu sa zakonom u nadle\u017enosti licenciranog dobavlja\u010da.<\/p><p>(b) Proizvodi se mogu vratiti ili zameniti u roku od trideset (30) dana od kupovine gde je to mogu\u0107e. Ukoliko bude potrebno da se vrati ili razmeni bilo koji proizvod, Sla\u017eem se da \u0107u kontaktirati Kinami Limited za odobrenje pre nego \u0161to bilo kakvog poku\u0161aja vra\u0107anja ili zamene proizvoda. Povratak ili razmena \u0107e biti prihva\u0107ena po sopstvenoj odluci Kinami Limited.  <\/p><p>(c) Kinami Limited i Moji agenti zadr\u017eavaju pravo da odbiju da mi pomognu u dobijanju Moje proud\u017ebine ili bilo koje druge porud\u017ebine prema sopstvenoj odluci, u kom slu\u010daju \u0107u imati pravo na povra\u0107aj novca pla\u0107enog za takav nalog; i<\/p><p>(d) Ni Kinami Limited ni Moji agenti ne pru\u017eaju svoje agencije ili advokatske usluge kao zamenu za savet licenciranog pravnog zastupnika<\/p><p>(e)Ovla\u0161\u0107ujem Kinami Limited, Moje agente i\/ili licenciranog dobavlja\u010da da uspostavi nalog sa tre\u0107im stranama za isporuku i sortiranje, tako da mogu da dobijem skladi\u0161tenje proizvoda, isporuku i pomo\u0107ne administrativne usluge od isporuke tre\u0107e strane i objekta za soritranje.<\/p><p>(f)Izri\u010dito ovla\u0161\u0107ujem Kinami Limited, Moje agente i\/ili licenciranog dobavlja\u010da da izaberu objekt za isporuku i sortiranje tre\u0107e strane prema sopstvenoj odluci u moje ime. Navedeni objekat za isporuku i sortiranje tre\u0107e strane mo\u017ee obavljati zadatke kao \u0161to su otprema, skladi\u0161tenje i sortiranje zaliha u mom vlasni\u0161tvu koje se isporu\u010duju od strane objekta tre\u0107e strane za mene u moje ime. <\/p><p>(g)Razumem da \u0107e pru\u017ealac tre\u0107e strane pokupiti od licenciranog dobavlja\u010da, skladi\u0161titi i isporu\u010diti moje zalihe mojim imenom i u moje ime i da isporu\u010duje navedene zalihe na moj zahtev.<\/p><p>(h)Prihvatam da \u0107e bilo koja tre\u0107a strana koja se koristi za transport, skladi\u0161tenje ili sortiranje robe za mene biti odgovorna za bilo kakvu \u0161tetu nastalu od bilo koje usluge koju pru\u017ea tre\u0107a strana za mene, jer tre\u0107a strana deluje u moje ime i nije u vlasni\u0161tvu, ne upravlja ili kontroli\u0161e Kinami Limited. Zbog toga se sla\u017eem da ne smatram Kinami Limited odgovornim za bilo kakvu \u0161tetu ili potra\u017eivanja koja mogu nastati iz radnji ili usluga koje pru\u017ea tre\u0107a strana. Dalje se sla\u017eem i prihvatam da \u0107u u svakom trenutku biti uvoznik zapisa za sve proizvode koji se isporu\u010duju pomo\u0107u tre\u0107e strane. Prepoznajem i prihvatam da objekt za isporuku i sortiranje tre\u0107e strane ne\u0107e uvoziti proizvode koji mi se isporu\u010duju u moje ime i ne mogu pru\u017eati usluge uvoza ili posredovanja i ne mogu pomo\u0107i u uvozu proizvoda koje isporu\u010duje objekt za skladi\u0161tenje i sortiranje tre\u0107e strane u moje ime.   <\/p><p>3.3 Potvr\u0111ujem, prihvatam i sla\u017eem se da u meri u kojoj se moj korisni\u010dki nalog i evidencija mogu smatrati vlasni\u0161tvom bilo koje osobe, isto \u0107e biti u vlasni\u0161tvu Kinami Limited.<\/p><p>3.4 Izri\u010dito potvr\u0111ujem, prihvatam i sla\u017eem se da \u0107e se svaki od ovih uslova i pogodba (uklju\u010duju\u0107i, bez ograni\u010denja, moj izbor odabrane(ih) zemalje(a), pru\u017ealaca usluga otpreme tre\u0107ih strana i licenciranih dobavlja\u010da) automatski i bez daljeg delovanja mene ili Kinami Limited-a, primenjivati i upravljati svim budu\u0107im porud\u017ebinama lekova ili drugih proizvoda kompanije Kinami Limited, osim ako izri\u010dito ne nazna\u010dim druga\u010dije u trenutku naru\u010divanja takvih proizvoda. Bez ograni\u010davanja gore navedenog, svako ovla\u0161\u0107enje i saglasnost koju sam dao u ovom ugovoru \u0107e se nastaviti sve dok se takvo ovla\u0161\u0107enje ili saglasnost ne otka\u017ee (\u0161to se mo\u017ee uraditi u bilo kom trenutku). <\/p>\t\t\t\t\t\t\t\t<\/div>\n\t\t\t\t<\/div>\n\t\t\t\t<\/div>\n\t\t\t\t<\/div>\n\t\t\t\t<\/div>\n\t\t","protected":false},"excerpt":{"rendered":"<p>Razumevanje uslova korisni\u010dkog ugovora Kinami Health Budu\u0107i da sam stariji od 21 godine, ovim stupam u ugovor (&#8220;Ugovor&#8221;) sa Kinami Limited, za i u ime sebe i svakog licenciranog dobavlja\u010da i mojih agenata (definisanih u nastavku), sa namerom da budem zakonski obavezan: 1.01 Stupam u ovaj ugovor sa Kinami Limited jer \u017eelim da naru\u010dim (&#8220;Moja [&hellip;]<\/p>\n","protected":false},"author":1,"featured_media":0,"parent":0,"menu_order":0,"comment_status":"closed","ping_status":"closed","template":"elementor_header_footer","meta":{"_acf_changed":false,"inline_featured_image":false,"footnotes":""},"class_list":["post-129870","page","type-page","status-publish","hentry"],"acf":[],"yoast_head":"<!-- This site is optimized with the Yoast SEO plugin v27.3 - https:\/\/yoast.com\/product\/yoast-seo-wordpress\/ -->\n<title>Korisni\u010dki ugovor - Kinami Health<\/title>\n<meta name=\"robots\" content=\"index, follow, max-snippet:-1, max-image-preview:large, max-video-preview:-1\" \/>\n<link rel=\"canonical\" href=\"https:\/\/kinamihealth.com\/sr\/wp-json\/wp\/v2\/pages\/129870\" \/>\n<meta property=\"og:locale\" content=\"sr_RS\" \/>\n<meta property=\"og:type\" content=\"article\" \/>\n<meta property=\"og:title\" content=\"Korisni\u010dki ugovor - Kinami Health\" \/>\n<meta property=\"og:description\" content=\"Razumevanje uslova korisni\u010dkog ugovora Kinami Health Budu\u0107i da sam stariji od 21 godine, ovim stupam u ugovor (&#8220;Ugovor&#8221;) sa Kinami Limited, za i u ime sebe i svakog licenciranog dobavlja\u010da i mojih agenata (definisanih u nastavku), sa namerom da budem zakonski obavezan: 1.01 Stupam u ovaj ugovor sa Kinami Limited jer \u017eelim da naru\u010dim (&#8220;Moja [&hellip;]\" \/>\n<meta property=\"og:url\" content=\"https:\/\/kinamihealth.com\/sr\/korisnicki-ugovor\/\" \/>\n<meta property=\"og:site_name\" content=\"Kinami Health\" \/>\n<meta property=\"article:modified_time\" content=\"2026-01-05T16:52:45+00:00\" \/>\n<meta name=\"twitter:card\" content=\"summary_large_image\" \/>\n<meta name=\"twitter:label1\" content=\"\u041f\u0440\u043e\u0446\u0435\u045a\u0435\u043d\u043e \u0432\u0440\u0435\u043c\u0435 \u0447\u0438\u0442\u0430\u045a\u0430\" \/>\n\t<meta name=\"twitter:data1\" content=\"12 \u043c\u0438\u043d\u0443\u0442\u0430\" \/>\n<!-- \/ Yoast SEO plugin. -->","yoast_head_json":{"title":"Korisni\u010dki ugovor - Kinami Health","robots":{"index":"index","follow":"follow","max-snippet":"max-snippet:-1","max-image-preview":"max-image-preview:large","max-video-preview":"max-video-preview:-1"},"canonical":"https:\/\/kinamihealth.com\/sr\/wp-json\/wp\/v2\/pages\/129870","og_locale":"sr_RS","og_type":"article","og_title":"Korisni\u010dki ugovor - Kinami Health","og_description":"Razumevanje uslova korisni\u010dkog ugovora Kinami Health Budu\u0107i da sam stariji od 21 godine, ovim stupam u ugovor (&#8220;Ugovor&#8221;) sa Kinami Limited, za i u ime sebe i svakog licenciranog dobavlja\u010da i mojih agenata (definisanih u nastavku), sa namerom da budem zakonski obavezan: 1.01 Stupam u ovaj ugovor sa Kinami Limited jer \u017eelim da naru\u010dim (&#8220;Moja [&hellip;]","og_url":"https:\/\/kinamihealth.com\/sr\/korisnicki-ugovor\/","og_site_name":"Kinami Health","article_modified_time":"2026-01-05T16:52:45+00:00","twitter_card":"summary_large_image","twitter_misc":{"\u041f\u0440\u043e\u0446\u0435\u045a\u0435\u043d\u043e \u0432\u0440\u0435\u043c\u0435 \u0447\u0438\u0442\u0430\u045a\u0430":"12 \u043c\u0438\u043d\u0443\u0442\u0430"},"schema":{"@context":"https:\/\/schema.org","@graph":[{"@type":"WebPage","@id":"https:\/\/kinamihealth.com\/sr\/korisnicki-ugovor\/","url":"https:\/\/kinamihealth.com\/sr\/korisnicki-ugovor\/","name":"Korisni\u010dki ugovor - Kinami Health","isPartOf":{"@id":"https:\/\/kinamihealth.com\/#website"},"datePublished":"2025-03-19T16:47:32+00:00","dateModified":"2026-01-05T16:52:45+00:00","breadcrumb":{"@id":"https:\/\/kinamihealth.com\/sr\/korisnicki-ugovor\/#breadcrumb"},"inLanguage":"sr-RS","potentialAction":[{"@type":"ReadAction","target":["https:\/\/kinamihealth.com\/sr\/korisnicki-ugovor\/"]}]},{"@type":"BreadcrumbList","@id":"https:\/\/kinamihealth.com\/sr\/korisnicki-ugovor\/#breadcrumb","itemListElement":[{"@type":"ListItem","position":1,"name":"Po\u010detna","item":"https:\/\/kinamihealth.com\/"},{"@type":"ListItem","position":2,"name":"Korisni\u010dki ugovor"}]},{"@type":"WebSite","@id":"https:\/\/kinamihealth.com\/#website","url":"https:\/\/kinamihealth.com\/","name":"Kinami Health","description":"","publisher":{"@id":"https:\/\/kinamihealth.com\/#organization"},"potentialAction":[{"@type":"SearchAction","target":{"@type":"EntryPoint","urlTemplate":"https:\/\/kinamihealth.com\/?s={search_term_string}"},"query-input":{"@type":"PropertyValueSpecification","valueRequired":true,"valueName":"search_term_string"}}],"inLanguage":"sr-RS"},{"@type":"Organization","@id":"https:\/\/kinamihealth.com\/#organization","name":"Kinami Health","url":"https:\/\/kinamihealth.com\/","logo":{"@type":"ImageObject","inLanguage":"sr-RS","@id":"https:\/\/kinamihealth.com\/#\/schema\/logo\/image\/","url":"https:\/\/kinamihealth.com\/wp-content\/uploads\/2025\/01\/KH_logo_black_2-1.png","contentUrl":"https:\/\/kinamihealth.com\/wp-content\/uploads\/2025\/01\/KH_logo_black_2-1.png","width":339,"height":34,"caption":"Kinami Health"},"image":{"@id":"https:\/\/kinamihealth.com\/#\/schema\/logo\/image\/"}}]}},"_links":{"self":[{"href":"https:\/\/kinamihealth.com\/sr\/wp-json\/wp\/v2\/pages\/129870","targetHints":{"allow":["GET"]}}],"collection":[{"href":"https:\/\/kinamihealth.com\/sr\/wp-json\/wp\/v2\/pages"}],"about":[{"href":"https:\/\/kinamihealth.com\/sr\/wp-json\/wp\/v2\/types\/page"}],"author":[{"embeddable":true,"href":"https:\/\/kinamihealth.com\/sr\/wp-json\/wp\/v2\/users\/1"}],"replies":[{"embeddable":true,"href":"https:\/\/kinamihealth.com\/sr\/wp-json\/wp\/v2\/comments?post=129870"}],"version-history":[{"count":0,"href":"https:\/\/kinamihealth.com\/sr\/wp-json\/wp\/v2\/pages\/129870\/revisions"}],"wp:attachment":[{"href":"https:\/\/kinamihealth.com\/sr\/wp-json\/wp\/v2\/media?parent=129870"}],"curies":[{"name":"wp","href":"https:\/\/api.w.org\/{rel}","templated":true}]}}