{"id":129149,"date":"2025-01-29T14:46:57","date_gmt":"2025-01-29T14:46:57","guid":{"rendered":"https:\/\/kinamihealth.com\/blog\/"},"modified":"2025-12-25T23:37:27","modified_gmt":"2025-12-25T23:37:27","slug":"blog","status":"publish","type":"page","link":"https:\/\/kinamihealth.com\/sr\/blog\/","title":{"rendered":"Blog"},"content":{"rendered":"\t\t<div data-elementor-type=\"wp-page\" data-elementor-id=\"129149\" class=\"elementor elementor-129149 elementor-1218\" data-elementor-post-type=\"page\">\n\t\t\t\t<div class=\"elementor-element elementor-element-6bfc28da e-con-full first-banner-blog e-flex e-con e-parent\" data-id=\"6bfc28da\" data-element_type=\"container\" data-settings=\"{&quot;background_background&quot;:&quot;classic&quot;}\">\n\t\t<div class=\"elementor-element elementor-element-c8e64e4 e-con-full breadcrumbs-div e-flex e-con e-child\" data-id=\"c8e64e4\" data-element_type=\"container\" data-settings=\"{&quot;background_background&quot;:&quot;classic&quot;}\">\n\t\t\t\t<div class=\"elementor-element elementor-element-37a7ebb8 elementor-widget elementor-widget-breadcrumbs\" data-id=\"37a7ebb8\" data-element_type=\"widget\" data-widget_type=\"breadcrumbs.default\">\n\t\t\t\t<div class=\"elementor-widget-container\">\n\t\t\t\t\t<p id=\"breadcrumbs\"><span><span><a href=\"https:\/\/kinamihealth.com\/\">Po\u010detna<\/a><\/span><\/span><\/p>\t\t\t\t<\/div>\n\t\t\t\t<\/div>\n\t\t<div class=\"elementor-element elementor-element-3c5c1b4 e-con-full e-flex e-con e-child\" data-id=\"3c5c1b4\" data-element_type=\"container\">\n\t\t\t\t<div class=\"elementor-element elementor-element-a6537b elementor-widget elementor-widget-heading\" data-id=\"a6537b\" data-element_type=\"widget\" data-widget_type=\"heading.default\">\n\t\t\t\t<div class=\"elementor-widget-container\">\n\t\t\t\t\t<h1 class=\"elementor-heading-title elementor-size-default\">Medicinski \u010dlanci <br>&amp; Stru\u010dni saveti<\/h1>\t\t\t\t<\/div>\n\t\t\t\t<\/div>\n\t\t\t\t<div class=\"elementor-element elementor-element-ab99698 elementor-widget__width-initial elementor-widget elementor-widget-text-editor\" data-id=\"ab99698\" data-element_type=\"widget\" data-widget_type=\"text-editor.default\">\n\t\t\t\t<div class=\"elementor-widget-container\">\n\t\t\t\t\t\t\t\t\t<p>Protokolne bele\u0161ke, bezbednosne kontrolne liste i sa\u017eetak istra\u017eivanja za pobolj\u0161anje ishoda i smanjenje rizika.<\/p>\t\t\t\t\t\t\t\t<\/div>\n\t\t\t\t<\/div>\n\t\t\t\t<\/div>\n\t\t\t\t<\/div>\n\t\t\t\t<\/div>\n\t\t<div class=\"elementor-element elementor-element-7b642a4 e-con-full e-flex e-con e-parent\" data-id=\"7b642a4\" data-element_type=\"container\" data-settings=\"{&quot;background_background&quot;:&quot;classic&quot;}\">\n\t\t\t\t<div class=\"elementor-element elementor-element-4c9163c4 elementor-widget elementor-widget-shortcode\" data-id=\"4c9163c4\" data-element_type=\"widget\" data-widget_type=\"shortcode.default\">\n\t\t\t\t<div class=\"elementor-widget-container\">\n\t\t\t\t\t\t\t<div class=\"elementor-shortcode\">    <div class=\"filters-div\">\n        <p>Categories<\/p>\n        <div class=\"custom-blog-filters\">\n            <a href=\"\/blog\/?all=1\" class=\"filter-btn active\">All<\/a>\n                    <\/div>\n    <\/div>\n\n    <div class=\"post-title-div\">\n        <h3>Articles<\/h3>\n            <\/div>\n\n    <div class=\"custom-post-grid\">\n                    <p>No posts found.<\/p>\n            <\/div>\n\n    <div class=\"custom-pagination\">\n            <\/div>\n    \n<\/div>\n\t\t\t\t\t\t<\/div>\n\t\t\t\t<\/div>\n\t\t\t\t<\/div>\n\t\t\t\t<\/div>\n\t\t","protected":false},"excerpt":{"rendered":"<p>Medicinski \u010dlanci &amp; Stru\u010dni saveti Protokolne bele\u0161ke, bezbednosne kontrolne liste i sa\u017eetak istra\u017eivanja za pobolj\u0161anje ishoda i smanjenje rizika.<\/p>\n","protected":false},"author":1,"featured_media":0,"parent":0,"menu_order":0,"comment_status":"closed","ping_status":"closed","template":"","meta":{"_acf_changed":false,"inline_featured_image":false,"footnotes":""},"class_list":["post-129149","page","type-page","status-publish","hentry"],"acf":[],"yoast_head":"<!-- This site is optimized with the Yoast SEO plugin v27.3 - https:\/\/yoast.com\/product\/yoast-seo-wordpress\/ -->\n<title>Blog - Kinami Health<\/title>\n<meta name=\"robots\" content=\"index, follow, max-snippet:-1, max-image-preview:large, max-video-preview:-1\" \/>\n<link rel=\"canonical\" href=\"https:\/\/kinamihealth.com\/sr\/wp-json\/wp\/v2\/pages\/129149\" \/>\n<meta property=\"og:locale\" content=\"sr_RS\" \/>\n<meta property=\"og:type\" content=\"article\" \/>\n<meta property=\"og:title\" content=\"Blog - Kinami Health\" \/>\n<meta property=\"og:description\" content=\"Medicinski \u010dlanci &amp; Stru\u010dni saveti Protokolne bele\u0161ke, bezbednosne kontrolne liste i sa\u017eetak istra\u017eivanja za pobolj\u0161anje ishoda i smanjenje rizika.\" \/>\n<meta property=\"og:url\" content=\"https:\/\/kinamihealth.com\/sr\/blog\/\" \/>\n<meta property=\"og:site_name\" content=\"Kinami Health\" \/>\n<meta property=\"article:modified_time\" content=\"2025-12-25T23:37:27+00:00\" \/>\n<meta name=\"twitter:card\" content=\"summary_large_image\" \/>\n<!-- \/ Yoast SEO plugin. -->","yoast_head_json":{"title":"Blog - Kinami Health","robots":{"index":"index","follow":"follow","max-snippet":"max-snippet:-1","max-image-preview":"max-image-preview:large","max-video-preview":"max-video-preview:-1"},"canonical":"https:\/\/kinamihealth.com\/sr\/wp-json\/wp\/v2\/pages\/129149","og_locale":"sr_RS","og_type":"article","og_title":"Blog - Kinami Health","og_description":"Medicinski \u010dlanci &amp; Stru\u010dni saveti Protokolne bele\u0161ke, bezbednosne kontrolne liste i sa\u017eetak istra\u017eivanja za pobolj\u0161anje ishoda i smanjenje rizika.","og_url":"https:\/\/kinamihealth.com\/sr\/blog\/","og_site_name":"Kinami Health","article_modified_time":"2025-12-25T23:37:27+00:00","twitter_card":"summary_large_image","schema":{"@context":"https:\/\/schema.org","@graph":[{"@type":"WebPage","@id":"https:\/\/kinamihealth.com\/sr\/blog\/","url":"https:\/\/kinamihealth.com\/sr\/blog\/","name":"Blog - Kinami Health","isPartOf":{"@id":"https:\/\/kinamihealth.com\/#website"},"datePublished":"2025-01-29T14:46:57+00:00","dateModified":"2025-12-25T23:37:27+00:00","breadcrumb":{"@id":"https:\/\/kinamihealth.com\/sr\/blog\/#breadcrumb"},"inLanguage":"sr-RS","potentialAction":[{"@type":"ReadAction","target":["https:\/\/kinamihealth.com\/sr\/blog\/"]}]},{"@type":"BreadcrumbList","@id":"https:\/\/kinamihealth.com\/sr\/blog\/#breadcrumb","itemListElement":[{"@type":"ListItem","position":1,"name":"Po\u010detna","item":"https:\/\/kinamihealth.com\/"},{"@type":"ListItem","position":2,"name":"Blog"}]},{"@type":"WebSite","@id":"https:\/\/kinamihealth.com\/#website","url":"https:\/\/kinamihealth.com\/","name":"Kinami Health","description":"","publisher":{"@id":"https:\/\/kinamihealth.com\/#organization"},"potentialAction":[{"@type":"SearchAction","target":{"@type":"EntryPoint","urlTemplate":"https:\/\/kinamihealth.com\/?s={search_term_string}"},"query-input":{"@type":"PropertyValueSpecification","valueRequired":true,"valueName":"search_term_string"}}],"inLanguage":"sr-RS"},{"@type":"Organization","@id":"https:\/\/kinamihealth.com\/#organization","name":"Kinami Health","url":"https:\/\/kinamihealth.com\/","logo":{"@type":"ImageObject","inLanguage":"sr-RS","@id":"https:\/\/kinamihealth.com\/#\/schema\/logo\/image\/","url":"https:\/\/kinamihealth.com\/wp-content\/uploads\/2025\/01\/KH_logo_black_2-1.png","contentUrl":"https:\/\/kinamihealth.com\/wp-content\/uploads\/2025\/01\/KH_logo_black_2-1.png","width":339,"height":34,"caption":"Kinami Health"},"image":{"@id":"https:\/\/kinamihealth.com\/#\/schema\/logo\/image\/"}}]}},"_links":{"self":[{"href":"https:\/\/kinamihealth.com\/sr\/wp-json\/wp\/v2\/pages\/129149","targetHints":{"allow":["GET"]}}],"collection":[{"href":"https:\/\/kinamihealth.com\/sr\/wp-json\/wp\/v2\/pages"}],"about":[{"href":"https:\/\/kinamihealth.com\/sr\/wp-json\/wp\/v2\/types\/page"}],"author":[{"embeddable":true,"href":"https:\/\/kinamihealth.com\/sr\/wp-json\/wp\/v2\/users\/1"}],"replies":[{"embeddable":true,"href":"https:\/\/kinamihealth.com\/sr\/wp-json\/wp\/v2\/comments?post=129149"}],"version-history":[{"count":0,"href":"https:\/\/kinamihealth.com\/sr\/wp-json\/wp\/v2\/pages\/129149\/revisions"}],"wp:attachment":[{"href":"https:\/\/kinamihealth.com\/sr\/wp-json\/wp\/v2\/media?parent=129149"}],"curies":[{"name":"wp","href":"https:\/\/api.w.org\/{rel}","templated":true}]}}